{"id":12200,"date":"2024-01-03T14:29:48","date_gmt":"2024-01-03T13:29:48","guid":{"rendered":"https:\/\/xenesyproject.com\/?page_id=12200"},"modified":"2025-04-16T10:30:35","modified_gmt":"2025-04-16T08:30:35","slug":"mini-training-stress-management","status":"publish","type":"page","link":"https:\/\/xenesyproject.com\/en\/mini-training-stress-management\/","title":{"rendered":"MINI TRAINING - STRESS MANAGEMENT"},"content":{"rendered":"<div data-elementor-type=\"wp-page\" data-elementor-id=\"12200\" class=\"elementor elementor-12200\" data-elementor-post-type=\"page\">\n\t\t\t\t\t\t<section class=\"elementor-section elementor-top-section elementor-element elementor-element-62e1aae2 elementor-section-content-top animated-slow elementor-section-boxed elementor-section-height-default elementor-section-height-default elementor-invisible\" data-id=\"62e1aae2\" data-element_type=\"section\" data-e-type=\"section\" data-settings=\"{&quot;background_background&quot;:&quot;classic&quot;,&quot;animation&quot;:&quot;fadeIn&quot;}\">\n\t\t\t\t\t\t<div class=\"elementor-container elementor-column-gap-default\">\n\t\t\t\t\t<div class=\"elementor-column elementor-col-100 elementor-top-column elementor-element elementor-element-59cf7b30\" data-id=\"59cf7b30\" data-element_type=\"column\" data-e-type=\"column\" data-settings=\"{&quot;animation&quot;:&quot;none&quot;}\">\n\t\t\t<div class=\"elementor-widget-wrap elementor-element-populated\">\n\t\t\t\t\t\t<section class=\"elementor-section elementor-inner-section elementor-element elementor-element-62ce8876 elementor-reverse-mobile elementor-section-boxed elementor-section-height-default elementor-section-height-default\" data-id=\"62ce8876\" data-element_type=\"section\" data-e-type=\"section\" data-settings=\"{&quot;animation&quot;:&quot;none&quot;}\">\n\t\t\t\t\t\t<div class=\"elementor-container elementor-column-gap-default\">\n\t\t\t\t\t<div class=\"elementor-column elementor-col-33 elementor-inner-column elementor-element elementor-element-7b89af89\" data-id=\"7b89af89\" data-element_type=\"column\" data-e-type=\"column\">\n\t\t\t<div class=\"elementor-widget-wrap elementor-element-populated\">\n\t\t\t\t\t\t<div class=\"elementor-element elementor-element-1b76d16 elementor-hidden-desktop elementor-hidden-tablet elementor-hidden-mobile elementor-widget elementor-widget-text-editor\" data-id=\"1b76d16\" data-element_type=\"widget\" data-e-type=\"widget\" data-widget_type=\"text-editor.default\">\n\t\t\t\t\t\t\t\t\t<p>STRESS MANAGEMENT Mini Training<\/p><p><a href=\"https:\/\/xenesy.trafft.com\/\" target=\"_blank\" rel=\"noopener\">Make an appointment<\/a><\/p><p><a href=\"https:\/\/xenesyproject.com\/en\">Discover our training center<\/a><\/p><h2>training<\/h2>\t\t\t\t\t\t\t\t<\/div>\n\t\t\t\t<div class=\"elementor-element elementor-element-dc499a3 elementor-invisible elementor-widget elementor-widget-heading\" data-id=\"dc499a3\" data-element_type=\"widget\" data-e-type=\"widget\" data-settings=\"{&quot;_animation&quot;:&quot;fadeInUp&quot;}\" data-widget_type=\"heading.default\">\n\t\t\t\t\t<h3 class=\"elementor-heading-title elementor-size-default\">mini-training<\/h3>\t\t\t\t<\/div>\n\t\t\t\t<div class=\"elementor-element elementor-element-b8e1d88 elementor-invisible elementor-widget elementor-widget-heading\" data-id=\"b8e1d88\" data-element_type=\"widget\" data-e-type=\"widget\" data-settings=\"{&quot;_animation&quot;:&quot;fadeInUp&quot;}\" data-widget_type=\"heading.default\">\n\t\t\t\t\t<h1 class=\"elementor-heading-title elementor-size-default\">STRESS management<\/h1>\t\t\t\t<\/div>\n\t\t\t\t<div class=\"elementor-element elementor-element-0672da8 elementor-invisible elementor-widget elementor-widget-heading\" data-id=\"0672da8\" data-element_type=\"widget\" data-e-type=\"widget\" data-settings=\"{&quot;_animation&quot;:&quot;fadeInUp&quot;}\" data-widget_type=\"heading.default\">\n\t\t\t\t\t<h3 class=\"elementor-heading-title elementor-size-default\">Description<\/h3>\t\t\t\t<\/div>\n\t\t\t\t<div class=\"elementor-element elementor-element-d1118dc elementor-invisible elementor-widget elementor-widget-text-editor\" data-id=\"d1118dc\" data-element_type=\"widget\" data-e-type=\"widget\" data-settings=\"{&quot;_animation&quot;:&quot;fadeInUp&quot;}\" data-widget_type=\"text-editor.default\">\n\t\t\t\t\t\t\t\t\t<p align=\"justify\">Our stress management training is designed to give you the tools and strategies you need to deal with everyday stress. <br><br>Whether you're an overworked professional, a devoted parent or simply someone who wants to improve your quality of life, this stress management mini-training course is for you.<\/p>\t\t\t\t\t\t\t\t<\/div>\n\t\t\t\t<div class=\"elementor-element elementor-element-59987ce elementor-invisible elementor-widget elementor-widget-heading\" data-id=\"59987ce\" data-element_type=\"widget\" data-e-type=\"widget\" data-settings=\"{&quot;_animation&quot;:&quot;fadeInUp&quot;}\" data-widget_type=\"heading.default\">\n\t\t\t\t\t<h3 class=\"elementor-heading-title elementor-size-default\">mini-training program<\/h3>\t\t\t\t<\/div>\n\t\t\t\t<div class=\"elementor-element elementor-element-ff20a40 elementor-icon-list--layout-traditional elementor-list-item-link-full_width elementor-invisible elementor-widget elementor-widget-icon-list\" data-id=\"ff20a40\" data-element_type=\"widget\" data-e-type=\"widget\" data-settings=\"{&quot;_animation&quot;:&quot;fadeInUp&quot;}\" data-widget_type=\"icon-list.default\">\n\t\t\t\t\t\t\t<ul class=\"elementor-icon-list-items\">\n\t\t\t\t\t\t\t<li class=\"elementor-icon-list-item\">\n\t\t\t\t\t\t\t\t\t\t\t<span class=\"elementor-icon-list-icon\">\n\t\t\t\t\t\t\t<i aria-hidden=\"true\" class=\"fas fa-dot-circle\"><\/i>\t\t\t\t\t\t<\/span>\n\t\t\t\t\t\t\t\t\t\t<span class=\"elementor-icon-list-text\">The importance of stress management <\/span>\n\t\t\t\t\t\t\t\t\t<\/li>\n\t\t\t\t\t\t\t\t<li class=\"elementor-icon-list-item\">\n\t\t\t\t\t\t\t\t\t\t\t<span class=\"elementor-icon-list-icon\">\n\t\t\t\t\t\t\t<i aria-hidden=\"true\" class=\"fas fa-dot-circle\"><\/i>\t\t\t\t\t\t<\/span>\n\t\t\t\t\t\t\t\t\t\t<span class=\"elementor-icon-list-text\">The harmful effects of stress<\/span>\n\t\t\t\t\t\t\t\t\t<\/li>\n\t\t\t\t\t\t\t\t<li class=\"elementor-icon-list-item\">\n\t\t\t\t\t\t\t\t\t\t\t<span class=\"elementor-icon-list-icon\">\n\t\t\t\t\t\t\t<i aria-hidden=\"true\" class=\"fas fa-dot-circle\"><\/i>\t\t\t\t\t\t<\/span>\n\t\t\t\t\t\t\t\t\t\t<span class=\"elementor-icon-list-text\">Identify sources of stress <\/span>\n\t\t\t\t\t\t\t\t\t<\/li>\n\t\t\t\t\t\t\t\t<li class=\"elementor-icon-list-item\">\n\t\t\t\t\t\t\t\t\t\t\t<span class=\"elementor-icon-list-icon\">\n\t\t\t\t\t\t\t<i aria-hidden=\"true\" class=\"fas fa-dot-circle\"><\/i>\t\t\t\t\t\t<\/span>\n\t\t\t\t\t\t\t\t\t\t<span class=\"elementor-icon-list-text\">Signs and symptoms of stress<\/span>\n\t\t\t\t\t\t\t\t\t<\/li>\n\t\t\t\t\t\t\t\t<li class=\"elementor-icon-list-item\">\n\t\t\t\t\t\t\t\t\t\t\t<span class=\"elementor-icon-list-icon\">\n\t\t\t\t\t\t\t<i aria-hidden=\"true\" class=\"fas fa-dot-circle\"><\/i>\t\t\t\t\t\t<\/span>\n\t\t\t\t\t\t\t\t\t\t<span class=\"elementor-icon-list-text\">Techniques for stress management <\/span>\n\t\t\t\t\t\t\t\t\t<\/li>\n\t\t\t\t\t\t\t\t<li class=\"elementor-icon-list-item\">\n\t\t\t\t\t\t\t\t\t\t\t<span class=\"elementor-icon-list-icon\">\n\t\t\t\t\t\t\t<i aria-hidden=\"true\" class=\"fas fa-dot-circle\"><\/i>\t\t\t\t\t\t<\/span>\n\t\t\t\t\t\t\t\t\t\t<span class=\"elementor-icon-list-text\">Holistic Approach<\/span>\n\t\t\t\t\t\t\t\t\t<\/li>\n\t\t\t\t\t\t<\/ul>\n\t\t\t\t\t\t<\/div>\n\t\t\t\t<div class=\"elementor-element elementor-element-2c8047b elementor-invisible elementor-widget elementor-widget-heading\" data-id=\"2c8047b\" data-element_type=\"widget\" data-e-type=\"widget\" data-settings=\"{&quot;_animation&quot;:&quot;fadeInUp&quot;}\" data-widget_type=\"heading.default\">\n\t\t\t\t\t<h3 class=\"elementor-heading-title elementor-size-default\">our advice<\/h3>\t\t\t\t<\/div>\n\t\t\t\t<div class=\"elementor-element elementor-element-0789071 elementor-invisible elementor-widget elementor-widget-text-editor\" data-id=\"0789071\" data-element_type=\"widget\" data-e-type=\"widget\" data-settings=\"{&quot;_animation&quot;:&quot;fadeInUp&quot;}\" data-widget_type=\"text-editor.default\">\n\t\t\t\t\t\t\t\t\t<p align=\"justify\">Arm yourself with a blank sheet of paper and a pen, and sit down in a quiet place to assimilate all the information you are given. It's a good idea to read this mini-training course on stress management in its entirety first, then read it again, taking notes and trying out the various exercises included.<\/p>\t\t\t\t\t\t\t\t<\/div>\n\t\t\t\t\t<\/div>\n\t\t<\/div>\n\t\t\t\t<div class=\"elementor-column elementor-col-33 elementor-inner-column elementor-element elementor-element-591b957e\" data-id=\"591b957e\" data-element_type=\"column\" data-e-type=\"column\">\n\t\t\t<div class=\"elementor-widget-wrap\">\n\t\t\t\t\t\t\t<\/div>\n\t\t<\/div>\n\t\t\t\t<div class=\"elementor-column elementor-col-33 elementor-inner-column elementor-element elementor-element-66d606fa\" data-id=\"66d606fa\" data-element_type=\"column\" data-e-type=\"column\">\n\t\t\t<div class=\"elementor-widget-wrap elementor-element-populated\">\n\t\t\t\t\t\t<div class=\"elementor-element elementor-element-9b12039 elementor-invisible elementor-widget elementor-widget-image\" data-id=\"9b12039\" data-element_type=\"widget\" data-e-type=\"widget\" data-settings=\"{&quot;_animation&quot;:&quot;fadeInUp&quot;}\" data-widget_type=\"image.default\">\n\t\t\t\t\t\t\t\t\t\t\t\t\t\t\t<img fetchpriority=\"high\" decoding=\"async\" width=\"1024\" height=\"1024\" src=\"https:\/\/xenesyproject.com\/wp-content\/uploads\/livre-gestion-du-stress-xenesy-1024x1024.webp\" class=\"attachment-large size-large wp-image-25083\" alt=\"Book training personal development stress management\" srcset=\"https:\/\/xenesyproject.com\/wp-content\/uploads\/livre-gestion-du-stress-xenesy-1024x1024.webp 1024w, https:\/\/xenesyproject.com\/wp-content\/uploads\/livre-gestion-du-stress-xenesy-300x300.webp 300w, https:\/\/xenesyproject.com\/wp-content\/uploads\/livre-gestion-du-stress-xenesy-150x150.webp 150w, https:\/\/xenesyproject.com\/wp-content\/uploads\/livre-gestion-du-stress-xenesy-768x768.webp 768w, https:\/\/xenesyproject.com\/wp-content\/uploads\/livre-gestion-du-stress-xenesy-1536x1536.webp 1536w, https:\/\/xenesyproject.com\/wp-content\/uploads\/livre-gestion-du-stress-xenesy-12x12.webp 12w, https:\/\/xenesyproject.com\/wp-content\/uploads\/livre-gestion-du-stress-xenesy-600x600.webp 600w, https:\/\/xenesyproject.com\/wp-content\/uploads\/livre-gestion-du-stress-xenesy-100x100.webp 100w, https:\/\/xenesyproject.com\/wp-content\/uploads\/livre-gestion-du-stress-xenesy.webp 2000w\" sizes=\"(max-width: 1024px) 100vw, 1024px\" \/>\t\t\t\t\t\t\t\t\t\t\t\t\t\t\t<\/div>\n\t\t\t\t<div class=\"elementor-element elementor-element-e591fad elementor-invisible elementor-widget elementor-widget-heading\" data-id=\"e591fad\" data-element_type=\"widget\" data-e-type=\"widget\" data-settings=\"{&quot;_animation&quot;:&quot;fadeInUp&quot;}\" data-widget_type=\"heading.default\">\n\t\t\t\t\t<h2 class=\"elementor-heading-title elementor-size-default\">ESSENTIEL<\/h2>\t\t\t\t<\/div>\n\t\t\t\t<div class=\"elementor-element elementor-element-8fe843e elementor-widget elementor-widget-ucaddon_dropdown_button\" data-id=\"8fe843e\" data-element_type=\"widget\" data-e-type=\"widget\" data-widget_type=\"ucaddon_dropdown_button.default\">\n\t\t\t\t<div class=\"elementor-widget-container\">\n\t\t\t\t\t\t\t\t\t<\/div>\n\t\t\t\t<\/div>\n\t\t\t\t<div class=\"elementor-element elementor-element-e1e603b elementor-mobile-align-center elementor-invisible elementor-widget elementor-widget-button\" data-id=\"e1e603b\" data-element_type=\"widget\" data-e-type=\"widget\" data-settings=\"{&quot;_animation&quot;:&quot;zoomIn&quot;}\" data-widget_type=\"button.default\">\n\t\t\t\t\t\t\t\t\t\t<a class=\"elementor-button elementor-button-link elementor-size-sm\" href=\"https:\/\/xenesyproject.com\/en\/portal-login\/\">\n\t\t\t\t\t\t<span class=\"elementor-button-content-wrapper\">\n\t\t\t\t\t\t\t\t\t<span class=\"elementor-button-text\">Login or subscribe<\/span>\n\t\t\t\t\t<\/span>\n\t\t\t\t\t<\/a>\n\t\t\t\t\t\t\t\t<\/div>\n\t\t\t\t<div class=\"elementor-element elementor-element-e2295ec elementor-invisible elementor-widget elementor-widget-text-editor\" data-id=\"e2295ec\" data-element_type=\"widget\" data-e-type=\"widget\" data-settings=\"{&quot;_animation&quot;:&quot;zoomIn&quot;}\" data-widget_type=\"text-editor.default\">\n\t\t\t\t\t\t\t\t\t<p>To access this mini-training course, you need to log in or subscribe.<\/p>\t\t\t\t\t\t\t\t<\/div>\n\t\t\t\t<div class=\"elementor-element elementor-element-392174ef elementor-invisible elementor-widget elementor-widget-ucaddon_step_process\" data-id=\"392174ef\" data-element_type=\"widget\" data-e-type=\"widget\" data-settings=\"{&quot;_animation&quot;:&quot;fadeInUp&quot;}\" data-widget_type=\"ucaddon_step_process.default\">\n\t\t\t\t<div class=\"elementor-widget-container\">\n\t\t\t\t\t<!-- start Step Process -->\n\n\t\t\t<style type=\"text\/css\">\/* widget: Step Process *\/\n\n#uc_step_process_elementor_392174ef\n{\n  display:flex;\n}\n\n#uc_step_process_elementor_392174ef .ue-link\n{\n  display:block;\n  position:absolute;\n  top:0px;\n  bottom:0px;\n  left:0px;\n  right:0px;\n}\n\n#uc_step_process_elementor_392174ef .ue-step-item\n{\n  flex:1;\n  display:flex;\n  flex-direction:column;\n  position:relative;\n}\n#uc_step_process_elementor_392174ef .ue-item-highlight\n{\n  display: flex;\n  align-items:center;\n  \n}\n\n#uc_step_process_elementor_392174ef .ue-step-item-gap\n{\n  flex-grow:0;\n  flex-shrink:0;\n}\n\n#uc_step_process_elementor_392174ef .ue-step-item-line\n{\n  height:0px;\n  flex-grow:1;\n}\n\n#uc_step_process_elementor_392174ef .ue-step-icon\n{\n  display:flex;\n  justify-content:center;\n  align-items:center;\n  flex-grow:0;\n  flex-shrink:0;\n  position:relative;\n  line-height:1em;\n  transition:0.3s;\n}\n\n#uc_step_process_elementor_392174ef .ue-icon svg\n{\n  height:1em;\n  width:1em;\n}\n\n#uc_step_process_elementor_392174ef .ue-step-label\n{\n  position:absolute;\n  left:0px;\n  bottom:0px;\n  display:flex;\n  justify-content:center;\n  align-items:center;\n}\n.ue-step-label\n{\n  font-size:9px;\n  line-height:1em;\n}\n\n#uc_step_process_elementor_392174ef .ue-step-item-content\n{\n}\n\n#uc_step_process_elementor_392174ef .ue-step-item:last-child .ue-step-item-line:last-child\n{\n  opacity:0;\n}\n\n#uc_step_process_elementor_392174ef .ue-step-item:first-child .ue-step-item-line:first-child\n{\n  opacity:0;\n}\n\n#uc_step_process_elementor_392174ef .ue-step-item-spacer\n{\n  flex-grow:0;\n  flex-shrink:0;\n  \n}\n\n#uc_step_process_elementor_392174ef .ue-graphic-image img\n{\n  \n}\n\n\n#uc_step_process_elementor_392174ef.uc-remote-parent .ue-step-item\n{\n  cursor:pointer;\n}\n\n\n\n\t#uc_step_process_elementor_392174ef\n    {\n      flex-direction:column;\n    }\n  \n  #uc_step_process_elementor_392174ef .ue-step-item\n  {\n    flex-direction:row;\n  }\n  \n  #uc_step_process_elementor_392174ef .ue-item-highlight\n  {\n    flex-direction:column;\n  }\n  \n   #uc_step_process_elementor_392174ef .ue-step-item .ue-step-item-line:first-child\n    {\n      display:none;\n    }\n  \n\n    #uc_step_process_elementor_392174ef  .ue-step-item-gap:nth-child(2)\n     {\n      display:none;    \n      }\n   #uc_step_process_elementor_392174ef  .ue-step-item-line:first-child\n      {\n      display:none;    \n      }\n  \n    #uc_step_process_elementor_392174ef  .ue-step-item-line\n      {\n        height:100%;\n        width:0px;\n      }\n\n\n\n\n\n\n<\/style>\n\n\t\t\t<div id=\"uc_step_process_elementor_392174ef\" class=\"\" >\n <div class=\"ue-step-item ue-item elementor-repeater-item-955378e\">\n    <div class=\"ue-item-highlight\">\n      \n      <div class=\"ue-step-item-line\"><\/div>\n      <div class=\"ue-step-item-gap\"><\/div>\n      <div class=\"ue-step-icon elementor-animation-grow\">\n        <span class=\"ue-icon\"><i class=''><\/i><\/span>                        \n              <\/div>\n      <div class=\"ue-step-item-gap\"><\/div>\n      <div class=\"ue-step-item-line\"><\/div>\n      \n    <\/div>\n    \n    <div class=\"ue-step-item-spacer\"><\/div>\n    \n    <div class=\"ue-step-item-content\">  \n       <div class=\"ue-step-item-content-title\">Reading time<\/div>       <div class=\"ue-step-item-content-text\">1h30<\/div>    <\/div>\n  \n    <\/div>\n<div class=\"ue-step-item ue-item elementor-repeater-item-8d5b019\">\n    <div class=\"ue-item-highlight\">\n      \n      <div class=\"ue-step-item-line\"><\/div>\n      <div class=\"ue-step-item-gap\"><\/div>\n      <div class=\"ue-step-icon elementor-animation-grow\">\n        <span class=\"ue-icon\"><i class=''><\/i><\/span>                        \n              <\/div>\n      <div class=\"ue-step-item-gap\"><\/div>\n      <div class=\"ue-step-item-line\"><\/div>\n      \n    <\/div>\n    \n    <div class=\"ue-step-item-spacer\"><\/div>\n    \n    <div class=\"ue-step-item-content\">  \n       <div class=\"ue-step-item-content-title\">difficulty<\/div>       <div class=\"ue-step-item-content-text\">Medium<\/div>    <\/div>\n  \n    <\/div>\n<div class=\"ue-step-item ue-item elementor-repeater-item-6937fce\">\n    <div class=\"ue-item-highlight\">\n      \n      <div class=\"ue-step-item-line\"><\/div>\n      <div class=\"ue-step-item-gap\"><\/div>\n      <div class=\"ue-step-icon elementor-animation-grow\">\n        <span class=\"ue-icon\"><i class=''><\/i><\/span>                        \n              <\/div>\n      <div class=\"ue-step-item-gap\"><\/div>\n      <div class=\"ue-step-item-line\"><\/div>\n      \n    <\/div>\n    \n    <div class=\"ue-step-item-spacer\"><\/div>\n    \n    <div class=\"ue-step-item-content\">  \n       <div class=\"ue-step-item-content-title\">Exercises included<\/div>       <div class=\"ue-step-item-content-text\">With self-understanding system<\/div>    <\/div>\n  \n    <\/div>\n<div class=\"ue-step-item ue-item elementor-repeater-item-2dacb90\">\n    <div class=\"ue-item-highlight\">\n      \n      <div class=\"ue-step-item-line\"><\/div>\n      <div class=\"ue-step-item-gap\"><\/div>\n      <div class=\"ue-step-icon elementor-animation-grow\">\n        <span class=\"ue-icon\"><i class=''><\/i><\/span>                        \n              <\/div>\n      <div class=\"ue-step-item-gap\"><\/div>\n      <div class=\"ue-step-item-line\"><\/div>\n      \n    <\/div>\n    \n    <div class=\"ue-step-item-spacer\"><\/div>\n    \n    <div class=\"ue-step-item-content\">  \n       <div class=\"ue-step-item-content-title\">Translation<\/div>       <div class=\"ue-step-item-content-text\">Available in English and French<\/div>    <\/div>\n  \n    <\/div>\n<div class=\"ue-step-item ue-item elementor-repeater-item-1843ddb\">\n    <div class=\"ue-item-highlight\">\n      \n      <div class=\"ue-step-item-line\"><\/div>\n      <div class=\"ue-step-item-gap\"><\/div>\n      <div class=\"ue-step-icon elementor-animation-grow\">\n        <span class=\"ue-icon\"><i class=''><\/i><\/span>                        \n              <\/div>\n      <div class=\"ue-step-item-gap\"><\/div>\n      <div class=\"ue-step-item-line\"><\/div>\n      \n    <\/div>\n    \n    <div class=\"ue-step-item-spacer\"><\/div>\n    \n    <div class=\"ue-step-item-content\">  \n       <div class=\"ue-step-item-content-title\">prerequisites<\/div>       <div class=\"ue-step-item-content-text\">No<\/div>    <\/div>\n  \n    <\/div>\n\n<\/div>\n\t\t\t<!-- end Step Process -->\t\t\t\t<\/div>\n\t\t\t\t<\/div>\n\t\t\t\t\t<\/div>\n\t\t<\/div>\n\t\t\t\t\t<\/div>\n\t\t<\/section>\n\t\t\t\t\t<\/div>\n\t\t<\/div>\n\t\t\t\t\t<\/div>\n\t\t<\/section>\n\t\t\t\t<\/div>","protected":false},"excerpt":{"rendered":"<p>Mini formation GESTION DU STRESS Prendre rendez-vous D\u00e9couvrir notre centre de formation formation mini-formation la gestion du STRESS Description Notre formation sur la gestion du stress est con\u00e7ue pour vous donner les outils et les strat\u00e9gies n\u00e9cessaires pour faire face au stress quotidien. Que vous soyez un professionnel d\u00e9bord\u00e9, un parent d\u00e9vou\u00e9 ou simplement quelqu&rsquo;un [&hellip;]<\/p>\n","protected":false},"author":1,"featured_media":0,"parent":0,"menu_order":5,"comment_status":"closed","ping_status":"closed","template":"elementor_header_footer","meta":{"_surecart_dashboard_logo_width":"180px","_surecart_dashboard_show_logo":true,"_surecart_dashboard_navigation_orders":true,"_surecart_dashboard_navigation_invoices":true,"_surecart_dashboard_navigation_subscriptions":true,"_surecart_dashboard_navigation_downloads":true,"_surecart_dashboard_navigation_billing":true,"_surecart_dashboard_navigation_account":true,"site-sidebar-layout":"no-sidebar","site-content-layout":"page-builder","ast-site-content-layout":"default","site-content-style":"default","site-sidebar-style":"default","ast-global-header-display":"","ast-banner-title-visibility":"","ast-main-header-display":"","ast-hfb-above-header-display":"","ast-hfb-below-header-display":"","ast-hfb-mobile-header-display":"","site-post-title":"disabled","ast-breadcrumbs-content":"","ast-featured-img":"disabled","footer-sml-layout":"","ast-disable-related-posts":"","theme-transparent-header-meta":"","adv-header-id-meta":"","stick-header-meta":"","header-above-stick-meta":"","header-main-stick-meta":"","header-below-stick-meta":"","astra-migrate-meta-layouts":"default","ast-page-background-enabled":"default","ast-page-background-meta":{"desktop":{"background-color":"var(--ast-global-color-4)","background-image":"","background-repeat":"repeat","background-position":"center center","background-size":"auto","background-attachment":"scroll","background-type":"","background-media":"","overlay-type":"","overlay-color":"","overlay-opacity":"","overlay-gradient":""},"tablet":{"background-color":"","background-image":"","background-repeat":"repeat","background-position":"center center","background-size":"auto","background-attachment":"scroll","background-type":"","background-media":"","overlay-type":"","overlay-color":"","overlay-opacity":"","overlay-gradient":""},"mobile":{"background-color":"","background-image":"","background-repeat":"repeat","background-position":"center center","background-size":"auto","background-attachment":"scroll","background-type":"","background-media":"","overlay-type":"","overlay-color":"","overlay-opacity":"","overlay-gradient":""}},"ast-content-background-meta":{"desktop":{"background-color":"var(--ast-global-color-5)","background-image":"","background-repeat":"repeat","background-position":"center center","background-size":"auto","background-attachment":"scroll","background-type":"","background-media":"","overlay-type":"","overlay-color":"","overlay-opacity":"","overlay-gradient":""},"tablet":{"background-color":"var(--ast-global-color-5)","background-image":"","background-repeat":"repeat","background-position":"center center","background-size":"auto","background-attachment":"scroll","background-type":"","background-media":"","overlay-type":"","overlay-color":"","overlay-opacity":"","overlay-gradient":""},"mobile":{"background-color":"var(--ast-global-color-5)","background-image":"","background-repeat":"repeat","background-position":"center center","background-size":"auto","background-attachment":"scroll","background-type":"","background-media":"","overlay-type":"","overlay-color":"","overlay-opacity":"","overlay-gradient":""}},"footnotes":""},"wf_page_folders":[151],"class_list":["post-12200","page","type-page","status-publish","hentry"],"_links":{"self":[{"href":"https:\/\/xenesyproject.com\/en\/wp-json\/wp\/v2\/pages\/12200","targetHints":{"allow":["GET"]}}],"collection":[{"href":"https:\/\/xenesyproject.com\/en\/wp-json\/wp\/v2\/pages"}],"about":[{"href":"https:\/\/xenesyproject.com\/en\/wp-json\/wp\/v2\/types\/page"}],"author":[{"embeddable":true,"href":"https:\/\/xenesyproject.com\/en\/wp-json\/wp\/v2\/users\/1"}],"replies":[{"embeddable":true,"href":"https:\/\/xenesyproject.com\/en\/wp-json\/wp\/v2\/comments?post=12200"}],"version-history":[{"count":0,"href":"https:\/\/xenesyproject.com\/en\/wp-json\/wp\/v2\/pages\/12200\/revisions"}],"wp:attachment":[{"href":"https:\/\/xenesyproject.com\/en\/wp-json\/wp\/v2\/media?parent=12200"}],"wp:term":[{"taxonomy":"wf_page_folders","embeddable":true,"href":"https:\/\/xenesyproject.com\/en\/wp-json\/wp\/v2\/wf_page_folders?post=12200"}],"curies":[{"name":"wp","href":"https:\/\/api.w.org\/{rel}","templated":true}]}}