{"id":12397,"date":"2024-01-03T14:29:47","date_gmt":"2024-01-03T13:29:47","guid":{"rendered":"https:\/\/xenesyproject.com\/?page_id=12397"},"modified":"2025-09-29T12:35:22","modified_gmt":"2025-09-29T10:35:22","slug":"mini-training-managing-your-family-portfolio","status":"publish","type":"page","link":"https:\/\/xenesyproject.com\/en\/mini-training-managing-your-family-portfolio\/","title":{"rendered":"MINI-TRAINING - MANAGING YOUR FAMILY PORTFOLIO"},"content":{"rendered":"<div data-elementor-type=\"wp-page\" data-elementor-id=\"12397\" class=\"elementor elementor-12397\" data-elementor-post-type=\"page\">\n\t\t\t\t\t\t<section class=\"elementor-section elementor-top-section elementor-element elementor-element-104a2fdd elementor-section-content-top animated-slow elementor-section-boxed elementor-section-height-default elementor-section-height-default elementor-invisible\" data-id=\"104a2fdd\" data-element_type=\"section\" data-e-type=\"section\" data-settings=\"{&quot;background_background&quot;:&quot;classic&quot;,&quot;animation&quot;:&quot;fadeIn&quot;}\">\n\t\t\t\t\t\t<div class=\"elementor-container elementor-column-gap-default\">\n\t\t\t\t\t<div class=\"elementor-column elementor-col-100 elementor-top-column elementor-element elementor-element-1a1d48d6\" data-id=\"1a1d48d6\" data-element_type=\"column\" data-e-type=\"column\" data-settings=\"{&quot;animation&quot;:&quot;none&quot;}\">\n\t\t\t<div class=\"elementor-widget-wrap elementor-element-populated\">\n\t\t\t\t\t\t<section class=\"elementor-section elementor-inner-section elementor-element elementor-element-6ed5d7df elementor-reverse-mobile elementor-section-boxed elementor-section-height-default elementor-section-height-default\" data-id=\"6ed5d7df\" data-element_type=\"section\" data-e-type=\"section\" data-settings=\"{&quot;animation&quot;:&quot;none&quot;}\">\n\t\t\t\t\t\t<div class=\"elementor-container elementor-column-gap-default\">\n\t\t\t\t\t<div class=\"elementor-column elementor-col-33 elementor-inner-column elementor-element elementor-element-560ed7ab\" data-id=\"560ed7ab\" data-element_type=\"column\" data-e-type=\"column\">\n\t\t\t<div class=\"elementor-widget-wrap elementor-element-populated\">\n\t\t\t\t\t\t<div class=\"elementor-element elementor-element-5c9112a elementor-hidden-desktop elementor-hidden-tablet elementor-hidden-mobile elementor-widget elementor-widget-text-editor\" data-id=\"5c9112a\" data-element_type=\"widget\" data-e-type=\"widget\" data-widget_type=\"text-editor.default\">\n\t\t\t\t\t\t\t\t\t<p>Mini course: MANAGING YOUR FAMILY PORTFOLIO<\/p><p><a href=\"https:\/\/xenesy.trafft.com\/\" target=\"_blank\" rel=\"noopener\">Make an appointment<\/a><\/p><p><a href=\"https:\/\/xenesyproject.com\/en\">Discover our training center<\/a><\/p><h2>training<\/h2>\t\t\t\t\t\t\t\t<\/div>\n\t\t\t\t<div class=\"elementor-element elementor-element-7eee1c1 elementor-invisible elementor-widget elementor-widget-heading\" data-id=\"7eee1c1\" data-element_type=\"widget\" data-e-type=\"widget\" data-settings=\"{&quot;_animation&quot;:&quot;fadeInUp&quot;}\" data-widget_type=\"heading.default\">\n\t\t\t\t\t<h3 class=\"elementor-heading-title elementor-size-default\">mini-training<\/h3>\t\t\t\t<\/div>\n\t\t\t\t<div class=\"elementor-element elementor-element-b114875 elementor-invisible elementor-widget elementor-widget-heading\" data-id=\"b114875\" data-element_type=\"widget\" data-e-type=\"widget\" data-settings=\"{&quot;_animation&quot;:&quot;fadeInUp&quot;}\" data-widget_type=\"heading.default\">\n\t\t\t\t\t<h1 class=\"elementor-heading-title elementor-size-default\">MANAGE YOUR FAMILY PORTFOLIO<\/h1>\t\t\t\t<\/div>\n\t\t\t\t<div class=\"elementor-element elementor-element-d57de1f elementor-invisible elementor-widget elementor-widget-heading\" data-id=\"d57de1f\" data-element_type=\"widget\" data-e-type=\"widget\" data-settings=\"{&quot;_animation&quot;:&quot;fadeInUp&quot;}\" data-widget_type=\"heading.default\">\n\t\t\t\t\t<h3 class=\"elementor-heading-title elementor-size-default\">Description<\/h3>\t\t\t\t<\/div>\n\t\t\t\t<div class=\"elementor-element elementor-element-5925c6a elementor-invisible elementor-widget elementor-widget-text-editor\" data-id=\"5925c6a\" data-element_type=\"widget\" data-e-type=\"widget\" data-settings=\"{&quot;_animation&quot;:&quot;fadeInUp&quot;}\" data-widget_type=\"text-editor.default\">\n\t\t\t\t\t\t\t\t\t<p align=\"justify\">Our training provides you with the essential skills and knowledge to effectively manage your family portfolio. Whether you're responsible for your family's finances, a family business or a family estate, this training will help you make informed financial decisions and optimize your investments. <br \/><br \/><\/p><p>During this course, you'll learn the fundamentals of portfolio management, including asset diversification, risk management, financial analysis and investment selection. You'll also discover best practices for planning the long-term management of your family portfolio, taking into account your family's financial objectives and your tolerance for risk.<\/p>\t\t\t\t\t\t\t\t<\/div>\n\t\t\t\t<div class=\"elementor-element elementor-element-ed0d75d elementor-invisible elementor-widget elementor-widget-heading\" data-id=\"ed0d75d\" data-element_type=\"widget\" data-e-type=\"widget\" data-settings=\"{&quot;_animation&quot;:&quot;fadeInUp&quot;}\" data-widget_type=\"heading.default\">\n\t\t\t\t\t<h3 class=\"elementor-heading-title elementor-size-default\">mini-training program<\/h3>\t\t\t\t<\/div>\n\t\t\t\t<div class=\"elementor-element elementor-element-01e5d41 elementor-icon-list--layout-traditional elementor-list-item-link-full_width elementor-invisible elementor-widget elementor-widget-icon-list\" data-id=\"01e5d41\" data-element_type=\"widget\" data-e-type=\"widget\" data-settings=\"{&quot;_animation&quot;:&quot;fadeInUp&quot;}\" data-widget_type=\"icon-list.default\">\n\t\t\t\t\t\t\t<ul class=\"elementor-icon-list-items\">\n\t\t\t\t\t\t\t<li class=\"elementor-icon-list-item\">\n\t\t\t\t\t\t\t\t\t\t\t<span class=\"elementor-icon-list-icon\">\n\t\t\t\t\t\t\t<i aria-hidden=\"true\" class=\"fas fa-dot-circle\"><\/i>\t\t\t\t\t\t<\/span>\n\t\t\t\t\t\t\t\t\t\t<span class=\"elementor-icon-list-text\">Introduction<\/span>\n\t\t\t\t\t\t\t\t\t<\/li>\n\t\t\t\t\t\t\t\t<li class=\"elementor-icon-list-item\">\n\t\t\t\t\t\t\t\t\t\t\t<span class=\"elementor-icon-list-icon\">\n\t\t\t\t\t\t\t<i aria-hidden=\"true\" class=\"fas fa-dot-circle\"><\/i>\t\t\t\t\t\t<\/span>\n\t\t\t\t\t\t\t\t\t\t<span class=\"elementor-icon-list-text\">Define financial objectives<\/span>\n\t\t\t\t\t\t\t\t\t<\/li>\n\t\t\t\t\t\t\t\t<li class=\"elementor-icon-list-item\">\n\t\t\t\t\t\t\t\t\t\t\t<span class=\"elementor-icon-list-icon\">\n\t\t\t\t\t\t\t<i aria-hidden=\"true\" class=\"fas fa-dot-circle\"><\/i>\t\t\t\t\t\t<\/span>\n\t\t\t\t\t\t\t\t\t\t<span class=\"elementor-icon-list-text\">Establishing a budget<\/span>\n\t\t\t\t\t\t\t\t\t<\/li>\n\t\t\t\t\t\t\t\t<li class=\"elementor-icon-list-item\">\n\t\t\t\t\t\t\t\t\t\t\t<span class=\"elementor-icon-list-icon\">\n\t\t\t\t\t\t\t<i aria-hidden=\"true\" class=\"fas fa-dot-circle\"><\/i>\t\t\t\t\t\t<\/span>\n\t\t\t\t\t\t\t\t\t\t<span class=\"elementor-icon-list-text\"> Taxes <\/span>\n\t\t\t\t\t\t\t\t\t<\/li>\n\t\t\t\t\t\t\t\t<li class=\"elementor-icon-list-item\">\n\t\t\t\t\t\t\t\t\t\t\t<span class=\"elementor-icon-list-icon\">\n\t\t\t\t\t\t\t<i aria-hidden=\"true\" class=\"fas fa-dot-circle\"><\/i>\t\t\t\t\t\t<\/span>\n\t\t\t\t\t\t\t\t\t\t<span class=\"elementor-icon-list-text\">Choose a consultant<\/span>\n\t\t\t\t\t\t\t\t\t<\/li>\n\t\t\t\t\t\t\t\t<li class=\"elementor-icon-list-item\">\n\t\t\t\t\t\t\t\t\t\t\t<span class=\"elementor-icon-list-icon\">\n\t\t\t\t\t\t\t<i aria-hidden=\"true\" class=\"fas fa-dot-circle\"><\/i>\t\t\t\t\t\t<\/span>\n\t\t\t\t\t\t\t\t\t\t<span class=\"elementor-icon-list-text\">Diversify<\/span>\n\t\t\t\t\t\t\t\t\t<\/li>\n\t\t\t\t\t\t<\/ul>\n\t\t\t\t\t\t<\/div>\n\t\t\t\t<div class=\"elementor-element elementor-element-16e76b2 elementor-invisible elementor-widget elementor-widget-heading\" data-id=\"16e76b2\" data-element_type=\"widget\" data-e-type=\"widget\" data-settings=\"{&quot;_animation&quot;:&quot;fadeInUp&quot;}\" data-widget_type=\"heading.default\">\n\t\t\t\t\t<h3 class=\"elementor-heading-title elementor-size-default\">our advice<\/h3>\t\t\t\t<\/div>\n\t\t\t\t<div class=\"elementor-element elementor-element-e58ad31 elementor-invisible elementor-widget elementor-widget-text-editor\" data-id=\"e58ad31\" data-element_type=\"widget\" data-e-type=\"widget\" data-settings=\"{&quot;_animation&quot;:&quot;fadeInUp&quot;}\" data-widget_type=\"text-editor.default\">\n\t\t\t\t\t\t\t\t\t<p align=\"justify\">Equip yourself with a blank sheet of paper and a pen, and sit down in a quiet place to assimilate all the information you are given. We recommend that you read the book in its entirety first, then reread it, following the various tips to establish a coherent action plan for your personal finances.<\/p>\t\t\t\t\t\t\t\t<\/div>\n\t\t\t\t\t<\/div>\n\t\t<\/div>\n\t\t\t\t<div class=\"elementor-column elementor-col-33 elementor-inner-column elementor-element elementor-element-3295eff5\" data-id=\"3295eff5\" data-element_type=\"column\" data-e-type=\"column\">\n\t\t\t<div class=\"elementor-widget-wrap\">\n\t\t\t\t\t\t\t<\/div>\n\t\t<\/div>\n\t\t\t\t<div class=\"elementor-column elementor-col-33 elementor-inner-column elementor-element elementor-element-3412a474\" data-id=\"3412a474\" data-element_type=\"column\" data-e-type=\"column\">\n\t\t\t<div class=\"elementor-widget-wrap elementor-element-populated\">\n\t\t\t\t\t\t<div class=\"elementor-element elementor-element-a8976e4 elementor-invisible elementor-widget elementor-widget-image\" data-id=\"a8976e4\" data-element_type=\"widget\" data-e-type=\"widget\" data-settings=\"{&quot;_animation&quot;:&quot;fadeInUp&quot;}\" data-widget_type=\"image.default\">\n\t\t\t\t\t\t\t\t\t\t\t\t\t\t\t<img fetchpriority=\"high\" decoding=\"async\" width=\"1024\" height=\"1024\" src=\"https:\/\/xenesyproject.com\/wp-content\/uploads\/gerer-son-portefeuille-familial-livre-xenesy-1024x1024.webp\" class=\"attachment-large size-large wp-image-25079\" alt=\"book training personal development family portfolio financial management\" srcset=\"https:\/\/xenesyproject.com\/wp-content\/uploads\/gerer-son-portefeuille-familial-livre-xenesy-1024x1024.webp 1024w, https:\/\/xenesyproject.com\/wp-content\/uploads\/gerer-son-portefeuille-familial-livre-xenesy-300x300.webp 300w, https:\/\/xenesyproject.com\/wp-content\/uploads\/gerer-son-portefeuille-familial-livre-xenesy-150x150.webp 150w, https:\/\/xenesyproject.com\/wp-content\/uploads\/gerer-son-portefeuille-familial-livre-xenesy-768x768.webp 768w, https:\/\/xenesyproject.com\/wp-content\/uploads\/gerer-son-portefeuille-familial-livre-xenesy-1536x1536.webp 1536w, https:\/\/xenesyproject.com\/wp-content\/uploads\/gerer-son-portefeuille-familial-livre-xenesy-12x12.webp 12w, https:\/\/xenesyproject.com\/wp-content\/uploads\/gerer-son-portefeuille-familial-livre-xenesy-600x600.webp 600w, https:\/\/xenesyproject.com\/wp-content\/uploads\/gerer-son-portefeuille-familial-livre-xenesy-100x100.webp 100w, https:\/\/xenesyproject.com\/wp-content\/uploads\/gerer-son-portefeuille-familial-livre-xenesy.webp 2000w\" sizes=\"(max-width: 1024px) 100vw, 1024px\" \/>\t\t\t\t\t\t\t\t\t\t\t\t\t\t\t<\/div>\n\t\t\t\t<div class=\"elementor-element elementor-element-3d1ac3d elementor-invisible elementor-widget elementor-widget-heading\" data-id=\"3d1ac3d\" data-element_type=\"widget\" data-e-type=\"widget\" data-settings=\"{&quot;_animation&quot;:&quot;fadeInUp&quot;}\" data-widget_type=\"heading.default\">\n\t\t\t\t\t<h2 class=\"elementor-heading-title elementor-size-default\">ESSENTIEL<\/h2>\t\t\t\t<\/div>\n\t\t\t\t<div class=\"elementor-element elementor-element-e2221fb elementor-widget elementor-widget-ucaddon_dropdown_button\" data-id=\"e2221fb\" data-element_type=\"widget\" data-e-type=\"widget\" data-widget_type=\"ucaddon_dropdown_button.default\">\n\t\t\t\t<div class=\"elementor-widget-container\">\n\t\t\t\t\t\t\t\t\t<\/div>\n\t\t\t\t<\/div>\n\t\t\t\t<div class=\"elementor-element elementor-element-99e0aef elementor-mobile-align-center elementor-invisible elementor-widget elementor-widget-button\" data-id=\"99e0aef\" data-element_type=\"widget\" data-e-type=\"widget\" data-settings=\"{&quot;_animation&quot;:&quot;zoomIn&quot;}\" data-widget_type=\"button.default\">\n\t\t\t\t\t\t\t\t\t\t<a class=\"elementor-button elementor-button-link elementor-size-sm\" href=\"https:\/\/xenesyproject.com\/en\/portal-login\/\">\n\t\t\t\t\t\t<span class=\"elementor-button-content-wrapper\">\n\t\t\t\t\t\t\t\t\t<span class=\"elementor-button-text\">Login or subscribe<\/span>\n\t\t\t\t\t<\/span>\n\t\t\t\t\t<\/a>\n\t\t\t\t\t\t\t\t<\/div>\n\t\t\t\t<div class=\"elementor-element elementor-element-7e3ffb1 elementor-invisible elementor-widget elementor-widget-text-editor\" data-id=\"7e3ffb1\" data-element_type=\"widget\" data-e-type=\"widget\" data-settings=\"{&quot;_animation&quot;:&quot;zoomIn&quot;}\" data-widget_type=\"text-editor.default\">\n\t\t\t\t\t\t\t\t\t<p>To access this mini-training course, you need to log in or subscribe.<\/p>\t\t\t\t\t\t\t\t<\/div>\n\t\t\t\t<div class=\"elementor-element elementor-element-49e6fcf0 elementor-invisible elementor-widget elementor-widget-ucaddon_step_process\" data-id=\"49e6fcf0\" data-element_type=\"widget\" data-e-type=\"widget\" data-settings=\"{&quot;_animation&quot;:&quot;fadeInUp&quot;}\" data-widget_type=\"ucaddon_step_process.default\">\n\t\t\t\t<div class=\"elementor-widget-container\">\n\t\t\t\t\t<!-- start Step Process -->\n\n\t\t\t<style type=\"text\/css\">\/* widget: Step Process *\/\n\n#uc_step_process_elementor_49e6fcf0\n{\n  display:flex;\n}\n\n#uc_step_process_elementor_49e6fcf0 .ue-link\n{\n  display:block;\n  position:absolute;\n  top:0px;\n  bottom:0px;\n  left:0px;\n  right:0px;\n}\n\n#uc_step_process_elementor_49e6fcf0 .ue-step-item\n{\n  flex:1;\n  display:flex;\n  flex-direction:column;\n  position:relative;\n}\n#uc_step_process_elementor_49e6fcf0 .ue-item-highlight\n{\n  display: flex;\n  align-items:center;\n  \n}\n\n#uc_step_process_elementor_49e6fcf0 .ue-step-item-gap\n{\n  flex-grow:0;\n  flex-shrink:0;\n}\n\n#uc_step_process_elementor_49e6fcf0 .ue-step-item-line\n{\n  height:0px;\n  flex-grow:1;\n}\n\n#uc_step_process_elementor_49e6fcf0 .ue-step-icon\n{\n  display:flex;\n  justify-content:center;\n  align-items:center;\n  flex-grow:0;\n  flex-shrink:0;\n  position:relative;\n  line-height:1em;\n  transition:0.3s;\n}\n\n#uc_step_process_elementor_49e6fcf0 .ue-icon svg\n{\n  height:1em;\n  width:1em;\n}\n\n#uc_step_process_elementor_49e6fcf0 .ue-step-label\n{\n  position:absolute;\n  left:0px;\n  bottom:0px;\n  display:flex;\n  justify-content:center;\n  align-items:center;\n}\n.ue-step-label\n{\n  font-size:9px;\n  line-height:1em;\n}\n\n#uc_step_process_elementor_49e6fcf0 .ue-step-item-content\n{\n}\n\n#uc_step_process_elementor_49e6fcf0 .ue-step-item:last-child .ue-step-item-line:last-child\n{\n  opacity:0;\n}\n\n#uc_step_process_elementor_49e6fcf0 .ue-step-item:first-child .ue-step-item-line:first-child\n{\n  opacity:0;\n}\n\n#uc_step_process_elementor_49e6fcf0 .ue-step-item-spacer\n{\n  flex-grow:0;\n  flex-shrink:0;\n  \n}\n\n#uc_step_process_elementor_49e6fcf0 .ue-graphic-image img\n{\n  \n}\n\n\n#uc_step_process_elementor_49e6fcf0.uc-remote-parent .ue-step-item\n{\n  cursor:pointer;\n}\n\n\n\n\t#uc_step_process_elementor_49e6fcf0\n    {\n      flex-direction:column;\n    }\n  \n  #uc_step_process_elementor_49e6fcf0 .ue-step-item\n  {\n    flex-direction:row;\n  }\n  \n  #uc_step_process_elementor_49e6fcf0 .ue-item-highlight\n  {\n    flex-direction:column;\n  }\n  \n   #uc_step_process_elementor_49e6fcf0 .ue-step-item .ue-step-item-line:first-child\n    {\n      display:none;\n    }\n  \n\n    #uc_step_process_elementor_49e6fcf0  .ue-step-item-gap:nth-child(2)\n     {\n      display:none;    \n      }\n   #uc_step_process_elementor_49e6fcf0  .ue-step-item-line:first-child\n      {\n      display:none;    \n      }\n  \n    #uc_step_process_elementor_49e6fcf0  .ue-step-item-line\n      {\n        height:100%;\n        width:0px;\n      }\n\n\n\n\n\n\n<\/style>\n\n\t\t\t<div id=\"uc_step_process_elementor_49e6fcf0\" class=\"\" >\n <div class=\"ue-step-item ue-item elementor-repeater-item-955378e\">\n    <div class=\"ue-item-highlight\">\n      \n      <div class=\"ue-step-item-line\"><\/div>\n      <div class=\"ue-step-item-gap\"><\/div>\n      <div class=\"ue-step-icon elementor-animation-grow\">\n        <span class=\"ue-icon\"><i class=''><\/i><\/span>                        \n              <\/div>\n      <div class=\"ue-step-item-gap\"><\/div>\n      <div class=\"ue-step-item-line\"><\/div>\n      \n    <\/div>\n    \n    <div class=\"ue-step-item-spacer\"><\/div>\n    \n    <div class=\"ue-step-item-content\">  \n       <div class=\"ue-step-item-content-title\">Reading time<\/div>       <div class=\"ue-step-item-content-text\">1h00<\/div>    <\/div>\n  \n    <\/div>\n<div class=\"ue-step-item ue-item elementor-repeater-item-8d5b019\">\n    <div class=\"ue-item-highlight\">\n      \n      <div class=\"ue-step-item-line\"><\/div>\n      <div class=\"ue-step-item-gap\"><\/div>\n      <div class=\"ue-step-icon elementor-animation-grow\">\n        <span class=\"ue-icon\"><i class=''><\/i><\/span>                        \n              <\/div>\n      <div class=\"ue-step-item-gap\"><\/div>\n      <div class=\"ue-step-item-line\"><\/div>\n      \n    <\/div>\n    \n    <div class=\"ue-step-item-spacer\"><\/div>\n    \n    <div class=\"ue-step-item-content\">  \n       <div class=\"ue-step-item-content-title\">difficulty<\/div>       <div class=\"ue-step-item-content-text\">Medium<\/div>    <\/div>\n  \n    <\/div>\n<div class=\"ue-step-item ue-item elementor-repeater-item-6937fce\">\n    <div class=\"ue-item-highlight\">\n      \n      <div class=\"ue-step-item-line\"><\/div>\n      <div class=\"ue-step-item-gap\"><\/div>\n      <div class=\"ue-step-icon elementor-animation-grow\">\n        <span class=\"ue-icon\"><i class=''><\/i><\/span>                        \n              <\/div>\n      <div class=\"ue-step-item-gap\"><\/div>\n      <div class=\"ue-step-item-line\"><\/div>\n      \n    <\/div>\n    \n    <div class=\"ue-step-item-spacer\"><\/div>\n    \n    <div class=\"ue-step-item-content\">  \n       <div class=\"ue-step-item-content-title\">Process included<\/div>       <div class=\"ue-step-item-content-text\">With self-understanding system<\/div>    <\/div>\n  \n    <\/div>\n<div class=\"ue-step-item ue-item elementor-repeater-item-f2cf721\">\n    <div class=\"ue-item-highlight\">\n      \n      <div class=\"ue-step-item-line\"><\/div>\n      <div class=\"ue-step-item-gap\"><\/div>\n      <div class=\"ue-step-icon elementor-animation-grow\">\n        <span class=\"ue-icon\"><i class=''><\/i><\/span>                        \n              <\/div>\n      <div class=\"ue-step-item-gap\"><\/div>\n      <div class=\"ue-step-item-line\"><\/div>\n      \n    <\/div>\n    \n    <div class=\"ue-step-item-spacer\"><\/div>\n    \n    <div class=\"ue-step-item-content\">  \n       <div class=\"ue-step-item-content-title\">Translation<\/div>       <div class=\"ue-step-item-content-text\">Available in English and French<\/div>    <\/div>\n  \n    <\/div>\n<div class=\"ue-step-item ue-item elementor-repeater-item-1843ddb\">\n    <div class=\"ue-item-highlight\">\n      \n      <div class=\"ue-step-item-line\"><\/div>\n      <div class=\"ue-step-item-gap\"><\/div>\n      <div class=\"ue-step-icon elementor-animation-grow\">\n        <span class=\"ue-icon\"><i class=''><\/i><\/span>                        \n              <\/div>\n      <div class=\"ue-step-item-gap\"><\/div>\n      <div class=\"ue-step-item-line\"><\/div>\n      \n    <\/div>\n    \n    <div class=\"ue-step-item-spacer\"><\/div>\n    \n    <div class=\"ue-step-item-content\">  \n       <div class=\"ue-step-item-content-title\">prerequisites<\/div>       <div class=\"ue-step-item-content-text\">No<\/div>    <\/div>\n  \n    <\/div>\n\n<\/div>\n\t\t\t<!-- end Step Process -->\t\t\t\t<\/div>\n\t\t\t\t<\/div>\n\t\t\t\t\t<\/div>\n\t\t<\/div>\n\t\t\t\t\t<\/div>\n\t\t<\/section>\n\t\t\t\t\t<\/div>\n\t\t<\/div>\n\t\t\t\t\t<\/div>\n\t\t<\/section>\n\t\t\t\t<\/div>","protected":false},"excerpt":{"rendered":"<p>Mini formation G\u00c9RER SON PORTEFEUILLE FAMILIAL Prendre rendez-vous D\u00e9couvrir notre centre de formation formation mini-formation G\u00c9RER SON PORTEFEUILLE FAMILIAL Description Notre formation vous offre les comp\u00e9tences et les connaissances essentielles pour g\u00e9rer efficacement votre portefeuille familial. Que vous soyez responsable des finances de votre famille, d&rsquo;une entreprise familiale ou d&rsquo;un patrimoine familial, cette formation vous [&hellip;]<\/p>\n","protected":false},"author":1,"featured_media":0,"parent":0,"menu_order":7,"comment_status":"closed","ping_status":"closed","template":"elementor_header_footer","meta":{"_surecart_dashboard_logo_width":"180px","_surecart_dashboard_show_logo":true,"_surecart_dashboard_navigation_orders":true,"_surecart_dashboard_navigation_invoices":true,"_surecart_dashboard_navigation_subscriptions":true,"_surecart_dashboard_navigation_downloads":true,"_surecart_dashboard_navigation_billing":true,"_surecart_dashboard_navigation_account":true,"site-sidebar-layout":"no-sidebar","site-content-layout":"page-builder","ast-site-content-layout":"full-width-container","site-content-style":"unboxed","site-sidebar-style":"unboxed","ast-global-header-display":"","ast-banner-title-visibility":"","ast-main-header-display":"","ast-hfb-above-header-display":"","ast-hfb-below-header-display":"","ast-hfb-mobile-header-display":"","site-post-title":"disabled","ast-breadcrumbs-content":"","ast-featured-img":"disabled","footer-sml-layout":"","ast-disable-related-posts":"","theme-transparent-header-meta":"","adv-header-id-meta":"","stick-header-meta":"","header-above-stick-meta":"","header-main-stick-meta":"","header-below-stick-meta":"","astra-migrate-meta-layouts":"set","ast-page-background-enabled":"default","ast-page-background-meta":{"desktop":{"background-color":"var(--ast-global-color-4)","background-image":"","background-repeat":"repeat","background-position":"center center","background-size":"auto","background-attachment":"scroll","background-type":"","background-media":"","overlay-type":"","overlay-color":"","overlay-opacity":"","overlay-gradient":""},"tablet":{"background-color":"","background-image":"","background-repeat":"repeat","background-position":"center center","background-size":"auto","background-attachment":"scroll","background-type":"","background-media":"","overlay-type":"","overlay-color":"","overlay-opacity":"","overlay-gradient":""},"mobile":{"background-color":"","background-image":"","background-repeat":"repeat","background-position":"center center","background-size":"auto","background-attachment":"scroll","background-type":"","background-media":"","overlay-type":"","overlay-color":"","overlay-opacity":"","overlay-gradient":""}},"ast-content-background-meta":{"desktop":{"background-color":"var(--ast-global-color-5)","background-image":"","background-repeat":"repeat","background-position":"center center","background-size":"auto","background-attachment":"scroll","background-type":"","background-media":"","overlay-type":"","overlay-color":"","overlay-opacity":"","overlay-gradient":""},"tablet":{"background-color":"var(--ast-global-color-5)","background-image":"","background-repeat":"repeat","background-position":"center center","background-size":"auto","background-attachment":"scroll","background-type":"","background-media":"","overlay-type":"","overlay-color":"","overlay-opacity":"","overlay-gradient":""},"mobile":{"background-color":"var(--ast-global-color-5)","background-image":"","background-repeat":"repeat","background-position":"center center","background-size":"auto","background-attachment":"scroll","background-type":"","background-media":"","overlay-type":"","overlay-color":"","overlay-opacity":"","overlay-gradient":""}},"footnotes":""},"wf_page_folders":[151],"class_list":["post-12397","page","type-page","status-publish","hentry"],"_links":{"self":[{"href":"https:\/\/xenesyproject.com\/en\/wp-json\/wp\/v2\/pages\/12397","targetHints":{"allow":["GET"]}}],"collection":[{"href":"https:\/\/xenesyproject.com\/en\/wp-json\/wp\/v2\/pages"}],"about":[{"href":"https:\/\/xenesyproject.com\/en\/wp-json\/wp\/v2\/types\/page"}],"author":[{"embeddable":true,"href":"https:\/\/xenesyproject.com\/en\/wp-json\/wp\/v2\/users\/1"}],"replies":[{"embeddable":true,"href":"https:\/\/xenesyproject.com\/en\/wp-json\/wp\/v2\/comments?post=12397"}],"version-history":[{"count":0,"href":"https:\/\/xenesyproject.com\/en\/wp-json\/wp\/v2\/pages\/12397\/revisions"}],"wp:attachment":[{"href":"https:\/\/xenesyproject.com\/en\/wp-json\/wp\/v2\/media?parent=12397"}],"wp:term":[{"taxonomy":"wf_page_folders","embeddable":true,"href":"https:\/\/xenesyproject.com\/en\/wp-json\/wp\/v2\/wf_page_folders?post=12397"}],"curies":[{"name":"wp","href":"https:\/\/api.w.org\/{rel}","templated":true}]}}