{"id":37174,"date":"2025-02-01T13:22:49","date_gmt":"2025-02-01T12:22:49","guid":{"rendered":"https:\/\/xenesyproject.com\/?page_id=37174"},"modified":"2026-02-04T19:00:55","modified_gmt":"2026-02-04T18:00:55","slug":"order-training-introduction-trading1","status":"publish","type":"page","link":"https:\/\/xenesyproject.com\/en\/order-training-introduction-trading1\/","title":{"rendered":"ORDER INTRODUCTORY TRADING COURSE"},"content":{"rendered":"<div data-elementor-type=\"wp-page\" data-elementor-id=\"37174\" class=\"elementor elementor-37174\" data-elementor-post-type=\"page\">\n\t\t\t\t\t\t<section class=\"elementor-section elementor-top-section elementor-element elementor-element-7f6133ce elementor-section-height-full elementor-section-boxed elementor-section-height-default elementor-section-items-middle\" data-id=\"7f6133ce\" data-element_type=\"section\" data-e-type=\"section\" data-settings=\"{&quot;background_background&quot;:&quot;classic&quot;}\">\n\t\t\t\t\t\t\t<div class=\"elementor-background-overlay\"><\/div>\n\t\t\t\t\t\t\t<div class=\"elementor-container elementor-column-gap-default\">\n\t\t\t\t\t<div class=\"elementor-column elementor-col-100 elementor-top-column elementor-element elementor-element-681b602f elementor-hidden-desktop elementor-hidden-tablet elementor-hidden-mobile\" data-id=\"681b602f\" data-element_type=\"column\" data-e-type=\"column\">\n\t\t\t<div class=\"elementor-widget-wrap elementor-element-populated\">\n\t\t\t\t\t\t<div class=\"elementor-element elementor-element-26a9731c elementor-view-default elementor-widget elementor-widget-icon\" data-id=\"26a9731c\" data-element_type=\"widget\" data-e-type=\"widget\" data-widget_type=\"icon.default\">\n\t\t\t\t\t\t\t<div class=\"elementor-icon-wrapper\">\n\t\t\t<div class=\"elementor-icon\">\n\t\t\t<i aria-hidden=\"true\" class=\"fas fa-ellipsis-h\"><\/i>\t\t\t<\/div>\n\t\t<\/div>\n\t\t\t\t\t\t<\/div>\n\t\t\t\t<div class=\"elementor-element elementor-element-10f74a5c elementor-widget elementor-widget-heading\" data-id=\"10f74a5c\" data-element_type=\"widget\" data-e-type=\"widget\" data-widget_type=\"heading.default\">\n\t\t\t\t\t<h1 class=\"elementor-heading-title elementor-size-default\">INTRODUCTORY TRADING COURSE<\/h1>\t\t\t\t<\/div>\n\t\t\t\t\t<\/div>\n\t\t<\/div>\n\t\t\t\t\t<\/div>\n\t\t<\/section>\n\t\t\t\t<section class=\"elementor-section elementor-top-section elementor-element elementor-element-38777852 elementor-section-boxed elementor-section-height-default elementor-section-height-default\" data-id=\"38777852\" data-element_type=\"section\" data-e-type=\"section\">\n\t\t\t\t\t\t<div class=\"elementor-container elementor-column-gap-default\">\n\t\t\t\t\t<div class=\"elementor-column elementor-col-100 elementor-top-column elementor-element elementor-element-60d25390\" data-id=\"60d25390\" data-element_type=\"column\" data-e-type=\"column\">\n\t\t\t<div class=\"elementor-widget-wrap elementor-element-populated\">\n\t\t\t\t\t\t<section class=\"elementor-section elementor-inner-section elementor-element elementor-element-7d598069 elementor-section-boxed elementor-section-height-default elementor-section-height-default\" data-id=\"7d598069\" data-element_type=\"section\" data-e-type=\"section\">\n\t\t\t\t\t\t<div class=\"elementor-container elementor-column-gap-default\">\n\t\t\t\t\t<div class=\"elementor-column elementor-col-50 elementor-inner-column elementor-element elementor-element-8993429\" data-id=\"8993429\" data-element_type=\"column\" data-e-type=\"column\" data-settings=\"{&quot;background_background&quot;:&quot;classic&quot;}\">\n\t\t\t<div class=\"elementor-widget-wrap elementor-element-populated\">\n\t\t\t\t\t\t<div class=\"elementor-element elementor-element-21b83b0f elementor-fixed elementor-hidden-mobile elementor-widget elementor-widget-button\" data-id=\"21b83b0f\" data-element_type=\"widget\" data-e-type=\"widget\" data-settings=\"{&quot;_position&quot;:&quot;fixed&quot;}\" data-widget_type=\"button.default\">\n\t\t\t\t\t\t\t\t\t\t<a class=\"elementor-button elementor-button-link elementor-size-sm\" href=\"#haut\">\n\t\t\t\t\t\t<span class=\"elementor-button-content-wrapper\">\n\t\t\t\t\t\t<span class=\"elementor-button-icon\">\n\t\t\t\t<i aria-hidden=\"true\" class=\"fas fa-long-arrow-alt-up\"><\/i>\t\t\t<\/span>\n\t\t\t\t\t\t\t\t<\/span>\n\t\t\t\t\t<\/a>\n\t\t\t\t\t\t\t\t<\/div>\n\t\t\t\t<div class=\"elementor-element elementor-element-f8e4d5 elementor-widget elementor-widget-menu-anchor\" data-id=\"f8e4d5\" data-element_type=\"widget\" data-e-type=\"widget\" data-widget_type=\"menu-anchor.default\">\n\t\t\t\t\t\t\t<div class=\"elementor-menu-anchor\" id=\"haut\"><\/div>\n\t\t\t\t\t\t<\/div>\n\t\t\t\t<div class=\"elementor-element elementor-element-67890ab8 elementor-widget elementor-widget-image\" data-id=\"67890ab8\" data-element_type=\"widget\" data-e-type=\"widget\" data-widget_type=\"image.default\">\n\t\t\t\t\t\t\t\t\t\t\t\t\t\t\t<img fetchpriority=\"high\" decoding=\"async\" width=\"1024\" height=\"1024\" src=\"https:\/\/xenesyproject.com\/wp-content\/uploads\/logo-or-xenesy.svg\" class=\"attachment-large size-large wp-image-33521\" alt=\"\" srcset=\"https:\/\/xenesyproject.com\/wp-content\/uploads\/\/logo-or-xenesy.svg 150w, https:\/\/xenesyproject.com\/wp-content\/uploads\/\/logo-or-xenesy.svg 300w, https:\/\/xenesyproject.com\/wp-content\/uploads\/\/logo-or-xenesy.svg 1024w, https:\/\/xenesyproject.com\/wp-content\/uploads\/\/logo-or-xenesy.svg 2000w\" sizes=\"(max-width: 1024px) 100vw, 1024px\" \/>\t\t\t\t\t\t\t\t\t\t\t\t\t\t\t<\/div>\n\t\t\t\t<div class=\"elementor-element elementor-element-7cb72220 elementor-widget elementor-widget-surecart_form\" data-id=\"7cb72220\" data-element_type=\"widget\" data-e-type=\"widget\" data-widget_type=\"surecart_form.default\">\n\t\t\t\t<div class=\"elementor-widget-container\">\n\t\t\t\t\t<sc-checkout\n\tclass=\"checkout\"\n\tid=\"sc-checkout-35839\"\n\tstyle=\"text-align: left;--sc-form-row-spacing: 25px;\"\n\tmodified=\"2026-02-06 08:27:01\"\n\talignment=\"\"\n\tsuccess-url=\"https:\/\/xenesyproject.com\/page-de-remerciement\/\"\n>\n\t<sc-form>\n\t\t\t\t\t<sc-checkbox name=\"get_feedback\" value=\"Feedback\" style=\"display: none !important;\"><\/sc-checkbox>\n\t\t\t\t\n<sc-price-choices\n\t\t\t\t\tclass=\"wp-block-surecart-price-choice\"\n\t\t\t\t\tlabel=\"Choose A Product\"\n\t\t\t\t\ttype=\"radio\"\n\t\t\t\t\tcolumns=\"1\"\n\t\t\t\t>\n\t\t<sc-price-choice\n\t\t\tid=\"sc-price-choice-1\"\n\t\t\tprice-id=\"9a389f3d-8d2e-47cb-abf5-37e86487cc81\"\n\t\t\ttype=\"radio\"\n\t\t\tlabel=\"\"\n\t\t\tdescription=\"\"\n\t\t\tchecked=\"true\"\n\t\t\tshow-label=\"true\"\n\t\t\tshow-price=\"true\"\n\t\t\tshow-control=\"false\"\n\t\t\tquantity=\"1\"\n\t\t><\/sc-price-choice>\n\t\t\n<\/sc-price-choices>\n\n<sc-price-choices\n\t\t\t\t\tclass=\"wp-block-surecart-price-choice\"\n\t\t\t\t\tlabel=\"Offert - Acc\u00e8de \u00e0 +100 ressources p\u00e9dagogiques\"\n\t\t\t\t\ttype=\"radio\"\n\t\t\t\t\tcolumns=\"1\"\n\t\t\t\t>\n\t\t<sc-price-choice\n\t\t\tid=\"sc-price-choice-2\"\n\t\t\tprice-id=\"7aa9cfe1-6222-4c31-a1ed-a1fde3e8cf22\"\n\t\t\ttype=\"radio\"\n\t\t\tlabel=\"\"\n\t\t\tdescription=\"\"\n\t\t\tchecked=\"false\"\n\t\t\tshow-label=\"true\"\n\t\t\tshow-price=\"true\"\n\t\t\tshow-control=\"false\"\n\t\t\tquantity=\"1\"\n\t\t><\/sc-price-choice>\n\t\t\n<\/sc-price-choices>\n\n\n<div class=\"wp-block-surecart-columns is-layout-flex wp-block-surecart-columns-is-layout-flex\">\n<div class=\"wp-block-surecart-column\">\n<sc-customer-name label=\"Name\" class=\"wp-block-surecart-name\"><\/sc-customer-name>\n<\/div>\n\n\n\n<div class=\"wp-block-surecart-column\">\n\t\t<sc-customer-email\n\t\t\tclass=\"\"\n\t\t\tlabel=\"Email\"\n\t\t\t\t\t\t\t\t\t\t\t\t\t\t\trequired\n\t\t\tautocomplete='email'\n\t\t\tinputmode='email'\n\t\t>\n\t\t<\/sc-customer-email>\n\n\t\t<\/div>\n<\/div>\n\n\n\n\t\t<sc-order-password\n\t\t\ttype=\"password\"\n\t\t\tname=\"password\"\n\t\t\tclass=\"\"\n\t\t\tlabel=\"Set A Password\"\n\t\t\thelp=\"\"\n\t\t\tautofocus=\"\"\n\t\t\tmaxlength=\"\"\n\t\t\tminlength=\"\"\n\t\t\tplaceholder=\"\"\n\t\t\tshowlabel=\"1\"\n\t\t\tsize=\"\"\n\t\t\tvalue=\"\"\n\t\t\trequired=\"true\"\n\t\t\tconfirmation=\"true\"\n\t\t\tconfirmation-label=\"Password Confirmation\"\n\t\t\tconfirmation-placeholder=\"\"\n\t\t\tconfirmation-help=\"\"\n\t\t\tenable-validation=\"true\"\n\t\t>\n\t\t<\/sc-order-password>\n\n\t\t\n\n\n\t\t<sc-payment\n\t\t\tid=\"sc-payment-0\"\n\t\t\tclass=\"\"\n\t\t>\n\t\t\t\t\t\t\t<sc-stripe-payment-element slot=\"stripe\"><\/sc-stripe-payment-element>\n\t\t\t\n\t\t\t\t\t<\/sc-payment>\n\t\t\n\n\n<sc-checkbox name=\"checkbox\" checked value=\"on\" required>I accept the\u00a0<a href=\"https:\/\/xenesyproject.com\/en\/cgv\/\">Terms &amp; Conditions<\/a><br><\/sc-checkbox>\n\n\n\n<sc-checkbox name=\"checkbox\" checked value=\"on\" required>I acknowledge that I have been informed and expressly agree to waive my right of withdrawal, in accordance with Article L221-28 of the French Consumer Code, due to the immediate provision of digital content.<\/sc-checkbox>\n\n\n\n<sc-order-summary collapsible=\"1\" order-summary-text=\"Summary\" invoice-summary-text=\"Invoice Summary\" class=\"wp-block-surecart-totals\">\n<sc-divider><\/sc-divider>\n\n\n\n<sc-line-items removable=\"1\" editable=\"1\" class=\"wp-block-surecart-line-items\"><\/sc-line-items>\n\n\n\n<sc-divider><\/sc-divider>\n\n\n\n<sc-line-item-total total=\"subtotal\" class=\"wp-block-surecart-subtotal\"><span slot=\"description\">Subtotal<\/span><span slot=\"total-payments-description\">Total Installment Payments<\/span><span slot=\"first-payment-subtotal-description\">Initial Payment<\/span><\/sc-line-item-total>\n\n\n<sc-line-item-trial class=\"wp-block-surecart-trial-line-item\" label=\"Trial\"><\/sc-line-item-trial>\n\n\t\t<sc-order-coupon-form\n\t\t\tlabel=\"Add Coupon Code\"\n\t\t\tplaceholder=\"Enter coupon code\"\n\t\t\tbutton-text=\"Apply Coupon\"\n\t\t\tcollapsed>\n\t\t<\/sc-order-coupon-form>\n\t\t\n\n\n<sc-line-item-tax class=\"wp-block-surecart-tax-line-item\"><\/sc-line-item-tax>\n\n\n\n<sc-divider><\/sc-divider>\n\n\n\n<sc-line-item-total total=\"total\" size=\"large\" show-currency=\"1\" class=\"wp-block-surecart-total\"><span slot=\"title\">Total<\/span><span slot=\"subscription-title\">Total Due Today<\/span><span slot=\"first-payment-total-description\">Subtotal<\/span><span slot=\"free-trial-description\">Trial<\/span><span slot=\"due-amount-description\">Amount Due<\/span><\/sc-line-item-total>\n<\/sc-order-summary>\n\n\n\t\t<sc-order-submit\n\t\t\ttype=\"primary\"\n\t\t\tfull=\"true\"\n\t\t\tsize=\"large\"\n\t\t\ticon=\"lock\"\t\t\tshow-total=\"true\"\n\t\t\tsecure-notice=\"true\"\n\t\t\tsecure-notice-text=\"This is a secure, encrypted payment.\"\n\t\t\t\t\t\t\t\t\tclass=\"wp-block-surecart-submit\"\n\t\t>Purchase<\/sc-order-submit>\n\t\t\n\t<\/sc-form>\n<\/sc-checkout>\n\t\t\t\t<\/div>\n\t\t\t\t<\/div>\n\t\t\t\t\t<\/div>\n\t\t<\/div>\n\t\t\t\t<div class=\"elementor-column elementor-col-50 elementor-inner-column elementor-element elementor-element-536fbc4e\" data-id=\"536fbc4e\" data-element_type=\"column\" data-e-type=\"column\">\n\t\t\t<div class=\"elementor-widget-wrap elementor-element-populated\">\n\t\t\t\t\t\t<div class=\"elementor-element elementor-element-7ce259d5 elementor-widget elementor-widget-heading\" data-id=\"7ce259d5\" data-element_type=\"widget\" data-e-type=\"widget\" data-widget_type=\"heading.default\">\n\t\t\t\t\t<p class=\"elementor-heading-title elementor-size-default\">Order summary<\/p>\t\t\t\t<\/div>\n\t\t\t\t<div class=\"elementor-element elementor-element-4e3f40c0 elementor-hidden-desktop elementor-hidden-tablet elementor-hidden-mobile elementor-widget elementor-widget-heading\" data-id=\"4e3f40c0\" data-element_type=\"widget\" data-e-type=\"widget\" data-widget_type=\"heading.default\">\n\t\t\t\t\t<h2 class=\"elementor-heading-title elementor-size-default\">Access to the introductory trading course<\/h2>\t\t\t\t<\/div>\n\t\t\t\t<div class=\"elementor-element elementor-element-1e17e2b8 elementor-widget elementor-widget-text-editor\" data-id=\"1e17e2b8\" data-element_type=\"widget\" data-e-type=\"widget\" data-widget_type=\"text-editor.default\">\n\t\t\t\t\t\t\t\t\t<p>\u20ac 1 790,00<\/p>\t\t\t\t\t\t\t\t<\/div>\n\t\t\t\t<div class=\"elementor-element elementor-element-63ef4a76 elementor-widget elementor-widget-heading\" data-id=\"63ef4a76\" data-element_type=\"widget\" data-e-type=\"widget\" data-widget_type=\"heading.default\">\n\t\t\t\t\t<h3 class=\"elementor-heading-title elementor-size-default\">Course description<\/h3>\t\t\t\t<\/div>\n\t\t\t\t<div class=\"elementor-element elementor-element-6a709c0 elementor-widget elementor-widget-text-editor\" data-id=\"6a709c0\" data-element_type=\"widget\" data-e-type=\"widget\" data-widget_type=\"text-editor.default\">\n\t\t\t\t\t\t\t\t\t<div class=\"ue-step-item ue-item elementor-repeater-item-955378e\"><div class=\"ue-item-highlight\"><div class=\"ue-step-item ue-item elementor-repeater-item-955378e\"><div class=\"ue-step-item-content\"><p>This\u00a0<strong>Trading training<\/strong> has been specially designed for those who want to understand the financial markets and learn to trade in a simple, practical way. You'll discover fundamental concepts, basic tools and simple strategies to get you started with confidence.<\/p><\/div><\/div><\/div><\/div>\t\t\t\t\t\t\t\t<\/div>\n\t\t\t\t<div class=\"elementor-element elementor-element-36bdb3c2 elementor-widget elementor-widget-heading\" data-id=\"36bdb3c2\" data-element_type=\"widget\" data-e-type=\"widget\" data-widget_type=\"heading.default\">\n\t\t\t\t\t<h2 class=\"elementor-heading-title elementor-size-default\">What the training includes:<\/h2>\t\t\t\t<\/div>\n\t\t\t\t<div class=\"elementor-element elementor-element-156c2b8e elementor-widget elementor-widget-text-editor\" data-id=\"156c2b8e\" data-element_type=\"widget\" data-e-type=\"widget\" data-widget_type=\"text-editor.default\">\n\t\t\t\t\t\t\t\t\t<div class=\"ue-step-item ue-item elementor-repeater-item-955378e\"><div class=\"ue-item-highlight\"><div class=\"ue-step-item ue-item elementor-repeater-item-955378e\"><div class=\"ue-step-item-content\"><ul><li><strong>Unlimited access<\/strong>\u00a0to all training modules.<\/li><li><strong>Downloadable teaching aids<\/strong>\u00a0(practical worksheets, exercises, videos).<\/li><li><strong>Free updates<\/strong>\u00a0training content.<\/li><\/ul><\/div><\/div><\/div><\/div>\t\t\t\t\t\t\t\t<\/div>\n\t\t\t\t<div class=\"elementor-element elementor-element-563ad12 elementor-widget elementor-widget-heading\" data-id=\"563ad12\" data-element_type=\"widget\" data-e-type=\"widget\" data-widget_type=\"heading.default\">\n\t\t\t\t\t<h2 class=\"elementor-heading-title elementor-size-default\">Training objective<\/h2>\t\t\t\t<\/div>\n\t\t\t\t<div class=\"elementor-element elementor-element-57007443 elementor-widget elementor-widget-text-editor\" data-id=\"57007443\" data-element_type=\"widget\" data-e-type=\"widget\" data-widget_type=\"text-editor.default\">\n\t\t\t\t\t\t\t\t\t<div class=\"ue-step-item ue-item elementor-repeater-item-955378e\"><div class=\"ue-item-highlight\"><div class=\"ue-step-item ue-item elementor-repeater-item-955378e\"><div class=\"ue-step-item-content\"><ul><li>Understand the basics of how financial markets work.<\/li><li>Read and analyze financial graphs.<\/li><li>Use a trading platform and its essential tools.<\/li><li>Professional risk management.<\/li><li>Lay the foundations of a solid trading strategy.<\/li><\/ul><\/div><\/div><\/div><\/div>\t\t\t\t\t\t\t\t<\/div>\n\t\t\t\t\t<\/div>\n\t\t<\/div>\n\t\t\t\t\t<\/div>\n\t\t<\/section>\n\t\t\t\t\t<\/div>\n\t\t<\/div>\n\t\t\t\t\t<\/div>\n\t\t<\/section>\n\t\t\t\t<section class=\"elementor-section elementor-top-section elementor-element elementor-element-210b0b9e elementor-hidden-desktop elementor-hidden-tablet elementor-hidden-mobile elementor-section-boxed elementor-section-height-default elementor-section-height-default\" data-id=\"210b0b9e\" data-element_type=\"section\" data-e-type=\"section\">\n\t\t\t\t\t\t<div class=\"elementor-container elementor-column-gap-default\">\n\t\t\t\t\t<div class=\"elementor-column elementor-col-100 elementor-top-column elementor-element elementor-element-361944e6\" data-id=\"361944e6\" data-element_type=\"column\" data-e-type=\"column\">\n\t\t\t<div class=\"elementor-widget-wrap elementor-element-populated\">\n\t\t\t\t\t\t<div class=\"elementor-element elementor-element-5195115d elementor-widget elementor-widget-heading\" data-id=\"5195115d\" data-element_type=\"widget\" data-e-type=\"widget\" data-widget_type=\"heading.default\">\n\t\t\t\t\t<h2 class=\"elementor-heading-title elementor-size-default\">Training program overview<\/h2>\t\t\t\t<\/div>\n\t\t\t\t<div class=\"elementor-element elementor-element-609f0da3 elementor-widget elementor-widget-text-editor\" data-id=\"609f0da3\" data-element_type=\"widget\" data-e-type=\"widget\" data-widget_type=\"text-editor.default\">\n\t\t\t\t\t\t\t\t\t<p>Visit\u00a0<strong>Introductory Trading Course<\/strong>\u00a0is divided into 6 progressive modules for a clear, structured approach.<\/p><h5><strong>1: Introduction to Trading<\/strong><\/h5><ul><li>What is trading? Basic principles and essential terminology.<\/li><li>The different types of financial markets: forex, equities, cryptocurrencies, etc.<\/li><\/ul><h5><strong>2: Trading fundamentals<\/strong><\/h5><ul><li>The difference between technical and fundamental analysis.<\/li><li>Introduction to trading charts and simple indicators (moving averages, RSI).<\/li><li>Notions of support and resistance.<\/li><\/ul><h5><strong>3: Using a Trading Platform<\/strong><\/h5><ul><li>Introduction to platforms such as MT4, MT5 and TradingView.<\/li><li>Configuring and navigating a trading platform.<\/li><li>Order entry and tool customization.<\/li><\/ul><h5><strong>4: Trading strategies for beginners<\/strong><\/h5><ul><li>Simple strategies: trend, rebound, break.<\/li><li>Using technical indicators to develop your strategies.<\/li><li>Case studies and practical exercises to reinforce your skills.<\/li><\/ul><h5><strong>5: Risk management and the psychology of trading<\/strong><\/h5><ul><li>Risk management techniques: stop-loss, position sizing, etc.<\/li><li>Introduction to trading psychology and emotional management.<\/li><li>Develop the discipline to trade with confidence and serenity.<\/li><\/ul><h5><strong>6: Review and training certificate<\/strong><\/h5><ul><li>Synthesis of acquired knowledge.<\/li><li>Final quiz to validate your skills.<\/li><li>Award of a training certificate.<\/li><\/ul>\t\t\t\t\t\t\t\t<\/div>\n\t\t\t\t\t<\/div>\n\t\t<\/div>\n\t\t\t\t\t<\/div>\n\t\t<\/section>\n\t\t\t\t<section class=\"elementor-section elementor-top-section elementor-element elementor-element-7f14378a elementor-section-boxed elementor-section-height-default elementor-section-height-default\" data-id=\"7f14378a\" data-element_type=\"section\" data-e-type=\"section\" data-settings=\"{&quot;background_background&quot;:&quot;classic&quot;}\">\n\t\t\t\t\t\t<div class=\"elementor-container elementor-column-gap-default\">\n\t\t\t\t\t<div class=\"elementor-column elementor-col-100 elementor-top-column elementor-element elementor-element-44ce0c25\" data-id=\"44ce0c25\" data-element_type=\"column\" data-e-type=\"column\">\n\t\t\t<div class=\"elementor-widget-wrap elementor-element-populated\">\n\t\t\t\t\t\t<div class=\"elementor-element elementor-element-247b30cc elementor-widget elementor-widget-text-editor\" data-id=\"247b30cc\" data-element_type=\"widget\" data-e-type=\"widget\" data-widget_type=\"text-editor.default\">\n\t\t\t\t\t\t\t\t\t<p>2020 - 2024 XENESY LTD - All rights reserved<\/p>\t\t\t\t\t\t\t\t<\/div>\n\t\t\t\t\t<\/div>\n\t\t<\/div>\n\t\t\t\t\t<\/div>\n\t\t<\/section>\n\t\t\t\t<\/div>","protected":false},"excerpt":{"rendered":"<p>FORMATION INITIATION TRADING J&rsquo;accepte les\u00a0Conditions G\u00e9n\u00e9rales de Vente Je reconnais \u00eatre inform\u00e9(e) et accepte express\u00e9ment de renoncer \u00e0 mon droit de r\u00e9tractation, conform\u00e9ment \u00e0 l&rsquo;article L221-28 du Code de la consommation, en raison de la fourniture imm\u00e9diate du contenu num\u00e9rique SubtotalTotal Installment PaymentsInitial Payment TotalTotal Due TodaySubtotalTrialAmount Due Purchase R\u00e9capitulatif de la commande Acc\u00e8s au [&hellip;]<\/p>\n","protected":false},"author":1,"featured_media":33979,"parent":0,"menu_order":0,"comment_status":"closed","ping_status":"closed","template":"elementor_canvas","meta":{"_surecart_dashboard_logo_width":"180px","_surecart_dashboard_show_logo":true,"_surecart_dashboard_navigation_orders":true,"_surecart_dashboard_navigation_invoices":true,"_surecart_dashboard_navigation_subscriptions":true,"_surecart_dashboard_navigation_downloads":true,"_surecart_dashboard_navigation_billing":true,"_surecart_dashboard_navigation_account":true,"site-sidebar-layout":"no-sidebar","site-content-layout":"page-builder","ast-site-content-layout":"full-width-container","site-content-style":"default","site-sidebar-style":"default","ast-global-header-display":"","ast-banner-title-visibility":"","ast-main-header-display":"","ast-hfb-above-header-display":"","ast-hfb-below-header-display":"","ast-hfb-mobile-header-display":"","site-post-title":"disabled","ast-breadcrumbs-content":"","ast-featured-img":"disabled","footer-sml-layout":"","ast-disable-related-posts":"","theme-transparent-header-meta":"","adv-header-id-meta":"","stick-header-meta":"","header-above-stick-meta":"","header-main-stick-meta":"","header-below-stick-meta":"","astra-migrate-meta-layouts":"set","ast-page-background-enabled":"default","ast-page-background-meta":{"desktop":{"background-color":"var(--ast-global-color-4)","background-image":"","background-repeat":"repeat","background-position":"center center","background-size":"auto","background-attachment":"scroll","background-type":"","background-media":"","overlay-type":"","overlay-color":"","overlay-opacity":"","overlay-gradient":""},"tablet":{"background-color":"","background-image":"","background-repeat":"repeat","background-position":"center center","background-size":"auto","background-attachment":"scroll","background-type":"","background-media":"","overlay-type":"","overlay-color":"","overlay-opacity":"","overlay-gradient":""},"mobile":{"background-color":"","background-image":"","background-repeat":"repeat","background-position":"center center","background-size":"auto","background-attachment":"scroll","background-type":"","background-media":"","overlay-type":"","overlay-color":"","overlay-opacity":"","overlay-gradient":""}},"ast-content-background-meta":{"desktop":{"background-color":"var(--ast-global-color-5)","background-image":"","background-repeat":"repeat","background-position":"center center","background-size":"auto","background-attachment":"scroll","background-type":"","background-media":"","overlay-type":"","overlay-color":"","overlay-opacity":"","overlay-gradient":""},"tablet":{"background-color":"var(--ast-global-color-5)","background-image":"","background-repeat":"repeat","background-position":"center center","background-size":"auto","background-attachment":"scroll","background-type":"","background-media":"","overlay-type":"","overlay-color":"","overlay-opacity":"","overlay-gradient":""},"mobile":{"background-color":"var(--ast-global-color-5)","background-image":"","background-repeat":"repeat","background-position":"center center","background-size":"auto","background-attachment":"scroll","background-type":"","background-media":"","overlay-type":"","overlay-color":"","overlay-opacity":"","overlay-gradient":""}},"footnotes":""},"wf_page_folders":[175],"class_list":["post-37174","page","type-page","status-publish","has-post-thumbnail","hentry"],"_links":{"self":[{"href":"https:\/\/xenesyproject.com\/en\/wp-json\/wp\/v2\/pages\/37174","targetHints":{"allow":["GET"]}}],"collection":[{"href":"https:\/\/xenesyproject.com\/en\/wp-json\/wp\/v2\/pages"}],"about":[{"href":"https:\/\/xenesyproject.com\/en\/wp-json\/wp\/v2\/types\/page"}],"author":[{"embeddable":true,"href":"https:\/\/xenesyproject.com\/en\/wp-json\/wp\/v2\/users\/1"}],"replies":[{"embeddable":true,"href":"https:\/\/xenesyproject.com\/en\/wp-json\/wp\/v2\/comments?post=37174"}],"version-history":[{"count":48,"href":"https:\/\/xenesyproject.com\/en\/wp-json\/wp\/v2\/pages\/37174\/revisions"}],"predecessor-version":[{"id":39910,"href":"https:\/\/xenesyproject.com\/en\/wp-json\/wp\/v2\/pages\/37174\/revisions\/39910"}],"wp:featuredmedia":[{"embeddable":true,"href":"https:\/\/xenesyproject.com\/en\/wp-json\/wp\/v2\/media\/33979"}],"wp:attachment":[{"href":"https:\/\/xenesyproject.com\/en\/wp-json\/wp\/v2\/media?parent=37174"}],"wp:term":[{"taxonomy":"wf_page_folders","embeddable":true,"href":"https:\/\/xenesyproject.com\/en\/wp-json\/wp\/v2\/wf_page_folders?post=37174"}],"curies":[{"name":"wp","href":"https:\/\/api.w.org\/{rel}","templated":true}]}}