{"id":12397,"date":"2024-01-03T14:29:47","date_gmt":"2024-01-03T13:29:47","guid":{"rendered":"https:\/\/xenesyproject.com\/?page_id=12397"},"modified":"2025-09-29T12:35:22","modified_gmt":"2025-09-29T10:35:22","slug":"khoa-hoc-ngan-han-ve-quan-ly-tai-san-gia-dinh","status":"publish","type":"page","link":"https:\/\/xenesyproject.com\/vi\/khoa-hoc-ngan-han-ve-quan-ly-tai-san-gia-dinh\/","title":{"rendered":"KH\u00d3A H\u1eccC NG\u1eaeN H\u1ea0N \u2013 QU\u1ea2N L\u00dd T\u00c0I CH\u00cdNH GIA \u0110\u00ccNH"},"content":{"rendered":"<div data-elementor-type=\"wp-page\" data-elementor-id=\"12397\" class=\"elementor elementor-12397\" data-elementor-post-type=\"page\">\n\t\t\t\t\t\t<section class=\"elementor-section elementor-top-section elementor-element elementor-element-104a2fdd elementor-section-content-top animated-slow elementor-section-boxed elementor-section-height-default elementor-section-height-default elementor-invisible\" data-id=\"104a2fdd\" data-element_type=\"section\" data-e-type=\"section\" data-settings=\"{&quot;background_background&quot;:&quot;classic&quot;,&quot;animation&quot;:&quot;fadeIn&quot;}\">\n\t\t\t\t\t\t<div class=\"elementor-container elementor-column-gap-default\">\n\t\t\t\t\t<div class=\"elementor-column elementor-col-100 elementor-top-column elementor-element elementor-element-1a1d48d6\" data-id=\"1a1d48d6\" data-element_type=\"column\" data-e-type=\"column\" data-settings=\"{&quot;animation&quot;:&quot;none&quot;}\">\n\t\t\t<div class=\"elementor-widget-wrap elementor-element-populated\">\n\t\t\t\t\t\t<section class=\"elementor-section elementor-inner-section elementor-element elementor-element-6ed5d7df elementor-reverse-mobile elementor-section-boxed elementor-section-height-default elementor-section-height-default\" data-id=\"6ed5d7df\" data-element_type=\"section\" data-e-type=\"section\" data-settings=\"{&quot;animation&quot;:&quot;none&quot;}\">\n\t\t\t\t\t\t<div class=\"elementor-container elementor-column-gap-default\">\n\t\t\t\t\t<div class=\"elementor-column elementor-col-33 elementor-inner-column elementor-element elementor-element-560ed7ab\" data-id=\"560ed7ab\" data-element_type=\"column\" data-e-type=\"column\">\n\t\t\t<div class=\"elementor-widget-wrap elementor-element-populated\">\n\t\t\t\t\t\t<div class=\"elementor-element elementor-element-5c9112a elementor-hidden-desktop elementor-hidden-tablet elementor-hidden-mobile elementor-widget elementor-widget-text-editor\" data-id=\"5c9112a\" data-element_type=\"widget\" data-e-type=\"widget\" data-widget_type=\"text-editor.default\">\n\t\t\t\t\t\t\t\t\t<p>Kh\u00f3a h\u1ecdc ng\u1eafn h\u1ea1n: QU\u1ea2N L\u00dd T\u00c0I CH\u00cdNH GIA \u0110\u00ccNH<\/p><p><a href=\"https:\/\/xenesy.trafft.com\/\" target=\"_blank\" rel=\"noopener\">\u0110\u1eb7t l\u1ecbch h\u1eb9n<\/a><\/p><p><a href=\"https:\/\/xenesyproject.com\/vi\">Kh\u00e1m ph\u00e1 trung t\u00e2m \u0111\u00e0o t\u1ea1o c\u1ee7a ch\u00fang t\u00f4i<\/a><\/p><h2>\u0111\u00e0o t\u1ea1o<\/h2>\t\t\t\t\t\t\t\t<\/div>\n\t\t\t\t<div class=\"elementor-element elementor-element-7eee1c1 elementor-invisible elementor-widget elementor-widget-heading\" data-id=\"7eee1c1\" data-element_type=\"widget\" data-e-type=\"widget\" data-settings=\"{&quot;_animation&quot;:&quot;fadeInUp&quot;}\" data-widget_type=\"heading.default\">\n\t\t\t\t\t<h3 class=\"elementor-heading-title elementor-size-default\">kh\u00f3a h\u1ecdc ng\u1eafn h\u1ea1n<\/h3>\t\t\t\t<\/div>\n\t\t\t\t<div class=\"elementor-element elementor-element-b114875 elementor-invisible elementor-widget elementor-widget-heading\" data-id=\"b114875\" data-element_type=\"widget\" data-e-type=\"widget\" data-settings=\"{&quot;_animation&quot;:&quot;fadeInUp&quot;}\" data-widget_type=\"heading.default\">\n\t\t\t\t\t<h1 class=\"elementor-heading-title elementor-size-default\">QU\u1ea2N L\u00dd DANH M\u1ee4C \u0110\u1ea6U T\u01af C\u1ee6A GIA \u0110\u00ccNH<\/h1>\t\t\t\t<\/div>\n\t\t\t\t<div class=\"elementor-element elementor-element-d57de1f elementor-invisible elementor-widget elementor-widget-heading\" data-id=\"d57de1f\" data-element_type=\"widget\" data-e-type=\"widget\" data-settings=\"{&quot;_animation&quot;:&quot;fadeInUp&quot;}\" data-widget_type=\"heading.default\">\n\t\t\t\t\t<h3 class=\"elementor-heading-title elementor-size-default\">M\u00f4 t\u1ea3<\/h3>\t\t\t\t<\/div>\n\t\t\t\t<div class=\"elementor-element elementor-element-5925c6a elementor-invisible elementor-widget elementor-widget-text-editor\" data-id=\"5925c6a\" data-element_type=\"widget\" data-e-type=\"widget\" data-settings=\"{&quot;_animation&quot;:&quot;fadeInUp&quot;}\" data-widget_type=\"text-editor.default\">\n\t\t\t\t\t\t\t\t\t<p align=\"justify\">Kh\u00f3a h\u1ecdc c\u1ee7a ch\u00fang t\u00f4i cung c\u1ea5p cho b\u1ea1n nh\u1eefng k\u1ef9 n\u0103ng v\u00e0 ki\u1ebfn th\u1ee9c c\u1ea7n thi\u1ebft \u0111\u1ec3 qu\u1ea3n l\u00fd hi\u1ec7u qu\u1ea3 danh m\u1ee5c \u0111\u1ea7u t\u01b0 gia \u0111\u00ecnh. D\u00f9 b\u1ea1n l\u00e0 ng\u01b0\u1eddi ph\u1ee5 tr\u00e1ch t\u00e0i ch\u00ednh gia \u0111\u00ecnh, qu\u1ea3n l\u00fd doanh nghi\u1ec7p gia \u0111\u00ecnh hay qu\u1ea3n l\u00fd t\u00e0i s\u1ea3n gia \u0111\u00ecnh, kh\u00f3a h\u1ecdc n\u00e0y s\u1ebd gi\u00fap b\u1ea1n \u0111\u01b0a ra nh\u1eefng quy\u1ebft \u0111\u1ecbnh t\u00e0i ch\u00ednh s\u00e1ng su\u1ed1t v\u00e0 t\u1ed1i \u01b0u h\u00f3a c\u00e1c kho\u1ea3n \u0111\u1ea7u t\u01b0 c\u1ee7a m\u00ecnh. <br \/><br \/><\/p><p>Trong kh\u00f3a \u0111\u00e0o t\u1ea1o n\u00e0y, qu\u00fd v\u1ecb s\u1ebd t\u00ecm hi\u1ec3u c\u00e1c nguy\u00ean t\u1eafc c\u01a1 b\u1ea3n c\u1ee7a qu\u1ea3n l\u00fd danh m\u1ee5c \u0111\u1ea7u t\u01b0, bao g\u1ed3m \u0111a d\u1ea1ng h\u00f3a t\u00e0i s\u1ea3n, qu\u1ea3n l\u00fd r\u1ee7i ro, ph\u00e2n t\u00edch t\u00e0i ch\u00ednh v\u00e0 l\u1ef1a ch\u1ecdn c\u00e1c kho\u1ea3n \u0111\u1ea7u t\u01b0. Qu\u00fd v\u1ecb c\u0169ng s\u1ebd kh\u00e1m ph\u00e1 c\u00e1c ph\u01b0\u01a1ng ph\u00e1p hay nh\u1ea5t \u0111\u1ec3 l\u1eadp k\u1ebf ho\u1ea1ch qu\u1ea3n l\u00fd d\u00e0i h\u1ea1n cho danh m\u1ee5c \u0111\u1ea7u t\u01b0 gia \u0111\u00ecnh, d\u1ef1a tr\u00ean c\u00e1c m\u1ee5c ti\u00eau t\u00e0i ch\u00ednh c\u1ee7a gia \u0111\u00ecnh v\u00e0 m\u1ee9c \u0111\u1ed9 ch\u1ea5p nh\u1eadn r\u1ee7i ro c\u1ee7a qu\u00fd v\u1ecb.<\/p>\t\t\t\t\t\t\t\t<\/div>\n\t\t\t\t<div class=\"elementor-element elementor-element-ed0d75d elementor-invisible elementor-widget elementor-widget-heading\" data-id=\"ed0d75d\" data-element_type=\"widget\" data-e-type=\"widget\" data-settings=\"{&quot;_animation&quot;:&quot;fadeInUp&quot;}\" data-widget_type=\"heading.default\">\n\t\t\t\t\t<h3 class=\"elementor-heading-title elementor-size-default\">Ch\u01b0\u01a1ng tr\u00ecnh kh\u00f3a \u0111\u00e0o t\u1ea1o ng\u1eafn h\u1ea1n<\/h3>\t\t\t\t<\/div>\n\t\t\t\t<div class=\"elementor-element elementor-element-01e5d41 elementor-icon-list--layout-traditional elementor-list-item-link-full_width elementor-invisible elementor-widget elementor-widget-icon-list\" data-id=\"01e5d41\" data-element_type=\"widget\" data-e-type=\"widget\" data-settings=\"{&quot;_animation&quot;:&quot;fadeInUp&quot;}\" data-widget_type=\"icon-list.default\">\n\t\t\t\t\t\t\t<ul class=\"elementor-icon-list-items\">\n\t\t\t\t\t\t\t<li class=\"elementor-icon-list-item\">\n\t\t\t\t\t\t\t\t\t\t\t<span class=\"elementor-icon-list-icon\">\n\t\t\t\t\t\t\t<i aria-hidden=\"true\" class=\"fas fa-dot-circle\"><\/i>\t\t\t\t\t\t<\/span>\n\t\t\t\t\t\t\t\t\t\t<span class=\"elementor-icon-list-text\">Gi\u1edbi thi\u1ec7u<\/span>\n\t\t\t\t\t\t\t\t\t<\/li>\n\t\t\t\t\t\t\t\t<li class=\"elementor-icon-list-item\">\n\t\t\t\t\t\t\t\t\t\t\t<span class=\"elementor-icon-list-icon\">\n\t\t\t\t\t\t\t<i aria-hidden=\"true\" class=\"fas fa-dot-circle\"><\/i>\t\t\t\t\t\t<\/span>\n\t\t\t\t\t\t\t\t\t\t<span class=\"elementor-icon-list-text\">X\u00e1c \u0111\u1ecbnh c\u00e1c m\u1ee5c ti\u00eau t\u00e0i ch\u00ednh<\/span>\n\t\t\t\t\t\t\t\t\t<\/li>\n\t\t\t\t\t\t\t\t<li class=\"elementor-icon-list-item\">\n\t\t\t\t\t\t\t\t\t\t\t<span class=\"elementor-icon-list-icon\">\n\t\t\t\t\t\t\t<i aria-hidden=\"true\" class=\"fas fa-dot-circle\"><\/i>\t\t\t\t\t\t<\/span>\n\t\t\t\t\t\t\t\t\t\t<span class=\"elementor-icon-list-text\">L\u1eadp ng\u00e2n s\u00e1ch<\/span>\n\t\t\t\t\t\t\t\t\t<\/li>\n\t\t\t\t\t\t\t\t<li class=\"elementor-icon-list-item\">\n\t\t\t\t\t\t\t\t\t\t\t<span class=\"elementor-icon-list-icon\">\n\t\t\t\t\t\t\t<i aria-hidden=\"true\" class=\"fas fa-dot-circle\"><\/i>\t\t\t\t\t\t<\/span>\n\t\t\t\t\t\t\t\t\t\t<span class=\"elementor-icon-list-text\"> Thu\u1ebf <\/span>\n\t\t\t\t\t\t\t\t\t<\/li>\n\t\t\t\t\t\t\t\t<li class=\"elementor-icon-list-item\">\n\t\t\t\t\t\t\t\t\t\t\t<span class=\"elementor-icon-list-icon\">\n\t\t\t\t\t\t\t<i aria-hidden=\"true\" class=\"fas fa-dot-circle\"><\/i>\t\t\t\t\t\t<\/span>\n\t\t\t\t\t\t\t\t\t\t<span class=\"elementor-icon-list-text\">Ch\u1ecdn m\u1ed9t c\u1ed1 v\u1ea5n<\/span>\n\t\t\t\t\t\t\t\t\t<\/li>\n\t\t\t\t\t\t\t\t<li class=\"elementor-icon-list-item\">\n\t\t\t\t\t\t\t\t\t\t\t<span class=\"elementor-icon-list-icon\">\n\t\t\t\t\t\t\t<i aria-hidden=\"true\" class=\"fas fa-dot-circle\"><\/i>\t\t\t\t\t\t<\/span>\n\t\t\t\t\t\t\t\t\t\t<span class=\"elementor-icon-list-text\">\u0110a d\u1ea1ng h\u00f3a<\/span>\n\t\t\t\t\t\t\t\t\t<\/li>\n\t\t\t\t\t\t<\/ul>\n\t\t\t\t\t\t<\/div>\n\t\t\t\t<div class=\"elementor-element elementor-element-16e76b2 elementor-invisible elementor-widget elementor-widget-heading\" data-id=\"16e76b2\" data-element_type=\"widget\" data-e-type=\"widget\" data-settings=\"{&quot;_animation&quot;:&quot;fadeInUp&quot;}\" data-widget_type=\"heading.default\">\n\t\t\t\t\t<h3 class=\"elementor-heading-title elementor-size-default\">l\u1eddi khuy\u00ean c\u1ee7a ch\u00fang t\u00f4i<\/h3>\t\t\t\t<\/div>\n\t\t\t\t<div class=\"elementor-element elementor-element-e58ad31 elementor-invisible elementor-widget elementor-widget-text-editor\" data-id=\"e58ad31\" data-element_type=\"widget\" data-e-type=\"widget\" data-settings=\"{&quot;_animation&quot;:&quot;fadeInUp&quot;}\" data-widget_type=\"text-editor.default\">\n\t\t\t\t\t\t\t\t\t<p align=\"justify\">H\u00e3y chu\u1ea9n b\u1ecb m\u1ed9t t\u1edd gi\u1ea5y tr\u1eafng v\u00e0 m\u1ed9t c\u00e2y b\u00fat, t\u00ecm m\u1ed9t n\u01a1i y\u00ean t\u0129nh \u0111\u1ec3 ti\u1ebfp thu t\u1eebng th\u00f4ng tin \u0111\u01b0\u1ee3c cung c\u1ea5p. B\u1ea1n n\u00ean \u0111\u1ecdc h\u1ebft cu\u1ed1n s\u00e1ch tr\u01b0\u1edbc ti\u00ean, sau \u0111\u00f3 \u0111\u1ecdc l\u1ea1i v\u00e0 \u00e1p d\u1ee5ng c\u00e1c l\u1eddi khuy\u00ean kh\u00e1c nhau \u0111\u1ec3 x\u00e2y d\u1ef1ng m\u1ed9t k\u1ebf ho\u1ea1ch h\u00e0nh \u0111\u1ed9ng ph\u00f9 h\u1ee3p v\u1edbi t\u00ecnh h\u00ecnh t\u00e0i ch\u00ednh c\u00e1 nh\u00e2n c\u1ee7a m\u00ecnh.<\/p>\t\t\t\t\t\t\t\t<\/div>\n\t\t\t\t\t<\/div>\n\t\t<\/div>\n\t\t\t\t<div class=\"elementor-column elementor-col-33 elementor-inner-column elementor-element elementor-element-3295eff5\" data-id=\"3295eff5\" data-element_type=\"column\" data-e-type=\"column\">\n\t\t\t<div class=\"elementor-widget-wrap\">\n\t\t\t\t\t\t\t<\/div>\n\t\t<\/div>\n\t\t\t\t<div class=\"elementor-column elementor-col-33 elementor-inner-column elementor-element elementor-element-3412a474\" data-id=\"3412a474\" data-element_type=\"column\" data-e-type=\"column\">\n\t\t\t<div class=\"elementor-widget-wrap elementor-element-populated\">\n\t\t\t\t\t\t<div class=\"elementor-element elementor-element-a8976e4 elementor-invisible elementor-widget elementor-widget-image\" data-id=\"a8976e4\" data-element_type=\"widget\" data-e-type=\"widget\" data-settings=\"{&quot;_animation&quot;:&quot;fadeInUp&quot;}\" data-widget_type=\"image.default\">\n\t\t\t\t\t\t\t\t\t\t\t\t\t\t\t<img fetchpriority=\"high\" decoding=\"async\" width=\"1024\" height=\"1024\" src=\"https:\/\/xenesyproject.com\/wp-content\/uploads\/gerer-son-portefeuille-familial-livre-xenesy-1024x1024.webp\" class=\"attachment-large size-large wp-image-25079\" alt=\"S\u00e1ch v\u1ec1 ph\u00e1t tri\u1ec3n b\u1ea3n th\u00e2n, qu\u1ea3n l\u00fd t\u00e0i ch\u00ednh gia \u0111\u00ecnh\" srcset=\"https:\/\/xenesyproject.com\/wp-content\/uploads\/gerer-son-portefeuille-familial-livre-xenesy-1024x1024.webp 1024w, https:\/\/xenesyproject.com\/wp-content\/uploads\/gerer-son-portefeuille-familial-livre-xenesy-300x300.webp 300w, https:\/\/xenesyproject.com\/wp-content\/uploads\/gerer-son-portefeuille-familial-livre-xenesy-150x150.webp 150w, https:\/\/xenesyproject.com\/wp-content\/uploads\/gerer-son-portefeuille-familial-livre-xenesy-768x768.webp 768w, https:\/\/xenesyproject.com\/wp-content\/uploads\/gerer-son-portefeuille-familial-livre-xenesy-1536x1536.webp 1536w, https:\/\/xenesyproject.com\/wp-content\/uploads\/gerer-son-portefeuille-familial-livre-xenesy-12x12.webp 12w, https:\/\/xenesyproject.com\/wp-content\/uploads\/gerer-son-portefeuille-familial-livre-xenesy-600x600.webp 600w, https:\/\/xenesyproject.com\/wp-content\/uploads\/gerer-son-portefeuille-familial-livre-xenesy-100x100.webp 100w, https:\/\/xenesyproject.com\/wp-content\/uploads\/gerer-son-portefeuille-familial-livre-xenesy.webp 2000w\" sizes=\"(max-width: 1024px) 100vw, 1024px\" \/>\t\t\t\t\t\t\t\t\t\t\t\t\t\t\t<\/div>\n\t\t\t\t<div class=\"elementor-element elementor-element-3d1ac3d elementor-invisible elementor-widget elementor-widget-heading\" data-id=\"3d1ac3d\" data-element_type=\"widget\" data-e-type=\"widget\" data-settings=\"{&quot;_animation&quot;:&quot;fadeInUp&quot;}\" data-widget_type=\"heading.default\">\n\t\t\t\t\t<h2 class=\"elementor-heading-title elementor-size-default\">C\u00c1C \u0110I\u1ec2M CH\u00cdNH<\/h2>\t\t\t\t<\/div>\n\t\t\t\t<div class=\"elementor-element elementor-element-e2221fb elementor-widget elementor-widget-ucaddon_dropdown_button\" data-id=\"e2221fb\" data-element_type=\"widget\" data-e-type=\"widget\" data-widget_type=\"ucaddon_dropdown_button.default\">\n\t\t\t\t<div class=\"elementor-widget-container\">\n\t\t\t\t\t\t\t\t\t<\/div>\n\t\t\t\t<\/div>\n\t\t\t\t<div class=\"elementor-element elementor-element-99e0aef elementor-mobile-align-center elementor-invisible elementor-widget elementor-widget-button\" data-id=\"99e0aef\" data-element_type=\"widget\" data-e-type=\"widget\" data-settings=\"{&quot;_animation&quot;:&quot;zoomIn&quot;}\" data-widget_type=\"button.default\">\n\t\t\t\t\t\t\t\t\t\t<a class=\"elementor-button elementor-button-link elementor-size-sm\" href=\"https:\/\/xenesyproject.com\/vi\/dang-nhap-vao-cong-thong-tin\/\">\n\t\t\t\t\t\t<span class=\"elementor-button-content-wrapper\">\n\t\t\t\t\t\t\t\t\t<span class=\"elementor-button-text\">\u0110\u0103ng nh\u1eadp ho\u1eb7c \u0111\u0103ng k\u00fd<\/span>\n\t\t\t\t\t<\/span>\n\t\t\t\t\t<\/a>\n\t\t\t\t\t\t\t\t<\/div>\n\t\t\t\t<div class=\"elementor-element elementor-element-7e3ffb1 elementor-invisible elementor-widget elementor-widget-text-editor\" data-id=\"7e3ffb1\" data-element_type=\"widget\" data-e-type=\"widget\" data-settings=\"{&quot;_animation&quot;:&quot;zoomIn&quot;}\" data-widget_type=\"text-editor.default\">\n\t\t\t\t\t\t\t\t\t<p>\u0110\u1ec3 truy c\u1eadp kh\u00f3a h\u1ecdc ng\u1eafn n\u00e0y, b\u1ea1n c\u1ea7n \u0111\u0103ng nh\u1eadp ho\u1eb7c \u0111\u0103ng k\u00fd.<\/p>\t\t\t\t\t\t\t\t<\/div>\n\t\t\t\t<div class=\"elementor-element elementor-element-49e6fcf0 elementor-invisible elementor-widget elementor-widget-ucaddon_step_process\" data-id=\"49e6fcf0\" data-element_type=\"widget\" data-e-type=\"widget\" data-settings=\"{&quot;_animation&quot;:&quot;fadeInUp&quot;}\" data-widget_type=\"ucaddon_step_process.default\">\n\t\t\t\t<div class=\"elementor-widget-container\">\n\t\t\t\t\t<!-- start Step Process -->\n\n\t\t\t<style type=\"text\/css\">\/* widget: Step Process *\/\n\n#uc_step_process_elementor_49e6fcf0\n{\n  display:flex;\n}\n\n#uc_step_process_elementor_49e6fcf0 .ue-link\n{\n  display:block;\n  position:absolute;\n  top:0px;\n  bottom:0px;\n  left:0px;\n  right:0px;\n}\n\n#uc_step_process_elementor_49e6fcf0 .ue-step-item\n{\n  flex:1;\n  display:flex;\n  flex-direction:column;\n  position:relative;\n}\n#uc_step_process_elementor_49e6fcf0 .ue-item-highlight\n{\n  display: flex;\n  align-items:center;\n  \n}\n\n#uc_step_process_elementor_49e6fcf0 .ue-step-item-gap\n{\n  flex-grow:0;\n  flex-shrink:0;\n}\n\n#uc_step_process_elementor_49e6fcf0 .ue-step-item-line\n{\n  height:0px;\n  flex-grow:1;\n}\n\n#uc_step_process_elementor_49e6fcf0 .ue-step-icon\n{\n  display:flex;\n  justify-content:center;\n  align-items:center;\n  flex-grow:0;\n  flex-shrink:0;\n  position:relative;\n  line-height:1em;\n  transition:0.3s;\n}\n\n#uc_step_process_elementor_49e6fcf0 .ue-icon svg\n{\n  height:1em;\n  width:1em;\n}\n\n#uc_step_process_elementor_49e6fcf0 .ue-step-label\n{\n  position:absolute;\n  left:0px;\n  bottom:0px;\n  display:flex;\n  justify-content:center;\n  align-items:center;\n}\n.ue-step-label\n{\n  font-size:9px;\n  line-height:1em;\n}\n\n#uc_step_process_elementor_49e6fcf0 .ue-step-item-content\n{\n}\n\n#uc_step_process_elementor_49e6fcf0 .ue-step-item:last-child .ue-step-item-line:last-child\n{\n  opacity:0;\n}\n\n#uc_step_process_elementor_49e6fcf0 .ue-step-item:first-child .ue-step-item-line:first-child\n{\n  opacity:0;\n}\n\n#uc_step_process_elementor_49e6fcf0 .ue-step-item-spacer\n{\n  flex-grow:0;\n  flex-shrink:0;\n  \n}\n\n#uc_step_process_elementor_49e6fcf0 .ue-graphic-image img\n{\n  \n}\n\n\n#uc_step_process_elementor_49e6fcf0.uc-remote-parent .ue-step-item\n{\n  cursor:pointer;\n}\n\n\n\n\t#uc_step_process_elementor_49e6fcf0\n    {\n      flex-direction:column;\n    }\n  \n  #uc_step_process_elementor_49e6fcf0 .ue-step-item\n  {\n    flex-direction:row;\n  }\n  \n  #uc_step_process_elementor_49e6fcf0 .ue-item-highlight\n  {\n    flex-direction:column;\n  }\n  \n   #uc_step_process_elementor_49e6fcf0 .ue-step-item .ue-step-item-line:first-child\n    {\n      display:none;\n    }\n  \n\n    #uc_step_process_elementor_49e6fcf0  .ue-step-item-gap:nth-child(2)\n     {\n      display:none;    \n      }\n   #uc_step_process_elementor_49e6fcf0  .ue-step-item-line:first-child\n      {\n      display:none;    \n      }\n  \n    #uc_step_process_elementor_49e6fcf0  .ue-step-item-line\n      {\n        height:100%;\n        width:0px;\n      }\n\n\n\n\n\n\n<\/style>\n\n\t\t\t<div id=\"uc_step_process_elementor_49e6fcf0\" class=\"\" >\n <div class=\"ue-step-item ue-item elementor-repeater-item-955378e\">\n    <div class=\"ue-item-highlight\">\n      \n      <div class=\"ue-step-item-line\"><\/div>\n      <div class=\"ue-step-item-gap\"><\/div>\n      <div class=\"ue-step-icon elementor-animation-grow\">\n        <span class=\"ue-icon\"><i class=''><\/i><\/span>                        \n              <\/div>\n      <div class=\"ue-step-item-gap\"><\/div>\n      <div class=\"ue-step-item-line\"><\/div>\n      \n    <\/div>\n    \n    <div class=\"ue-step-item-spacer\"><\/div>\n    \n    <div class=\"ue-step-item-content\">  \n       <div class=\"ue-step-item-content-title\">Th\u1eddi gian \u0111\u1ecdc<\/div>       <div class=\"ue-step-item-content-text\">1 gi\u1edd<\/div>    <\/div>\n  \n    <\/div>\n<div class=\"ue-step-item ue-item elementor-repeater-item-8d5b019\">\n    <div class=\"ue-item-highlight\">\n      \n      <div class=\"ue-step-item-line\"><\/div>\n      <div class=\"ue-step-item-gap\"><\/div>\n      <div class=\"ue-step-icon elementor-animation-grow\">\n        <span class=\"ue-icon\"><i class=''><\/i><\/span>                        \n              <\/div>\n      <div class=\"ue-step-item-gap\"><\/div>\n      <div class=\"ue-step-item-line\"><\/div>\n      \n    <\/div>\n    \n    <div class=\"ue-step-item-spacer\"><\/div>\n    \n    <div class=\"ue-step-item-content\">  \n       <div class=\"ue-step-item-content-title\">kh\u00f3 kh\u0103n<\/div>       <div class=\"ue-step-item-content-text\">Trung b\u00ecnh<\/div>    <\/div>\n  \n    <\/div>\n<div class=\"ue-step-item ue-item elementor-repeater-item-6937fce\">\n    <div class=\"ue-item-highlight\">\n      \n      <div class=\"ue-step-item-line\"><\/div>\n      <div class=\"ue-step-item-gap\"><\/div>\n      <div class=\"ue-step-icon elementor-animation-grow\">\n        <span class=\"ue-icon\"><i class=''><\/i><\/span>                        \n              <\/div>\n      <div class=\"ue-step-item-gap\"><\/div>\n      <div class=\"ue-step-item-line\"><\/div>\n      \n    <\/div>\n    \n    <div class=\"ue-step-item-spacer\"><\/div>\n    \n    <div class=\"ue-step-item-content\">  \n       <div class=\"ue-step-item-content-title\">Quy tr\u00ecnh bao g\u1ed3m<\/div>       <div class=\"ue-step-item-content-text\">C\u00f3 h\u1ec7 th\u1ed1ng t\u1ef1 \u0111\u1ed9ng nh\u1eadn di\u1ec7n<\/div>    <\/div>\n  \n    <\/div>\n<div class=\"ue-step-item ue-item elementor-repeater-item-f2cf721\">\n    <div class=\"ue-item-highlight\">\n      \n      <div class=\"ue-step-item-line\"><\/div>\n      <div class=\"ue-step-item-gap\"><\/div>\n      <div class=\"ue-step-icon elementor-animation-grow\">\n        <span class=\"ue-icon\"><i class=''><\/i><\/span>                        \n              <\/div>\n      <div class=\"ue-step-item-gap\"><\/div>\n      <div class=\"ue-step-item-line\"><\/div>\n      \n    <\/div>\n    \n    <div class=\"ue-step-item-spacer\"><\/div>\n    \n    <div class=\"ue-step-item-content\">  \n       <div class=\"ue-step-item-content-title\">D\u1ecbch<\/div>       <div class=\"ue-step-item-content-text\">C\u00f3 s\u1eb5n b\u1eb1ng ti\u1ebfng Ph\u00e1p v\u00e0 ti\u1ebfng Anh<\/div>    <\/div>\n  \n    <\/div>\n<div class=\"ue-step-item ue-item elementor-repeater-item-1843ddb\">\n    <div class=\"ue-item-highlight\">\n      \n      <div class=\"ue-step-item-line\"><\/div>\n      <div class=\"ue-step-item-gap\"><\/div>\n      <div class=\"ue-step-icon elementor-animation-grow\">\n        <span class=\"ue-icon\"><i class=''><\/i><\/span>                        \n              <\/div>\n      <div class=\"ue-step-item-gap\"><\/div>\n      <div class=\"ue-step-item-line\"><\/div>\n      \n    <\/div>\n    \n    <div class=\"ue-step-item-spacer\"><\/div>\n    \n    <div class=\"ue-step-item-content\">  \n       <div class=\"ue-step-item-content-title\">\u0111i\u1ec1u ki\u1ec7n ti\u00ean quy\u1ebft<\/div>       <div class=\"ue-step-item-content-text\">Kh\u00f4ng c\u00f3<\/div>    <\/div>\n  \n    <\/div>\n\n<\/div>\n\t\t\t<!-- end Step Process -->\t\t\t\t<\/div>\n\t\t\t\t<\/div>\n\t\t\t\t\t<\/div>\n\t\t<\/div>\n\t\t\t\t\t<\/div>\n\t\t<\/section>\n\t\t\t\t\t<\/div>\n\t\t<\/div>\n\t\t\t\t\t<\/div>\n\t\t<\/section>\n\t\t\t\t<\/div>","protected":false},"excerpt":{"rendered":"<p>Mini formation G\u00c9RER SON PORTEFEUILLE FAMILIAL Prendre rendez-vous D\u00e9couvrir notre centre de formation formation mini-formation G\u00c9RER SON PORTEFEUILLE FAMILIAL Description Notre formation vous offre les comp\u00e9tences et les connaissances essentielles pour g\u00e9rer efficacement votre portefeuille familial. Que vous soyez responsable des finances de votre famille, d&rsquo;une entreprise familiale ou d&rsquo;un patrimoine familial, cette formation vous [&hellip;]<\/p>\n","protected":false},"author":1,"featured_media":0,"parent":0,"menu_order":7,"comment_status":"closed","ping_status":"closed","template":"elementor_header_footer","meta":{"_surecart_dashboard_logo_width":"180px","_surecart_dashboard_show_logo":true,"_surecart_dashboard_navigation_orders":true,"_surecart_dashboard_navigation_invoices":true,"_surecart_dashboard_navigation_subscriptions":true,"_surecart_dashboard_navigation_downloads":true,"_surecart_dashboard_navigation_billing":true,"_surecart_dashboard_navigation_account":true,"site-sidebar-layout":"no-sidebar","site-content-layout":"page-builder","ast-site-content-layout":"full-width-container","site-content-style":"unboxed","site-sidebar-style":"unboxed","ast-global-header-display":"","ast-banner-title-visibility":"","ast-main-header-display":"","ast-hfb-above-header-display":"","ast-hfb-below-header-display":"","ast-hfb-mobile-header-display":"","site-post-title":"disabled","ast-breadcrumbs-content":"","ast-featured-img":"disabled","footer-sml-layout":"","ast-disable-related-posts":"","theme-transparent-header-meta":"","adv-header-id-meta":"","stick-header-meta":"","header-above-stick-meta":"","header-main-stick-meta":"","header-below-stick-meta":"","astra-migrate-meta-layouts":"set","ast-page-background-enabled":"default","ast-page-background-meta":{"desktop":{"background-color":"var(--ast-global-color-4)","background-image":"","background-repeat":"repeat","background-position":"center center","background-size":"auto","background-attachment":"scroll","background-type":"","background-media":"","overlay-type":"","overlay-color":"","overlay-opacity":"","overlay-gradient":""},"tablet":{"background-color":"","background-image":"","background-repeat":"repeat","background-position":"center center","background-size":"auto","background-attachment":"scroll","background-type":"","background-media":"","overlay-type":"","overlay-color":"","overlay-opacity":"","overlay-gradient":""},"mobile":{"background-color":"","background-image":"","background-repeat":"repeat","background-position":"center center","background-size":"auto","background-attachment":"scroll","background-type":"","background-media":"","overlay-type":"","overlay-color":"","overlay-opacity":"","overlay-gradient":""}},"ast-content-background-meta":{"desktop":{"background-color":"var(--ast-global-color-5)","background-image":"","background-repeat":"repeat","background-position":"center center","background-size":"auto","background-attachment":"scroll","background-type":"","background-media":"","overlay-type":"","overlay-color":"","overlay-opacity":"","overlay-gradient":""},"tablet":{"background-color":"var(--ast-global-color-5)","background-image":"","background-repeat":"repeat","background-position":"center center","background-size":"auto","background-attachment":"scroll","background-type":"","background-media":"","overlay-type":"","overlay-color":"","overlay-opacity":"","overlay-gradient":""},"mobile":{"background-color":"var(--ast-global-color-5)","background-image":"","background-repeat":"repeat","background-position":"center center","background-size":"auto","background-attachment":"scroll","background-type":"","background-media":"","overlay-type":"","overlay-color":"","overlay-opacity":"","overlay-gradient":""}},"footnotes":""},"wf_page_folders":[151],"class_list":["post-12397","page","type-page","status-publish","hentry"],"_links":{"self":[{"href":"https:\/\/xenesyproject.com\/vi\/wp-json\/wp\/v2\/pages\/12397","targetHints":{"allow":["GET"]}}],"collection":[{"href":"https:\/\/xenesyproject.com\/vi\/wp-json\/wp\/v2\/pages"}],"about":[{"href":"https:\/\/xenesyproject.com\/vi\/wp-json\/wp\/v2\/types\/page"}],"author":[{"embeddable":true,"href":"https:\/\/xenesyproject.com\/vi\/wp-json\/wp\/v2\/users\/1"}],"replies":[{"embeddable":true,"href":"https:\/\/xenesyproject.com\/vi\/wp-json\/wp\/v2\/comments?post=12397"}],"version-history":[{"count":0,"href":"https:\/\/xenesyproject.com\/vi\/wp-json\/wp\/v2\/pages\/12397\/revisions"}],"wp:attachment":[{"href":"https:\/\/xenesyproject.com\/vi\/wp-json\/wp\/v2\/media?parent=12397"}],"wp:term":[{"taxonomy":"wf_page_folders","embeddable":true,"href":"https:\/\/xenesyproject.com\/vi\/wp-json\/wp\/v2\/wf_page_folders?post=12397"}],"curies":[{"name":"wp","href":"https:\/\/api.w.org\/{rel}","templated":true}]}}