{"id":13283,"date":"2024-01-03T14:29:46","date_gmt":"2024-01-03T13:29:46","guid":{"rendered":"https:\/\/xenesyproject.com\/?page_id=13283"},"modified":"2025-09-29T12:36:06","modified_gmt":"2025-09-29T10:36:06","slug":"khoa-hoc-ngan-han-ve-ky-nang-thuyet-trinh","status":"publish","type":"page","link":"https:\/\/xenesyproject.com\/vi\/khoa-hoc-ngan-han-ve-ky-nang-thuyet-trinh\/","title":{"rendered":"KH\u00d3A H\u1eccC NG\u1eaeN H\u1ea0N \u2013 N\u00d3I TR\u01af\u1edaC \u0110\u00d4NG NG\u01af\u1edcI"},"content":{"rendered":"<div data-elementor-type=\"wp-page\" data-elementor-id=\"13283\" class=\"elementor elementor-13283\" data-elementor-post-type=\"page\">\n\t\t\t\t\t\t<section class=\"elementor-section elementor-top-section elementor-element elementor-element-331b549d elementor-section-content-top animated-slow elementor-section-boxed elementor-section-height-default elementor-section-height-default elementor-invisible\" data-id=\"331b549d\" data-element_type=\"section\" data-e-type=\"section\" data-settings=\"{&quot;background_background&quot;:&quot;classic&quot;,&quot;animation&quot;:&quot;fadeIn&quot;}\">\n\t\t\t\t\t\t<div class=\"elementor-container elementor-column-gap-default\">\n\t\t\t\t\t<div class=\"elementor-column elementor-col-100 elementor-top-column elementor-element elementor-element-1ffbcf71\" data-id=\"1ffbcf71\" data-element_type=\"column\" data-e-type=\"column\" data-settings=\"{&quot;animation&quot;:&quot;none&quot;}\">\n\t\t\t<div class=\"elementor-widget-wrap elementor-element-populated\">\n\t\t\t\t\t\t<section class=\"elementor-section elementor-inner-section elementor-element elementor-element-5e0ea015 elementor-reverse-mobile elementor-section-boxed elementor-section-height-default elementor-section-height-default\" data-id=\"5e0ea015\" data-element_type=\"section\" data-e-type=\"section\" data-settings=\"{&quot;animation&quot;:&quot;none&quot;}\">\n\t\t\t\t\t\t<div class=\"elementor-container elementor-column-gap-default\">\n\t\t\t\t\t<div class=\"elementor-column elementor-col-33 elementor-inner-column elementor-element elementor-element-3f705662\" data-id=\"3f705662\" data-element_type=\"column\" data-e-type=\"column\">\n\t\t\t<div class=\"elementor-widget-wrap elementor-element-populated\">\n\t\t\t\t\t\t<div class=\"elementor-element elementor-element-732fedc elementor-hidden-desktop elementor-hidden-tablet elementor-hidden-mobile elementor-widget elementor-widget-text-editor\" data-id=\"732fedc\" data-element_type=\"widget\" data-e-type=\"widget\" data-widget_type=\"text-editor.default\">\n\t\t\t\t\t\t\t\t\t<p>Kh\u00f3a h\u1ecdc ng\u1eafn h\u1ea1n v\u1ec1 NGH\u1ec6 THU\u1eacT PH\u00c1T BI\u1ec2U TR\u01af\u1edaC \u0110\u00d4NG NG\u01af\u1edcI<\/p><p><a href=\"https:\/\/xenesy.trafft.com\/\" target=\"_blank\" rel=\"noopener\">\u0110\u1eb7t l\u1ecbch h\u1eb9n<\/a><\/p><p><a href=\"https:\/\/xenesyproject.com\/vi\">Kh\u00e1m ph\u00e1 trung t\u00e2m \u0111\u00e0o t\u1ea1o c\u1ee7a ch\u00fang t\u00f4i<\/a><\/p><h2>\u0111\u00e0o t\u1ea1o<\/h2>\t\t\t\t\t\t\t\t<\/div>\n\t\t\t\t<div class=\"elementor-element elementor-element-68a9f16 elementor-invisible elementor-widget elementor-widget-heading\" data-id=\"68a9f16\" data-element_type=\"widget\" data-e-type=\"widget\" data-settings=\"{&quot;_animation&quot;:&quot;fadeInUp&quot;}\" data-widget_type=\"heading.default\">\n\t\t\t\t\t<h3 class=\"elementor-heading-title elementor-size-default\">Kh\u00f3a h\u1ecdc ng\u1eafn h\u1ea1n <\/h3>\t\t\t\t<\/div>\n\t\t\t\t<div class=\"elementor-element elementor-element-d3687d3 elementor-invisible elementor-widget elementor-widget-heading\" data-id=\"d3687d3\" data-element_type=\"widget\" data-e-type=\"widget\" data-settings=\"{&quot;_animation&quot;:&quot;fadeInUp&quot;}\" data-widget_type=\"heading.default\">\n\t\t\t\t\t<h1 class=\"elementor-heading-title elementor-size-default\">N\u00f3i tr\u01b0\u1edbc c\u00f4ng ch\u00fang<\/h1>\t\t\t\t<\/div>\n\t\t\t\t<div class=\"elementor-element elementor-element-636c7b7 elementor-invisible elementor-widget elementor-widget-heading\" data-id=\"636c7b7\" data-element_type=\"widget\" data-e-type=\"widget\" data-settings=\"{&quot;_animation&quot;:&quot;fadeInUp&quot;}\" data-widget_type=\"heading.default\">\n\t\t\t\t\t<h3 class=\"elementor-heading-title elementor-size-default\">M\u00f4 t\u1ea3<\/h3>\t\t\t\t<\/div>\n\t\t\t\t<div class=\"elementor-element elementor-element-60619b8 elementor-invisible elementor-widget elementor-widget-text-editor\" data-id=\"60619b8\" data-element_type=\"widget\" data-e-type=\"widget\" data-settings=\"{&quot;_animation&quot;:&quot;fadeInUp&quot;}\" data-widget_type=\"text-editor.default\">\n\t\t\t\t\t\t\t\t\t<p align=\"justify\">Ph\u00e1t bi\u1ec3u tr\u01b0\u1edbc c\u00f4ng ch\u00fang kh\u00f4ng ch\u1ec9 \u0111\u01a1n thu\u1ea7n l\u00e0 m\u1ed9t ho\u1ea1t \u0111\u1ed9ng giao ti\u1ebfp. \u0110\u00f3 l\u00e0 c\u01a1 h\u1ed9i \u0111\u1ec3 chia s\u1ebb \u00fd t\u01b0\u1edfng, thuy\u1ebft ph\u1ee5c v\u00e0 t\u00e1c \u0111\u1ed9ng \u0111\u1ebfn kh\u00e1n gi\u1ea3. M\u1ed9t b\u00e0i ph\u00e1t bi\u1ec3u hay c\u00f3 th\u1ec3 gi\u00fap b\u1ea1n x\u00e2y d\u1ef1ng uy t\u00edn, c\u1ee7ng c\u1ed1 kh\u1ea3 n\u0103ng l\u00e3nh \u0111\u1ea1o v\u00e0 t\u1ea1o d\u1ea5u \u1ea5n chuy\u00ean nghi\u1ec7p.<\/p><p>Cu\u1ed1n s\u00e1ch n\u00e0y \u0111\u01b0\u1ee3c bi\u00ean so\u1ea1n \u0111\u1eb7c bi\u1ec7t nh\u1eb1m gi\u00fap b\u1ea1n ph\u00e1t tri\u1ec3n k\u1ef9 n\u0103ng thuy\u1ebft tr\u00ecnh tr\u01b0\u1edbc c\u00f4ng ch\u00fang. Trong su\u1ed1t kh\u00f3a h\u1ecdc ng\u1eafn n\u00e0y, b\u1ea1n s\u1ebd h\u1ecdc \u0111\u01b0\u1ee3c nh\u1eefng k\u1ef9 thu\u1eadt v\u00e0 chi\u1ebfn l\u01b0\u1ee3c \u0111\u00e3 \u0111\u01b0\u1ee3c ki\u1ec3m ch\u1ee9ng \u0111\u1ec3 v\u01b0\u1ee3t qua n\u1ed7i s\u1ee3 h\u00e3i, chu\u1ea9n b\u1ecb b\u00e0i thuy\u1ebft tr\u00ecnh m\u1ed9t c\u00e1ch hi\u1ec7u qu\u1ea3, thu h\u00fat s\u1ef1 ch\u00fa \u00fd c\u1ee7a kh\u00e1n gi\u1ea3, x\u1eed l\u00fd c\u00e1c c\u00e2u h\u1ecfi v\u00e0 s\u1ef1 ng\u1eaft l\u1eddi, \u0111\u1ed3ng th\u1eddi kh\u00f4ng ng\u1eebng ho\u00e0n thi\u1ec7n b\u1ea3n th\u00e2n v\u1edbi t\u01b0 c\u00e1ch l\u00e0 m\u1ed9t di\u1ec5n gi\u1ea3. <br \/>B\u1ea1n s\u1ebd t\u00ecm th\u1ea5y nhi\u1ec1u b\u00e0i t\u1eadp th\u1ef1c h\u00e0nh (c\u00f3 th\u1ec3 th\u1ef1c hi\u1ec7n m\u1ed9t m\u00ecnh, c\u00f9ng b\u1ea1n t\u1eadp ho\u1eb7c tr\u01b0\u1edbc kh\u00e1n gi\u1ea3)<\/p>\t\t\t\t\t\t\t\t<\/div>\n\t\t\t\t<div class=\"elementor-element elementor-element-10aa555 elementor-invisible elementor-widget elementor-widget-heading\" data-id=\"10aa555\" data-element_type=\"widget\" data-e-type=\"widget\" data-settings=\"{&quot;_animation&quot;:&quot;fadeInUp&quot;}\" data-widget_type=\"heading.default\">\n\t\t\t\t\t<h3 class=\"elementor-heading-title elementor-size-default\">Ch\u01b0\u01a1ng tr\u00ecnh kh\u00f3a \u0111\u00e0o t\u1ea1o ng\u1eafn h\u1ea1n<\/h3>\t\t\t\t<\/div>\n\t\t\t\t<div class=\"elementor-element elementor-element-e96d8c3 elementor-icon-list--layout-traditional elementor-list-item-link-full_width elementor-invisible elementor-widget elementor-widget-icon-list\" data-id=\"e96d8c3\" data-element_type=\"widget\" data-e-type=\"widget\" data-settings=\"{&quot;_animation&quot;:&quot;fadeInUp&quot;}\" data-widget_type=\"icon-list.default\">\n\t\t\t\t\t\t\t<ul class=\"elementor-icon-list-items\">\n\t\t\t\t\t\t\t<li class=\"elementor-icon-list-item\">\n\t\t\t\t\t\t\t\t\t\t\t<span class=\"elementor-icon-list-icon\">\n\t\t\t\t\t\t\t<i aria-hidden=\"true\" class=\"fas fa-dot-circle\"><\/i>\t\t\t\t\t\t<\/span>\n\t\t\t\t\t\t\t\t\t\t<span class=\"elementor-icon-list-text\">Gi\u1edbi thi\u1ec7u v\u1ec1 k\u1ef9 n\u0103ng thuy\u1ebft tr\u00ecnh tr\u01b0\u1edbc c\u00f4ng ch\u00fang<\/span>\n\t\t\t\t\t\t\t\t\t<\/li>\n\t\t\t\t\t\t\t\t<li class=\"elementor-icon-list-item\">\n\t\t\t\t\t\t\t\t\t\t\t<span class=\"elementor-icon-list-icon\">\n\t\t\t\t\t\t\t<i aria-hidden=\"true\" class=\"fas fa-dot-circle\"><\/i>\t\t\t\t\t\t<\/span>\n\t\t\t\t\t\t\t\t\t\t<span class=\"elementor-icon-list-text\">C\u00e1c b\u01b0\u1edbc chu\u1ea9n b\u1ecb tr\u01b0\u1edbc khi ph\u00e1t bi\u1ec3u tr\u01b0\u1edbc c\u00f4ng ch\u00fang<\/span>\n\t\t\t\t\t\t\t\t\t<\/li>\n\t\t\t\t\t\t\t\t<li class=\"elementor-icon-list-item\">\n\t\t\t\t\t\t\t\t\t\t\t<span class=\"elementor-icon-list-icon\">\n\t\t\t\t\t\t\t<i aria-hidden=\"true\" class=\"fas fa-dot-circle\"><\/i>\t\t\t\t\t\t<\/span>\n\t\t\t\t\t\t\t\t\t\t<span class=\"elementor-icon-list-text\">C\u00e1c k\u1ef9 thu\u1eadt thu h\u00fat s\u1ef1 ch\u00fa \u00fd c\u1ee7a kh\u00e1n gi\u1ea3: ng\u00f4n ng\u1eef c\u01a1 th\u1ec3, giao ti\u1ebfp b\u1eb1ng \u00e1nh m\u1eaft v\u00e0 t\u01b0 th\u1ebf<\/span>\n\t\t\t\t\t\t\t\t\t<\/li>\n\t\t\t\t\t\t\t\t<li class=\"elementor-icon-list-item\">\n\t\t\t\t\t\t\t\t\t\t\t<span class=\"elementor-icon-list-icon\">\n\t\t\t\t\t\t\t<i aria-hidden=\"true\" class=\"fas fa-dot-circle\"><\/i>\t\t\t\t\t\t<\/span>\n\t\t\t\t\t\t\t\t\t\t<span class=\"elementor-icon-list-text\">C\u00e1ch \u0111i\u1ec1u ch\u1ec9nh gi\u1ecdng n\u00f3i v\u00e0 ph\u00e1t \u00e2m r\u00f5 r\u00e0ng c\u00e1c t\u1eeb<\/span>\n\t\t\t\t\t\t\t\t\t<\/li>\n\t\t\t\t\t\t\t\t<li class=\"elementor-icon-list-item\">\n\t\t\t\t\t\t\t\t\t\t\t<span class=\"elementor-icon-list-icon\">\n\t\t\t\t\t\t\t<i aria-hidden=\"true\" class=\"fas fa-dot-circle\"><\/i>\t\t\t\t\t\t<\/span>\n\t\t\t\t\t\t\t\t\t\t<span class=\"elementor-icon-list-text\">Ki\u1ec3m so\u00e1t ch\u1ee9ng lo \u00e2u v\u00e0 c\u0103ng th\u1eb3ng<\/span>\n\t\t\t\t\t\t\t\t\t<\/li>\n\t\t\t\t\t\t\t\t<li class=\"elementor-icon-list-item\">\n\t\t\t\t\t\t\t\t\t\t\t<span class=\"elementor-icon-list-icon\">\n\t\t\t\t\t\t\t<i aria-hidden=\"true\" class=\"fas fa-dot-circle\"><\/i>\t\t\t\t\t\t<\/span>\n\t\t\t\t\t\t\t\t\t\t<span class=\"elementor-icon-list-text\">Qu\u1ea3n l\u00fd c\u00e1c c\u00e2u h\u1ecfi v\u00e0 s\u1ef1 gi\u00e1n \u0111o\u1ea1n<\/span>\n\t\t\t\t\t\t\t\t\t<\/li>\n\t\t\t\t\t\t<\/ul>\n\t\t\t\t\t\t<\/div>\n\t\t\t\t<div class=\"elementor-element elementor-element-a6c7e4a elementor-invisible elementor-widget elementor-widget-heading\" data-id=\"a6c7e4a\" data-element_type=\"widget\" data-e-type=\"widget\" data-settings=\"{&quot;_animation&quot;:&quot;fadeInUp&quot;}\" data-widget_type=\"heading.default\">\n\t\t\t\t\t<h3 class=\"elementor-heading-title elementor-size-default\">l\u1eddi khuy\u00ean c\u1ee7a ch\u00fang t\u00f4i<\/h3>\t\t\t\t<\/div>\n\t\t\t\t<div class=\"elementor-element elementor-element-1cb6b92 elementor-invisible elementor-widget elementor-widget-text-editor\" data-id=\"1cb6b92\" data-element_type=\"widget\" data-e-type=\"widget\" data-settings=\"{&quot;_animation&quot;:&quot;fadeInUp&quot;}\" data-widget_type=\"text-editor.default\">\n\t\t\t\t\t\t\t\t\t<p align=\"justify\">H\u00e3y chu\u1ea9n b\u1ecb m\u1ed9t t\u1edd gi\u1ea5y tr\u1eafng v\u00e0 m\u1ed9t c\u00e2y b\u00fat, t\u00ecm m\u1ed9t n\u01a1i y\u00ean t\u0129nh \u0111\u1ec3 ti\u1ebfp thu t\u1eebng th\u00f4ng tin \u0111\u01b0\u1ee3c cung c\u1ea5p. B\u1ea1n n\u00ean \u0111\u1ecdc h\u1ebft cu\u1ed1n s\u00e1ch tr\u01b0\u1edbc ti\u00ean, sau \u0111\u00f3 \u0111\u1ecdc l\u1ea1i trong khi ghi ch\u00e9p v\u00e0 th\u1eed l\u00e0m c\u00e1c b\u00e0i t\u1eadp kh\u00e1c nhau c\u00f3 trong s\u00e1ch.<\/p>\t\t\t\t\t\t\t\t<\/div>\n\t\t\t\t\t<\/div>\n\t\t<\/div>\n\t\t\t\t<div class=\"elementor-column elementor-col-33 elementor-inner-column elementor-element elementor-element-7b57eba5\" data-id=\"7b57eba5\" data-element_type=\"column\" data-e-type=\"column\">\n\t\t\t<div class=\"elementor-widget-wrap\">\n\t\t\t\t\t\t\t<\/div>\n\t\t<\/div>\n\t\t\t\t<div class=\"elementor-column elementor-col-33 elementor-inner-column elementor-element elementor-element-203a123\" data-id=\"203a123\" data-element_type=\"column\" data-e-type=\"column\">\n\t\t\t<div class=\"elementor-widget-wrap elementor-element-populated\">\n\t\t\t\t\t\t<div class=\"elementor-element elementor-element-b1dfe96 elementor-invisible elementor-widget elementor-widget-image\" data-id=\"b1dfe96\" data-element_type=\"widget\" data-e-type=\"widget\" data-settings=\"{&quot;_animation&quot;:&quot;fadeInUp&quot;}\" data-widget_type=\"image.default\">\n\t\t\t\t\t\t\t\t\t\t\t\t\t\t\t<img fetchpriority=\"high\" decoding=\"async\" width=\"1024\" height=\"1024\" src=\"https:\/\/xenesyproject.com\/wp-content\/uploads\/livre-parler-en-public-xenesy-1024x1024.webp\" class=\"attachment-large size-large wp-image-25084\" alt=\"S\u00e1ch h\u01b0\u1edbng d\u1eabn tr\u1ef1c tuy\u1ebfn v\u1ec1 k\u1ef9 n\u0103ng thuy\u1ebft tr\u00ecnh tr\u01b0\u1edbc c\u00f4ng ch\u00fang\" srcset=\"https:\/\/xenesyproject.com\/wp-content\/uploads\/livre-parler-en-public-xenesy-1024x1024.webp 1024w, https:\/\/xenesyproject.com\/wp-content\/uploads\/livre-parler-en-public-xenesy-300x300.webp 300w, https:\/\/xenesyproject.com\/wp-content\/uploads\/livre-parler-en-public-xenesy-150x150.webp 150w, https:\/\/xenesyproject.com\/wp-content\/uploads\/livre-parler-en-public-xenesy-768x768.webp 768w, https:\/\/xenesyproject.com\/wp-content\/uploads\/livre-parler-en-public-xenesy-1536x1536.webp 1536w, https:\/\/xenesyproject.com\/wp-content\/uploads\/livre-parler-en-public-xenesy-12x12.webp 12w, https:\/\/xenesyproject.com\/wp-content\/uploads\/livre-parler-en-public-xenesy-600x600.webp 600w, https:\/\/xenesyproject.com\/wp-content\/uploads\/livre-parler-en-public-xenesy-100x100.webp 100w, https:\/\/xenesyproject.com\/wp-content\/uploads\/livre-parler-en-public-xenesy.webp 2000w\" sizes=\"(max-width: 1024px) 100vw, 1024px\" \/>\t\t\t\t\t\t\t\t\t\t\t\t\t\t\t<\/div>\n\t\t\t\t<div class=\"elementor-element elementor-element-0056633 elementor-invisible elementor-widget elementor-widget-heading\" data-id=\"0056633\" data-element_type=\"widget\" data-e-type=\"widget\" data-settings=\"{&quot;_animation&quot;:&quot;fadeInUp&quot;}\" data-widget_type=\"heading.default\">\n\t\t\t\t\t<h2 class=\"elementor-heading-title elementor-size-default\">M\u1ea0NG X\u00c3 H\u1ed8I +<\/h2>\t\t\t\t<\/div>\n\t\t\t\t<div class=\"elementor-element elementor-element-953db1f elementor-widget elementor-widget-ucaddon_dropdown_button\" data-id=\"953db1f\" data-element_type=\"widget\" data-e-type=\"widget\" data-widget_type=\"ucaddon_dropdown_button.default\">\n\t\t\t\t<div class=\"elementor-widget-container\">\n\t\t\t\t\t\t\t\t\t<\/div>\n\t\t\t\t<\/div>\n\t\t\t\t<div class=\"elementor-element elementor-element-fce89e4 elementor-mobile-align-center elementor-invisible elementor-widget elementor-widget-button\" data-id=\"fce89e4\" data-element_type=\"widget\" data-e-type=\"widget\" data-settings=\"{&quot;_animation&quot;:&quot;zoomIn&quot;}\" data-widget_type=\"button.default\">\n\t\t\t\t\t\t\t\t\t\t<a class=\"elementor-button elementor-button-link elementor-size-sm\" href=\"https:\/\/xenesyproject.com\/vi\/dang-nhap-vao-cong-thong-tin\/\">\n\t\t\t\t\t\t<span class=\"elementor-button-content-wrapper\">\n\t\t\t\t\t\t\t\t\t<span class=\"elementor-button-text\">\u0110\u0103ng nh\u1eadp ho\u1eb7c \u0111\u0103ng k\u00fd<\/span>\n\t\t\t\t\t<\/span>\n\t\t\t\t\t<\/a>\n\t\t\t\t\t\t\t\t<\/div>\n\t\t\t\t<div class=\"elementor-element elementor-element-c377c27 elementor-invisible elementor-widget elementor-widget-text-editor\" data-id=\"c377c27\" data-element_type=\"widget\" data-e-type=\"widget\" data-settings=\"{&quot;_animation&quot;:&quot;zoomIn&quot;}\" data-widget_type=\"text-editor.default\">\n\t\t\t\t\t\t\t\t\t<p>\u0110\u1ec3 truy c\u1eadp kh\u00f3a h\u1ecdc ng\u1eafn n\u00e0y, b\u1ea1n c\u1ea7n \u0111\u0103ng nh\u1eadp ho\u1eb7c \u0111\u0103ng k\u00fd.<\/p>\t\t\t\t\t\t\t\t<\/div>\n\t\t\t\t<div class=\"elementor-element elementor-element-1bc54d70 elementor-invisible elementor-widget elementor-widget-ucaddon_step_process\" data-id=\"1bc54d70\" data-element_type=\"widget\" data-e-type=\"widget\" data-settings=\"{&quot;_animation&quot;:&quot;fadeInUp&quot;}\" data-widget_type=\"ucaddon_step_process.default\">\n\t\t\t\t<div class=\"elementor-widget-container\">\n\t\t\t\t\t<!-- start Step Process -->\n\n\t\t\t<style type=\"text\/css\">\/* widget: Step Process *\/\n\n#uc_step_process_elementor_1bc54d70\n{\n  display:flex;\n}\n\n#uc_step_process_elementor_1bc54d70 .ue-link\n{\n  display:block;\n  position:absolute;\n  top:0px;\n  bottom:0px;\n  left:0px;\n  right:0px;\n}\n\n#uc_step_process_elementor_1bc54d70 .ue-step-item\n{\n  flex:1;\n  display:flex;\n  flex-direction:column;\n  position:relative;\n}\n#uc_step_process_elementor_1bc54d70 .ue-item-highlight\n{\n  display: flex;\n  align-items:center;\n  \n}\n\n#uc_step_process_elementor_1bc54d70 .ue-step-item-gap\n{\n  flex-grow:0;\n  flex-shrink:0;\n}\n\n#uc_step_process_elementor_1bc54d70 .ue-step-item-line\n{\n  height:0px;\n  flex-grow:1;\n}\n\n#uc_step_process_elementor_1bc54d70 .ue-step-icon\n{\n  display:flex;\n  justify-content:center;\n  align-items:center;\n  flex-grow:0;\n  flex-shrink:0;\n  position:relative;\n  line-height:1em;\n  transition:0.3s;\n}\n\n#uc_step_process_elementor_1bc54d70 .ue-icon svg\n{\n  height:1em;\n  width:1em;\n}\n\n#uc_step_process_elementor_1bc54d70 .ue-step-label\n{\n  position:absolute;\n  left:0px;\n  bottom:0px;\n  display:flex;\n  justify-content:center;\n  align-items:center;\n}\n.ue-step-label\n{\n  font-size:9px;\n  line-height:1em;\n}\n\n#uc_step_process_elementor_1bc54d70 .ue-step-item-content\n{\n}\n\n#uc_step_process_elementor_1bc54d70 .ue-step-item:last-child .ue-step-item-line:last-child\n{\n  opacity:0;\n}\n\n#uc_step_process_elementor_1bc54d70 .ue-step-item:first-child .ue-step-item-line:first-child\n{\n  opacity:0;\n}\n\n#uc_step_process_elementor_1bc54d70 .ue-step-item-spacer\n{\n  flex-grow:0;\n  flex-shrink:0;\n  \n}\n\n#uc_step_process_elementor_1bc54d70 .ue-graphic-image img\n{\n  \n}\n\n\n#uc_step_process_elementor_1bc54d70.uc-remote-parent .ue-step-item\n{\n  cursor:pointer;\n}\n\n\n\n\t#uc_step_process_elementor_1bc54d70\n    {\n      flex-direction:column;\n    }\n  \n  #uc_step_process_elementor_1bc54d70 .ue-step-item\n  {\n    flex-direction:row;\n  }\n  \n  #uc_step_process_elementor_1bc54d70 .ue-item-highlight\n  {\n    flex-direction:column;\n  }\n  \n   #uc_step_process_elementor_1bc54d70 .ue-step-item .ue-step-item-line:first-child\n    {\n      display:none;\n    }\n  \n\n    #uc_step_process_elementor_1bc54d70  .ue-step-item-gap:nth-child(2)\n     {\n      display:none;    \n      }\n   #uc_step_process_elementor_1bc54d70  .ue-step-item-line:first-child\n      {\n      display:none;    \n      }\n  \n    #uc_step_process_elementor_1bc54d70  .ue-step-item-line\n      {\n        height:100%;\n        width:0px;\n      }\n\n\n\n\n\n\n<\/style>\n\n\t\t\t<div id=\"uc_step_process_elementor_1bc54d70\" class=\"\" >\n <div class=\"ue-step-item ue-item elementor-repeater-item-955378e\">\n    <div class=\"ue-item-highlight\">\n      \n      <div class=\"ue-step-item-line\"><\/div>\n      <div class=\"ue-step-item-gap\"><\/div>\n      <div class=\"ue-step-icon elementor-animation-grow\">\n        <span class=\"ue-icon\"><i class=''><\/i><\/span>                        \n              <\/div>\n      <div class=\"ue-step-item-gap\"><\/div>\n      <div class=\"ue-step-item-line\"><\/div>\n      \n    <\/div>\n    \n    <div class=\"ue-step-item-spacer\"><\/div>\n    \n    <div class=\"ue-step-item-content\">  \n       <div class=\"ue-step-item-content-title\">Th\u1eddi gian \u0111\u1ecdc<\/div>       <div class=\"ue-step-item-content-text\">2 gi\u1edd<\/div>    <\/div>\n  \n    <\/div>\n<div class=\"ue-step-item ue-item elementor-repeater-item-8d5b019\">\n    <div class=\"ue-item-highlight\">\n      \n      <div class=\"ue-step-item-line\"><\/div>\n      <div class=\"ue-step-item-gap\"><\/div>\n      <div class=\"ue-step-icon elementor-animation-grow\">\n        <span class=\"ue-icon\"><i class=''><\/i><\/span>                        \n              <\/div>\n      <div class=\"ue-step-item-gap\"><\/div>\n      <div class=\"ue-step-item-line\"><\/div>\n      \n    <\/div>\n    \n    <div class=\"ue-step-item-spacer\"><\/div>\n    \n    <div class=\"ue-step-item-content\">  \n       <div class=\"ue-step-item-content-title\">kh\u00f3 kh\u0103n<\/div>       <div class=\"ue-step-item-content-text\">Trung b\u00ecnh<\/div>    <\/div>\n  \n    <\/div>\n<div class=\"ue-step-item ue-item elementor-repeater-item-6937fce\">\n    <div class=\"ue-item-highlight\">\n      \n      <div class=\"ue-step-item-line\"><\/div>\n      <div class=\"ue-step-item-gap\"><\/div>\n      <div class=\"ue-step-icon elementor-animation-grow\">\n        <span class=\"ue-icon\"><i class=''><\/i><\/span>                        \n              <\/div>\n      <div class=\"ue-step-item-gap\"><\/div>\n      <div class=\"ue-step-item-line\"><\/div>\n      \n    <\/div>\n    \n    <div class=\"ue-step-item-spacer\"><\/div>\n    \n    <div class=\"ue-step-item-content\">  \n       <div class=\"ue-step-item-content-title\">Bao g\u1ed3m c\u00e1c b\u00e0i t\u1eadp<\/div>       <div class=\"ue-step-item-content-text\">C\u00f3 h\u1ec7 th\u1ed1ng t\u1ef1 \u0111\u1ed9ng nh\u1eadn di\u1ec7n<\/div>    <\/div>\n  \n    <\/div>\n<div class=\"ue-step-item ue-item elementor-repeater-item-2dacb90\">\n    <div class=\"ue-item-highlight\">\n      \n      <div class=\"ue-step-item-line\"><\/div>\n      <div class=\"ue-step-item-gap\"><\/div>\n      <div class=\"ue-step-icon elementor-animation-grow\">\n        <span class=\"ue-icon\"><i class=''><\/i><\/span>                        \n              <\/div>\n      <div class=\"ue-step-item-gap\"><\/div>\n      <div class=\"ue-step-item-line\"><\/div>\n      \n    <\/div>\n    \n    <div class=\"ue-step-item-spacer\"><\/div>\n    \n    <div class=\"ue-step-item-content\">  \n       <div class=\"ue-step-item-content-title\">D\u1ecbch<\/div>       <div class=\"ue-step-item-content-text\">C\u00f3 s\u1eb5n b\u1ea3n ti\u1ebfng Ph\u00e1p<\/div>    <\/div>\n  \n    <\/div>\n<div class=\"ue-step-item ue-item elementor-repeater-item-1843ddb\">\n    <div class=\"ue-item-highlight\">\n      \n      <div class=\"ue-step-item-line\"><\/div>\n      <div class=\"ue-step-item-gap\"><\/div>\n      <div class=\"ue-step-icon elementor-animation-grow\">\n        <span class=\"ue-icon\"><i class=''><\/i><\/span>                        \n              <\/div>\n      <div class=\"ue-step-item-gap\"><\/div>\n      <div class=\"ue-step-item-line\"><\/div>\n      \n    <\/div>\n    \n    <div class=\"ue-step-item-spacer\"><\/div>\n    \n    <div class=\"ue-step-item-content\">  \n       <div class=\"ue-step-item-content-title\">\u0111i\u1ec1u ki\u1ec7n ti\u00ean quy\u1ebft<\/div>       <div class=\"ue-step-item-content-text\">Kh\u00f4ng c\u00f3<\/div>    <\/div>\n  \n    <\/div>\n\n<\/div>\n\t\t\t<!-- end Step Process -->\t\t\t\t<\/div>\n\t\t\t\t<\/div>\n\t\t\t\t\t<\/div>\n\t\t<\/div>\n\t\t\t\t\t<\/div>\n\t\t<\/section>\n\t\t\t\t\t<\/div>\n\t\t<\/div>\n\t\t\t\t\t<\/div>\n\t\t<\/section>\n\t\t\t\t<\/div>","protected":false},"excerpt":{"rendered":"<p>Mini formation PARLER EN PUBLIC Prendre rendez-vous D\u00e9couvrir notre centre de formation formation Mini formation Parler en public Description La prise de parole en public est bien plus qu\u2019un simple exercice de communication. C\u2019est une occasion de partager vos id\u00e9es, de persuader et d\u2019influencer votre auditoire. Une bonne prise de parole peut vous aider \u00e0 [&hellip;]<\/p>\n","protected":false},"author":1,"featured_media":0,"parent":0,"menu_order":8,"comment_status":"closed","ping_status":"closed","template":"elementor_header_footer","meta":{"_surecart_dashboard_logo_width":"180px","_surecart_dashboard_show_logo":true,"_surecart_dashboard_navigation_orders":true,"_surecart_dashboard_navigation_invoices":true,"_surecart_dashboard_navigation_subscriptions":true,"_surecart_dashboard_navigation_downloads":true,"_surecart_dashboard_navigation_billing":true,"_surecart_dashboard_navigation_account":true,"site-sidebar-layout":"no-sidebar","site-content-layout":"page-builder","ast-site-content-layout":"default","site-content-style":"default","site-sidebar-style":"default","ast-global-header-display":"","ast-banner-title-visibility":"","ast-main-header-display":"","ast-hfb-above-header-display":"","ast-hfb-below-header-display":"","ast-hfb-mobile-header-display":"","site-post-title":"disabled","ast-breadcrumbs-content":"","ast-featured-img":"disabled","footer-sml-layout":"","ast-disable-related-posts":"","theme-transparent-header-meta":"","adv-header-id-meta":"","stick-header-meta":"","header-above-stick-meta":"","header-main-stick-meta":"","header-below-stick-meta":"","astra-migrate-meta-layouts":"default","ast-page-background-enabled":"default","ast-page-background-meta":{"desktop":{"background-color":"var(--ast-global-color-4)","background-image":"","background-repeat":"repeat","background-position":"center center","background-size":"auto","background-attachment":"scroll","background-type":"","background-media":"","overlay-type":"","overlay-color":"","overlay-opacity":"","overlay-gradient":""},"tablet":{"background-color":"","background-image":"","background-repeat":"repeat","background-position":"center center","background-size":"auto","background-attachment":"scroll","background-type":"","background-media":"","overlay-type":"","overlay-color":"","overlay-opacity":"","overlay-gradient":""},"mobile":{"background-color":"","background-image":"","background-repeat":"repeat","background-position":"center center","background-size":"auto","background-attachment":"scroll","background-type":"","background-media":"","overlay-type":"","overlay-color":"","overlay-opacity":"","overlay-gradient":""}},"ast-content-background-meta":{"desktop":{"background-color":"var(--ast-global-color-5)","background-image":"","background-repeat":"repeat","background-position":"center center","background-size":"auto","background-attachment":"scroll","background-type":"","background-media":"","overlay-type":"","overlay-color":"","overlay-opacity":"","overlay-gradient":""},"tablet":{"background-color":"var(--ast-global-color-5)","background-image":"","background-repeat":"repeat","background-position":"center center","background-size":"auto","background-attachment":"scroll","background-type":"","background-media":"","overlay-type":"","overlay-color":"","overlay-opacity":"","overlay-gradient":""},"mobile":{"background-color":"var(--ast-global-color-5)","background-image":"","background-repeat":"repeat","background-position":"center center","background-size":"auto","background-attachment":"scroll","background-type":"","background-media":"","overlay-type":"","overlay-color":"","overlay-opacity":"","overlay-gradient":""}},"footnotes":""},"wf_page_folders":[151],"class_list":["post-13283","page","type-page","status-publish","hentry"],"_links":{"self":[{"href":"https:\/\/xenesyproject.com\/vi\/wp-json\/wp\/v2\/pages\/13283","targetHints":{"allow":["GET"]}}],"collection":[{"href":"https:\/\/xenesyproject.com\/vi\/wp-json\/wp\/v2\/pages"}],"about":[{"href":"https:\/\/xenesyproject.com\/vi\/wp-json\/wp\/v2\/types\/page"}],"author":[{"embeddable":true,"href":"https:\/\/xenesyproject.com\/vi\/wp-json\/wp\/v2\/users\/1"}],"replies":[{"embeddable":true,"href":"https:\/\/xenesyproject.com\/vi\/wp-json\/wp\/v2\/comments?post=13283"}],"version-history":[{"count":3,"href":"https:\/\/xenesyproject.com\/vi\/wp-json\/wp\/v2\/pages\/13283\/revisions"}],"predecessor-version":[{"id":38511,"href":"https:\/\/xenesyproject.com\/vi\/wp-json\/wp\/v2\/pages\/13283\/revisions\/38511"}],"wp:attachment":[{"href":"https:\/\/xenesyproject.com\/vi\/wp-json\/wp\/v2\/media?parent=13283"}],"wp:term":[{"taxonomy":"wf_page_folders","embeddable":true,"href":"https:\/\/xenesyproject.com\/vi\/wp-json\/wp\/v2\/wf_page_folders?post=13283"}],"curies":[{"name":"wp","href":"https:\/\/api.w.org\/{rel}","templated":true}]}}