{"id":27272,"date":"2024-04-15T08:19:48","date_gmt":"2024-04-15T06:19:48","guid":{"rendered":"https:\/\/xenesyproject.com\/?page_id=27272"},"modified":"2025-11-17T11:36:34","modified_gmt":"2025-11-17T10:36:34","slug":"don-dat-hang-chuong-trinh-phat-trien-ca-nhan","status":"publish","type":"page","link":"https:\/\/xenesyproject.com\/vi\/don-dat-hang-chuong-trinh-phat-trien-ca-nhan\/","title":{"rendered":"\u0110\u0102NG K\u00dd \u2013 Ch\u01b0\u01a1ng tr\u00ecnh ph\u00e1t tri\u1ec3n b\u1ea3n th\u00e2n"},"content":{"rendered":"\t\t<div data-elementor-type=\"wp-page\" data-elementor-id=\"27272\" class=\"elementor elementor-27272\" data-elementor-post-type=\"page\">\n\t\t\t\t\t\t<section class=\"elementor-section elementor-top-section elementor-element elementor-element-a80548c elementor-section-height-full elementor-section-boxed elementor-section-height-default elementor-section-items-middle\" data-id=\"a80548c\" data-element_type=\"section\" data-e-type=\"section\" data-settings=\"{&quot;background_background&quot;:&quot;classic&quot;}\">\n\t\t\t\t\t\t\t<div class=\"elementor-background-overlay\"><\/div>\n\t\t\t\t\t\t\t<div class=\"elementor-container elementor-column-gap-default\">\n\t\t\t\t\t<div class=\"elementor-column elementor-col-100 elementor-top-column elementor-element elementor-element-53af429\" data-id=\"53af429\" data-element_type=\"column\" data-e-type=\"column\">\n\t\t\t<div class=\"elementor-widget-wrap elementor-element-populated\">\n\t\t\t\t\t\t<div class=\"elementor-element elementor-element-b62a8a9 elementor-view-default elementor-widget elementor-widget-icon\" data-id=\"b62a8a9\" data-element_type=\"widget\" data-e-type=\"widget\" data-widget_type=\"icon.default\">\n\t\t\t\t\t\t\t<div class=\"elementor-icon-wrapper\">\n\t\t\t<div class=\"elementor-icon\">\n\t\t\t<i aria-hidden=\"true\" class=\"fas fa-ellipsis-h\"><\/i>\t\t\t<\/div>\n\t\t<\/div>\n\t\t\t\t\t\t<\/div>\n\t\t\t\t<div class=\"elementor-element elementor-element-4c3f855 elementor-widget elementor-widget-heading\" data-id=\"4c3f855\" data-element_type=\"widget\" data-e-type=\"widget\" data-widget_type=\"heading.default\">\n\t\t\t\t\t<h3 class=\"elementor-heading-title elementor-size-default\">Commande<\/h3>\t\t\t\t<\/div>\n\t\t\t\t<div class=\"elementor-element elementor-element-a6e4b4b elementor-widget elementor-widget-heading\" data-id=\"a6e4b4b\" data-element_type=\"widget\" data-e-type=\"widget\" data-widget_type=\"heading.default\">\n\t\t\t\t\t<h1 class=\"elementor-heading-title elementor-size-default\">Programme d'\u00e9volution personnelle<\/h1>\t\t\t\t<\/div>\n\t\t\t\t\t<\/div>\n\t\t<\/div>\n\t\t\t\t\t<\/div>\n\t\t<\/section>\n\t\t\t\t<section class=\"elementor-section elementor-top-section elementor-element elementor-element-66099b6 elementor-section-boxed elementor-section-height-default elementor-section-height-default\" data-id=\"66099b6\" data-element_type=\"section\" data-e-type=\"section\">\n\t\t\t\t\t\t<div class=\"elementor-container elementor-column-gap-default\">\n\t\t\t\t\t<div class=\"elementor-column elementor-col-100 elementor-top-column elementor-element elementor-element-3dd188e\" data-id=\"3dd188e\" data-element_type=\"column\" data-e-type=\"column\">\n\t\t\t<div class=\"elementor-widget-wrap elementor-element-populated\">\n\t\t\t\t\t\t<section class=\"elementor-section elementor-inner-section elementor-element elementor-element-5635341 elementor-reverse-mobile elementor-section-boxed elementor-section-height-default elementor-section-height-default\" data-id=\"5635341\" data-element_type=\"section\" data-e-type=\"section\">\n\t\t\t\t\t\t<div class=\"elementor-container elementor-column-gap-default\">\n\t\t\t\t\t<div class=\"elementor-column elementor-col-50 elementor-inner-column elementor-element elementor-element-03a376d\" data-id=\"03a376d\" data-element_type=\"column\" data-e-type=\"column\" data-settings=\"{&quot;background_background&quot;:&quot;classic&quot;}\">\n\t\t\t<div class=\"elementor-widget-wrap elementor-element-populated\">\n\t\t\t\t\t\t<div class=\"elementor-element elementor-element-f064b34 elementor-widget elementor-widget-image\" data-id=\"f064b34\" data-element_type=\"widget\" data-e-type=\"widget\" data-widget_type=\"image.default\">\n\t\t\t\t\t\t\t\t\t\t\t\t\t\t\t<img fetchpriority=\"high\" decoding=\"async\" width=\"1024\" height=\"1024\" src=\"https:\/\/xenesyproject.com\/wp-content\/uploads\/logo-or-xenesy.svg\" class=\"attachment-large size-large wp-image-33521\" alt=\"\" srcset=\"https:\/\/xenesyproject.com\/wp-content\/uploads\/\/logo-or-xenesy.svg 150w, https:\/\/xenesyproject.com\/wp-content\/uploads\/\/logo-or-xenesy.svg 300w, https:\/\/xenesyproject.com\/wp-content\/uploads\/\/logo-or-xenesy.svg 1024w, https:\/\/xenesyproject.com\/wp-content\/uploads\/\/logo-or-xenesy.svg 2000w\" sizes=\"(max-width: 1024px) 100vw, 1024px\" \/>\t\t\t\t\t\t\t\t\t\t\t\t\t\t\t<\/div>\n\t\t\t\t<div class=\"elementor-element elementor-element-8a08705 elementor-widget elementor-widget-surecart_form\" data-id=\"8a08705\" data-element_type=\"widget\" data-e-type=\"widget\" data-widget_type=\"surecart_form.default\">\n\t\t\t\t<div class=\"elementor-widget-container\">\n\t\t\t\t\t<sc-checkout\n\tclass=\"checkout\"\n\tid=\"sc-checkout-35838\"\n\tclass=\"\"\n\tstyle=\"text-align: left;--sc-form-row-spacing: 25px;\"\n\tmodified=\"2025-05-08 10:08:57\"\n\talignment=\"\"\n\tsuccess-url=\"\"\n>\n\t<sc-form>\n\t\t\t\t\t<sc-checkbox name=\"get_feedback\" value=\"Feedback\" style=\"display: none !important;\"><\/sc-checkbox>\n\t\t\t\t\n\n<sc-customer-firstname label=\"First Name\" required class=\"wp-block-surecart-first-name\"><\/sc-customer-firstname>\n\n\n\n<sc-customer-lastname label=\"Last Name\" required class=\"wp-block-surecart-last-name\"><\/sc-customer-lastname>\n\n\n\n\t\t<sc-customer-email\n\t\t\tclass=\"\"\n\t\t\tlabel=\"Email\"\n\t\t\t\t\t\t\t\t\t\t\t\t\t\t\trequired\n\t\t\tautocomplete='email'\n\t\t\tinputmode='email'\n\t\t>\n\t\t<\/sc-customer-email>\n\n\t\t\n\n\n\t\t<sc-order-password\n\t\t\ttype=\"password\"\n\t\t\tname=\"password\"\n\t\t\tclass=\"\"\n\t\t\tlabel=\"Set A Password\"\n\t\t\thelp=\"\"\n\t\t\tautofocus=\"\"\n\t\t\tmaxlength=\"\"\n\t\t\tminlength=\"\"\n\t\t\tplaceholder=\"\"\n\t\t\tshowLabel=\"1\"\n\t\t\tsize=\"\"\n\t\t\tvalue=\"\"\n\t\t\trequired=\"true\"\n\t\t\tconfirmation=\"true\"\n\t\t\tconfirmation-label=\"Password Confirmation\"\n\t\t\tconfirmation-placeholder=\"\"\n\t\t\tconfirmation-help=\"\"\n\t\t\tenable-validation=\"true\"\n\t\t>\n\t\t<\/sc-order-password>\n\n\t\t\n\n\n\t\t<sc-payment\n\t\t\tid=\"sc-payment-0\"\n\t\t\tclass=\"\"\n\t\t>\n\t\t\t\t\t\t\t<sc-stripe-payment-element slot=\"stripe\"><\/sc-stripe-payment-element>\n\t\t\t\n\t\t\t\t\t<\/sc-payment>\n\t\t\n\n\n<sc-checkbox name=\"checkbox\" checked value=\"on\" required>J'accepte les <a href=\"https:\/\/xenesyproject.com\/conditions-generales-de-vente\/\" data-type=\"page\" data-id=\"21830\">Conditions G\u00e9n\u00e9rales de Vente.<\/a> <\/sc-checkbox>\n\n\n\n<sc-order-summary collapsible=\"1\" order-summary-text=\"Summary\" invoice-summary-text=\"Invoice Summary\" class=\"wp-block-surecart-totals\">\n<sc-divider><\/sc-divider>\n\n\n\n<sc-line-items removable=\"1\" editable=\"1\" class=\"wp-block-surecart-line-items\"><\/sc-line-items>\n\n\n\n<sc-divider><\/sc-divider>\n\n\n\n<sc-line-item-total total=\"subtotal\" class=\"wp-block-surecart-subtotal\"><span slot=\"description\">Subtotal<\/span><span slot=\"total-payments-description\">Total Installment Payments<\/span><span slot=\"first-payment-subtotal-description\">Initial Payment<\/span><\/sc-line-item-total>\n\n\n<sc-line-item-trial class=\"wp-block-surecart-trial-line-item\" label=\"Trial\"><\/sc-line-item-trial>\n\n\t\t<sc-order-coupon-form\n\t\t\tlabel=\"Add Coupon Code\"\n\t\t\tplaceholder=\"Enter coupon code\"\n\t\t\tbutton-text=\"Apply Coupon\"\n\t\t\tcollapsed>\n\t\t<\/sc-order-coupon-form>\n\t\t\n\n\n<sc-line-item-tax class=\"wp-block-surecart-tax-line-item\"><\/sc-line-item-tax>\n\n\n\n<sc-divider><\/sc-divider>\n\n\n\n<sc-line-item-total total=\"total\" size=\"large\" show-currency=\"1\" class=\"wp-block-surecart-total\"><span slot=\"title\">Total<\/span><span slot=\"subscription-title\">Total Due Today<\/span><span slot=\"first-payment-total-description\">Subtotal<\/span><span slot=\"free-trial-description\">Trial<\/span><span slot=\"due-amount-description\">Amount Due<\/span><\/sc-line-item-total>\n<\/sc-order-summary>\n\n\n\t\t<sc-order-submit\n\t\t\ttype=\"primary\"\n\t\t\tfull=\"true\"\n\t\t\tsize=\"large\"\n\t\t\ticon=\"lock\"\t\t\tshow-total=\"false\"\n\t\t\tsecure-notice=\"true\"\n\t\t\tsecure-notice-text=\"This is a secure, encrypted payment.\"\n\t\t\t\t\t\t\t\t\tclass=\"wp-block-surecart-submit\"\n\t\t>COMMANDER<\/sc-order-submit>\n\t\t\n\t<\/sc-form>\n<\/sc-checkout>\n\t\t\t\t<\/div>\n\t\t\t\t<\/div>\n\t\t\t\t<div class=\"elementor-element elementor-element-e4c4d3c elementor-hidden-desktop elementor-hidden-tablet elementor-hidden-mobile elementor-widget elementor-widget-shortcode\" data-id=\"e4c4d3c\" data-element_type=\"widget\" data-e-type=\"widget\" data-widget_type=\"shortcode.default\">\n\t\t\t\t\t\t\t<div class=\"elementor-shortcode\">[simpay id=\"27997\"]<\/div>\n\t\t\t\t\t\t<\/div>\n\t\t\t\t<div class=\"elementor-element elementor-element-577bd12 elementor-align-center elementor-widget elementor-widget-button\" data-id=\"577bd12\" data-element_type=\"widget\" data-e-type=\"widget\" data-widget_type=\"button.default\">\n\t\t\t\t\t\t\t\t\t\t<a class=\"elementor-button elementor-button-link elementor-size-sm\" href=\"https:\/\/xenesyproject.com\/btc-self-defense\/\" target=\"_blank\">\n\t\t\t\t\t\t<span class=\"elementor-button-content-wrapper\">\n\t\t\t\t\t\t\t\t\t<span class=\"elementor-button-text\">Payer en crypto<\/span>\n\t\t\t\t\t<\/span>\n\t\t\t\t\t<\/a>\n\t\t\t\t\t\t\t\t<\/div>\n\t\t\t\t<div class=\"elementor-element elementor-element-d0f3536 elementor-hidden-desktop elementor-hidden-tablet elementor-hidden-mobile elementor-widget elementor-widget-text-editor\" data-id=\"d0f3536\" data-element_type=\"widget\" data-e-type=\"widget\" data-widget_type=\"text-editor.default\">\n\t\t\t\t\t\t\t\t\t<h2>COMMANDE programme d&rsquo;\u00e9volution personnelle<\/h2>\t\t\t\t\t\t\t\t<\/div>\n\t\t\t\t\t<\/div>\n\t\t<\/div>\n\t\t\t\t<div class=\"elementor-column elementor-col-50 elementor-inner-column elementor-element elementor-element-9fa5f43\" data-id=\"9fa5f43\" data-element_type=\"column\" data-e-type=\"column\">\n\t\t\t<div class=\"elementor-widget-wrap elementor-element-populated\">\n\t\t\t\t\t\t<div class=\"elementor-element elementor-element-2fff3f9 elementor-hidden-desktop elementor-hidden-tablet elementor-hidden-mobile elementor-widget elementor-widget-text-editor\" data-id=\"2fff3f9\" data-element_type=\"widget\" data-e-type=\"widget\" data-widget_type=\"text-editor.default\">\n\t\t\t\t\t\t\t\t\t<p>COMMANDE &#8211; Programme d&rsquo;\u00e9volution personnelle<\/p><p><a href=\"https:\/\/xenesyproject.com\/formation-self-defense\/\">Voir la fiche qui correspond au produit<\/a><\/p><h2>formation<\/h2>\t\t\t\t\t\t\t\t<\/div>\n\t\t\t\t<div class=\"elementor-element elementor-element-ee32d14 elementor-widget elementor-widget-heading\" data-id=\"ee32d14\" data-element_type=\"widget\" data-e-type=\"widget\" data-widget_type=\"heading.default\">\n\t\t\t\t\t<h2 class=\"elementor-heading-title elementor-size-default\">R\u00e9capitulatif de votre commande<\/h2>\t\t\t\t<\/div>\n\t\t\t\t<div class=\"elementor-element elementor-element-ffb4031 elementor-widget elementor-widget-heading\" data-id=\"ffb4031\" data-element_type=\"widget\" data-e-type=\"widget\" data-widget_type=\"heading.default\">\n\t\t\t\t\t<h2 class=\"elementor-heading-title elementor-size-default\">Programme d'\u00e9volution personnelle<\/h2>\t\t\t\t<\/div>\n\t\t\t\t<div class=\"elementor-element elementor-element-b633bd4 elementor-widget elementor-widget-heading\" data-id=\"b633bd4\" data-element_type=\"widget\" data-e-type=\"widget\" data-widget_type=\"heading.default\">\n\t\t\t\t\t<h2 class=\"elementor-heading-title elementor-size-default\">$ 690,00<\/h2>\t\t\t\t<\/div>\n\t\t\t\t<div class=\"elementor-element elementor-element-1f67395 elementor-icon-list--layout-inline elementor-list-item-link-full_width elementor-widget elementor-widget-icon-list\" data-id=\"1f67395\" data-element_type=\"widget\" data-e-type=\"widget\" data-widget_type=\"icon-list.default\">\n\t\t\t\t\t\t\t<ul class=\"elementor-icon-list-items elementor-inline-items\">\n\t\t\t\t\t\t\t<li class=\"elementor-icon-list-item elementor-inline-item\">\n\t\t\t\t\t\t\t\t\t\t\t<span class=\"elementor-icon-list-icon\">\n\t\t\t\t\t\t\t<i aria-hidden=\"true\" class=\"fas fa-plus\"><\/i>\t\t\t\t\t\t<\/span>\n\t\t\t\t\t\t\t\t\t\t<span class=\"elementor-icon-list-text\">Acc\u00e8s instantan\u00e9 &amp; \u00e0 vie<\/span>\n\t\t\t\t\t\t\t\t\t<\/li>\n\t\t\t\t\t\t\t\t<li class=\"elementor-icon-list-item elementor-inline-item\">\n\t\t\t\t\t\t\t\t\t\t\t<span class=\"elementor-icon-list-icon\">\n\t\t\t\t\t\t\t<i aria-hidden=\"true\" class=\"fas fa-plus\"><\/i>\t\t\t\t\t\t<\/span>\n\t\t\t\t\t\t\t\t\t\t<span class=\"elementor-icon-list-text\">Cours vid\u00e9o + exercices<\/span>\n\t\t\t\t\t\t\t\t\t<\/li>\n\t\t\t\t\t\t\t\t<li class=\"elementor-icon-list-item elementor-inline-item\">\n\t\t\t\t\t\t\t\t\t\t\t<span class=\"elementor-icon-list-icon\">\n\t\t\t\t\t\t\t<i aria-hidden=\"true\" class=\"fas fa-plus\"><\/i>\t\t\t\t\t\t<\/span>\n\t\t\t\t\t\t\t\t\t\t<span class=\"elementor-icon-list-text\">Espace d'\u00e9change confidentiel int\u00e9gr\u00e9<\/span>\n\t\t\t\t\t\t\t\t\t<\/li>\n\t\t\t\t\t\t<\/ul>\n\t\t\t\t\t\t<\/div>\n\t\t\t\t<div class=\"elementor-element elementor-element-d7b6bb3 elementor-widget elementor-widget-heading\" data-id=\"d7b6bb3\" data-element_type=\"widget\" data-e-type=\"widget\" data-widget_type=\"heading.default\">\n\t\t\t\t\t<h2 class=\"elementor-heading-title elementor-size-default\">Description de la formation<\/h2>\t\t\t\t<\/div>\n\t\t\t\t<div class=\"elementor-element elementor-element-3714aa4 elementor-widget elementor-widget-text-editor\" data-id=\"3714aa4\" data-element_type=\"widget\" data-e-type=\"widget\" data-widget_type=\"text-editor.default\">\n\t\t\t\t\t\t\t\t\t<div class=\"ue-step-item ue-item elementor-repeater-item-955378e\"><div class=\"ue-item-highlight\"><div class=\"ue-step-item ue-item elementor-repeater-item-955378e\"><div class=\"ue-step-item-content\"><p>Ce programme structur\u00e9 en <strong style=\"font-size: 16px;\">quatre modules<\/strong><span style=\"font-size: 16px;\">\u00a0vous accompagne dans\u00a0<\/span><strong style=\"font-size: 16px;\">un processus de transformation personnelle<\/strong><span style=\"font-size: 16px;\">. \u00c0 travers des concepts psychologiques essentiels, des strat\u00e9gies concr\u00e8tes et des exercices pratiques, vous apprendrez \u00e0\u00a0<\/span><strong style=\"font-size: 16px;\">mieux vous comprendre<\/strong><span style=\"font-size: 16px;\">, \u00e0\u00a0<\/span><strong style=\"font-size: 16px;\">optimiser votre quotidien<\/strong><span style=\"font-size: 16px;\">\u00a0et \u00e0\u00a0<\/span><strong style=\"font-size: 16px;\">d\u00e9passer vos limites<\/strong><span style=\"font-size: 16px;\">. Con\u00e7u pour les esprits curieux et engag\u00e9s, il offre un cadre clair pour\u00a0<\/span><strong style=\"font-size: 16px;\">\u00e9voluer durablement<\/strong><span style=\"font-size: 16px;\">.<\/span><\/p><\/div><\/div><\/div><\/div>\t\t\t\t\t\t\t\t<\/div>\n\t\t\t\t<div class=\"elementor-element elementor-element-cf00a07 elementor-widget elementor-widget-heading\" data-id=\"cf00a07\" data-element_type=\"widget\" data-e-type=\"widget\" data-widget_type=\"heading.default\">\n\t\t\t\t\t<h2 class=\"elementor-heading-title elementor-size-default\">Objectif de la formation<\/h2>\t\t\t\t<\/div>\n\t\t\t\t<div class=\"elementor-element elementor-element-341d3a1 elementor-widget elementor-widget-text-editor\" data-id=\"341d3a1\" data-element_type=\"widget\" data-e-type=\"widget\" data-widget_type=\"text-editor.default\">\n\t\t\t\t\t\t\t\t\t<div class=\"ue-step-item ue-item elementor-repeater-item-955378e\"><div class=\"ue-item-highlight\"><div class=\"ue-step-item ue-item elementor-repeater-item-955378e\"><ul><li class=\"ue-step-item-content\">Comprendre vos m\u00e9canismes internes<\/li><li class=\"ue-step-item-content\">Prendre de meilleures d\u00e9cisions<\/li><li class=\"ue-step-item-content\">Renforcer votre r\u00e9silience<\/li><li class=\"ue-step-item-content\">Am\u00e9liorer votre confiance en vous<\/li><li class=\"ue-step-item-content\">Agir de mani\u00e8re concr\u00e8te<\/li><li class=\"ue-step-item-content\">Analyser et exploiter votre environnement<\/li><li class=\"ue-step-item-content\">\u00c9voluer sur le long terme\u00a0<\/li><\/ul><\/div><\/div><\/div>\t\t\t\t\t\t\t\t<\/div>\n\t\t\t\t<div class=\"elementor-element elementor-element-4aea735 elementor-widget elementor-widget-heading\" data-id=\"4aea735\" data-element_type=\"widget\" data-e-type=\"widget\" data-widget_type=\"heading.default\">\n\t\t\t\t\t<h2 class=\"elementor-heading-title elementor-size-default\">Programme de la formation<\/h2>\t\t\t\t<\/div>\n\t\t\t\t<div class=\"elementor-element elementor-element-2478b36 elementor-widget elementor-widget-text-editor\" data-id=\"2478b36\" data-element_type=\"widget\" data-e-type=\"widget\" data-widget_type=\"text-editor.default\">\n\t\t\t\t\t\t\t\t\t<div class=\"ue-step-item ue-item elementor-repeater-item-955378e\"><div class=\"ue-item-highlight\"><div class=\"ue-step-item ue-item elementor-repeater-item-955378e\"><p>Les modules sont con\u00e7us pour \u00eatre suivis dans un ordre pr\u00e9cis et se d\u00e9bloquent progressivement, vous permettant d\u2019assimiler chaque le\u00e7on avant de passer \u00e0 la suivante.<\/p><h5><strong>1 : Psychologie Adaptative \u2013 Comprendre, D\u00e9cider, S\u2019Adapter<\/strong><\/h5><ul><li>Pas de M\u00e9thode Miracle.<\/li><li>Compr\u00e9hension Psychologique.<\/li><li>Choix, D\u00e9cisions et Adaptation.<\/li><li>Rompre les Cycles.<\/li><li>Patrimoine Physique et Psychologique.<\/li><li>Retour au Naturel.<\/li><\/ul><h5><strong>2 : Pratique au Quotidien \u2013 D\u00e9composer et Maximiser son Temps<\/strong><\/h5><ul><li>D\u00e9composition d\u2019une Journ\u00e9e.<\/li><li>Pratique et Assiduit\u00e9.<\/li><\/ul><div class=\"ue-step-item ue-item elementor-repeater-item-955378e\"><div class=\"ue-item-highlight\"><div class=\"ue-step-item ue-item elementor-repeater-item-955378e\"><h5><strong>3 : \u00c9volution Personnelle \u2013 Briser les Limites et G\u00e9rer l\u2019Adversit\u00e9<\/strong><\/h5><ul><li>D\u00e9passer les Dogmes Limitants.<\/li><li>Gestion de la Douleur.<\/li><li>Gestion de la Violence.<\/li><li>Renforcer sa Confiance en Soi (5 \u00e9tapes concr\u00e8tes).<\/li><\/ul><h5><strong>4 : Strat\u00e9gies et Exercices \u2013 Ma\u00eetriser l\u2019Environnement et Passer \u00e0 l\u2019Action<\/strong><\/h5><ul><li>Introduction \u00e0 la Pratique.<\/li><li>Introduction \u00e0 la R\u00e9p\u00e9tition.<\/li><li>Les Points Vitaux.<\/li><li>Analyse de l\u2019Environnement.<\/li><li>Exercices Pratiques.<\/li><\/ul><\/div><\/div><\/div><\/div><\/div><\/div>\t\t\t\t\t\t\t\t<\/div>\n\t\t\t\t<div class=\"elementor-element elementor-element-2fc0c57 elementor-hidden-desktop elementor-hidden-tablet elementor-hidden-mobile elementor-widget elementor-widget-text-editor\" data-id=\"2fc0c57\" data-element_type=\"widget\" data-e-type=\"widget\" data-widget_type=\"text-editor.default\">\n\t\t\t\t\t\t\t\t\t<h2>commande programme d&rsquo;\u00e9volution personnelle<\/h2>\t\t\t\t\t\t\t\t<\/div>\n\t\t\t\t\t<\/div>\n\t\t<\/div>\n\t\t\t\t\t<\/div>\n\t\t<\/section>\n\t\t\t\t\t<\/div>\n\t\t<\/div>\n\t\t\t\t\t<\/div>\n\t\t<\/section>\n\t\t\t\t<section class=\"elementor-section elementor-top-section elementor-element elementor-element-daa2abd elementor-section-boxed elementor-section-height-default elementor-section-height-default\" data-id=\"daa2abd\" data-element_type=\"section\" data-e-type=\"section\" data-settings=\"{&quot;background_background&quot;:&quot;classic&quot;}\">\n\t\t\t\t\t\t<div class=\"elementor-container elementor-column-gap-default\">\n\t\t\t\t\t<div class=\"elementor-column elementor-col-100 elementor-top-column elementor-element elementor-element-3e6e0e8\" data-id=\"3e6e0e8\" data-element_type=\"column\" data-e-type=\"column\">\n\t\t\t<div class=\"elementor-widget-wrap elementor-element-populated\">\n\t\t\t\t\t\t<div class=\"elementor-element elementor-element-fcece63 elementor-widget elementor-widget-text-editor\" data-id=\"fcece63\" data-element_type=\"widget\" data-e-type=\"widget\" data-widget_type=\"text-editor.default\">\n\t\t\t\t\t\t\t\t\t<p>\u00a9 2020 \u2013 2024 XENESY LTD \u2013 Tous droits r\u00e9serv\u00e9s<\/p>\t\t\t\t\t\t\t\t<\/div>\n\t\t\t\t\t<\/div>\n\t\t<\/div>\n\t\t\t\t\t<\/div>\n\t\t<\/section>\n\t\t\t\t<\/div>\n\t\t","protected":false},"excerpt":{"rendered":"<p>Commande Programme d&rsquo;\u00e9volution personnelle J&rsquo;accepte les Conditions G\u00e9n\u00e9rales de Vente. SubtotalTotal Installment PaymentsInitial Payment TotalTotal Due TodaySubtotalTrialAmount Due COMMANDER [simpay id=\u00a0\u00bb27997&Prime;] Payer en crypto COMMANDE programme d&rsquo;\u00e9volution personnelle COMMANDE &#8211; Programme d&rsquo;\u00e9volution personnelle Voir la fiche qui correspond au produit formation R\u00e9capitulatif de votre commande Programme d&rsquo;\u00e9volution personnelle $ 690,00 Acc\u00e8s instantan\u00e9 &amp; \u00e0 vie [&hellip;]<\/p>\n","protected":false},"author":1,"featured_media":35590,"parent":0,"menu_order":0,"comment_status":"closed","ping_status":"closed","template":"elementor_canvas","meta":{"_surecart_dashboard_logo_width":"180px","_surecart_dashboard_show_logo":true,"_surecart_dashboard_navigation_orders":true,"_surecart_dashboard_navigation_invoices":true,"_surecart_dashboard_navigation_subscriptions":true,"_surecart_dashboard_navigation_downloads":true,"_surecart_dashboard_navigation_billing":true,"_surecart_dashboard_navigation_account":true,"site-sidebar-layout":"default","site-content-layout":"","ast-site-content-layout":"default","site-content-style":"default","site-sidebar-style":"default","ast-global-header-display":"","ast-banner-title-visibility":"","ast-main-header-display":"","ast-hfb-above-header-display":"","ast-hfb-below-header-display":"","ast-hfb-mobile-header-display":"","site-post-title":"","ast-breadcrumbs-content":"","ast-featured-img":"","footer-sml-layout":"","ast-disable-related-posts":"","theme-transparent-header-meta":"","adv-header-id-meta":"","stick-header-meta":"","header-above-stick-meta":"","header-main-stick-meta":"","header-below-stick-meta":"","astra-migrate-meta-layouts":"default","ast-page-background-enabled":"default","ast-page-background-meta":{"desktop":{"background-color":"var(--ast-global-color-4)","background-image":"","background-repeat":"repeat","background-position":"center center","background-size":"auto","background-attachment":"scroll","background-type":"","background-media":"","overlay-type":"","overlay-color":"","overlay-opacity":"","overlay-gradient":""},"tablet":{"background-color":"","background-image":"","background-repeat":"repeat","background-position":"center center","background-size":"auto","background-attachment":"scroll","background-type":"","background-media":"","overlay-type":"","overlay-color":"","overlay-opacity":"","overlay-gradient":""},"mobile":{"background-color":"","background-image":"","background-repeat":"repeat","background-position":"center center","background-size":"auto","background-attachment":"scroll","background-type":"","background-media":"","overlay-type":"","overlay-color":"","overlay-opacity":"","overlay-gradient":""}},"ast-content-background-meta":{"desktop":{"background-color":"var(--ast-global-color-5)","background-image":"","background-repeat":"repeat","background-position":"center center","background-size":"auto","background-attachment":"scroll","background-type":"","background-media":"","overlay-type":"","overlay-color":"","overlay-opacity":"","overlay-gradient":""},"tablet":{"background-color":"var(--ast-global-color-5)","background-image":"","background-repeat":"repeat","background-position":"center center","background-size":"auto","background-attachment":"scroll","background-type":"","background-media":"","overlay-type":"","overlay-color":"","overlay-opacity":"","overlay-gradient":""},"mobile":{"background-color":"var(--ast-global-color-5)","background-image":"","background-repeat":"repeat","background-position":"center center","background-size":"auto","background-attachment":"scroll","background-type":"","background-media":"","overlay-type":"","overlay-color":"","overlay-opacity":"","overlay-gradient":""}},"footnotes":""},"wf_page_folders":[175],"class_list":["post-27272","page","type-page","status-publish","has-post-thumbnail","hentry"],"_links":{"self":[{"href":"https:\/\/xenesyproject.com\/vi\/wp-json\/wp\/v2\/pages\/27272","targetHints":{"allow":["GET"]}}],"collection":[{"href":"https:\/\/xenesyproject.com\/vi\/wp-json\/wp\/v2\/pages"}],"about":[{"href":"https:\/\/xenesyproject.com\/vi\/wp-json\/wp\/v2\/types\/page"}],"author":[{"embeddable":true,"href":"https:\/\/xenesyproject.com\/vi\/wp-json\/wp\/v2\/users\/1"}],"replies":[{"embeddable":true,"href":"https:\/\/xenesyproject.com\/vi\/wp-json\/wp\/v2\/comments?post=27272"}],"version-history":[{"count":6,"href":"https:\/\/xenesyproject.com\/vi\/wp-json\/wp\/v2\/pages\/27272\/revisions"}],"predecessor-version":[{"id":39080,"href":"https:\/\/xenesyproject.com\/vi\/wp-json\/wp\/v2\/pages\/27272\/revisions\/39080"}],"wp:featuredmedia":[{"embeddable":true,"href":"https:\/\/xenesyproject.com\/vi\/wp-json\/wp\/v2\/media\/35590"}],"wp:attachment":[{"href":"https:\/\/xenesyproject.com\/vi\/wp-json\/wp\/v2\/media?parent=27272"}],"wp:term":[{"taxonomy":"wf_page_folders","embeddable":true,"href":"https:\/\/xenesyproject.com\/vi\/wp-json\/wp\/v2\/wf_page_folders?post=27272"}],"curies":[{"name":"wp","href":"https:\/\/api.w.org\/{rel}","templated":true}]}}