{"id":36730,"date":"2024-12-31T16:12:45","date_gmt":"2024-12-31T15:12:45","guid":{"rendered":"https:\/\/xenesyproject.com\/?page_id=36730"},"modified":"2024-12-31T17:28:00","modified_gmt":"2024-12-31T16:28:00","slug":"danh-gia-da-duoc-xac-minh","status":"publish","type":"page","link":"https:\/\/xenesyproject.com\/vi\/danh-gia-da-duoc-xac-minh\/","title":{"rendered":"\u0110\u00e1nh gi\u00e1 \u0111\u00e3 \u0111\u01b0\u1ee3c x\u00e1c minh"},"content":{"rendered":"<div data-elementor-type=\"wp-page\" data-elementor-id=\"36730\" class=\"elementor elementor-36730\" data-elementor-post-type=\"page\">\n\t\t\t\t\t\t<section class=\"elementor-section elementor-top-section elementor-element elementor-element-99d2761 elementor-section-boxed elementor-section-height-default elementor-section-height-default\" data-id=\"99d2761\" data-element_type=\"section\" data-e-type=\"section\">\n\t\t\t\t\t\t<div class=\"elementor-container elementor-column-gap-default\">\n\t\t\t\t\t<div class=\"elementor-column elementor-col-50 elementor-top-column elementor-element elementor-element-365a9df\" data-id=\"365a9df\" data-element_type=\"column\" data-e-type=\"column\">\n\t\t\t<div class=\"elementor-widget-wrap elementor-element-populated\">\n\t\t\t\t\t\t<div class=\"elementor-element elementor-element-055983f elementor-invisible elementor-widget elementor-widget-heading\" data-id=\"055983f\" data-element_type=\"widget\" data-e-type=\"widget\" data-settings=\"{&quot;_animation&quot;:&quot;fadeInUp&quot;}\" data-widget_type=\"heading.default\">\n\t\t\t\t\t<h1 class=\"elementor-heading-title elementor-size-default\">\u0110\u00e1nh gi\u00e1 v\u1ec1 xenesyproject.com<\/h1>\t\t\t\t<\/div>\n\t\t\t\t<div class=\"elementor-element elementor-element-160a039 elementor-invisible elementor-widget elementor-widget-text-editor\" data-id=\"160a039\" data-element_type=\"widget\" data-e-type=\"widget\" data-settings=\"{&quot;_animation&quot;:&quot;fadeInUp&quot;}\" data-widget_type=\"text-editor.default\">\n\t\t\t\t\t\t\t\t\t<p>Ch\u00e0o m\u1eebng b\u1ea1n \u0111\u1ebfn v\u1edbi chuy\u00ean m\u1ee5c \u0111\u00e1nh gi\u00e1 \u0111\u00e3 \u0111\u01b0\u1ee3c x\u00e1c minh tr\u1ef1c tuy\u1ebfn c\u1ee7a ch\u00fang t\u00f4i. Ch\u1ec9 c\u00e1c h\u1ecdc vi\u00ean c\u1ee7a ch\u00fang t\u00f4i m\u1edbi c\u00f3 th\u1ec3 \u0111\u1ec3 l\u1ea1i \u0111\u00e1nh gi\u00e1.<\/p>\t\t\t\t\t\t\t\t<\/div>\n\t\t\t\t<div class=\"elementor-element elementor-element-3c5e2b6 elementor-invisible elementor-widget elementor-widget-heading\" data-id=\"3c5e2b6\" data-element_type=\"widget\" data-e-type=\"widget\" data-settings=\"{&quot;_animation&quot;:&quot;fadeInUp&quot;}\" data-widget_type=\"heading.default\">\n\t\t\t\t\t<h2 class=\"elementor-heading-title elementor-size-default\">\u00fd ki\u1ebfn g\u1ea7n \u0111\u00e2y<\/h2>\t\t\t\t<\/div>\n\t\t\t\t\t<\/div>\n\t\t<\/div>\n\t\t\t\t<div class=\"elementor-column elementor-col-50 elementor-top-column elementor-element elementor-element-1e33ed8 elementor-invisible\" data-id=\"1e33ed8\" data-element_type=\"column\" data-e-type=\"column\" data-settings=\"{&quot;animation&quot;:&quot;fadeInRight&quot;}\">\n\t\t\t<div class=\"elementor-widget-wrap elementor-element-populated\">\n\t\t\t\t\t\t<section class=\"elementor-section elementor-inner-section elementor-element elementor-element-62bfbb0 elementor-section-boxed elementor-section-height-default elementor-section-height-default\" data-id=\"62bfbb0\" data-element_type=\"section\" data-e-type=\"section\" data-settings=\"{&quot;background_background&quot;:&quot;classic&quot;}\">\n\t\t\t\t\t\t<div class=\"elementor-container elementor-column-gap-default\">\n\t\t\t\t\t<div class=\"elementor-column elementor-col-100 elementor-inner-column elementor-element elementor-element-f7279de\" data-id=\"f7279de\" data-element_type=\"column\" data-e-type=\"column\">\n\t\t\t<div class=\"elementor-widget-wrap elementor-element-populated\">\n\t\t\t\t\t\t<div class=\"elementor-element elementor-element-7a7e4fb elementor-invisible elementor-widget elementor-widget-heading\" data-id=\"7a7e4fb\" data-element_type=\"widget\" data-e-type=\"widget\" data-settings=\"{&quot;_animation&quot;:&quot;fadeInUp&quot;}\" data-widget_type=\"heading.default\">\n\t\t\t\t\t<h2 class=\"elementor-heading-title elementor-size-default\">Vi\u1ebft \u0111\u00e1nh gi\u00e1<\/h2>\t\t\t\t<\/div>\n\t\t\t\t\t<\/div>\n\t\t<\/div>\n\t\t\t\t\t<\/div>\n\t\t<\/section>\n\t\t\t\t\t<\/div>\n\t\t<\/div>\n\t\t\t\t\t<\/div>\n\t\t<\/section>\n\t\t\t\t<section class=\"elementor-section elementor-top-section elementor-element elementor-element-10932ed elementor-section-boxed elementor-section-height-default elementor-section-height-default\" data-id=\"10932ed\" data-element_type=\"section\" data-e-type=\"section\">\n\t\t\t\t\t\t<div class=\"elementor-container elementor-column-gap-default\">\n\t\t\t\t\t<div class=\"elementor-column elementor-col-100 elementor-top-column elementor-element elementor-element-72422b2\" data-id=\"72422b2\" data-element_type=\"column\" data-e-type=\"column\">\n\t\t\t<div class=\"elementor-widget-wrap\">\n\t\t\t\t\t\t\t<\/div>\n\t\t<\/div>\n\t\t\t\t\t<\/div>\n\t\t<\/section>\n\t\t\t\t<\/div>","protected":false},"excerpt":{"rendered":"<p>avis sur xenesyproject.com Bienvenue sur notre espace d&rsquo;avis v\u00e9rifi\u00e9 en ligne. Seulement nos apprenants ont la possibilit\u00e9 de nous laisser un avis. 5.0 5.0 out of 5 stars (based on 2 reviews) Excellent100%Very good0%Average0%Poor0%Terrible0% avis r\u00e9cent Sacr\u00e9 challenge ! 31 December 2024 J&#8217;ai tent\u00e9 le challenge 10-days Organisation convaincu \u00e0 moiti\u00e9 car je suis bord\u00e9lique [&hellip;]<\/p>\n","protected":false},"author":1,"featured_media":0,"parent":0,"menu_order":0,"comment_status":"closed","ping_status":"closed","template":"","meta":{"_surecart_dashboard_logo_width":"180px","_surecart_dashboard_show_logo":true,"_surecart_dashboard_navigation_orders":true,"_surecart_dashboard_navigation_invoices":true,"_surecart_dashboard_navigation_subscriptions":true,"_surecart_dashboard_navigation_downloads":true,"_surecart_dashboard_navigation_billing":true,"_surecart_dashboard_navigation_account":true,"site-sidebar-layout":"no-sidebar","site-content-layout":"page-builder","ast-site-content-layout":"full-width-container","site-content-style":"default","site-sidebar-style":"default","ast-global-header-display":"","ast-banner-title-visibility":"","ast-main-header-display":"","ast-hfb-above-header-display":"","ast-hfb-below-header-display":"","ast-hfb-mobile-header-display":"","site-post-title":"disabled","ast-breadcrumbs-content":"","ast-featured-img":"disabled","footer-sml-layout":"","ast-disable-related-posts":"","theme-transparent-header-meta":"","adv-header-id-meta":"","stick-header-meta":"","header-above-stick-meta":"","header-main-stick-meta":"","header-below-stick-meta":"","astra-migrate-meta-layouts":"set","ast-page-background-enabled":"default","ast-page-background-meta":{"desktop":{"background-color":"var(--ast-global-color-4)","background-image":"","background-repeat":"repeat","background-position":"center center","background-size":"auto","background-attachment":"scroll","background-type":"","background-media":"","overlay-type":"","overlay-color":"","overlay-opacity":"","overlay-gradient":""},"tablet":{"background-color":"","background-image":"","background-repeat":"repeat","background-position":"center center","background-size":"auto","background-attachment":"scroll","background-type":"","background-media":"","overlay-type":"","overlay-color":"","overlay-opacity":"","overlay-gradient":""},"mobile":{"background-color":"","background-image":"","background-repeat":"repeat","background-position":"center center","background-size":"auto","background-attachment":"scroll","background-type":"","background-media":"","overlay-type":"","overlay-color":"","overlay-opacity":"","overlay-gradient":""}},"ast-content-background-meta":{"desktop":{"background-color":"var(--ast-global-color-5)","background-image":"","background-repeat":"repeat","background-position":"center center","background-size":"auto","background-attachment":"scroll","background-type":"","background-media":"","overlay-type":"","overlay-color":"","overlay-opacity":"","overlay-gradient":""},"tablet":{"background-color":"var(--ast-global-color-5)","background-image":"","background-repeat":"repeat","background-position":"center center","background-size":"auto","background-attachment":"scroll","background-type":"","background-media":"","overlay-type":"","overlay-color":"","overlay-opacity":"","overlay-gradient":""},"mobile":{"background-color":"var(--ast-global-color-5)","background-image":"","background-repeat":"repeat","background-position":"center center","background-size":"auto","background-attachment":"scroll","background-type":"","background-media":"","overlay-type":"","overlay-color":"","overlay-opacity":"","overlay-gradient":""}},"footnotes":""},"wf_page_folders":[156],"class_list":["post-36730","page","type-page","status-publish","hentry"],"_links":{"self":[{"href":"https:\/\/xenesyproject.com\/vi\/wp-json\/wp\/v2\/pages\/36730","targetHints":{"allow":["GET"]}}],"collection":[{"href":"https:\/\/xenesyproject.com\/vi\/wp-json\/wp\/v2\/pages"}],"about":[{"href":"https:\/\/xenesyproject.com\/vi\/wp-json\/wp\/v2\/types\/page"}],"author":[{"embeddable":true,"href":"https:\/\/xenesyproject.com\/vi\/wp-json\/wp\/v2\/users\/1"}],"replies":[{"embeddable":true,"href":"https:\/\/xenesyproject.com\/vi\/wp-json\/wp\/v2\/comments?post=36730"}],"version-history":[{"count":0,"href":"https:\/\/xenesyproject.com\/vi\/wp-json\/wp\/v2\/pages\/36730\/revisions"}],"wp:attachment":[{"href":"https:\/\/xenesyproject.com\/vi\/wp-json\/wp\/v2\/media?parent=36730"}],"wp:term":[{"taxonomy":"wf_page_folders","embeddable":true,"href":"https:\/\/xenesyproject.com\/vi\/wp-json\/wp\/v2\/wf_page_folders?post=36730"}],"curies":[{"name":"wp","href":"https:\/\/api.w.org\/{rel}","templated":true}]}}