{"id":39521,"date":"2025-12-28T16:04:39","date_gmt":"2025-12-28T15:04:39","guid":{"rendered":"https:\/\/xenesyproject.com\/?page_id=39521"},"modified":"2026-04-09T05:20:13","modified_gmt":"2026-04-09T03:20:13","slug":"khoa-dao-tao-trader-pro-2","status":"publish","type":"page","link":"https:\/\/xenesyproject.com\/vi\/khoa-dao-tao-trader-pro-2\/","title":{"rendered":"Kh\u00f3a \u0111\u00e0o t\u1ea1o Trader Pro 2"},"content":{"rendered":"<div data-elementor-type=\"wp-page\" data-elementor-id=\"39521\" class=\"elementor elementor-39521\" data-elementor-post-type=\"page\">\n\t\t\t\t<div class=\"elementor-element elementor-element-7ff8553 e-flex e-con-boxed e-con e-parent\" data-id=\"7ff8553\" data-element_type=\"container\" data-e-type=\"container\">\n\t\t\t\t\t<div class=\"e-con-inner\">\n\t\t<div class=\"elementor-element elementor-element-5f0d339 e-con-full e-flex e-con e-child\" data-id=\"5f0d339\" data-element_type=\"container\" data-e-type=\"container\">\n\t\t<div class=\"elementor-element elementor-element-df45c10 e-con-full e-flex e-con e-child\" data-id=\"df45c10\" data-element_type=\"container\" data-e-type=\"container\">\n\t\t<div class=\"elementor-element elementor-element-3d16768 e-con-full e-flex e-con e-child\" data-id=\"3d16768\" data-element_type=\"container\" data-e-type=\"container\" data-settings=\"{&quot;background_background&quot;:&quot;classic&quot;}\">\n\t\t\t\t<div class=\"elementor-element elementor-element-f3238dc elementor-widget elementor-widget-heading\" data-id=\"f3238dc\" data-element_type=\"widget\" data-e-type=\"widget\" data-widget_type=\"heading.default\">\n\t\t\t\t\t<h2 class=\"elementor-heading-title elementor-size-default\">Thanh to\u00e1n<\/h2>\t\t\t\t<\/div>\n\t\t\t\t<div class=\"elementor-element elementor-element-970cc63 elementor-widget elementor-widget-shortcode\" data-id=\"970cc63\" data-element_type=\"widget\" data-e-type=\"widget\" data-widget_type=\"shortcode.default\">\n\t\t\t\t\t\t\t<div class=\"elementor-shortcode\"><sc-checkout\n\tclass=\"checkout\"\n\tid=\"sc-checkout-40717\"\n\tstyle=\"text-align: left;--sc-form-row-spacing: 25px;\"\n\tmodified=\"2026-04-09 03:15:06\"\n\talignment=\"\"\n\tsuccess-url=\"\"\n>\n\t<sc-form>\n\t\t\t\t\t<sc-checkbox name=\"get_feedback\" value=\"Feedback\" style=\"display: none !important;\"><\/sc-checkbox>\n\t\t\t\t\n\n<div class=\"wp-block-surecart-columns is-full-height is-reversed-on-mobile has-background is-layout-flex wp-container-surecart-columns-is-layout-6516cd2e wp-block-surecart-columns-is-layout-flex\" style=\"background-color:#f3f4f6\">\n<div class=\"wp-block-surecart-column is-layout-constrained is-horizontally-aligned-right has-white-background-color has-background\" style=\"padding-top:60px;padding-right:60px;padding-bottom:60px;padding-left:60px;--sc-column-content-width:450px;--sc-form-row-spacing:30px\">\n\t\t<div class=\"wp-block-surecart-store-logo\">\n\n\t\t\t\t\t<div style=\"\">\n\t\t\n\t\t\t<img\n\t\t\t\tsrc=\"https:\/\/media.surecart.com\/a9cpii1dguxr8gsjuvclw4i3uq3f\"\n\t\t\t\tstyle=\"object-fit: contain; object-position: left;width: 120px; max-width: 180px; max-height: 100px; \"\n\t\t\t\talt=\"\"\n\t\t\t\/>\n\n\t\t\t\t\t<\/div>\n\t\t\n\t\t<\/div>\n\n\t\t\n\n\n<sc-checkout-form-errors><\/sc-checkout-form-errors>\n\n\n\n\t\t<sc-customer-email\n\t\t\tclass=\"\"\n\t\t\tlabel=\"Email\"\n\t\t\tplaceholder=\"your@email.com\"\t\t\t\t\t\t\t\t\t\t\t\trequired\n\t\t\tautocomplete='email'\n\t\t\tinputmode='email'\n\t\t>\n\t\t<\/sc-customer-email>\n\n\t\t\n\n\n<sc-customer-name label=\"Name\" placeholder=\"Your Full Name\" required class=\"wp-block-surecart-name\"><\/sc-customer-name>\n\n\n\n\t\t<sc-order-password\n\t\t\ttype=\"password\"\n\t\t\tname=\"password\"\n\t\t\tclass=\"\"\n\t\t\tlabel=\"Set A Password\"\n\t\t\thelp=\"\"\n\t\t\tautofocus=\"\"\n\t\t\tmaxlength=\"\"\n\t\t\tminlength=\"\"\n\t\t\tplaceholder=\"\"\n\t\t\tshowlabel=\"1\"\n\t\t\tsize=\"\"\n\t\t\tvalue=\"\"\n\t\t\trequired=\"true\"\n\t\t\tconfirmation=\"true\"\n\t\t\tconfirmation-label=\"Password Confirmation\"\n\t\t\tconfirmation-placeholder=\"\"\n\t\t\tconfirmation-help=\"\"\n\t\t\tenable-validation=\"true\"\n\t\t>\n\t\t<\/sc-order-password>\n\n\t\t\n\n\n\t\t<sc-payment\n\t\t\tid=\"sc-payment-0\"\n\t\t\tclass=\"\"\n\t\t>\n\t\t\t\t\t\t\t<sc-stripe-payment-element slot=\"stripe\"><\/sc-stripe-payment-element>\n\t\t\t\n\t\t\t\t\t<\/sc-payment>\n\t\t\n\n\n<sc-checkbox name=\"checkbox\" checked value=\"on\" required>T\u00f4i x\u00e1c nh\u1eadn \u0111\u00e3 \u0111\u1ecdc v\u00e0 \u0111\u1ed3ng \u00fd<a href=\"https:\/\/xenesyproject.com\/vi\/dieu-khoan-va-dieu-kien-ban-hang\/\">\u0111i\u1ec1u kho\u1ea3n s\u1eed d\u1ee5ng<\/a><\/sc-checkbox>\n\n\n\n<sc-checkbox name=\"checkbox\" checked value=\"on\" required>T\u00f4i hi\u1ec3u r\u1eb1ng do vi\u1ec7c truy c\u1eadp di\u1ec5n ra ngay l\u1eadp t\u1ee9c, n\u00ean quy\u1ec1n h\u1ee7y b\u1ecf kh\u00f4ng \u00e1p d\u1ee5ng \u0111\u1ed1i v\u1edbi n\u1ed9i dung s\u1ed1 (\u0110i\u1ec1u L221-28 c\u1ee7a B\u1ed9 lu\u1eadt Ti\u00eau d\u00f9ng)<\/sc-checkbox>\n\n\n\t\t<sc-order-submit\n\t\t\ttype=\"primary\"\n\t\t\tfull=\"true\"\n\t\t\tsize=\"large\"\n\t\t\ticon=\"lock\"\t\t\tshow-total=\"true\"\n\t\t\tsecure-notice=\"true\"\n\t\t\tsecure-notice-text=\"This is a secure, encrypted payment.\"\n\t\t\t\t\t\t\t\t\tclass=\"wp-block-surecart-submit\"\n\t\t>T\u00f4i b\u1eaft \u0111\u1ea7u ngay b\u00e2y gi\u1edd<\/sc-order-submit>\n\t\t<\/div>\n\n\n\n<div class=\"wp-block-surecart-column is-sticky is-layout-constrained is-horizontally-aligned-left\" style=\"padding-top:60px;padding-right:60px;padding-bottom:60px;padding-left:60px;--sc-column-content-width:450px;--sc-form-row-spacing:30px\">\n<sc-order-summary collapsible=\"1\" order-summary-text=\"Summary\" invoice-summary-text=\"Invoice Summary\" collapsed-on-mobile=\"1\" class=\"wp-block-surecart-totals\">\n<sc-divider><\/sc-divider>\n\n\n\n<sc-line-items removable=\"1\" editable=\"1\" class=\"wp-block-surecart-line-items\"><\/sc-line-items>\n\n\n\n<sc-divider><\/sc-divider>\n\n\n\n<sc-line-item-total total=\"subtotal\" class=\"wp-block-surecart-subtotal\"><span slot=\"description\">T\u1ed5ng ph\u1ee5<\/span><span slot=\"total-payments-description\">T\u1ed5ng s\u1ed1 k\u1ef3 thanh to\u00e1n<\/span><span slot=\"first-payment-subtotal-description\">Kho\u1ea3n thanh to\u00e1n ban \u0111\u1ea7u<\/span><\/sc-line-item-total>\n\n\n<sc-line-item-trial class=\"wp-block-surecart-trial-line-item\" label=\"Trial\"><\/sc-line-item-trial>\n\n\t\t<sc-order-coupon-form\n\t\t\tlabel=\"\"\n\t\t\tplaceholder=\"Enter coupon code\"\n\t\t\tbutton-text=\"\"\n\t\t\tcollapsed>\n\t\t<\/sc-order-coupon-form>\n\t\t\n\n\n<sc-line-item-tax class=\"wp-block-surecart-tax-line-item\"><\/sc-line-item-tax>\n\n\n\n<sc-divider><\/sc-divider>\n\n\n\n<sc-line-item-total total=\"total\" size=\"large\" show-currency=\"1\" class=\"wp-block-surecart-total\"><span slot=\"title\">T\u1ed5ng c\u1ed9ng<\/span><span slot=\"subscription-title\">T\u1ed5ng s\u1ed1 ti\u1ec1n ph\u1ea3i thanh to\u00e1n h\u00f4m nay<\/span><span slot=\"first-payment-total-description\">T\u1ed5ng ph\u1ee5<\/span><span slot=\"free-trial-description\">Phi\u00ean t\u00f2a<\/span><span slot=\"due-amount-description\">S\u1ed1 ti\u1ec1n ph\u1ea3i tr\u1ea3<\/span><\/sc-line-item-total>\n<\/sc-order-summary>\n\n\n\n<p>B\u1ea1n x\u00e2y d\u1ef1ng chi\u1ebfn l\u01b0\u1ee3c d\u1ef1a tr\u00ean t\u00e2m l\u00fd c\u1ee7a ch\u00ednh m\u00ecnh. Kh\u00f4ng ph\u1ea3i l\u00e0 m\u1ed9t m\u1eabu c\u00f3 s\u1eb5n \u0111\u01b0\u1ee3c sao ch\u00e9p.<\/p>\n\n\n\n<p>B\u1ea1n s\u1ebd ch\u1ea5m d\u1ee9t nh\u1eefng sai l\u1ea7m do c\u1ea3m x\u00fac g\u00e2y ra, nh\u1eefng sai l\u1ea7m c\u00f3 th\u1ec3 khi\u1ebfn b\u1ea1n m\u1ea5t h\u00e0ng ngh\u00ecn euro.<\/p>\n\n\n\n<p>B\u1ea1n \u0111\u00e3 th\u00e0nh th\u1ea1o Neuro-Protocole\u2122: ph\u01b0\u01a1ng ph\u00e1p \u0111\u01b0\u1ee3c c\u00e1c t\u1ed5 ch\u1ee9c chuy\u00ean nghi\u1ec7p \u00e1p d\u1ee5ng.<\/p>\n\n\n\n<p>Qu\u1ea3n l\u00fd v\u1ed1n: B\u1ea1n b\u1ea3o v\u1ec7 v\u1ed1n c\u1ee7a m\u00ecnh trong m\u1ed7i giao d\u1ecbch.<\/p>\n\n\n\n<p>7 ng\u00e0y truy c\u1eadp \u0111\u1ea7y \u0111\u1ee7 v\u00e0o to\u00e0n b\u1ed9 n\u1ec1n t\u1ea3ng Xenesy Project.<\/p>\n\n\n\n<p>Cu\u1ed9c g\u1ecdi ch\u00e0o m\u1eebng v\u1edbi gi\u1ea3ng vi\u00ean ngay sau khi \u0111\u0103ng k\u00fd.<\/p>\n\n\n\n<p>Khu v\u1ef1c trao \u0111\u1ed5i ri\u00eang t\u01b0 tr\u1ef1c ti\u1ebfp v\u1edbi c\u00e1c gi\u1ea3ng vi\u00ean.<\/p>\n\n\n\n<p>9 m\u00f4-\u0111un v\u00e0 56 ch\u01b0\u01a1ng, truy c\u1eadp tr\u1ecdn \u0111\u1eddi.<\/p>\n<\/div>\n<\/div>\n\n\t<\/sc-form>\n<\/sc-checkout>\n<\/div>\n\t\t\t\t\t\t<\/div>\n\t\t\t\t<\/div>\n\t\t\t\t<div class=\"elementor-element elementor-element-d77bdc7 elementor-widget elementor-widget-image\" data-id=\"d77bdc7\" data-element_type=\"widget\" data-e-type=\"widget\" data-widget_type=\"image.default\">\n\t\t\t\t\t\t\t\t\t\t\t\t\t\t\t<img fetchpriority=\"high\" decoding=\"async\" width=\"2560\" height=\"1368\" src=\"https:\/\/xenesyproject.com\/wp-content\/uploads\/trading-xenesy-scaled-3.webp\" class=\"attachment-full size-full wp-image-37761\" alt=\"c\u00e1c t\u00e0i nguy\u00ean giao d\u1ecbch mi\u1ec5n ph\u00ed c\u1ee7a ch\u00fang t\u00f4i\" srcset=\"https:\/\/xenesyproject.com\/wp-content\/uploads\/trading-xenesy-scaled-3.webp 2560w, https:\/\/xenesyproject.com\/wp-content\/uploads\/trading-xenesy-scaled-3-300x160.webp 300w, https:\/\/xenesyproject.com\/wp-content\/uploads\/trading-xenesy-scaled-3-1024x547.webp 1024w, https:\/\/xenesyproject.com\/wp-content\/uploads\/trading-xenesy-scaled-3-768x410.webp 768w, https:\/\/xenesyproject.com\/wp-content\/uploads\/trading-xenesy-scaled-3-1536x821.webp 1536w, https:\/\/xenesyproject.com\/wp-content\/uploads\/trading-xenesy-scaled-3-2048x1094.webp 2048w, https:\/\/xenesyproject.com\/wp-content\/uploads\/trading-xenesy-scaled-3-18x10.webp 18w\" sizes=\"(max-width: 2560px) 100vw, 2560px\" \/>\t\t\t\t\t\t\t\t\t\t\t\t\t\t\t<\/div>\n\t\t\t\t<\/div>\n\t\t\t\t<\/div>\n\t\t\t\t\t<\/div>\n\t\t\t\t<\/div>\n\t\t\t\t<\/div>","protected":false},"excerpt":{"rendered":"<p>Thanh to\u00e1n<\/p>","protected":false},"author":1,"featured_media":0,"parent":0,"menu_order":0,"comment_status":"closed","ping_status":"closed","template":"elementor_canvas","meta":{"_surecart_dashboard_logo_width":"180px","_surecart_dashboard_show_logo":true,"_surecart_dashboard_navigation_orders":true,"_surecart_dashboard_navigation_invoices":true,"_surecart_dashboard_navigation_subscriptions":true,"_surecart_dashboard_navigation_downloads":true,"_surecart_dashboard_navigation_billing":true,"_surecart_dashboard_navigation_account":true,"site-sidebar-layout":"no-sidebar","site-content-layout":"page-builder","ast-site-content-layout":"full-width-container","site-content-style":"default","site-sidebar-style":"default","ast-global-header-display":"","ast-banner-title-visibility":"","ast-main-header-display":"","ast-hfb-above-header-display":"","ast-hfb-below-header-display":"","ast-hfb-mobile-header-display":"","site-post-title":"","ast-breadcrumbs-content":"","ast-featured-img":"disabled","footer-sml-layout":"","ast-disable-related-posts":"","theme-transparent-header-meta":"","adv-header-id-meta":"","stick-header-meta":"","header-above-stick-meta":"","header-main-stick-meta":"","header-below-stick-meta":"","astra-migrate-meta-layouts":"set","ast-page-background-enabled":"default","ast-page-background-meta":{"desktop":{"background-color":"var(--ast-global-color-4)","background-image":"","background-repeat":"repeat","background-position":"center center","background-size":"auto","background-attachment":"scroll","background-type":"","background-media":"","overlay-type":"","overlay-color":"","overlay-opacity":"","overlay-gradient":""},"tablet":{"background-color":"","background-image":"","background-repeat":"repeat","background-position":"center center","background-size":"auto","background-attachment":"scroll","background-type":"","background-media":"","overlay-type":"","overlay-color":"","overlay-opacity":"","overlay-gradient":""},"mobile":{"background-color":"","background-image":"","background-repeat":"repeat","background-position":"center center","background-size":"auto","background-attachment":"scroll","background-type":"","background-media":"","overlay-type":"","overlay-color":"","overlay-opacity":"","overlay-gradient":""}},"ast-content-background-meta":{"desktop":{"background-color":"var(--ast-global-color-5)","background-image":"","background-repeat":"repeat","background-position":"center center","background-size":"auto","background-attachment":"scroll","background-type":"","background-media":"","overlay-type":"","overlay-color":"","overlay-opacity":"","overlay-gradient":""},"tablet":{"background-color":"var(--ast-global-color-5)","background-image":"","background-repeat":"repeat","background-position":"center center","background-size":"auto","background-attachment":"scroll","background-type":"","background-media":"","overlay-type":"","overlay-color":"","overlay-opacity":"","overlay-gradient":""},"mobile":{"background-color":"var(--ast-global-color-5)","background-image":"","background-repeat":"repeat","background-position":"center center","background-size":"auto","background-attachment":"scroll","background-type":"","background-media":"","overlay-type":"","overlay-color":"","overlay-opacity":"","overlay-gradient":""}},"footnotes":""},"wf_page_folders":[],"class_list":["post-39521","page","type-page","status-publish","hentry"],"_links":{"self":[{"href":"https:\/\/xenesyproject.com\/vi\/wp-json\/wp\/v2\/pages\/39521","targetHints":{"allow":["GET"]}}],"collection":[{"href":"https:\/\/xenesyproject.com\/vi\/wp-json\/wp\/v2\/pages"}],"about":[{"href":"https:\/\/xenesyproject.com\/vi\/wp-json\/wp\/v2\/types\/page"}],"author":[{"embeddable":true,"href":"https:\/\/xenesyproject.com\/vi\/wp-json\/wp\/v2\/users\/1"}],"replies":[{"embeddable":true,"href":"https:\/\/xenesyproject.com\/vi\/wp-json\/wp\/v2\/comments?post=39521"}],"version-history":[{"count":10,"href":"https:\/\/xenesyproject.com\/vi\/wp-json\/wp\/v2\/pages\/39521\/revisions"}],"predecessor-version":[{"id":40735,"href":"https:\/\/xenesyproject.com\/vi\/wp-json\/wp\/v2\/pages\/39521\/revisions\/40735"}],"wp:attachment":[{"href":"https:\/\/xenesyproject.com\/vi\/wp-json\/wp\/v2\/media?parent=39521"}],"wp:term":[{"taxonomy":"wf_page_folders","embeddable":true,"href":"https:\/\/xenesyproject.com\/vi\/wp-json\/wp\/v2\/wf_page_folders?post=39521"}],"curies":[{"name":"wp","href":"https:\/\/api.w.org\/{rel}","templated":true}]}}