{"id":39706,"date":"2026-01-08T10:26:27","date_gmt":"2026-01-08T09:26:27","guid":{"rendered":"https:\/\/xenesyproject.com\/?page_id=39706"},"modified":"2026-02-06T09:44:58","modified_gmt":"2026-02-06T08:44:58","slug":"khoa-hoc-huong-dan-giao-dich-ngoai-hoi","status":"publish","type":"page","link":"https:\/\/xenesyproject.com\/vi\/khoa-hoc-huong-dan-giao-dich-ngoai-hoi\/","title":{"rendered":"Kh\u00f3a h\u1ecdc h\u01b0\u1edbng d\u1eabn giao d\u1ecbch ngo\u1ea1i h\u1ed1i"},"content":{"rendered":"<div data-elementor-type=\"wp-page\" data-elementor-id=\"39706\" class=\"elementor elementor-39706\" data-elementor-post-type=\"page\">\n\t\t\t\t<div class=\"elementor-element elementor-element-13dec48 e-flex e-con-boxed e-con e-parent\" data-id=\"13dec48\" data-element_type=\"container\" data-e-type=\"container\">\n\t\t\t\t\t<div class=\"e-con-inner\">\n\t\t<div class=\"elementor-element elementor-element-b5fb2a7 e-con-full e-flex e-con e-child\" data-id=\"b5fb2a7\" data-element_type=\"container\" data-e-type=\"container\">\n\t\t<div class=\"elementor-element elementor-element-f8a86ed e-con-full e-flex e-con e-child\" data-id=\"f8a86ed\" data-element_type=\"container\" data-e-type=\"container\">\n\t\t<div class=\"elementor-element elementor-element-91ebf35 e-con-full e-flex e-con e-child\" data-id=\"91ebf35\" data-element_type=\"container\" data-e-type=\"container\" data-settings=\"{&quot;background_background&quot;:&quot;classic&quot;}\">\n\t\t\t\t<div class=\"elementor-element elementor-element-486b2c2 elementor-widget elementor-widget-heading\" data-id=\"486b2c2\" data-element_type=\"widget\" data-e-type=\"widget\" data-widget_type=\"heading.default\">\n\t\t\t\t\t<h2 class=\"elementor-heading-title elementor-size-default\">Thanh to\u00e1n<\/h2>\t\t\t\t<\/div>\n\t\t\t\t<div class=\"elementor-element elementor-element-13c08a4 elementor-widget elementor-widget-shortcode\" data-id=\"13c08a4\" data-element_type=\"widget\" data-e-type=\"widget\" data-widget_type=\"shortcode.default\">\n\t\t\t\t\t\t\t<div class=\"elementor-shortcode\"><sc-checkout\n\tclass=\"checkout\"\n\tid=\"sc-checkout-39703\"\n\tstyle=\"text-align: left;--sc-form-row-spacing: 25px;\"\n\tmodified=\"2026-01-08 09:25:35\"\n\talignment=\"\"\n\tsuccess-url=\"\"\n>\n\t<sc-form>\n\t\t\t\t\t<sc-checkbox name=\"get_feedback\" value=\"Feedback\" style=\"display: none !important;\"><\/sc-checkbox>\n\t\t\t\t\n\n<div class=\"wp-block-surecart-columns is-full-height is-reversed-on-mobile has-background is-layout-flex wp-container-surecart-columns-is-layout-6516cd2e wp-block-surecart-columns-is-layout-flex\" style=\"background-color:#f3f4f6\">\n<div class=\"wp-block-surecart-column is-layout-constrained is-horizontally-aligned-right has-white-background-color has-background\" style=\"padding-top:60px;padding-right:60px;padding-bottom:60px;padding-left:60px;--sc-column-content-width:450px;--sc-form-row-spacing:30px\">\n\t\t<div class=\"wp-block-surecart-store-logo\">\n\n\t\t\t\t\t<div style=\"\">\n\t\t\n\t\t\t<img\n\t\t\t\tsrc=\"https:\/\/media.surecart.com\/a9cpii1dguxr8gsjuvclw4i3uq3f\"\n\t\t\t\tstyle=\"object-fit: contain; object-position: left;width: 120px; max-width: 180px; max-height: 100px; \"\n\t\t\t\talt=\"\"\n\t\t\t\/>\n\n\t\t\t\t\t<\/div>\n\t\t\n\t\t<\/div>\n\n\t\t\n\n\n<sc-checkout-form-errors><\/sc-checkout-form-errors>\n\n\n\n\t\t<sc-customer-email\n\t\t\tclass=\"\"\n\t\t\tlabel=\"Email\"\n\t\t\tplaceholder=\"your@email.com\"\t\t\t\t\t\t\t\t\t\t\t\trequired\n\t\t\tautocomplete='email'\n\t\t\tinputmode='email'\n\t\t>\n\t\t<\/sc-customer-email>\n\n\t\t\n\n\n<sc-customer-name label=\"Name\" placeholder=\"Your Full Name\" required class=\"wp-block-surecart-name\"><\/sc-customer-name>\n\n\n\n\t\t<sc-payment\n\t\t\tid=\"sc-payment-0\"\n\t\t\tclass=\"\"\n\t\t>\n\t\t\t\t\t\t\t<sc-stripe-payment-element slot=\"stripe\"><\/sc-stripe-payment-element>\n\t\t\t\n\t\t\t\t\t<\/sc-payment>\n\t\t\n\n\t\t<sc-order-submit\n\t\t\ttype=\"primary\"\n\t\t\tfull=\"true\"\n\t\t\tsize=\"large\"\n\t\t\ticon=\"lock\"\t\t\tshow-total=\"true\"\n\t\t\tsecure-notice=\"true\"\n\t\t\tsecure-notice-text=\"This is a secure, encrypted payment.\"\n\t\t\t\t\t\t\t\t\tclass=\"wp-block-surecart-submit\"\n\t\t>Mua h\u00e0ng<\/sc-order-submit>\n\t\t<\/div>\n\n\n\n<div class=\"wp-block-surecart-column is-sticky is-layout-constrained is-horizontally-aligned-left\" style=\"padding-top:60px;padding-right:60px;padding-bottom:60px;padding-left:60px;--sc-column-content-width:450px;--sc-form-row-spacing:30px\">\n<sc-order-summary collapsible=\"1\" order-summary-text=\"Summary\" invoice-summary-text=\"Invoice Summary\" collapsed-on-mobile=\"1\" class=\"wp-block-surecart-totals\">\n<sc-divider><\/sc-divider>\n\n\n\n<sc-line-items removable=\"1\" editable=\"1\" class=\"wp-block-surecart-line-items\"><\/sc-line-items>\n\n\n\n<sc-divider><\/sc-divider>\n\n\n\n<sc-line-item-total total=\"subtotal\" class=\"wp-block-surecart-subtotal\"><span slot=\"description\">T\u1ed5ng ph\u1ee5<\/span><span slot=\"total-payments-description\">T\u1ed5ng s\u1ed1 ti\u1ec1n tr\u1ea3 g\u00f3p<\/span><span slot=\"first-payment-subtotal-description\">Kho\u1ea3n thanh to\u00e1n ban \u0111\u1ea7u<\/span><\/sc-line-item-total>\n\n\n<sc-line-item-trial class=\"wp-block-surecart-trial-line-item\" label=\"Trial\"><\/sc-line-item-trial>\n\n\t\t<sc-order-coupon-form\n\t\t\tlabel=\"\"\n\t\t\tplaceholder=\"Enter coupon code\"\n\t\t\tbutton-text=\"\"\n\t\t\tcollapsed>\n\t\t<\/sc-order-coupon-form>\n\t\t\n\n\n<sc-line-item-tax class=\"wp-block-surecart-tax-line-item\"><\/sc-line-item-tax>\n\n\n\n<sc-divider><\/sc-divider>\n\n\n\n<sc-line-item-total total=\"total\" size=\"large\" show-currency=\"1\" class=\"wp-block-surecart-total\"><span slot=\"title\">T\u1ed5ng c\u1ed9ng<\/span><span slot=\"subscription-title\">T\u1ed5ng s\u1ed1 ti\u1ec1n ph\u1ea3i thanh to\u00e1n h\u00f4m nay<\/span><span slot=\"first-payment-total-description\">T\u1ed5ng ph\u1ee5<\/span><span slot=\"free-trial-description\">Phi\u00ean t\u00f2a<\/span><span slot=\"due-amount-description\">S\u1ed1 ti\u1ec1n ph\u1ea3i tr\u1ea3<\/span><\/sc-line-item-total>\n<\/sc-order-summary>\n\n\n\n<p>Kh\u00f3a h\u1ecdc h\u01b0\u1edbng d\u1eabn giao d\u1ecbch Forex c\u1ee7a ch\u00fang t\u00f4i \u0111\u01b0\u1ee3c thi\u1ebft k\u1ebf b\u1edfi Jonathan BARDON, chuy\u00ean gia \u0111\u00e0o t\u1ea1o giao d\u1ecbch c\u1ee7a ch\u00fang t\u00f4i, t\u1ea1i<strong> tr\u01b0\u1eddng \u0111\u00e0o t\u1ea1o giao d\u1ecbch<\/strong>, \u0111\u00e3 ho\u1ea1t \u0111\u1ed9ng tr\u00ean th\u1ecb tr\u01b0\u1eddng t\u1eeb n\u0103m 2012.<\/p>\n\n\n\n<p>\u1ee8ng d\u1ee5ng n\u00e0y \u0111\u01b0\u1ee3c thi\u1ebft k\u1ebf ri\u00eang \u0111\u1ec3 h\u1ed7 tr\u1ee3 ng\u01b0\u1eddi m\u1edbi b\u1eaft \u0111\u1ea7u th\u1ef1c hi\u1ec7n <strong>giao d\u1ecbch \u0111\u1ea7u ti\u00ean c\u1ee7a h\u1ecd<\/strong>, nh\u1eefng ai mu\u1ed1n t\u00ecm hi\u1ec3u c\u00e1ch th\u1ee9c ho\u1ea1t \u0111\u1ed9ng c\u1ee7a th\u1ecb tr\u01b0\u1eddng t\u00e0i ch\u00ednh, \u0111\u1eb7c bi\u1ec7t l\u00e0 th\u1ecb tr\u01b0\u1eddng Forex v\u00e0 <strong>n\u1eafm v\u1eefng nh\u1eefng ki\u1ebfn th\u1ee9c c\u01a1 b\u1ea3n c\u1ea7n thi\u1ebft v\u1ec1 giao d\u1ecbch<\/strong>.<\/p>\n\n\n\n<p>Ch\u01b0\u01a1ng tr\u00ecnh \u0111\u01b0\u1ee3c t\u1ed5 ch\u1ee9c m\u1ed9t c\u00e1ch logic, v\u1edbi nh\u1eefng l\u1eddi gi\u1ea3i th\u00edch \u0111\u01a1n gi\u1ea3n v\u00e0 c\u00e1c h\u01b0\u1edbng d\u1eabn t\u1eebng b\u01b0\u1edbc trong su\u1ed1t qu\u00e1 tr\u00ecnh h\u1ecdc. \u0110i\u1ec1u n\u00e0y \u0111\u1ea3m b\u1ea3o t\u00ednh li\u00ean t\u1ee5c trong gi\u1ea3ng d\u1ea1y, s\u1ef1 nh\u1ea5t qu\u00e1n cao h\u01a1n trong c\u00e1c gi\u1ea3i th\u00edch v\u00e0 gi\u00fap ng\u01b0\u1eddi h\u1ecdc ti\u1ebfp thu ki\u1ebfn th\u1ee9c m\u1ed9t c\u00e1ch tr\u00f4i ch\u1ea3y h\u01a1n.<\/p>\n\n\n\n<p>Kh\u00f3a \u0111\u00e0o t\u1ea1o n\u00e0y r\u1ea5t ph\u00f9 h\u1ee3p cho:<\/p>\n\n\n\n<ul style=\"padding-top:0;padding-right:var(--wp--preset--spacing--30);padding-bottom:0;padding-left:var(--wp--preset--spacing--30)\" class=\"wp-block-list\">\n<li>H\u1ecdc c\u00e1ch giao d\u1ecbch<\/li>\n\n\n\n<li>L\u00e0m quen v\u1edbi c\u00e1c c\u00f4ng c\u1ee5 v\u00e0 n\u1ec1n t\u1ea3ng giao d\u1ecbch,<\/li>\n\n\n\n<li>Hi\u1ec3u r\u00f5 c\u00e1c thu\u1eadt ng\u1eef v\u00e0 c\u01a1 ch\u1ebf c\u1ee7a th\u1ecb tr\u01b0\u1eddng,<\/li>\n\n\n\n<li>H\u00ecnh th\u00e0nh nh\u1eefng k\u1ef9 n\u0103ng c\u01a1 b\u1ea3n v\u1ec1 ph\u00e2n t\u00edch v\u00e0 qu\u1ea3n l\u00fd r\u1ee7i ro.<\/li>\n<\/ul>\n\n\n\n<p>Ch\u01b0\u01a1ng tr\u00ecnh bao g\u1ed3m 7 m\u00f4-\u0111un v\u00e0 nhi\u1ec1u t\u00e0i li\u1ec7u PDF h\u1eefu \u00edch:<\/p>\n\n\n\n<ul class=\"wp-block-list\">\n<li>H\u1ecdc nh\u1eefng ki\u1ebfn th\u1ee9c c\u01a1 b\u1ea3n v\u1ec1 giao d\u1ecbch<\/li>\n\n\n\n<li>Hi\u1ec3u c\u00e1ch th\u1ecb tr\u01b0\u1eddng Forex ho\u1ea1t \u0111\u1ed9ng<\/li>\n\n\n\n<li>M\u1edf t\u00e0i kho\u1ea3n giao d\u1ecbch<\/li>\n\n\n\n<li>L\u00e0m quen v\u1edbi ph\u00e2n t\u00edch k\u1ef9 thu\u1eadt<\/li>\n\n\n\n<li>Theo d\u00f5i tin t\u1ee9c kinh t\u1ebf<\/li>\n\n\n\n<li>N\u1eafm v\u1eefng k\u1ef9 n\u0103ng qu\u1ea3n l\u00fd v\u1ed1n<\/li>\n\n\n\n<li>X\u00e2y d\u1ef1ng chi\u1ebfn l\u01b0\u1ee3c giao d\u1ecbch<\/li>\n<\/ul>\n<\/div>\n<\/div>\n\n\t<\/sc-form>\n<\/sc-checkout>\n<\/div>\n\t\t\t\t\t\t<\/div>\n\t\t\t\t<\/div>\n\t\t\t\t<div class=\"elementor-element elementor-element-1fac5f4 elementor-widget elementor-widget-image\" data-id=\"1fac5f4\" data-element_type=\"widget\" data-e-type=\"widget\" data-widget_type=\"image.default\">\n\t\t\t\t\t\t\t\t\t\t\t\t\t\t\t<img fetchpriority=\"high\" decoding=\"async\" width=\"2560\" height=\"1368\" src=\"https:\/\/xenesyproject.com\/wp-content\/uploads\/trading-xenesy-scaled-3.webp\" class=\"attachment-full size-full wp-image-37761\" alt=\"c\u00e1c t\u00e0i nguy\u00ean giao d\u1ecbch mi\u1ec5n ph\u00ed c\u1ee7a ch\u00fang t\u00f4i\" srcset=\"https:\/\/xenesyproject.com\/wp-content\/uploads\/trading-xenesy-scaled-3.webp 2560w, https:\/\/xenesyproject.com\/wp-content\/uploads\/trading-xenesy-scaled-3-300x160.webp 300w, https:\/\/xenesyproject.com\/wp-content\/uploads\/trading-xenesy-scaled-3-1024x547.webp 1024w, https:\/\/xenesyproject.com\/wp-content\/uploads\/trading-xenesy-scaled-3-768x410.webp 768w, https:\/\/xenesyproject.com\/wp-content\/uploads\/trading-xenesy-scaled-3-1536x821.webp 1536w, https:\/\/xenesyproject.com\/wp-content\/uploads\/trading-xenesy-scaled-3-2048x1094.webp 2048w, https:\/\/xenesyproject.com\/wp-content\/uploads\/trading-xenesy-scaled-3-18x10.webp 18w\" sizes=\"(max-width: 2560px) 100vw, 2560px\" \/>\t\t\t\t\t\t\t\t\t\t\t\t\t\t\t<\/div>\n\t\t\t\t<\/div>\n\t\t\t\t<\/div>\n\t\t\t\t\t<\/div>\n\t\t\t\t<\/div>\n\t\t\t\t<\/div>","protected":false},"excerpt":{"rendered":"<p>Thanh to\u00e1n<\/p>","protected":false},"author":1,"featured_media":0,"parent":0,"menu_order":0,"comment_status":"closed","ping_status":"closed","template":"elementor_canvas","meta":{"_surecart_dashboard_logo_width":"180px","_surecart_dashboard_show_logo":true,"_surecart_dashboard_navigation_orders":true,"_surecart_dashboard_navigation_invoices":true,"_surecart_dashboard_navigation_subscriptions":true,"_surecart_dashboard_navigation_downloads":true,"_surecart_dashboard_navigation_billing":true,"_surecart_dashboard_navigation_account":true,"site-sidebar-layout":"no-sidebar","site-content-layout":"page-builder","ast-site-content-layout":"full-width-container","site-content-style":"default","site-sidebar-style":"default","ast-global-header-display":"","ast-banner-title-visibility":"","ast-main-header-display":"","ast-hfb-above-header-display":"","ast-hfb-below-header-display":"","ast-hfb-mobile-header-display":"","site-post-title":"","ast-breadcrumbs-content":"","ast-featured-img":"disabled","footer-sml-layout":"","ast-disable-related-posts":"","theme-transparent-header-meta":"","adv-header-id-meta":"","stick-header-meta":"","header-above-stick-meta":"","header-main-stick-meta":"","header-below-stick-meta":"","astra-migrate-meta-layouts":"set","ast-page-background-enabled":"default","ast-page-background-meta":{"desktop":{"background-color":"var(--ast-global-color-4)","background-image":"","background-repeat":"repeat","background-position":"center center","background-size":"auto","background-attachment":"scroll","background-type":"","background-media":"","overlay-type":"","overlay-color":"","overlay-opacity":"","overlay-gradient":""},"tablet":{"background-color":"","background-image":"","background-repeat":"repeat","background-position":"center center","background-size":"auto","background-attachment":"scroll","background-type":"","background-media":"","overlay-type":"","overlay-color":"","overlay-opacity":"","overlay-gradient":""},"mobile":{"background-color":"","background-image":"","background-repeat":"repeat","background-position":"center center","background-size":"auto","background-attachment":"scroll","background-type":"","background-media":"","overlay-type":"","overlay-color":"","overlay-opacity":"","overlay-gradient":""}},"ast-content-background-meta":{"desktop":{"background-color":"var(--ast-global-color-5)","background-image":"","background-repeat":"repeat","background-position":"center center","background-size":"auto","background-attachment":"scroll","background-type":"","background-media":"","overlay-type":"","overlay-color":"","overlay-opacity":"","overlay-gradient":""},"tablet":{"background-color":"var(--ast-global-color-5)","background-image":"","background-repeat":"repeat","background-position":"center center","background-size":"auto","background-attachment":"scroll","background-type":"","background-media":"","overlay-type":"","overlay-color":"","overlay-opacity":"","overlay-gradient":""},"mobile":{"background-color":"var(--ast-global-color-5)","background-image":"","background-repeat":"repeat","background-position":"center center","background-size":"auto","background-attachment":"scroll","background-type":"","background-media":"","overlay-type":"","overlay-color":"","overlay-opacity":"","overlay-gradient":""}},"footnotes":""},"wf_page_folders":[],"class_list":["post-39706","page","type-page","status-publish","hentry"],"_links":{"self":[{"href":"https:\/\/xenesyproject.com\/vi\/wp-json\/wp\/v2\/pages\/39706","targetHints":{"allow":["GET"]}}],"collection":[{"href":"https:\/\/xenesyproject.com\/vi\/wp-json\/wp\/v2\/pages"}],"about":[{"href":"https:\/\/xenesyproject.com\/vi\/wp-json\/wp\/v2\/types\/page"}],"author":[{"embeddable":true,"href":"https:\/\/xenesyproject.com\/vi\/wp-json\/wp\/v2\/users\/1"}],"replies":[{"embeddable":true,"href":"https:\/\/xenesyproject.com\/vi\/wp-json\/wp\/v2\/comments?post=39706"}],"version-history":[{"count":5,"href":"https:\/\/xenesyproject.com\/vi\/wp-json\/wp\/v2\/pages\/39706\/revisions"}],"predecessor-version":[{"id":40637,"href":"https:\/\/xenesyproject.com\/vi\/wp-json\/wp\/v2\/pages\/39706\/revisions\/40637"}],"wp:attachment":[{"href":"https:\/\/xenesyproject.com\/vi\/wp-json\/wp\/v2\/media?parent=39706"}],"wp:term":[{"taxonomy":"wf_page_folders","embeddable":true,"href":"https:\/\/xenesyproject.com\/vi\/wp-json\/wp\/v2\/wf_page_folders?post=39706"}],"curies":[{"name":"wp","href":"https:\/\/api.w.org\/{rel}","templated":true}]}}