{"id":39782,"date":"2026-01-10T07:55:52","date_gmt":"2026-01-10T06:55:52","guid":{"rendered":"https:\/\/xenesyproject.com\/?page_id=39782"},"modified":"2026-02-10T09:24:20","modified_gmt":"2026-02-10T08:24:20","slug":"hoc-cach-giao-dich","status":"publish","type":"page","link":"https:\/\/xenesyproject.com\/vi\/hoc-cach-giao-dich\/","title":{"rendered":"H\u1ecdc c\u00e1ch giao d\u1ecbch"},"content":{"rendered":"<div data-elementor-type=\"wp-page\" data-elementor-id=\"39782\" class=\"elementor elementor-39782\" data-elementor-post-type=\"page\">\n\t\t\t\t<div class=\"elementor-element elementor-element-111b014 e-flex e-con-boxed e-con e-parent\" data-id=\"111b014\" data-element_type=\"container\" data-e-type=\"container\">\n\t\t\t\t\t<div class=\"e-con-inner\">\n\t\t<div class=\"elementor-element elementor-element-7b5d698 e-con-full e-flex e-con e-child\" data-id=\"7b5d698\" data-element_type=\"container\" data-e-type=\"container\">\n\t\t<div class=\"elementor-element elementor-element-75b1a26 e-con-full e-flex e-con e-child\" data-id=\"75b1a26\" data-element_type=\"container\" data-e-type=\"container\">\n\t\t<div class=\"elementor-element elementor-element-e3887a3 e-con-full e-flex e-con e-child\" data-id=\"e3887a3\" data-element_type=\"container\" data-e-type=\"container\" data-settings=\"{&quot;background_background&quot;:&quot;classic&quot;}\">\n\t\t\t\t<div class=\"elementor-element elementor-element-966f543 elementor-widget elementor-widget-heading\" data-id=\"966f543\" data-element_type=\"widget\" data-e-type=\"widget\" data-widget_type=\"heading.default\">\n\t\t\t\t\t<h2 class=\"elementor-heading-title elementor-size-default\">Thanh to\u00e1n<\/h2>\t\t\t\t<\/div>\n\t\t\t\t<div class=\"elementor-element elementor-element-2458131 elementor-widget elementor-widget-shortcode\" data-id=\"2458131\" data-element_type=\"widget\" data-e-type=\"widget\" data-widget_type=\"shortcode.default\">\n\t\t\t\t\t\t\t<div class=\"elementor-shortcode\"><sc-checkout\n\tclass=\"checkout\"\n\tid=\"sc-checkout-39774\"\n\tstyle=\"text-align: left;--sc-form-row-spacing: 25px;\"\n\tmodified=\"2026-02-06 08:15:51\"\n\talignment=\"\"\n\tsuccess-url=\"\"\n>\n\t<sc-form>\n\t\t\t\t\t<sc-checkbox name=\"get_feedback\" value=\"Feedback\" style=\"display: none !important;\"><\/sc-checkbox>\n\t\t\t\t\n\n<div class=\"wp-block-surecart-columns is-full-height is-reversed-on-mobile has-background is-layout-flex wp-container-surecart-columns-is-layout-6516cd2e wp-block-surecart-columns-is-layout-flex\" style=\"background-color:#f3f4f6\">\n<div class=\"wp-block-surecart-column is-layout-constrained is-horizontally-aligned-right has-white-background-color has-background\" style=\"padding-top:60px;padding-right:60px;padding-bottom:60px;padding-left:60px;--sc-column-content-width:450px;--sc-form-row-spacing:30px\">\n\t\t<div>\n\n\t\t\t\t\t<div style=\"\">\n\t\t\n\t\t\t<img\n\t\t\t\tsrc=\"https:\/\/media.surecart.com\/a9cpii1dguxr8gsjuvclw4i3uq3f\"\n\t\t\t\tstyle=\"object-fit: contain; object-position: left;width: 120px; max-width: 180px; max-height: 100px; \"\n\t\t\t\talt=\"\"\n\t\t\t\/>\n\n\t\t\t\t\t<\/div>\n\t\t\n\t\t<\/div>\n\n\t\t\n\n\n<sc-checkout-form-errors><\/sc-checkout-form-errors>\n\n\n<sc-price-choices\n\t\t\t\t\tclass=\"wp-block-surecart-price-choice\"\n\t\t\t\t\tlabel=\"Choose A Product\"\n\t\t\t\t\ttype=\"checkbox\"\n\t\t\t\t\tcolumns=\"1\"\n\t\t\t\t>\n\t\t<sc-price-choice\n\t\t\tid=\"sc-price-choice-1\"\n\t\t\tprice-id=\"85776909-cc91-42dd-9aad-d1ab9a17775d\"\n\t\t\ttype=\"checkbox\"\n\t\t\tlabel=\"\"\n\t\t\tdescription=\"\"\n\t\t\tchecked=\"true\"\n\t\t\tshow-label=\"true\"\n\t\t\tshow-price=\"true\"\n\t\t\tshow-control=\"false\"\n\t\t\tquantity=\"1\"\n\t\t><\/sc-price-choice>\n\t\t\n<\/sc-price-choices>\n\n\n\t\t<sc-customer-email\n\t\t\tclass=\"\"\n\t\t\tlabel=\"Email\"\n\t\t\tplaceholder=\"your@email.com\"\t\t\t\t\t\t\t\t\t\t\t\trequired\n\t\t\tautocomplete='email'\n\t\t\tinputmode='email'\n\t\t>\n\t\t<\/sc-customer-email>\n\n\t\t\n\n\n<sc-customer-name label=\"Name\" placeholder=\"Your Full Name\" required class=\"wp-block-surecart-name\"><\/sc-customer-name>\n\n\n\n\t\t<sc-order-password\n\t\t\ttype=\"password\"\n\t\t\tname=\"password\"\n\t\t\tclass=\"\"\n\t\t\tlabel=\"Set A Password\"\n\t\t\thelp=\"\"\n\t\t\tautofocus=\"\"\n\t\t\tmaxlength=\"\"\n\t\t\tminlength=\"\"\n\t\t\tplaceholder=\"\"\n\t\t\tshowlabel=\"1\"\n\t\t\tsize=\"\"\n\t\t\tvalue=\"\"\n\t\t\trequired=\"true\"\n\t\t\tconfirmation=\"true\"\n\t\t\tconfirmation-label=\"Password Confirmation\"\n\t\t\tconfirmation-placeholder=\"\"\n\t\t\tconfirmation-help=\"\"\n\t\t\tenable-validation=\"true\"\n\t\t>\n\t\t<\/sc-order-password>\n\n\t\t\n\n\n\t\t<sc-payment\n\t\t\tid=\"sc-payment-0\"\n\t\t\tclass=\"\"\n\t\t>\n\t\t\t\t\t\t\t<sc-stripe-payment-element slot=\"stripe\"><\/sc-stripe-payment-element>\n\t\t\t\n\t\t\t\t\t<\/sc-payment>\n\t\t\n\n\n<sc-checkbox name=\"checkbox\" checked value=\"on\" required>T\u00f4i \u0111\u1ed3ng \u00fd v\u1edbi\u00a0<a href=\"https:\/\/xenesyproject.com\/vi\/dieu-khoan-va-dieu-kien-ban-hang\/\">\u0110i\u1ec1u kho\u1ea3n v\u00e0 \u0110i\u1ec1u ki\u1ec7n B\u00e1n h\u00e0ng<\/a><\/sc-checkbox>\n\n\n\n<sc-checkbox name=\"checkbox\" checked value=\"on\" required>T\u00f4i x\u00e1c nh\u1eadn \u0111\u00e3 \u0111\u01b0\u1ee3c th\u00f4ng b\u00e1o v\u00e0 \u0111\u1ed3ng \u00fd r\u00f5 r\u00e0ng t\u1eeb b\u1ecf quy\u1ec1n h\u1ee7y b\u1ecf h\u1ee3p \u0111\u1ed3ng c\u1ee7a m\u00ecnh, theo quy \u0111\u1ecbnh t\u1ea1i \u0110i\u1ec1u L221-28 c\u1ee7a B\u1ed9 lu\u1eadt Ti\u00eau d\u00f9ng, do vi\u1ec7c cung c\u1ea5p n\u1ed9i dung s\u1ed1 \u0111\u01b0\u1ee3c th\u1ef1c hi\u1ec7n ngay l\u1eadp t\u1ee9c<\/sc-checkbox>\n\n\n\t\t<sc-order-submit\n\t\t\ttype=\"primary\"\n\t\t\tfull=\"true\"\n\t\t\tsize=\"large\"\n\t\t\ticon=\"lock\"\t\t\tshow-total=\"true\"\n\t\t\tsecure-notice=\"true\"\n\t\t\tsecure-notice-text=\"This is a secure, encrypted payment.\"\n\t\t\t\t\t\t\t\t\tclass=\"wp-block-surecart-submit\"\n\t\t>Mua h\u00e0ng<\/sc-order-submit>\n\t\t<\/div>\n\n\n\n<div class=\"wp-block-surecart-column is-sticky is-layout-constrained is-horizontally-aligned-left\" style=\"padding-top:60px;padding-right:60px;padding-bottom:60px;padding-left:60px;--sc-column-content-width:450px;--sc-form-row-spacing:30px\">\n<sc-order-summary collapsible=\"1\" order-summary-text=\"Summary\" invoice-summary-text=\"Invoice Summary\" collapsed-on-mobile=\"1\" class=\"wp-block-surecart-totals\">\n<sc-divider><\/sc-divider>\n\n\n\n<sc-line-items removable=\"1\" editable=\"1\" class=\"wp-block-surecart-line-items\"><\/sc-line-items>\n\n\n\n<sc-divider><\/sc-divider>\n\n\n\n<sc-line-item-total total=\"subtotal\" class=\"wp-block-surecart-subtotal\"><span slot=\"description\">T\u1ed5ng ph\u1ee5<\/span><span slot=\"total-payments-description\">T\u1ed5ng s\u1ed1 ti\u1ec1n tr\u1ea3 g\u00f3p<\/span><span slot=\"first-payment-subtotal-description\">Kho\u1ea3n thanh to\u00e1n ban \u0111\u1ea7u<\/span><\/sc-line-item-total>\n\n\n<sc-line-item-trial class=\"wp-block-surecart-trial-line-item\" label=\"Trial\"><\/sc-line-item-trial>\n\n\t\t<sc-order-coupon-form\n\t\t\tlabel=\"\"\n\t\t\tplaceholder=\"Enter coupon code\"\n\t\t\tbutton-text=\"\"\n\t\t\tcollapsed>\n\t\t<\/sc-order-coupon-form>\n\t\t\n\n\n<sc-line-item-tax class=\"wp-block-surecart-tax-line-item\"><\/sc-line-item-tax>\n\n\n\n<sc-divider><\/sc-divider>\n\n\n\n<sc-line-item-total total=\"total\" size=\"large\" show-currency=\"1\" class=\"wp-block-surecart-total\"><span slot=\"title\">T\u1ed5ng c\u1ed9ng<\/span><span slot=\"subscription-title\">T\u1ed5ng s\u1ed1 ti\u1ec1n ph\u1ea3i thanh to\u00e1n h\u00f4m nay<\/span><span slot=\"first-payment-total-description\">T\u1ed5ng ph\u1ee5<\/span><span slot=\"free-trial-description\">Phi\u00ean t\u00f2a<\/span><span slot=\"due-amount-description\">S\u1ed1 ti\u1ec1n ph\u1ea3i tr\u1ea3<\/span><\/sc-line-item-total>\n<\/sc-order-summary>\n\n\n\n<p>Ch\u01b0\u01a1ng tr\u00ecnh \u0111\u01b0\u1ee3c t\u1ed5 ch\u1ee9c m\u1ed9t c\u00e1ch logic, v\u1edbi nh\u1eefng l\u1eddi gi\u1ea3i th\u00edch \u0111\u01a1n gi\u1ea3n v\u00e0 c\u00e1c h\u01b0\u1edbng d\u1eabn t\u1eebng b\u01b0\u1edbc trong su\u1ed1t qu\u00e1 tr\u00ecnh h\u1ecdc. \u0110i\u1ec1u n\u00e0y \u0111\u1ea3m b\u1ea3o t\u00ednh li\u00ean t\u1ee5c trong gi\u1ea3ng d\u1ea1y, s\u1ef1 nh\u1ea5t qu\u00e1n cao h\u01a1n trong c\u00e1c gi\u1ea3i th\u00edch v\u00e0 gi\u00fap ng\u01b0\u1eddi h\u1ecdc ti\u1ebfp thu ki\u1ebfn th\u1ee9c m\u1ed9t c\u00e1ch tr\u00f4i ch\u1ea3y h\u01a1n.<\/p>\n\n\n\n<p>Kh\u00f3a \u0111\u00e0o t\u1ea1o n\u00e0y r\u1ea5t ph\u00f9 h\u1ee3p cho:<\/p>\n\n\n\n<ul class=\"wp-block-list\">\n<li>H\u1ecdc c\u00e1ch giao d\u1ecbch<\/li>\n\n\n\n<li>L\u00e0m quen v\u1edbi c\u00e1c c\u00f4ng c\u1ee5 v\u00e0 n\u1ec1n t\u1ea3ng giao d\u1ecbch,<\/li>\n\n\n\n<li>Hi\u1ec3u r\u00f5 c\u00e1c thu\u1eadt ng\u1eef v\u00e0 c\u01a1 ch\u1ebf c\u1ee7a th\u1ecb tr\u01b0\u1eddng,<\/li>\n\n\n\n<li>H\u00ecnh th\u00e0nh nh\u1eefng k\u1ef9 n\u0103ng c\u01a1 b\u1ea3n v\u1ec1 ph\u00e2n t\u00edch v\u00e0 qu\u1ea3n l\u00fd r\u1ee7i ro.<\/li>\n<\/ul>\n\n\n\n<p>Ch\u01b0\u01a1ng tr\u00ecnh bao g\u1ed3m 7 m\u00f4-\u0111un v\u00e0 m\u1ed9t s\u1ed1 t\u00e0i li\u1ec7u PDF c\u1ee7a NEUROFOLIO:<\/p>\n\n\n\n<p>X\u00e2y d\u1ef1ng chi\u1ebfn l\u01b0\u1ee3c giao d\u1ecbch<\/p>\n\n\n\n<p>H\u1ecdc nh\u1eefng ki\u1ebfn th\u1ee9c c\u01a1 b\u1ea3n v\u1ec1 giao d\u1ecbch<\/p>\n\n\n\n<p>Hi\u1ec3u c\u00e1ch th\u1ecb tr\u01b0\u1eddng Forex ho\u1ea1t \u0111\u1ed9ng<\/p>\n\n\n\n<p>M\u1edf t\u00e0i kho\u1ea3n giao d\u1ecbch<\/p>\n\n\n\n<p>L\u00e0m quen v\u1edbi ph\u00e2n t\u00edch k\u1ef9 thu\u1eadt<\/p>\n\n\n\n<p>Theo d\u00f5i tin t\u1ee9c kinh t\u1ebf<\/p>\n\n\n\n<p>N\u1eafm v\u1eefng k\u1ef9 n\u0103ng qu\u1ea3n l\u00fd v\u1ed1n<\/p>\n<\/div>\n<\/div>\n\n\t<\/sc-form>\n<\/sc-checkout>\n<\/div>\n\t\t\t\t\t\t<\/div>\n\t\t\t\t<\/div>\n\t\t\t\t<div class=\"elementor-element elementor-element-c6f8555 elementor-widget elementor-widget-image\" data-id=\"c6f8555\" data-element_type=\"widget\" data-e-type=\"widget\" data-widget_type=\"image.default\">\n\t\t\t\t\t\t\t\t\t\t\t\t\t\t\t<img fetchpriority=\"high\" decoding=\"async\" width=\"2560\" height=\"1368\" src=\"https:\/\/xenesyproject.com\/wp-content\/uploads\/trading-xenesy-scaled-3.webp\" class=\"attachment-full size-full wp-image-37761\" alt=\"c\u00e1c t\u00e0i nguy\u00ean giao d\u1ecbch mi\u1ec5n ph\u00ed c\u1ee7a ch\u00fang t\u00f4i\" srcset=\"https:\/\/xenesyproject.com\/wp-content\/uploads\/trading-xenesy-scaled-3.webp 2560w, https:\/\/xenesyproject.com\/wp-content\/uploads\/trading-xenesy-scaled-3-300x160.webp 300w, https:\/\/xenesyproject.com\/wp-content\/uploads\/trading-xenesy-scaled-3-1024x547.webp 1024w, https:\/\/xenesyproject.com\/wp-content\/uploads\/trading-xenesy-scaled-3-768x410.webp 768w, https:\/\/xenesyproject.com\/wp-content\/uploads\/trading-xenesy-scaled-3-1536x821.webp 1536w, https:\/\/xenesyproject.com\/wp-content\/uploads\/trading-xenesy-scaled-3-2048x1094.webp 2048w, https:\/\/xenesyproject.com\/wp-content\/uploads\/trading-xenesy-scaled-3-18x10.webp 18w\" sizes=\"(max-width: 2560px) 100vw, 2560px\" \/>\t\t\t\t\t\t\t\t\t\t\t\t\t\t\t<\/div>\n\t\t\t\t<\/div>\n\t\t\t\t<\/div>\n\t\t\t\t\t<\/div>\n\t\t\t\t<\/div>\n\t\t\t\t<\/div>","protected":false},"excerpt":{"rendered":"<p>Thanh to\u00e1n<\/p>","protected":false},"author":1,"featured_media":0,"parent":0,"menu_order":0,"comment_status":"closed","ping_status":"closed","template":"elementor_canvas","meta":{"_surecart_dashboard_logo_width":"180px","_surecart_dashboard_show_logo":true,"_surecart_dashboard_navigation_orders":true,"_surecart_dashboard_navigation_invoices":true,"_surecart_dashboard_navigation_subscriptions":true,"_surecart_dashboard_navigation_downloads":true,"_surecart_dashboard_navigation_billing":true,"_surecart_dashboard_navigation_account":true,"site-sidebar-layout":"no-sidebar","site-content-layout":"page-builder","ast-site-content-layout":"full-width-container","site-content-style":"default","site-sidebar-style":"default","ast-global-header-display":"","ast-banner-title-visibility":"","ast-main-header-display":"","ast-hfb-above-header-display":"","ast-hfb-below-header-display":"","ast-hfb-mobile-header-display":"","site-post-title":"","ast-breadcrumbs-content":"","ast-featured-img":"disabled","footer-sml-layout":"","ast-disable-related-posts":"","theme-transparent-header-meta":"","adv-header-id-meta":"","stick-header-meta":"","header-above-stick-meta":"","header-main-stick-meta":"","header-below-stick-meta":"","astra-migrate-meta-layouts":"default","ast-page-background-enabled":"default","ast-page-background-meta":{"desktop":{"background-color":"var(--ast-global-color-4)","background-image":"","background-repeat":"repeat","background-position":"center center","background-size":"auto","background-attachment":"scroll","background-type":"","background-media":"","overlay-type":"","overlay-color":"","overlay-opacity":"","overlay-gradient":""},"tablet":{"background-color":"","background-image":"","background-repeat":"repeat","background-position":"center center","background-size":"auto","background-attachment":"scroll","background-type":"","background-media":"","overlay-type":"","overlay-color":"","overlay-opacity":"","overlay-gradient":""},"mobile":{"background-color":"","background-image":"","background-repeat":"repeat","background-position":"center center","background-size":"auto","background-attachment":"scroll","background-type":"","background-media":"","overlay-type":"","overlay-color":"","overlay-opacity":"","overlay-gradient":""}},"ast-content-background-meta":{"desktop":{"background-color":"var(--ast-global-color-5)","background-image":"","background-repeat":"repeat","background-position":"center center","background-size":"auto","background-attachment":"scroll","background-type":"","background-media":"","overlay-type":"","overlay-color":"","overlay-opacity":"","overlay-gradient":""},"tablet":{"background-color":"var(--ast-global-color-5)","background-image":"","background-repeat":"repeat","background-position":"center center","background-size":"auto","background-attachment":"scroll","background-type":"","background-media":"","overlay-type":"","overlay-color":"","overlay-opacity":"","overlay-gradient":""},"mobile":{"background-color":"var(--ast-global-color-5)","background-image":"","background-repeat":"repeat","background-position":"center center","background-size":"auto","background-attachment":"scroll","background-type":"","background-media":"","overlay-type":"","overlay-color":"","overlay-opacity":"","overlay-gradient":""}},"footnotes":""},"wf_page_folders":[],"class_list":["post-39782","page","type-page","status-publish","hentry"],"_links":{"self":[{"href":"https:\/\/xenesyproject.com\/vi\/wp-json\/wp\/v2\/pages\/39782","targetHints":{"allow":["GET"]}}],"collection":[{"href":"https:\/\/xenesyproject.com\/vi\/wp-json\/wp\/v2\/pages"}],"about":[{"href":"https:\/\/xenesyproject.com\/vi\/wp-json\/wp\/v2\/types\/page"}],"author":[{"embeddable":true,"href":"https:\/\/xenesyproject.com\/vi\/wp-json\/wp\/v2\/users\/1"}],"replies":[{"embeddable":true,"href":"https:\/\/xenesyproject.com\/vi\/wp-json\/wp\/v2\/comments?post=39782"}],"version-history":[{"count":11,"href":"https:\/\/xenesyproject.com\/vi\/wp-json\/wp\/v2\/pages\/39782\/revisions"}],"predecessor-version":[{"id":40794,"href":"https:\/\/xenesyproject.com\/vi\/wp-json\/wp\/v2\/pages\/39782\/revisions\/40794"}],"wp:attachment":[{"href":"https:\/\/xenesyproject.com\/vi\/wp-json\/wp\/v2\/media?parent=39782"}],"wp:term":[{"taxonomy":"wf_page_folders","embeddable":true,"href":"https:\/\/xenesyproject.com\/vi\/wp-json\/wp\/v2\/wf_page_folders?post=39782"}],"curies":[{"name":"wp","href":"https:\/\/api.w.org\/{rel}","templated":true}]}}