{"id":8422,"date":"2024-01-03T14:29:51","date_gmt":"2024-01-03T13:29:51","guid":{"rendered":"https:\/\/www.xenesyproject.com\/?page_id=8422"},"modified":"2025-04-16T10:30:53","modified_gmt":"2025-04-16T08:30:53","slug":"khoa-hoc-tu-ve-ngan-han","status":"publish","type":"page","link":"https:\/\/xenesyproject.com\/vi\/khoa-hoc-tu-ve-ngan-han\/","title":{"rendered":"KH\u00d3A H\u1eccC NG\u1eaeN H\u1ea0N \u2013 T\u1ef0 V\u1ec6"},"content":{"rendered":"<div data-elementor-type=\"wp-page\" data-elementor-id=\"8422\" class=\"elementor elementor-8422\" data-elementor-post-type=\"page\">\n\t\t\t\t\t\t<section class=\"elementor-section elementor-top-section elementor-element elementor-element-40726953 elementor-section-content-top animated-slow elementor-section-boxed elementor-section-height-default elementor-section-height-default elementor-invisible\" data-id=\"40726953\" data-element_type=\"section\" data-e-type=\"section\" data-settings=\"{&quot;background_background&quot;:&quot;classic&quot;,&quot;animation&quot;:&quot;fadeIn&quot;}\">\n\t\t\t\t\t\t<div class=\"elementor-container elementor-column-gap-default\">\n\t\t\t\t\t<div class=\"elementor-column elementor-col-100 elementor-top-column elementor-element elementor-element-5f13207a\" data-id=\"5f13207a\" data-element_type=\"column\" data-e-type=\"column\" data-settings=\"{&quot;animation&quot;:&quot;none&quot;}\">\n\t\t\t<div class=\"elementor-widget-wrap elementor-element-populated\">\n\t\t\t\t\t\t<section class=\"elementor-section elementor-inner-section elementor-element elementor-element-586d0394 elementor-reverse-mobile elementor-section-boxed elementor-section-height-default elementor-section-height-default\" data-id=\"586d0394\" data-element_type=\"section\" data-e-type=\"section\" data-settings=\"{&quot;animation&quot;:&quot;none&quot;}\">\n\t\t\t\t\t\t<div class=\"elementor-container elementor-column-gap-default\">\n\t\t\t\t\t<div class=\"elementor-column elementor-col-33 elementor-inner-column elementor-element elementor-element-1eefbb9b\" data-id=\"1eefbb9b\" data-element_type=\"column\" data-e-type=\"column\">\n\t\t\t<div class=\"elementor-widget-wrap elementor-element-populated\">\n\t\t\t\t\t\t<div class=\"elementor-element elementor-element-66beaf6 elementor-hidden-desktop elementor-hidden-tablet elementor-hidden-mobile elementor-widget elementor-widget-text-editor\" data-id=\"66beaf6\" data-element_type=\"widget\" data-e-type=\"widget\" data-widget_type=\"text-editor.default\">\n\t\t\t\t\t\t\t\t\t<p>Kh\u00f3a h\u1ecdc t\u1ef1 v\u1ec7 ng\u1eafn h\u1ea1n<\/p><p><a href=\"https:\/\/xenesy.trafft.com\/\" target=\"_blank\" rel=\"noopener\">\u0110\u1eb7t l\u1ecbch h\u1eb9n<\/a><\/p><p><a href=\"https:\/\/xenesyproject.com\/vi\">Kh\u00e1m ph\u00e1 trung t\u00e2m \u0111\u00e0o t\u1ea1o c\u1ee7a ch\u00fang t\u00f4i<\/a><\/p><h2>\u0111\u00e0o t\u1ea1o<\/h2>\t\t\t\t\t\t\t\t<\/div>\n\t\t\t\t<div class=\"elementor-element elementor-element-a9b91b8 elementor-invisible elementor-widget elementor-widget-heading\" data-id=\"a9b91b8\" data-element_type=\"widget\" data-e-type=\"widget\" data-settings=\"{&quot;_animation&quot;:&quot;fadeInUp&quot;}\" data-widget_type=\"heading.default\">\n\t\t\t\t\t<h3 class=\"elementor-heading-title elementor-size-default\">kh\u00f3a h\u1ecdc ng\u1eafn h\u1ea1n<\/h3>\t\t\t\t<\/div>\n\t\t\t\t<div class=\"elementor-element elementor-element-51ca108 elementor-invisible elementor-widget elementor-widget-heading\" data-id=\"51ca108\" data-element_type=\"widget\" data-e-type=\"widget\" data-settings=\"{&quot;_animation&quot;:&quot;fadeInUp&quot;}\" data-widget_type=\"heading.default\">\n\t\t\t\t\t<h1 class=\"elementor-heading-title elementor-size-default\">t\u1ef1 v\u1ec7<\/h1>\t\t\t\t<\/div>\n\t\t\t\t<div class=\"elementor-element elementor-element-84de129 elementor-invisible elementor-widget elementor-widget-heading\" data-id=\"84de129\" data-element_type=\"widget\" data-e-type=\"widget\" data-settings=\"{&quot;_animation&quot;:&quot;fadeInUp&quot;}\" data-widget_type=\"heading.default\">\n\t\t\t\t\t<h3 class=\"elementor-heading-title elementor-size-default\">M\u00f4 t\u1ea3<\/h3>\t\t\t\t<\/div>\n\t\t\t\t<div class=\"elementor-element elementor-element-6d096c8 elementor-invisible elementor-widget elementor-widget-text-editor\" data-id=\"6d096c8\" data-element_type=\"widget\" data-e-type=\"widget\" data-settings=\"{&quot;_animation&quot;:&quot;fadeInUp&quot;}\" data-widget_type=\"text-editor.default\">\n\t\t\t\t\t\t\t\t\t<p align=\"justify\">H\u00e3y kh\u00e1m ph\u00e1 t\u1ea7m nh\u00ecn c\u1ee7a m\u1ed9t hu\u1ea5n luy\u1ec7n vi\u00ean v\u00e0 ng\u01b0\u1eddi luy\u1ec7n t\u1eadp V\u00f5 thu\u1eadt Trung Hoa v\u1edbi h\u01a1n 25 n\u0103m kinh nghi\u1ec7m! H\u00e3y b\u1eaft \u0111\u1ea7u ch\u01b0\u01a1ng tr\u00ecnh T\u1ef1 v\u1ec7 c\u1ee7a b\u1ea1n b\u1eb1ng 4 b\u01b0\u1edbc c\u01a1 b\u1ea3n n\u00e0y \u0111\u1ec3 ph\u00e1t tri\u1ec3n k\u1ef9 n\u0103ng, c\u1ea3m th\u1ea5y an to\u00e0n h\u01a1n v\u00e0 r\u00e8n luy\u1ec7n kh\u1ea3 n\u0103ng th\u00edch \u1ee9ng c\u1ea7n thi\u1ebft khi \u0111\u1ed1i m\u1eb7t v\u1edbi c\u00e1c t\u00ecnh hu\u1ed1ng t\u1ea5n c\u00f4ng, d\u00f9 l\u00e0 v\u1ec1 th\u1ec3 ch\u1ea5t hay t\u00e2m l\u00fd. <br><br>\nB\u1ea1n c\u00f3 bi\u1ebft r\u1eb1ng 3\/4 th\u00f4ng tin m\u00e0 b\u1ea1n \u0111\u00e3 \u0111\u1ecdc ho\u1eb7c h\u1ecdc \u0111\u01b0\u1ee3c v\u1ec1 T\u1ef1 v\u1ec7 l\u00e0 sai s\u1ef1 th\u1eadt kh\u00f4ng? Cu\u1ed1n s\u00e1ch \u0111i\u1ec7n t\u1eed n\u00e0y s\u1ebd gi\u00fap b\u1ea1n nh\u1eadn ra nh\u1eefng quan ni\u1ec7m sai l\u1ea7m v\u1ec1 m\u00f4n v\u00f5 ph\u01b0\u01a1ng \u0110\u00f4ng n\u00e0y, v\u1ed1n \u0111\u00e3 tr\u1edf th\u00e0nh m\u1ed9t m\u00f4n th\u1ec3 thao \u0111\u1ed1i kh\u00e1ng \u1edf ph\u01b0\u01a1ng T\u00e2y.\n<\/p>\t\t\t\t\t\t\t\t<\/div>\n\t\t\t\t<div class=\"elementor-element elementor-element-8181e74 elementor-invisible elementor-widget elementor-widget-heading\" data-id=\"8181e74\" data-element_type=\"widget\" data-e-type=\"widget\" data-settings=\"{&quot;_animation&quot;:&quot;fadeInUp&quot;}\" data-widget_type=\"heading.default\">\n\t\t\t\t\t<h3 class=\"elementor-heading-title elementor-size-default\">Ch\u01b0\u01a1ng tr\u00ecnh kh\u00f3a \u0111\u00e0o t\u1ea1o ng\u1eafn h\u1ea1n<\/h3>\t\t\t\t<\/div>\n\t\t\t\t<div class=\"elementor-element elementor-element-bf50cf9 elementor-icon-list--layout-traditional elementor-list-item-link-full_width elementor-invisible elementor-widget elementor-widget-icon-list\" data-id=\"bf50cf9\" data-element_type=\"widget\" data-e-type=\"widget\" data-settings=\"{&quot;_animation&quot;:&quot;fadeInUp&quot;}\" data-widget_type=\"icon-list.default\">\n\t\t\t\t\t\t\t<ul class=\"elementor-icon-list-items\">\n\t\t\t\t\t\t\t<li class=\"elementor-icon-list-item\">\n\t\t\t\t\t\t\t\t\t\t\t<span class=\"elementor-icon-list-icon\">\n\t\t\t\t\t\t\t<i aria-hidden=\"true\" class=\"fas fa-dot-circle\"><\/i>\t\t\t\t\t\t<\/span>\n\t\t\t\t\t\t\t\t\t\t<span class=\"elementor-icon-list-text\">CU\u1ed8C G\u1eb6P G\u1ee0 V\u1edaI M\u1ed8T CHUY\u00caN GIA V\u1ec0 V\u00d5 THU\u1eacT<\/span>\n\t\t\t\t\t\t\t\t\t<\/li>\n\t\t\t\t\t\t\t\t<li class=\"elementor-icon-list-item\">\n\t\t\t\t\t\t\t\t\t\t\t<span class=\"elementor-icon-list-icon\">\n\t\t\t\t\t\t\t<i aria-hidden=\"true\" class=\"fas fa-dot-circle\"><\/i>\t\t\t\t\t\t<\/span>\n\t\t\t\t\t\t\t\t\t\t<span class=\"elementor-icon-list-text\">TI\u1ebeT L\u1ed8 V\u1ec0 C\u00c1CH TH\u1ef0C H\u00c0NH NGH\u1ec6 THU\u1eacT N\u00c0Y<\/span>\n\t\t\t\t\t\t\t\t\t<\/li>\n\t\t\t\t\t\t\t\t<li class=\"elementor-icon-list-item\">\n\t\t\t\t\t\t\t\t\t\t\t<span class=\"elementor-icon-list-icon\">\n\t\t\t\t\t\t\t<i aria-hidden=\"true\" class=\"fas fa-dot-circle\"><\/i>\t\t\t\t\t\t<\/span>\n\t\t\t\t\t\t\t\t\t\t<span class=\"elementor-icon-list-text\">B\u1eaeT \u0110\u1ea6U T\u1ed0T \u0110\u1eb8P<\/span>\n\t\t\t\t\t\t\t\t\t<\/li>\n\t\t\t\t\t\t\t\t<li class=\"elementor-icon-list-item\">\n\t\t\t\t\t\t\t\t\t\t\t<span class=\"elementor-icon-list-icon\">\n\t\t\t\t\t\t\t<i aria-hidden=\"true\" class=\"fas fa-dot-circle\"><\/i>\t\t\t\t\t\t<\/span>\n\t\t\t\t\t\t\t\t\t\t<span class=\"elementor-icon-list-text\">DI S\u1ea2N V\u1eacT TH\u1ec2<\/span>\n\t\t\t\t\t\t\t\t\t<\/li>\n\t\t\t\t\t\t\t\t<li class=\"elementor-icon-list-item\">\n\t\t\t\t\t\t\t\t\t\t\t<span class=\"elementor-icon-list-icon\">\n\t\t\t\t\t\t\t<i aria-hidden=\"true\" class=\"fas fa-dot-circle\"><\/i>\t\t\t\t\t\t<\/span>\n\t\t\t\t\t\t\t\t\t\t<span class=\"elementor-icon-list-text\">DI S\u1ea2N T\u00c2M L\u00dd<\/span>\n\t\t\t\t\t\t\t\t\t<\/li>\n\t\t\t\t\t\t\t\t<li class=\"elementor-icon-list-item\">\n\t\t\t\t\t\t\t\t\t\t\t<span class=\"elementor-icon-list-icon\">\n\t\t\t\t\t\t\t<i aria-hidden=\"true\" class=\"fas fa-dot-circle\"><\/i>\t\t\t\t\t\t<\/span>\n\t\t\t\t\t\t\t\t\t\t<span class=\"elementor-icon-list-text\">B\u00c0I T\u1eacP L\u00dd THUY\u1ebeT<\/span>\n\t\t\t\t\t\t\t\t\t<\/li>\n\t\t\t\t\t\t\t\t<li class=\"elementor-icon-list-item\">\n\t\t\t\t\t\t\t\t\t\t\t<span class=\"elementor-icon-list-icon\">\n\t\t\t\t\t\t\t<i aria-hidden=\"true\" class=\"fas fa-dot-circle\"><\/i>\t\t\t\t\t\t<\/span>\n\t\t\t\t\t\t\t\t\t\t<span class=\"elementor-icon-list-text\">NH\u1eeeNG L\u00dd DO \u0110\u1ec2 KH\u00d4NG H\u1eccC N\u1eeeA<\/span>\n\t\t\t\t\t\t\t\t\t<\/li>\n\t\t\t\t\t\t<\/ul>\n\t\t\t\t\t\t<\/div>\n\t\t\t\t<div class=\"elementor-element elementor-element-6c15c95 elementor-invisible elementor-widget elementor-widget-heading\" data-id=\"6c15c95\" data-element_type=\"widget\" data-e-type=\"widget\" data-settings=\"{&quot;_animation&quot;:&quot;fadeInUp&quot;}\" data-widget_type=\"heading.default\">\n\t\t\t\t\t<h3 class=\"elementor-heading-title elementor-size-default\">l\u1eddi khuy\u00ean c\u1ee7a ch\u00fang t\u00f4i<\/h3>\t\t\t\t<\/div>\n\t\t\t\t<div class=\"elementor-element elementor-element-728e2ec elementor-invisible elementor-widget elementor-widget-text-editor\" data-id=\"728e2ec\" data-element_type=\"widget\" data-e-type=\"widget\" data-settings=\"{&quot;_animation&quot;:&quot;fadeInUp&quot;}\" data-widget_type=\"text-editor.default\">\n\t\t\t\t\t\t\t\t\t<p align=\"justify\">H\u00e3y chu\u1ea9n b\u1ecb m\u1ed9t t\u1edd gi\u1ea5y tr\u1eafng v\u00e0 m\u1ed9t c\u00e2y b\u00fat, t\u00ecm m\u1ed9t n\u01a1i y\u00ean t\u0129nh \u0111\u1ec3 ti\u1ebfp thu t\u1eebng th\u00f4ng tin \u0111\u01b0\u1ee3c cung c\u1ea5p. B\u1ea1n n\u00ean \u0111\u1ecdc h\u1ebft cu\u1ed1n s\u00e1ch tr\u01b0\u1edbc ti\u00ean, sau \u0111\u00f3 \u0111\u1ecdc l\u1ea1i v\u00e0 ghi ch\u00e9p l\u1ea1i nh\u1eefng \u0111i\u1ec3m ch\u00ednh.<\/p><p>Th\u00f4ng tin h\u1eefu \u00edch: B\u1ea1n c\u00f3 th\u1ec3 ti\u1ebfp t\u1ee5c kh\u00f3a h\u1ecdc ng\u1eafn n\u00e0y v\u1edbi <a href=\"https:\/\/xenesyproject.com\/vi\/hoi-thao-ve-tu-ve\/\">bu\u1ed5i h\u1ed9i th\u1ea3o v\u1ec1 t\u1ef1 v\u1ec7 c\u1ee7a ch\u00fang t\u00f4i<\/a>.<\/p>\t\t\t\t\t\t\t\t<\/div>\n\t\t\t\t\t<\/div>\n\t\t<\/div>\n\t\t\t\t<div class=\"elementor-column elementor-col-33 elementor-inner-column elementor-element elementor-element-7cb9369c\" data-id=\"7cb9369c\" data-element_type=\"column\" data-e-type=\"column\">\n\t\t\t<div class=\"elementor-widget-wrap\">\n\t\t\t\t\t\t\t<\/div>\n\t\t<\/div>\n\t\t\t\t<div class=\"elementor-column elementor-col-33 elementor-inner-column elementor-element elementor-element-2233ef2f\" data-id=\"2233ef2f\" data-element_type=\"column\" data-e-type=\"column\">\n\t\t\t<div class=\"elementor-widget-wrap elementor-element-populated\">\n\t\t\t\t\t\t<div class=\"elementor-element elementor-element-754386f elementor-invisible elementor-widget elementor-widget-image\" data-id=\"754386f\" data-element_type=\"widget\" data-e-type=\"widget\" data-settings=\"{&quot;_animation&quot;:&quot;fadeInUp&quot;}\" data-widget_type=\"image.default\">\n\t\t\t\t\t\t\t\t\t\t\t\t\t\t\t<img fetchpriority=\"high\" decoding=\"async\" width=\"1024\" height=\"1024\" src=\"https:\/\/xenesyproject.com\/wp-content\/uploads\/livre-sd-1024x1024.webp\" class=\"attachment-large size-large wp-image-25103\" alt=\"Kh\u00e1m ph\u00e1 v\u00f5 t\u1ef1 v\u1ec7\" srcset=\"https:\/\/xenesyproject.com\/wp-content\/uploads\/livre-sd-1024x1024.webp 1024w, https:\/\/xenesyproject.com\/wp-content\/uploads\/livre-sd-300x300.webp 300w, https:\/\/xenesyproject.com\/wp-content\/uploads\/livre-sd-150x150.webp 150w, https:\/\/xenesyproject.com\/wp-content\/uploads\/livre-sd-768x768.webp 768w, https:\/\/xenesyproject.com\/wp-content\/uploads\/livre-sd-1536x1536.webp 1536w, https:\/\/xenesyproject.com\/wp-content\/uploads\/livre-sd-12x12.webp 12w, https:\/\/xenesyproject.com\/wp-content\/uploads\/livre-sd-600x600.webp 600w, https:\/\/xenesyproject.com\/wp-content\/uploads\/livre-sd-100x100.webp 100w, https:\/\/xenesyproject.com\/wp-content\/uploads\/livre-sd.webp 2000w\" sizes=\"(max-width: 1024px) 100vw, 1024px\" \/>\t\t\t\t\t\t\t\t\t\t\t\t\t\t\t<\/div>\n\t\t\t\t<div class=\"elementor-element elementor-element-52724fb elementor-invisible elementor-widget elementor-widget-heading\" data-id=\"52724fb\" data-element_type=\"widget\" data-e-type=\"widget\" data-settings=\"{&quot;_animation&quot;:&quot;fadeInUp&quot;}\" data-widget_type=\"heading.default\">\n\t\t\t\t\t<h2 class=\"elementor-heading-title elementor-size-default\">GI\u1edaI THI\u1ec6U<\/h2>\t\t\t\t<\/div>\n\t\t\t\t<div class=\"elementor-element elementor-element-2621e78 elementor-widget elementor-widget-ucaddon_dropdown_button\" data-id=\"2621e78\" data-element_type=\"widget\" data-e-type=\"widget\" data-widget_type=\"ucaddon_dropdown_button.default\">\n\t\t\t\t<div class=\"elementor-widget-container\">\n\t\t\t\t\t\t\t\t\t<\/div>\n\t\t\t\t<\/div>\n\t\t\t\t<div class=\"elementor-element elementor-element-c73a0c1 elementor-mobile-align-center elementor-invisible elementor-widget elementor-widget-button\" data-id=\"c73a0c1\" data-element_type=\"widget\" data-e-type=\"widget\" data-settings=\"{&quot;_animation&quot;:&quot;zoomIn&quot;}\" data-widget_type=\"button.default\">\n\t\t\t\t\t\t\t\t\t\t<a class=\"elementor-button elementor-button-link elementor-size-sm\" href=\"https:\/\/xenesyproject.com\/vi\/dang-nhap-vao-cong-thong-tin\/\">\n\t\t\t\t\t\t<span class=\"elementor-button-content-wrapper\">\n\t\t\t\t\t\t\t\t\t<span class=\"elementor-button-text\">\u0110\u0103ng nh\u1eadp ho\u1eb7c \u0111\u0103ng k\u00fd<\/span>\n\t\t\t\t\t<\/span>\n\t\t\t\t\t<\/a>\n\t\t\t\t\t\t\t\t<\/div>\n\t\t\t\t<div class=\"elementor-element elementor-element-5b578f5 elementor-invisible elementor-widget elementor-widget-text-editor\" data-id=\"5b578f5\" data-element_type=\"widget\" data-e-type=\"widget\" data-settings=\"{&quot;_animation&quot;:&quot;zoomIn&quot;}\" data-widget_type=\"text-editor.default\">\n\t\t\t\t\t\t\t\t\t<p>\u0110\u1ec3 truy c\u1eadp kh\u00f3a h\u1ecdc ng\u1eafn n\u00e0y, b\u1ea1n c\u1ea7n \u0111\u0103ng nh\u1eadp ho\u1eb7c \u0111\u0103ng k\u00fd.<\/p>\t\t\t\t\t\t\t\t<\/div>\n\t\t\t\t<div class=\"elementor-element elementor-element-2d57ac7e elementor-invisible elementor-widget elementor-widget-ucaddon_step_process\" data-id=\"2d57ac7e\" data-element_type=\"widget\" data-e-type=\"widget\" data-settings=\"{&quot;_animation&quot;:&quot;fadeInUp&quot;}\" data-widget_type=\"ucaddon_step_process.default\">\n\t\t\t\t<div class=\"elementor-widget-container\">\n\t\t\t\t\t<!-- start Step Process -->\n\n\t\t\t<style type=\"text\/css\">\/* widget: Step Process *\/\n\n#uc_step_process_elementor_2d57ac7e\n{\n  display:flex;\n}\n\n#uc_step_process_elementor_2d57ac7e .ue-link\n{\n  display:block;\n  position:absolute;\n  top:0px;\n  bottom:0px;\n  left:0px;\n  right:0px;\n}\n\n#uc_step_process_elementor_2d57ac7e .ue-step-item\n{\n  flex:1;\n  display:flex;\n  flex-direction:column;\n  position:relative;\n}\n#uc_step_process_elementor_2d57ac7e .ue-item-highlight\n{\n  display: flex;\n  align-items:center;\n  \n}\n\n#uc_step_process_elementor_2d57ac7e .ue-step-item-gap\n{\n  flex-grow:0;\n  flex-shrink:0;\n}\n\n#uc_step_process_elementor_2d57ac7e .ue-step-item-line\n{\n  height:0px;\n  flex-grow:1;\n}\n\n#uc_step_process_elementor_2d57ac7e .ue-step-icon\n{\n  display:flex;\n  justify-content:center;\n  align-items:center;\n  flex-grow:0;\n  flex-shrink:0;\n  position:relative;\n  line-height:1em;\n  transition:0.3s;\n}\n\n#uc_step_process_elementor_2d57ac7e .ue-icon svg\n{\n  height:1em;\n  width:1em;\n}\n\n#uc_step_process_elementor_2d57ac7e .ue-step-label\n{\n  position:absolute;\n  left:0px;\n  bottom:0px;\n  display:flex;\n  justify-content:center;\n  align-items:center;\n}\n.ue-step-label\n{\n  font-size:9px;\n  line-height:1em;\n}\n\n#uc_step_process_elementor_2d57ac7e .ue-step-item-content\n{\n}\n\n#uc_step_process_elementor_2d57ac7e .ue-step-item:last-child .ue-step-item-line:last-child\n{\n  opacity:0;\n}\n\n#uc_step_process_elementor_2d57ac7e .ue-step-item:first-child .ue-step-item-line:first-child\n{\n  opacity:0;\n}\n\n#uc_step_process_elementor_2d57ac7e .ue-step-item-spacer\n{\n  flex-grow:0;\n  flex-shrink:0;\n  \n}\n\n#uc_step_process_elementor_2d57ac7e .ue-graphic-image img\n{\n  \n}\n\n\n#uc_step_process_elementor_2d57ac7e.uc-remote-parent .ue-step-item\n{\n  cursor:pointer;\n}\n\n\n\n\t#uc_step_process_elementor_2d57ac7e\n    {\n      flex-direction:column;\n    }\n  \n  #uc_step_process_elementor_2d57ac7e .ue-step-item\n  {\n    flex-direction:row;\n  }\n  \n  #uc_step_process_elementor_2d57ac7e .ue-item-highlight\n  {\n    flex-direction:column;\n  }\n  \n   #uc_step_process_elementor_2d57ac7e .ue-step-item .ue-step-item-line:first-child\n    {\n      display:none;\n    }\n  \n\n    #uc_step_process_elementor_2d57ac7e  .ue-step-item-gap:nth-child(2)\n     {\n      display:none;    \n      }\n   #uc_step_process_elementor_2d57ac7e  .ue-step-item-line:first-child\n      {\n      display:none;    \n      }\n  \n    #uc_step_process_elementor_2d57ac7e  .ue-step-item-line\n      {\n        height:100%;\n        width:0px;\n      }\n\n\n\n\n\n\n<\/style>\n\n\t\t\t<div id=\"uc_step_process_elementor_2d57ac7e\" class=\"\" >\n <div class=\"ue-step-item ue-item elementor-repeater-item-955378e\">\n    <div class=\"ue-item-highlight\">\n      \n      <div class=\"ue-step-item-line\"><\/div>\n      <div class=\"ue-step-item-gap\"><\/div>\n      <div class=\"ue-step-icon elementor-animation-grow\">\n        <span class=\"ue-icon\"><i class=''><\/i><\/span>                        \n              <\/div>\n      <div class=\"ue-step-item-gap\"><\/div>\n      <div class=\"ue-step-item-line\"><\/div>\n      \n    <\/div>\n    \n    <div class=\"ue-step-item-spacer\"><\/div>\n    \n    <div class=\"ue-step-item-content\">  \n       <div class=\"ue-step-item-content-title\">Th\u1eddi gian \u0111\u1ecdc<\/div>       <div class=\"ue-step-item-content-text\">1 gi\u1edd 30 ph\u00fat<\/div>    <\/div>\n  \n    <\/div>\n<div class=\"ue-step-item ue-item elementor-repeater-item-8d5b019\">\n    <div class=\"ue-item-highlight\">\n      \n      <div class=\"ue-step-item-line\"><\/div>\n      <div class=\"ue-step-item-gap\"><\/div>\n      <div class=\"ue-step-icon elementor-animation-grow\">\n        <span class=\"ue-icon\"><i class=''><\/i><\/span>                        \n              <\/div>\n      <div class=\"ue-step-item-gap\"><\/div>\n      <div class=\"ue-step-item-line\"><\/div>\n      \n    <\/div>\n    \n    <div class=\"ue-step-item-spacer\"><\/div>\n    \n    <div class=\"ue-step-item-content\">  \n       <div class=\"ue-step-item-content-title\">kh\u00f3 kh\u0103n<\/div>       <div class=\"ue-step-item-content-text\">Trung b\u00ecnh<\/div>    <\/div>\n  \n    <\/div>\n<div class=\"ue-step-item ue-item elementor-repeater-item-151dfb7\">\n    <div class=\"ue-item-highlight\">\n      \n      <div class=\"ue-step-item-line\"><\/div>\n      <div class=\"ue-step-item-gap\"><\/div>\n      <div class=\"ue-step-icon elementor-animation-grow\">\n        <span class=\"ue-icon\"><i class=''><\/i><\/span>                        \n              <\/div>\n      <div class=\"ue-step-item-gap\"><\/div>\n      <div class=\"ue-step-item-line\"><\/div>\n      \n    <\/div>\n    \n    <div class=\"ue-step-item-spacer\"><\/div>\n    \n    <div class=\"ue-step-item-content\">  \n       <div class=\"ue-step-item-content-title\">D\u1ecbch<\/div>       <div class=\"ue-step-item-content-text\">C\u00f3 s\u1eb5n b\u1eb1ng ti\u1ebfng Ph\u00e1p v\u00e0 ti\u1ebfng Anh<\/div>    <\/div>\n  \n    <\/div>\n<div class=\"ue-step-item ue-item elementor-repeater-item-1843ddb\">\n    <div class=\"ue-item-highlight\">\n      \n      <div class=\"ue-step-item-line\"><\/div>\n      <div class=\"ue-step-item-gap\"><\/div>\n      <div class=\"ue-step-icon elementor-animation-grow\">\n        <span class=\"ue-icon\"><i class=''><\/i><\/span>                        \n              <\/div>\n      <div class=\"ue-step-item-gap\"><\/div>\n      <div class=\"ue-step-item-line\"><\/div>\n      \n    <\/div>\n    \n    <div class=\"ue-step-item-spacer\"><\/div>\n    \n    <div class=\"ue-step-item-content\">  \n       <div class=\"ue-step-item-content-title\">\u0111i\u1ec1u ki\u1ec7n ti\u00ean quy\u1ebft<\/div>       <div class=\"ue-step-item-content-text\">Kh\u00f4ng c\u00f3<\/div>    <\/div>\n  \n    <\/div>\n\n<\/div>\n\t\t\t<!-- end Step Process -->\t\t\t\t<\/div>\n\t\t\t\t<\/div>\n\t\t\t\t\t<\/div>\n\t\t<\/div>\n\t\t\t\t\t<\/div>\n\t\t<\/section>\n\t\t\t\t\t<\/div>\n\t\t<\/div>\n\t\t\t\t\t<\/div>\n\t\t<\/section>\n\t\t\t\t<\/div>","protected":false},"excerpt":{"rendered":"<p>Mini formation self d\u00e9fense Prendre rendez-vous D\u00e9couvrir notre centre de formation formation mini-formation self defense Description D\u00e9couvrez la vision d\u2019un instructeur et pratiquant en Arts Martiaux Chinois depuis plus de 25 ann\u00e9es ! Commencez votre programme de Self D\u00e9fense par ces 4 \u00e9tapes fondamentales pour \u00e9voluer, se sentir davantage en s\u00e9curit\u00e9 et acqu\u00e9rir une adaptabilit\u00e9 [&hellip;]<\/p>\n","protected":false},"author":1,"featured_media":0,"parent":0,"menu_order":2,"comment_status":"closed","ping_status":"closed","template":"elementor_header_footer","meta":{"_surecart_dashboard_logo_width":"180px","_surecart_dashboard_show_logo":true,"_surecart_dashboard_navigation_orders":true,"_surecart_dashboard_navigation_invoices":true,"_surecart_dashboard_navigation_subscriptions":true,"_surecart_dashboard_navigation_downloads":true,"_surecart_dashboard_navigation_billing":true,"_surecart_dashboard_navigation_account":true,"site-sidebar-layout":"no-sidebar","site-content-layout":"page-builder","ast-site-content-layout":"default","site-content-style":"default","site-sidebar-style":"default","ast-global-header-display":"","ast-banner-title-visibility":"","ast-main-header-display":"","ast-hfb-above-header-display":"","ast-hfb-below-header-display":"","ast-hfb-mobile-header-display":"","site-post-title":"disabled","ast-breadcrumbs-content":"","ast-featured-img":"disabled","footer-sml-layout":"","ast-disable-related-posts":"","theme-transparent-header-meta":"","adv-header-id-meta":"","stick-header-meta":"","header-above-stick-meta":"","header-main-stick-meta":"","header-below-stick-meta":"","astra-migrate-meta-layouts":"default","ast-page-background-enabled":"default","ast-page-background-meta":{"desktop":{"background-color":"var(--ast-global-color-4)","background-image":"","background-repeat":"repeat","background-position":"center center","background-size":"auto","background-attachment":"scroll","background-type":"","background-media":"","overlay-type":"","overlay-color":"","overlay-opacity":"","overlay-gradient":""},"tablet":{"background-color":"","background-image":"","background-repeat":"repeat","background-position":"center center","background-size":"auto","background-attachment":"scroll","background-type":"","background-media":"","overlay-type":"","overlay-color":"","overlay-opacity":"","overlay-gradient":""},"mobile":{"background-color":"","background-image":"","background-repeat":"repeat","background-position":"center center","background-size":"auto","background-attachment":"scroll","background-type":"","background-media":"","overlay-type":"","overlay-color":"","overlay-opacity":"","overlay-gradient":""}},"ast-content-background-meta":{"desktop":{"background-color":"var(--ast-global-color-5)","background-image":"","background-repeat":"repeat","background-position":"center center","background-size":"auto","background-attachment":"scroll","background-type":"","background-media":"","overlay-type":"","overlay-color":"","overlay-opacity":"","overlay-gradient":""},"tablet":{"background-color":"var(--ast-global-color-5)","background-image":"","background-repeat":"repeat","background-position":"center center","background-size":"auto","background-attachment":"scroll","background-type":"","background-media":"","overlay-type":"","overlay-color":"","overlay-opacity":"","overlay-gradient":""},"mobile":{"background-color":"var(--ast-global-color-5)","background-image":"","background-repeat":"repeat","background-position":"center center","background-size":"auto","background-attachment":"scroll","background-type":"","background-media":"","overlay-type":"","overlay-color":"","overlay-opacity":"","overlay-gradient":""}},"footnotes":""},"wf_page_folders":[151],"class_list":["post-8422","page","type-page","status-publish","hentry"],"_links":{"self":[{"href":"https:\/\/xenesyproject.com\/vi\/wp-json\/wp\/v2\/pages\/8422","targetHints":{"allow":["GET"]}}],"collection":[{"href":"https:\/\/xenesyproject.com\/vi\/wp-json\/wp\/v2\/pages"}],"about":[{"href":"https:\/\/xenesyproject.com\/vi\/wp-json\/wp\/v2\/types\/page"}],"author":[{"embeddable":true,"href":"https:\/\/xenesyproject.com\/vi\/wp-json\/wp\/v2\/users\/1"}],"replies":[{"embeddable":true,"href":"https:\/\/xenesyproject.com\/vi\/wp-json\/wp\/v2\/comments?post=8422"}],"version-history":[{"count":0,"href":"https:\/\/xenesyproject.com\/vi\/wp-json\/wp\/v2\/pages\/8422\/revisions"}],"wp:attachment":[{"href":"https:\/\/xenesyproject.com\/vi\/wp-json\/wp\/v2\/media?parent=8422"}],"wp:term":[{"taxonomy":"wf_page_folders","embeddable":true,"href":"https:\/\/xenesyproject.com\/vi\/wp-json\/wp\/v2\/wf_page_folders?post=8422"}],"curies":[{"name":"wp","href":"https:\/\/api.w.org\/{rel}","templated":true}]}}