{"id":12394,"date":"2024-01-03T14:29:48","date_gmt":"2024-01-03T13:29:48","guid":{"rendered":"https:\/\/xenesyproject.com\/?page_id=12394"},"modified":"2025-04-16T10:30:41","modified_gmt":"2025-04-16T08:30:41","slug":"%e8%bf%b7%e4%bd%a0%e5%87%8f%e8%82%a5%e8%ae%ad%e7%bb%83-2","status":"publish","type":"page","link":"https:\/\/xenesyproject.com\/zh\/%e8%bf%b7%e4%bd%a0%e5%87%8f%e8%82%a5%e8%ae%ad%e7%bb%83-2\/","title":{"rendered":"\u8ff7\u4f60\u8bad\u7ec3 - \u51cf\u80a5"},"content":{"rendered":"<div data-elementor-type=\"wp-page\" data-elementor-id=\"12394\" class=\"elementor elementor-12394\" data-elementor-post-type=\"page\">\n\t\t\t\t\t\t<section class=\"elementor-section elementor-top-section elementor-element elementor-element-7a108cd elementor-section-content-top animated-slow elementor-section-boxed elementor-section-height-default elementor-section-height-default elementor-invisible\" data-id=\"7a108cd\" data-element_type=\"section\" data-e-type=\"section\" data-settings=\"{&quot;background_background&quot;:&quot;classic&quot;,&quot;animation&quot;:&quot;fadeIn&quot;}\">\n\t\t\t\t\t\t<div class=\"elementor-container elementor-column-gap-default\">\n\t\t\t\t\t<div class=\"elementor-column elementor-col-100 elementor-top-column elementor-element elementor-element-11b98301\" data-id=\"11b98301\" data-element_type=\"column\" data-e-type=\"column\" data-settings=\"{&quot;animation&quot;:&quot;none&quot;}\">\n\t\t\t<div class=\"elementor-widget-wrap elementor-element-populated\">\n\t\t\t\t\t\t<section class=\"elementor-section elementor-inner-section elementor-element elementor-element-56bffea elementor-reverse-mobile elementor-section-boxed elementor-section-height-default elementor-section-height-default\" data-id=\"56bffea\" data-element_type=\"section\" data-e-type=\"section\" data-settings=\"{&quot;animation&quot;:&quot;none&quot;}\">\n\t\t\t\t\t\t<div class=\"elementor-container elementor-column-gap-default\">\n\t\t\t\t\t<div class=\"elementor-column elementor-col-33 elementor-inner-column elementor-element elementor-element-4f2b55fb\" data-id=\"4f2b55fb\" data-element_type=\"column\" data-e-type=\"column\">\n\t\t\t<div class=\"elementor-widget-wrap elementor-element-populated\">\n\t\t\t\t\t\t<div class=\"elementor-element elementor-element-09111d3 elementor-hidden-desktop elementor-hidden-tablet elementor-hidden-mobile elementor-widget elementor-widget-text-editor\" data-id=\"09111d3\" data-element_type=\"widget\" data-e-type=\"widget\" data-widget_type=\"text-editor.default\">\n\t\t\t\t\t\t\t\t\t<p>\u51cf\u80a5\u8ff7\u4f60\u57f9\u8bad\u8bfe\u7a0b<\/p><p><a href=\"https:\/\/xenesy.trafft.com\/\" target=\"_blank\" rel=\"noopener\">\u9884\u7ea6<\/a><\/p><p><a href=\"https:\/\/xenesyproject.com\/zh\">\u4e86\u89e3\u6211\u4eec\u7684\u57f9\u8bad\u4e2d\u5fc3<\/a><\/p><h2>\u57f9\u8bad<\/h2>\t\t\t\t\t\t\t\t<\/div>\n\t\t\t\t<div class=\"elementor-element elementor-element-d0f6924 elementor-invisible elementor-widget elementor-widget-heading\" data-id=\"d0f6924\" data-element_type=\"widget\" data-e-type=\"widget\" data-settings=\"{&quot;_animation&quot;:&quot;fadeInUp&quot;}\" data-widget_type=\"heading.default\">\n\t\t\t\t\t<h3 class=\"elementor-heading-title elementor-size-default\">mini-formation<\/h3>\t\t\t\t<\/div>\n\t\t\t\t<div class=\"elementor-element elementor-element-48af139 elementor-invisible elementor-widget elementor-widget-heading\" data-id=\"48af139\" data-element_type=\"widget\" data-e-type=\"widget\" data-settings=\"{&quot;_animation&quot;:&quot;fadeInUp&quot;}\" data-widget_type=\"heading.default\">\n\t\t\t\t\t<h1 class=\"elementor-heading-title elementor-size-default\">\u51cf\u80a5<\/h1>\t\t\t\t<\/div>\n\t\t\t\t<div class=\"elementor-element elementor-element-3e1b694 elementor-invisible elementor-widget elementor-widget-heading\" data-id=\"3e1b694\" data-element_type=\"widget\" data-e-type=\"widget\" data-settings=\"{&quot;_animation&quot;:&quot;fadeInUp&quot;}\" data-widget_type=\"heading.default\">\n\t\t\t\t\t<h3 class=\"elementor-heading-title elementor-size-default\">\u8bf4\u660e<\/h3>\t\t\t\t<\/div>\n\t\t\t\t<div class=\"elementor-element elementor-element-bf382e6 elementor-invisible elementor-widget elementor-widget-text-editor\" data-id=\"bf382e6\" data-element_type=\"widget\" data-e-type=\"widget\" data-settings=\"{&quot;_animation&quot;:&quot;fadeInUp&quot;}\" data-widget_type=\"text-editor.default\">\n\t\t\t\t\t\t\t\t\t<p align=\"justify\">\u5728\u8fd9\u4e2a\u8ff7\u4f60\u57f9\u8bad\u8bfe\u7a0b\u4e2d\uff0c\u4f60\u5c06\u5b66\u4e60\u5230\u51cf\u80a5\u7684\u57fa\u672c\u539f\u5219\uff0c\u5305\u62ec\u5747\u8861\u8425\u517b\u3001\u9002\u5f53\u7684\u4f53\u80b2\u953b\u70bc\u3001\u538b\u529b\u7ba1\u7406\u548c\u517b\u6210\u826f\u597d\u7684\u996e\u98df\u4e60\u60ef\u3002\u6211\u4eec\u5c06\u4e3a\u60a8\u63d0\u4f9b\u4ee5\u8bc1\u636e\u4e3a\u57fa\u7840\u7684\u4fe1\u606f\uff0c\u8ba9\u60a8\u4e86\u89e3\u51cf\u80a5\u7684\u673a\u5236\uff0c\u5e76\u5728\u996e\u98df\u548c\u8fd0\u52a8\u65b9\u9762\u505a\u51fa\u660e\u667a\u7684\u51b3\u5b9a\u3002<br><br>\u6211\u4eec\u7684\u65b9\u6cd5\u4e0d\u662f\u57fa\u4e8e\u9650\u5236\u6027\u996e\u98df\u6216\u4e34\u65f6\u6027\u7684\u5947\u8ff9\u89e3\u51b3\u65b9\u6848\u3002\u6211\u4eec\u4f1a\u6559\u4f60\u5982\u4f55\u957f\u671f\u91c7\u7528\u5065\u5eb7\u3001\u5747\u8861\u7684\u751f\u6d3b\u65b9\u5f0f\uff0c\u5e2e\u52a9\u4f60\u517b\u6210\u6301\u4e45\u7684\u751f\u6d3b\u4e60\u60ef\uff0c\u4fc3\u8fdb\u51cf\u80a5\u5e76\u4fdd\u6301\u6574\u4f53\u5065\u5eb7\u3002<br><br>\n\u65e0\u8bba\u4f60\u662f\u60f3\u591a\u51cf\u51e0\u516c\u65a4\uff0c\u8fd8\u662f\u60f3\u5f7b\u5e95\u6539\u53d8\u4f53\u578b\uff0c\u6211\u4eec\u7684\u51cf\u80a5\u57f9\u8bad\u90fd\u5c06\u5e2e\u52a9\u4f60\u638c\u63a7\u81ea\u5df1\u7684\u5065\u5eb7\u548c\u5e78\u798f\u3002\u4e0d\u8981\u518d\u8ba9 \"\u6e9c\u6e9c\u7403\u5f0f \"\u8282\u98df\u548c\u5feb\u901f\u51cf\u80a5\u65b9\u6cd5\u8ba9\u4f60\u66f4\u52a0\u6cae\u4e27\u3002<\/p>\t\t\t\t\t\t\t\t<\/div>\n\t\t\t\t<div class=\"elementor-element elementor-element-c20e759 elementor-invisible elementor-widget elementor-widget-heading\" data-id=\"c20e759\" data-element_type=\"widget\" data-e-type=\"widget\" data-settings=\"{&quot;_animation&quot;:&quot;fadeInUp&quot;}\" data-widget_type=\"heading.default\">\n\t\t\t\t\t<h3 class=\"elementor-heading-title elementor-size-default\">\u5c0f\u578b\u57f9\u8bad\u8ba1\u5212<\/h3>\t\t\t\t<\/div>\n\t\t\t\t<div class=\"elementor-element elementor-element-aa5934e elementor-icon-list--layout-traditional elementor-list-item-link-full_width elementor-invisible elementor-widget elementor-widget-icon-list\" data-id=\"aa5934e\" data-element_type=\"widget\" data-e-type=\"widget\" data-settings=\"{&quot;_animation&quot;:&quot;fadeInUp&quot;}\" data-widget_type=\"icon-list.default\">\n\t\t\t\t\t\t\t<ul class=\"elementor-icon-list-items\">\n\t\t\t\t\t\t\t<li class=\"elementor-icon-list-item\">\n\t\t\t\t\t\t\t\t\t\t\t<span class=\"elementor-icon-list-icon\">\n\t\t\t\t\t\t\t<i aria-hidden=\"true\" class=\"fas fa-dot-circle\"><\/i>\t\t\t\t\t\t<\/span>\n\t\t\t\t\t\t\t\t\t\t<span class=\"elementor-icon-list-text\">\u5bfc\u8a00<\/span>\n\t\t\t\t\t\t\t\t\t<\/li>\n\t\t\t\t\t\t\t\t<li class=\"elementor-icon-list-item\">\n\t\t\t\t\t\t\t\t\t\t\t<span class=\"elementor-icon-list-icon\">\n\t\t\t\t\t\t\t<i aria-hidden=\"true\" class=\"fas fa-dot-circle\"><\/i>\t\t\t\t\t\t<\/span>\n\t\t\t\t\t\t\t\t\t\t<span class=\"elementor-icon-list-text\">\u8bbe\u5b9a\u76ee\u6807<\/span>\n\t\t\t\t\t\t\t\t\t<\/li>\n\t\t\t\t\t\t\t\t<li class=\"elementor-icon-list-item\">\n\t\t\t\t\t\t\t\t\t\t\t<span class=\"elementor-icon-list-icon\">\n\t\t\t\t\t\t\t<i aria-hidden=\"true\" class=\"fas fa-dot-circle\"><\/i>\t\t\t\t\t\t<\/span>\n\t\t\t\t\t\t\t\t\t\t<span class=\"elementor-icon-list-text\">\u5747\u8861\u996e\u98df<\/span>\n\t\t\t\t\t\t\t\t\t<\/li>\n\t\t\t\t\t\t\t\t<li class=\"elementor-icon-list-item\">\n\t\t\t\t\t\t\t\t\t\t\t<span class=\"elementor-icon-list-icon\">\n\t\t\t\t\t\t\t<i aria-hidden=\"true\" class=\"fas fa-dot-circle\"><\/i>\t\t\t\t\t\t<\/span>\n\t\t\t\t\t\t\t\t\t\t<span class=\"elementor-icon-list-text\">\u8fd0\u52a8<\/span>\n\t\t\t\t\t\t\t\t\t<\/li>\n\t\t\t\t\t\t\t\t<li class=\"elementor-icon-list-item\">\n\t\t\t\t\t\t\t\t\t\t\t<span class=\"elementor-icon-list-icon\">\n\t\t\t\t\t\t\t<i aria-hidden=\"true\" class=\"fas fa-dot-circle\"><\/i>\t\t\t\t\t\t<\/span>\n\t\t\t\t\t\t\t\t\t\t<span class=\"elementor-icon-list-text\">\u6c34\u5408<\/span>\n\t\t\t\t\t\t\t\t\t<\/li>\n\t\t\t\t\t\t\t\t<li class=\"elementor-icon-list-item\">\n\t\t\t\t\t\t\t\t\t\t\t<span class=\"elementor-icon-list-icon\">\n\t\t\t\t\t\t\t<i aria-hidden=\"true\" class=\"fas fa-dot-circle\"><\/i>\t\t\t\t\t\t<\/span>\n\t\t\t\t\t\t\t\t\t\t<span class=\"elementor-icon-list-text\">\u70ed\u91cf\u8d64\u5b57 <\/span>\n\t\t\t\t\t\t\t\t\t<\/li>\n\t\t\t\t\t\t\t\t<li class=\"elementor-icon-list-item\">\n\t\t\t\t\t\t\t\t\t\t\t<span class=\"elementor-icon-list-icon\">\n\t\t\t\t\t\t\t<i aria-hidden=\"true\" class=\"fas fa-dot-circle\"><\/i>\t\t\t\t\t\t<\/span>\n\t\t\t\t\t\t\t\t\t\t<span class=\"elementor-icon-list-text\">\u8865\u5145\u5efa\u8bae<\/span>\n\t\t\t\t\t\t\t\t\t<\/li>\n\t\t\t\t\t\t<\/ul>\n\t\t\t\t\t\t<\/div>\n\t\t\t\t<div class=\"elementor-element elementor-element-24dbdee elementor-invisible elementor-widget elementor-widget-heading\" data-id=\"24dbdee\" data-element_type=\"widget\" data-e-type=\"widget\" data-settings=\"{&quot;_animation&quot;:&quot;fadeInUp&quot;}\" data-widget_type=\"heading.default\">\n\t\t\t\t\t<h3 class=\"elementor-heading-title elementor-size-default\">notre conseil<\/h3>\t\t\t\t<\/div>\n\t\t\t\t<div class=\"elementor-element elementor-element-1884b38 elementor-invisible elementor-widget elementor-widget-text-editor\" data-id=\"1884b38\" data-element_type=\"widget\" data-e-type=\"widget\" data-settings=\"{&quot;_animation&quot;:&quot;fadeInUp&quot;}\" data-widget_type=\"text-editor.default\">\n\t\t\t\t\t\t\t\t\t<p align=\"justify\">\u7ed9\u81ea\u5df1\u51c6\u5907\u4e00\u5f20\u767d\u7eb8\u548c\u4e00\u652f\u7b14\uff0c\u7136\u540e\u627e\u4e2a\u5b89\u9759\u7684\u5730\u65b9\u5750\u4e0b\u6765\uff0c\u5438\u6536\u4e66\u4e2d\u63d0\u4f9b\u7684\u6240\u6709\u4fe1\u606f\u3002\u6211\u4eec\u5efa\u8bae\u60a8\u5148\u9605\u8bfb\u6574\u672c\u4e66\uff0c\u7136\u540e\u91cd\u8bfb\u4e00\u904d\uff0c\u8bb0\u4e0b\u60a8\u9700\u8981\u9075\u5faa\u7684\u5efa\u8bae\u3002<\/p>\t\t\t\t\t\t\t\t<\/div>\n\t\t\t\t\t<\/div>\n\t\t<\/div>\n\t\t\t\t<div class=\"elementor-column elementor-col-33 elementor-inner-column elementor-element elementor-element-5cfc6acb\" data-id=\"5cfc6acb\" data-element_type=\"column\" data-e-type=\"column\">\n\t\t\t<div class=\"elementor-widget-wrap\">\n\t\t\t\t\t\t\t<\/div>\n\t\t<\/div>\n\t\t\t\t<div class=\"elementor-column elementor-col-33 elementor-inner-column elementor-element elementor-element-1c5dd694\" data-id=\"1c5dd694\" data-element_type=\"column\" data-e-type=\"column\">\n\t\t\t<div class=\"elementor-widget-wrap elementor-element-populated\">\n\t\t\t\t\t\t<div class=\"elementor-element elementor-element-c9c6cd6 elementor-invisible elementor-widget elementor-widget-image\" data-id=\"c9c6cd6\" data-element_type=\"widget\" data-e-type=\"widget\" data-settings=\"{&quot;_animation&quot;:&quot;fadeInUp&quot;}\" data-widget_type=\"image.default\">\n\t\t\t\t\t\t\t\t\t\t\t\t\t\t\t<img fetchpriority=\"high\" decoding=\"async\" width=\"1024\" height=\"1024\" src=\"https:\/\/xenesyproject.com\/wp-content\/uploads\/livre-perdre-du-poids-1024x1024.webp\" class=\"attachment-large size-large wp-image-25085\" alt=\"\u56fe\u4e66\u57f9\u8bad \u4e2a\u4eba\u53d1\u5c55 \u51cf\u80a5 \u4e0d\u8282\u98df\u4e5f\u80fd\u51cf\u80a5\" srcset=\"https:\/\/xenesyproject.com\/wp-content\/uploads\/livre-perdre-du-poids-1024x1024.webp 1024w, https:\/\/xenesyproject.com\/wp-content\/uploads\/livre-perdre-du-poids-300x300.webp 300w, https:\/\/xenesyproject.com\/wp-content\/uploads\/livre-perdre-du-poids-150x150.webp 150w, https:\/\/xenesyproject.com\/wp-content\/uploads\/livre-perdre-du-poids-768x768.webp 768w, https:\/\/xenesyproject.com\/wp-content\/uploads\/livre-perdre-du-poids-1536x1536.webp 1536w, https:\/\/xenesyproject.com\/wp-content\/uploads\/livre-perdre-du-poids-12x12.webp 12w, https:\/\/xenesyproject.com\/wp-content\/uploads\/livre-perdre-du-poids-600x600.webp 600w, https:\/\/xenesyproject.com\/wp-content\/uploads\/livre-perdre-du-poids-100x100.webp 100w, https:\/\/xenesyproject.com\/wp-content\/uploads\/livre-perdre-du-poids.webp 2000w\" sizes=\"(max-width: 1024px) 100vw, 1024px\" \/>\t\t\t\t\t\t\t\t\t\t\t\t\t\t\t<\/div>\n\t\t\t\t<div class=\"elementor-element elementor-element-68f189b elementor-invisible elementor-widget elementor-widget-heading\" data-id=\"68f189b\" data-element_type=\"widget\" data-e-type=\"widget\" data-settings=\"{&quot;_animation&quot;:&quot;fadeInUp&quot;}\" data-widget_type=\"heading.default\">\n\t\t\t\t\t<h2 class=\"elementor-heading-title elementor-size-default\">\u5065\u8eab +<\/h2>\t\t\t\t<\/div>\n\t\t\t\t<div class=\"elementor-element elementor-element-d37d39b elementor-widget elementor-widget-ucaddon_dropdown_button\" data-id=\"d37d39b\" data-element_type=\"widget\" data-e-type=\"widget\" data-widget_type=\"ucaddon_dropdown_button.default\">\n\t\t\t\t<div class=\"elementor-widget-container\">\n\t\t\t\t\t\t\t\t\t<\/div>\n\t\t\t\t<\/div>\n\t\t\t\t<div class=\"elementor-element elementor-element-7a635c9 elementor-mobile-align-center elementor-invisible elementor-widget elementor-widget-button\" data-id=\"7a635c9\" data-element_type=\"widget\" data-e-type=\"widget\" data-settings=\"{&quot;_animation&quot;:&quot;zoomIn&quot;}\" data-widget_type=\"button.default\">\n\t\t\t\t\t\t\t\t\t\t<a class=\"elementor-button elementor-button-link elementor-size-sm\" href=\"https:\/\/xenesyproject.com\/zh\/%e9%97%a8%e6%88%b7%e7%99%bb%e5%bd%95\/\">\n\t\t\t\t\t\t<span class=\"elementor-button-content-wrapper\">\n\t\t\t\t\t\t\t\t\t<span class=\"elementor-button-text\">\u767b\u5f55\u6216\u8ba2\u9605<\/span>\n\t\t\t\t\t<\/span>\n\t\t\t\t\t<\/a>\n\t\t\t\t\t\t\t\t<\/div>\n\t\t\t\t<div class=\"elementor-element elementor-element-5a2e59c elementor-invisible elementor-widget elementor-widget-text-editor\" data-id=\"5a2e59c\" data-element_type=\"widget\" data-e-type=\"widget\" data-settings=\"{&quot;_animation&quot;:&quot;zoomIn&quot;}\" data-widget_type=\"text-editor.default\">\n\t\t\t\t\t\t\t\t\t<p>\u8981\u8bbf\u95ee\u6b64\u8ff7\u4f60\u57f9\u8bad\u8bfe\u7a0b\uff0c\u60a8\u9700\u8981\u767b\u5f55\u6216\u8ba2\u9605\u3002<\/p>\t\t\t\t\t\t\t\t<\/div>\n\t\t\t\t<div class=\"elementor-element elementor-element-44e18c1e elementor-invisible elementor-widget elementor-widget-ucaddon_step_process\" data-id=\"44e18c1e\" data-element_type=\"widget\" data-e-type=\"widget\" data-settings=\"{&quot;_animation&quot;:&quot;fadeInUp&quot;}\" data-widget_type=\"ucaddon_step_process.default\">\n\t\t\t\t<div class=\"elementor-widget-container\">\n\t\t\t\t\t<!-- start Step Process -->\n\n\t\t\t<style type=\"text\/css\">\/* widget: Step Process *\/\n\n#uc_step_process_elementor_44e18c1e\n{\n  display:flex;\n}\n\n#uc_step_process_elementor_44e18c1e .ue-link\n{\n  display:block;\n  position:absolute;\n  top:0px;\n  bottom:0px;\n  left:0px;\n  right:0px;\n}\n\n#uc_step_process_elementor_44e18c1e .ue-step-item\n{\n  flex:1;\n  display:flex;\n  flex-direction:column;\n  position:relative;\n}\n#uc_step_process_elementor_44e18c1e .ue-item-highlight\n{\n  display: flex;\n  align-items:center;\n  \n}\n\n#uc_step_process_elementor_44e18c1e .ue-step-item-gap\n{\n  flex-grow:0;\n  flex-shrink:0;\n}\n\n#uc_step_process_elementor_44e18c1e .ue-step-item-line\n{\n  height:0px;\n  flex-grow:1;\n}\n\n#uc_step_process_elementor_44e18c1e .ue-step-icon\n{\n  display:flex;\n  justify-content:center;\n  align-items:center;\n  flex-grow:0;\n  flex-shrink:0;\n  position:relative;\n  line-height:1em;\n  transition:0.3s;\n}\n\n#uc_step_process_elementor_44e18c1e .ue-icon svg\n{\n  height:1em;\n  width:1em;\n}\n\n#uc_step_process_elementor_44e18c1e .ue-step-label\n{\n  position:absolute;\n  left:0px;\n  bottom:0px;\n  display:flex;\n  justify-content:center;\n  align-items:center;\n}\n.ue-step-label\n{\n  font-size:9px;\n  line-height:1em;\n}\n\n#uc_step_process_elementor_44e18c1e .ue-step-item-content\n{\n}\n\n#uc_step_process_elementor_44e18c1e .ue-step-item:last-child .ue-step-item-line:last-child\n{\n  opacity:0;\n}\n\n#uc_step_process_elementor_44e18c1e .ue-step-item:first-child .ue-step-item-line:first-child\n{\n  opacity:0;\n}\n\n#uc_step_process_elementor_44e18c1e .ue-step-item-spacer\n{\n  flex-grow:0;\n  flex-shrink:0;\n  \n}\n\n#uc_step_process_elementor_44e18c1e .ue-graphic-image img\n{\n  \n}\n\n\n#uc_step_process_elementor_44e18c1e.uc-remote-parent .ue-step-item\n{\n  cursor:pointer;\n}\n\n\n\n\t#uc_step_process_elementor_44e18c1e\n    {\n      flex-direction:column;\n    }\n  \n  #uc_step_process_elementor_44e18c1e .ue-step-item\n  {\n    flex-direction:row;\n  }\n  \n  #uc_step_process_elementor_44e18c1e .ue-item-highlight\n  {\n    flex-direction:column;\n  }\n  \n   #uc_step_process_elementor_44e18c1e .ue-step-item .ue-step-item-line:first-child\n    {\n      display:none;\n    }\n  \n\n    #uc_step_process_elementor_44e18c1e  .ue-step-item-gap:nth-child(2)\n     {\n      display:none;    \n      }\n   #uc_step_process_elementor_44e18c1e  .ue-step-item-line:first-child\n      {\n      display:none;    \n      }\n  \n    #uc_step_process_elementor_44e18c1e  .ue-step-item-line\n      {\n        height:100%;\n        width:0px;\n      }\n\n\n\n\n\n\n<\/style>\n\n\t\t\t<div id=\"uc_step_process_elementor_44e18c1e\" class=\"\" >\n <div class=\"ue-step-item ue-item elementor-repeater-item-955378e\">\n    <div class=\"ue-item-highlight\">\n      \n      <div class=\"ue-step-item-line\"><\/div>\n      <div class=\"ue-step-item-gap\"><\/div>\n      <div class=\"ue-step-icon elementor-animation-grow\">\n        <span class=\"ue-icon\"><i class=''><\/i><\/span>                        \n              <\/div>\n      <div class=\"ue-step-item-gap\"><\/div>\n      <div class=\"ue-step-item-line\"><\/div>\n      \n    <\/div>\n    \n    <div class=\"ue-step-item-spacer\"><\/div>\n    \n    <div class=\"ue-step-item-content\">  \n       <div class=\"ue-step-item-content-title\">\u9605\u8bfb\u65f6\u95f4<\/div>       <div class=\"ue-step-item-content-text\">1h30<\/div>    <\/div>\n  \n    <\/div>\n<div class=\"ue-step-item ue-item elementor-repeater-item-8d5b019\">\n    <div class=\"ue-item-highlight\">\n      \n      <div class=\"ue-step-item-line\"><\/div>\n      <div class=\"ue-step-item-gap\"><\/div>\n      <div class=\"ue-step-icon elementor-animation-grow\">\n        <span class=\"ue-icon\"><i class=''><\/i><\/span>                        \n              <\/div>\n      <div class=\"ue-step-item-gap\"><\/div>\n      <div class=\"ue-step-item-line\"><\/div>\n      \n    <\/div>\n    \n    <div class=\"ue-step-item-spacer\"><\/div>\n    \n    <div class=\"ue-step-item-content\">  \n       <div class=\"ue-step-item-content-title\">difficult\u00e9<\/div>       <div class=\"ue-step-item-content-text\">\u4e2d\u578b<\/div>    <\/div>\n  \n    <\/div>\n<div class=\"ue-step-item ue-item elementor-repeater-item-6937fce\">\n    <div class=\"ue-item-highlight\">\n      \n      <div class=\"ue-step-item-line\"><\/div>\n      <div class=\"ue-step-item-gap\"><\/div>\n      <div class=\"ue-step-icon elementor-animation-grow\">\n        <span class=\"ue-icon\"><i class=''><\/i><\/span>                        \n              <\/div>\n      <div class=\"ue-step-item-gap\"><\/div>\n      <div class=\"ue-step-item-line\"><\/div>\n      \n    <\/div>\n    \n    <div class=\"ue-step-item-spacer\"><\/div>\n    \n    <div class=\"ue-step-item-content\">  \n       <div class=\"ue-step-item-content-title\">\u7ec3\u4e60\u5305\u62ec<\/div>       <div class=\"ue-step-item-content-text\">\u914d\u5907\u81ea\u89e3\u7cfb\u7edf<\/div>    <\/div>\n  \n    <\/div>\n<div class=\"ue-step-item ue-item elementor-repeater-item-7e1f852\">\n    <div class=\"ue-item-highlight\">\n      \n      <div class=\"ue-step-item-line\"><\/div>\n      <div class=\"ue-step-item-gap\"><\/div>\n      <div class=\"ue-step-icon elementor-animation-grow\">\n        <span class=\"ue-icon\"><i class=''><\/i><\/span>                        \n              <\/div>\n      <div class=\"ue-step-item-gap\"><\/div>\n      <div class=\"ue-step-item-line\"><\/div>\n      \n    <\/div>\n    \n    <div class=\"ue-step-item-spacer\"><\/div>\n    \n    <div class=\"ue-step-item-content\">  \n       <div class=\"ue-step-item-content-title\">\u7ffb\u8bd1<\/div>       <div class=\"ue-step-item-content-text\">\u6709\u82f1\u8bed\u548c\u6cd5\u8bed\u7248\u672c<\/div>    <\/div>\n  \n    <\/div>\n<div class=\"ue-step-item ue-item elementor-repeater-item-1843ddb\">\n    <div class=\"ue-item-highlight\">\n      \n      <div class=\"ue-step-item-line\"><\/div>\n      <div class=\"ue-step-item-gap\"><\/div>\n      <div class=\"ue-step-icon elementor-animation-grow\">\n        <span class=\"ue-icon\"><i class=''><\/i><\/span>                        \n              <\/div>\n      <div class=\"ue-step-item-gap\"><\/div>\n      <div class=\"ue-step-item-line\"><\/div>\n      \n    <\/div>\n    \n    <div class=\"ue-step-item-spacer\"><\/div>\n    \n    <div class=\"ue-step-item-content\">  \n       <div class=\"ue-step-item-content-title\">pr\u00e9-requis<\/div>       <div class=\"ue-step-item-content-text\">\u6ca1\u6709<\/div>    <\/div>\n  \n    <\/div>\n\n<\/div>\n\t\t\t<!-- end Step Process -->\t\t\t\t<\/div>\n\t\t\t\t<\/div>\n\t\t\t\t\t<\/div>\n\t\t<\/div>\n\t\t\t\t\t<\/div>\n\t\t<\/section>\n\t\t\t\t\t<\/div>\n\t\t<\/div>\n\t\t\t\t\t<\/div>\n\t\t<\/section>\n\t\t\t\t<\/div>","protected":false},"excerpt":{"rendered":"<p>Mini formation PERDRE DU POIDS Prendre rendez-vous D\u00e9couvrir notre centre de formation formation mini-formation Perdre du poids Description Au cours de cette mini-formation, vous apprendrez les principes fondamentaux de la perte de poids, y compris la nutrition \u00e9quilibr\u00e9e, l&rsquo;exercice physique adapt\u00e9, la gestion du stress et l&rsquo;adoption de bonnes habitudes alimentaires. Nous vous fournirons des [&hellip;]<\/p>\n","protected":false},"author":1,"featured_media":0,"parent":0,"menu_order":6,"comment_status":"closed","ping_status":"closed","template":"elementor_header_footer","meta":{"_surecart_dashboard_logo_width":"180px","_surecart_dashboard_show_logo":true,"_surecart_dashboard_navigation_orders":true,"_surecart_dashboard_navigation_invoices":true,"_surecart_dashboard_navigation_subscriptions":true,"_surecart_dashboard_navigation_downloads":true,"_surecart_dashboard_navigation_billing":true,"_surecart_dashboard_navigation_account":true,"site-sidebar-layout":"no-sidebar","site-content-layout":"page-builder","ast-site-content-layout":"default","site-content-style":"default","site-sidebar-style":"default","ast-global-header-display":"","ast-banner-title-visibility":"","ast-main-header-display":"","ast-hfb-above-header-display":"","ast-hfb-below-header-display":"","ast-hfb-mobile-header-display":"","site-post-title":"disabled","ast-breadcrumbs-content":"","ast-featured-img":"disabled","footer-sml-layout":"","ast-disable-related-posts":"","theme-transparent-header-meta":"","adv-header-id-meta":"","stick-header-meta":"","header-above-stick-meta":"","header-main-stick-meta":"","header-below-stick-meta":"","astra-migrate-meta-layouts":"default","ast-page-background-enabled":"default","ast-page-background-meta":{"desktop":{"background-color":"var(--ast-global-color-4)","background-image":"","background-repeat":"repeat","background-position":"center center","background-size":"auto","background-attachment":"scroll","background-type":"","background-media":"","overlay-type":"","overlay-color":"","overlay-opacity":"","overlay-gradient":""},"tablet":{"background-color":"","background-image":"","background-repeat":"repeat","background-position":"center center","background-size":"auto","background-attachment":"scroll","background-type":"","background-media":"","overlay-type":"","overlay-color":"","overlay-opacity":"","overlay-gradient":""},"mobile":{"background-color":"","background-image":"","background-repeat":"repeat","background-position":"center center","background-size":"auto","background-attachment":"scroll","background-type":"","background-media":"","overlay-type":"","overlay-color":"","overlay-opacity":"","overlay-gradient":""}},"ast-content-background-meta":{"desktop":{"background-color":"var(--ast-global-color-5)","background-image":"","background-repeat":"repeat","background-position":"center center","background-size":"auto","background-attachment":"scroll","background-type":"","background-media":"","overlay-type":"","overlay-color":"","overlay-opacity":"","overlay-gradient":""},"tablet":{"background-color":"var(--ast-global-color-5)","background-image":"","background-repeat":"repeat","background-position":"center center","background-size":"auto","background-attachment":"scroll","background-type":"","background-media":"","overlay-type":"","overlay-color":"","overlay-opacity":"","overlay-gradient":""},"mobile":{"background-color":"var(--ast-global-color-5)","background-image":"","background-repeat":"repeat","background-position":"center center","background-size":"auto","background-attachment":"scroll","background-type":"","background-media":"","overlay-type":"","overlay-color":"","overlay-opacity":"","overlay-gradient":""}},"footnotes":""},"wf_page_folders":[151],"class_list":["post-12394","page","type-page","status-publish","hentry"],"_links":{"self":[{"href":"https:\/\/xenesyproject.com\/zh\/wp-json\/wp\/v2\/pages\/12394","targetHints":{"allow":["GET"]}}],"collection":[{"href":"https:\/\/xenesyproject.com\/zh\/wp-json\/wp\/v2\/pages"}],"about":[{"href":"https:\/\/xenesyproject.com\/zh\/wp-json\/wp\/v2\/types\/page"}],"author":[{"embeddable":true,"href":"https:\/\/xenesyproject.com\/zh\/wp-json\/wp\/v2\/users\/1"}],"replies":[{"embeddable":true,"href":"https:\/\/xenesyproject.com\/zh\/wp-json\/wp\/v2\/comments?post=12394"}],"version-history":[{"count":0,"href":"https:\/\/xenesyproject.com\/zh\/wp-json\/wp\/v2\/pages\/12394\/revisions"}],"wp:attachment":[{"href":"https:\/\/xenesyproject.com\/zh\/wp-json\/wp\/v2\/media?parent=12394"}],"wp:term":[{"taxonomy":"wf_page_folders","embeddable":true,"href":"https:\/\/xenesyproject.com\/zh\/wp-json\/wp\/v2\/wf_page_folders?post=12394"}],"curies":[{"name":"wp","href":"https:\/\/api.w.org\/{rel}","templated":true}]}}