{"id":24529,"date":"2024-03-05T20:23:36","date_gmt":"2024-03-05T19:23:36","guid":{"rendered":"https:\/\/xenesyproject.com\/?page_id=24529"},"modified":"2025-04-16T10:14:38","modified_gmt":"2025-04-16T08:14:38","slug":"%e4%bd%a0%e3%80%81%e4%bb%96%e4%ba%ba%e5%92%8c%e4%bd%a0%e7%9a%84%e6%83%b3%e6%b3%95","status":"publish","type":"page","link":"https:\/\/xenesyproject.com\/zh\/%e4%bd%a0%e3%80%81%e4%bb%96%e4%ba%ba%e5%92%8c%e4%bd%a0%e7%9a%84%e6%83%b3%e6%b3%95\/","title":{"rendered":"\u89c6\u9891 - \u4f60\u548c\u5176\u4ed6\u4eba"},"content":{"rendered":"<div data-elementor-type=\"wp-page\" data-elementor-id=\"24529\" class=\"elementor elementor-24529\" data-elementor-post-type=\"page\">\n\t\t\t\t\t\t<section class=\"elementor-section elementor-top-section elementor-element elementor-element-1dbdedb elementor-section-height-full elementor-section-boxed elementor-section-height-default elementor-section-items-middle elementor-invisible\" data-id=\"1dbdedb\" data-element_type=\"section\" data-e-type=\"section\" data-settings=\"{&quot;background_background&quot;:&quot;classic&quot;,&quot;animation&quot;:&quot;fadeIn&quot;}\">\n\t\t\t\t\t\t\t<div class=\"elementor-background-overlay\"><\/div>\n\t\t\t\t\t\t\t<div class=\"elementor-container elementor-column-gap-default\">\n\t\t\t\t\t<div class=\"elementor-column elementor-col-100 elementor-top-column elementor-element elementor-element-fc6d77b\" data-id=\"fc6d77b\" data-element_type=\"column\" data-e-type=\"column\">\n\t\t\t<div class=\"elementor-widget-wrap elementor-element-populated\">\n\t\t\t\t\t\t<div class=\"elementor-element elementor-element-f9f0983 elementor-view-default elementor-invisible elementor-widget elementor-widget-icon\" data-id=\"f9f0983\" data-element_type=\"widget\" data-e-type=\"widget\" data-settings=\"{&quot;_animation&quot;:&quot;fadeInUp&quot;}\" data-widget_type=\"icon.default\">\n\t\t\t\t\t\t\t<div class=\"elementor-icon-wrapper\">\n\t\t\t<div class=\"elementor-icon\">\n\t\t\t<i aria-hidden=\"true\" class=\"fas fa-ellipsis-h\"><\/i>\t\t\t<\/div>\n\t\t<\/div>\n\t\t\t\t\t\t<\/div>\n\t\t\t\t<div class=\"elementor-element elementor-element-f8c50ff elementor-invisible elementor-widget elementor-widget-heading\" data-id=\"f8c50ff\" data-element_type=\"widget\" data-e-type=\"widget\" data-settings=\"{&quot;_animation&quot;:&quot;fadeInUp&quot;}\" data-widget_type=\"heading.default\">\n\t\t\t\t\t<h3 class=\"elementor-heading-title elementor-size-default\">\u89c6\u9891<\/h3>\t\t\t\t<\/div>\n\t\t\t\t<div class=\"elementor-element elementor-element-bfe9bd7 elementor-invisible elementor-widget elementor-widget-heading\" data-id=\"bfe9bd7\" data-element_type=\"widget\" data-e-type=\"widget\" data-settings=\"{&quot;_animation&quot;:&quot;fadeInUp&quot;}\" data-widget_type=\"heading.default\">\n\t\t\t\t\t<h1 class=\"elementor-heading-title elementor-size-default\">\u4f60\u3001\u4ed6\u4eba\u548c\u4f60\u7684\u60f3\u6cd5<\/h1>\t\t\t\t<\/div>\n\t\t\t\t<div class=\"elementor-element elementor-element-78bed3c elementor-hidden-desktop elementor-hidden-tablet elementor-hidden-mobile elementor-widget elementor-widget-text-editor\" data-id=\"78bed3c\" data-element_type=\"widget\" data-e-type=\"widget\" data-widget_type=\"text-editor.default\">\n\t\t\t\t\t\t\t\t\t<p align=\"justify\">\u8fd9\u6bb5\u5185\u5bb9\u4e30\u5bcc\u7684\u89c6\u9891\u6df1\u5165\u63a2\u8ba8\u4e86\u4f60\u3001\u4ed6\u4eba\u548c\u4f60\u7684\u601d\u60f3\u4e4b\u95f4\u5b58\u5728\u7684\u590d\u6742\u52a8\u6001\u5173\u7cfb\u3002\u63a2\u7d22\u4f60\u7684\u601d\u60f3\u5982\u4f55\u5f71\u54cd\u4f60\u4e0e\u4ed6\u4eba\u7684\u4e92\u52a8\uff0c\u53cd\u4e4b\u4ea6\u7136\u3002\u901a\u8fc7\u9f13\u821e\u4eba\u5fc3\u7684\u4f8b\u5b50\u548c\u5b9e\u7528\u7684\u5efa\u8bae\uff0c\u672c\u8ba8\u8bba\u4e3a\u60a8\u63d0\u4f9b\u4e86\u901a\u8fc7\u5173\u6ce8\u81ea\u5df1\u7684\u601d\u7ef4\u8fc7\u7a0b\u6765\u7406\u89e3\u548c\u6539\u5584\u4eba\u9645\u5173\u7cfb\u7684\u5173\u952e\u3002\u52a0\u5165\u6211\u4eec\uff0c\u4e00\u8d77\u63a2\u7d22\u601d\u7ef4\u3001\u884c\u4e3a\u548c\u4eba\u9645\u5173\u7cfb\u4e4b\u95f4\u7684\u5bc6\u5207\u8054\u7cfb\u3002<\/p><h2 align=\"justify\">\u89c6\u9891<\/h2>\t\t\t\t\t\t\t\t<\/div>\n\t\t\t\t\t<\/div>\n\t\t<\/div>\n\t\t\t\t\t<\/div>\n\t\t<\/section>\n\t\t\t\t<section class=\"elementor-section elementor-top-section elementor-element elementor-element-505033b elementor-section-height-full elementor-section-boxed elementor-section-height-default elementor-section-items-middle\" data-id=\"505033b\" data-element_type=\"section\" data-e-type=\"section\">\n\t\t\t\t\t\t<div class=\"elementor-container elementor-column-gap-default\">\n\t\t\t\t\t<div class=\"elementor-column elementor-col-100 elementor-top-column elementor-element elementor-element-f3740db\" data-id=\"f3740db\" data-element_type=\"column\" data-e-type=\"column\">\n\t\t\t<div class=\"elementor-widget-wrap elementor-element-populated\">\n\t\t\t\t\t\t<div class=\"elementor-element elementor-element-e8f6429 elementor-invisible elementor-widget elementor-widget-image\" data-id=\"e8f6429\" data-element_type=\"widget\" data-e-type=\"widget\" data-settings=\"{&quot;_animation&quot;:&quot;fadeInUp&quot;}\" data-widget_type=\"image.default\">\n\t\t\t\t\t\t\t\t\t\t\t\t\t\t\t<img fetchpriority=\"high\" decoding=\"async\" width=\"1024\" height=\"1024\" src=\"https:\/\/xenesyproject.com\/wp-content\/uploads\/logo-or-xenesy-1.svg\" class=\"attachment-large size-large wp-image-34004\" alt=\"\" \/>\t\t\t\t\t\t\t\t\t\t\t\t\t\t\t<\/div>\n\t\t\t\t<div class=\"elementor-element elementor-element-05f1843 elementor-invisible elementor-widget elementor-widget-text-editor\" data-id=\"05f1843\" data-element_type=\"widget\" data-e-type=\"widget\" data-settings=\"{&quot;_animation&quot;:&quot;fadeInUp&quot;}\" data-widget_type=\"text-editor.default\">\n\t\t\t\t\t\t\t\t\t<p>\u8bf7\u8ba2\u9605\u6216\u6ce8\u518c <span style=\"text-decoration: underline;\"><a href=\"https:\/\/xenesyproject.com\/zh\/%e9%97%a8%e6%88%b7%e7%99%bb%e5%bd%95\/\">\u63a5\u901a<\/a><\/span>\u00a0\u8bbf\u95ee\u6211\u4eec\u6240\u6709\u7684\u6559\u5b66\u8d44\u6e90\uff01<\/p>\t\t\t\t\t\t\t\t<\/div>\n\t\t\t\t<div class=\"elementor-element elementor-element-6dc6a10 elementor-align-center elementor-invisible elementor-widget elementor-widget-button\" data-id=\"6dc6a10\" data-element_type=\"widget\" data-e-type=\"widget\" data-settings=\"{&quot;_animation&quot;:&quot;zoomIn&quot;}\" data-widget_type=\"button.default\">\n\t\t\t\t\t\t\t\t\t\t<a class=\"elementor-button elementor-button-link elementor-size-sm\" href=\"https:\/\/xenesyproject.com\/zh\/%e9%97%a8%e6%88%b7%e6%b3%a8%e5%86%8c\/\">\n\t\t\t\t\t\t<span class=\"elementor-button-content-wrapper\">\n\t\t\t\t\t\t\t\t\t<span class=\"elementor-button-text\">\u8ba2\u9605<\/span>\n\t\t\t\t\t<\/span>\n\t\t\t\t\t<\/a>\n\t\t\t\t\t\t\t\t<\/div>\n\t\t\t\t\t<\/div>\n\t\t<\/div>\n\t\t\t\t\t<\/div>\n\t\t<\/section>\n\t\t\t\t<\/div>","protected":false},"excerpt":{"rendered":"<p>vid\u00e9o TOI, LES AUTRES ET TA PENS\u00c9E Cette vid\u00e9o enrichissante, plonge au c\u0153ur des dynamiques complexes qui existent entre toi, les autres et ta pens\u00e9e. Explore comment tes pens\u00e9es influencent tes interactions avec les autres, et vice versa. \u00c0 travers des exemples inspirants et des conseils pratiques, cette discussion t&rsquo;offre des cl\u00e9s pour comprendre et [&hellip;]<\/p>\n","protected":false},"author":1,"featured_media":0,"parent":0,"menu_order":13,"comment_status":"closed","ping_status":"closed","template":"elementor_header_footer","meta":{"_surecart_dashboard_logo_width":"180px","_surecart_dashboard_show_logo":true,"_surecart_dashboard_navigation_orders":true,"_surecart_dashboard_navigation_invoices":true,"_surecart_dashboard_navigation_subscriptions":true,"_surecart_dashboard_navigation_downloads":true,"_surecart_dashboard_navigation_billing":true,"_surecart_dashboard_navigation_account":true,"site-sidebar-layout":"default","site-content-layout":"","ast-site-content-layout":"default","site-content-style":"default","site-sidebar-style":"default","ast-global-header-display":"","ast-banner-title-visibility":"","ast-main-header-display":"","ast-hfb-above-header-display":"","ast-hfb-below-header-display":"","ast-hfb-mobile-header-display":"","site-post-title":"","ast-breadcrumbs-content":"","ast-featured-img":"","footer-sml-layout":"","ast-disable-related-posts":"","theme-transparent-header-meta":"","adv-header-id-meta":"","stick-header-meta":"","header-above-stick-meta":"","header-main-stick-meta":"","header-below-stick-meta":"","astra-migrate-meta-layouts":"default","ast-page-background-enabled":"default","ast-page-background-meta":{"desktop":{"background-color":"var(--ast-global-color-4)","background-image":"","background-repeat":"repeat","background-position":"center center","background-size":"auto","background-attachment":"scroll","background-type":"","background-media":"","overlay-type":"","overlay-color":"","overlay-opacity":"","overlay-gradient":""},"tablet":{"background-color":"","background-image":"","background-repeat":"repeat","background-position":"center center","background-size":"auto","background-attachment":"scroll","background-type":"","background-media":"","overlay-type":"","overlay-color":"","overlay-opacity":"","overlay-gradient":""},"mobile":{"background-color":"","background-image":"","background-repeat":"repeat","background-position":"center center","background-size":"auto","background-attachment":"scroll","background-type":"","background-media":"","overlay-type":"","overlay-color":"","overlay-opacity":"","overlay-gradient":""}},"ast-content-background-meta":{"desktop":{"background-color":"var(--ast-global-color-5)","background-image":"","background-repeat":"repeat","background-position":"center center","background-size":"auto","background-attachment":"scroll","background-type":"","background-media":"","overlay-type":"","overlay-color":"","overlay-opacity":"","overlay-gradient":""},"tablet":{"background-color":"var(--ast-global-color-5)","background-image":"","background-repeat":"repeat","background-position":"center center","background-size":"auto","background-attachment":"scroll","background-type":"","background-media":"","overlay-type":"","overlay-color":"","overlay-opacity":"","overlay-gradient":""},"mobile":{"background-color":"var(--ast-global-color-5)","background-image":"","background-repeat":"repeat","background-position":"center center","background-size":"auto","background-attachment":"scroll","background-type":"","background-media":"","overlay-type":"","overlay-color":"","overlay-opacity":"","overlay-gradient":""}},"footnotes":""},"wf_page_folders":[154],"class_list":["post-24529","page","type-page","status-publish","hentry"],"_links":{"self":[{"href":"https:\/\/xenesyproject.com\/zh\/wp-json\/wp\/v2\/pages\/24529","targetHints":{"allow":["GET"]}}],"collection":[{"href":"https:\/\/xenesyproject.com\/zh\/wp-json\/wp\/v2\/pages"}],"about":[{"href":"https:\/\/xenesyproject.com\/zh\/wp-json\/wp\/v2\/types\/page"}],"author":[{"embeddable":true,"href":"https:\/\/xenesyproject.com\/zh\/wp-json\/wp\/v2\/users\/1"}],"replies":[{"embeddable":true,"href":"https:\/\/xenesyproject.com\/zh\/wp-json\/wp\/v2\/comments?post=24529"}],"version-history":[{"count":0,"href":"https:\/\/xenesyproject.com\/zh\/wp-json\/wp\/v2\/pages\/24529\/revisions"}],"wp:attachment":[{"href":"https:\/\/xenesyproject.com\/zh\/wp-json\/wp\/v2\/media?parent=24529"}],"wp:term":[{"taxonomy":"wf_page_folders","embeddable":true,"href":"https:\/\/xenesyproject.com\/zh\/wp-json\/wp\/v2\/wf_page_folders?post=24529"}],"curies":[{"name":"wp","href":"https:\/\/api.w.org\/{rel}","templated":true}]}}