{"id":37174,"date":"2025-02-01T13:22:49","date_gmt":"2025-02-01T12:22:49","guid":{"rendered":"https:\/\/xenesyproject.com\/?page_id=37174"},"modified":"2026-02-04T19:00:55","modified_gmt":"2026-02-04T18:00:55","slug":"%e8%ae%a2%e8%b4%ad%e4%ba%a4%e6%98%93%e5%85%a5%e9%97%a8%e8%af%be%e7%a8%8b1","status":"publish","type":"page","link":"https:\/\/xenesyproject.com\/zh\/%e8%ae%a2%e8%b4%ad%e4%ba%a4%e6%98%93%e5%85%a5%e9%97%a8%e8%af%be%e7%a8%8b1\/","title":{"rendered":"\u8ba2\u8d2d\u4ea4\u6613\u5165\u95e8\u8bfe\u7a0b"},"content":{"rendered":"<div data-elementor-type=\"wp-page\" data-elementor-id=\"37174\" class=\"elementor elementor-37174\" data-elementor-post-type=\"page\">\n\t\t\t\t\t\t<section class=\"elementor-section elementor-top-section elementor-element elementor-element-7f6133ce elementor-section-height-full elementor-section-boxed elementor-section-height-default elementor-section-items-middle\" data-id=\"7f6133ce\" data-element_type=\"section\" data-e-type=\"section\" data-settings=\"{&quot;background_background&quot;:&quot;classic&quot;}\">\n\t\t\t\t\t\t\t<div class=\"elementor-background-overlay\"><\/div>\n\t\t\t\t\t\t\t<div class=\"elementor-container elementor-column-gap-default\">\n\t\t\t\t\t<div class=\"elementor-column elementor-col-100 elementor-top-column elementor-element elementor-element-681b602f elementor-hidden-desktop elementor-hidden-tablet elementor-hidden-mobile\" data-id=\"681b602f\" data-element_type=\"column\" data-e-type=\"column\">\n\t\t\t<div class=\"elementor-widget-wrap elementor-element-populated\">\n\t\t\t\t\t\t<div class=\"elementor-element elementor-element-26a9731c elementor-view-default elementor-widget elementor-widget-icon\" data-id=\"26a9731c\" data-element_type=\"widget\" data-e-type=\"widget\" data-widget_type=\"icon.default\">\n\t\t\t\t\t\t\t<div class=\"elementor-icon-wrapper\">\n\t\t\t<div class=\"elementor-icon\">\n\t\t\t<i aria-hidden=\"true\" class=\"fas fa-ellipsis-h\"><\/i>\t\t\t<\/div>\n\t\t<\/div>\n\t\t\t\t\t\t<\/div>\n\t\t\t\t<div class=\"elementor-element elementor-element-10f74a5c elementor-widget elementor-widget-heading\" data-id=\"10f74a5c\" data-element_type=\"widget\" data-e-type=\"widget\" data-widget_type=\"heading.default\">\n\t\t\t\t\t<h1 class=\"elementor-heading-title elementor-size-default\">\u4ea4\u6613\u5165\u95e8\u8bfe\u7a0b<\/h1>\t\t\t\t<\/div>\n\t\t\t\t\t<\/div>\n\t\t<\/div>\n\t\t\t\t\t<\/div>\n\t\t<\/section>\n\t\t\t\t<section class=\"elementor-section elementor-top-section elementor-element elementor-element-38777852 elementor-section-boxed elementor-section-height-default elementor-section-height-default\" data-id=\"38777852\" data-element_type=\"section\" data-e-type=\"section\">\n\t\t\t\t\t\t<div class=\"elementor-container elementor-column-gap-default\">\n\t\t\t\t\t<div class=\"elementor-column elementor-col-100 elementor-top-column elementor-element elementor-element-60d25390\" data-id=\"60d25390\" data-element_type=\"column\" data-e-type=\"column\">\n\t\t\t<div class=\"elementor-widget-wrap elementor-element-populated\">\n\t\t\t\t\t\t<section class=\"elementor-section elementor-inner-section elementor-element elementor-element-7d598069 elementor-section-boxed elementor-section-height-default elementor-section-height-default\" data-id=\"7d598069\" data-element_type=\"section\" data-e-type=\"section\">\n\t\t\t\t\t\t<div class=\"elementor-container elementor-column-gap-default\">\n\t\t\t\t\t<div class=\"elementor-column elementor-col-50 elementor-inner-column elementor-element elementor-element-8993429\" data-id=\"8993429\" data-element_type=\"column\" data-e-type=\"column\" data-settings=\"{&quot;background_background&quot;:&quot;classic&quot;}\">\n\t\t\t<div class=\"elementor-widget-wrap elementor-element-populated\">\n\t\t\t\t\t\t<div class=\"elementor-element elementor-element-21b83b0f elementor-fixed elementor-hidden-mobile elementor-widget elementor-widget-button\" data-id=\"21b83b0f\" data-element_type=\"widget\" data-e-type=\"widget\" data-settings=\"{&quot;_position&quot;:&quot;fixed&quot;}\" data-widget_type=\"button.default\">\n\t\t\t\t\t\t\t\t\t\t<a class=\"elementor-button elementor-button-link elementor-size-sm\" href=\"#haut\">\n\t\t\t\t\t\t<span class=\"elementor-button-content-wrapper\">\n\t\t\t\t\t\t<span class=\"elementor-button-icon\">\n\t\t\t\t<i aria-hidden=\"true\" class=\"fas fa-long-arrow-alt-up\"><\/i>\t\t\t<\/span>\n\t\t\t\t\t\t\t\t<\/span>\n\t\t\t\t\t<\/a>\n\t\t\t\t\t\t\t\t<\/div>\n\t\t\t\t<div class=\"elementor-element elementor-element-f8e4d5 elementor-widget elementor-widget-menu-anchor\" data-id=\"f8e4d5\" data-element_type=\"widget\" data-e-type=\"widget\" data-widget_type=\"menu-anchor.default\">\n\t\t\t\t\t\t\t<div class=\"elementor-menu-anchor\" id=\"haut\"><\/div>\n\t\t\t\t\t\t<\/div>\n\t\t\t\t<div class=\"elementor-element elementor-element-67890ab8 elementor-widget elementor-widget-image\" data-id=\"67890ab8\" data-element_type=\"widget\" data-e-type=\"widget\" data-widget_type=\"image.default\">\n\t\t\t\t\t\t\t\t\t\t\t\t\t\t\t<img fetchpriority=\"high\" decoding=\"async\" width=\"1024\" height=\"1024\" src=\"https:\/\/xenesyproject.com\/wp-content\/uploads\/logo-or-xenesy.svg\" class=\"attachment-large size-large wp-image-33521\" alt=\"\" srcset=\"https:\/\/xenesyproject.com\/wp-content\/uploads\/\/logo-or-xenesy.svg 150w, https:\/\/xenesyproject.com\/wp-content\/uploads\/\/logo-or-xenesy.svg 300w, https:\/\/xenesyproject.com\/wp-content\/uploads\/\/logo-or-xenesy.svg 1024w, https:\/\/xenesyproject.com\/wp-content\/uploads\/\/logo-or-xenesy.svg 2000w\" sizes=\"(max-width: 1024px) 100vw, 1024px\" \/>\t\t\t\t\t\t\t\t\t\t\t\t\t\t\t<\/div>\n\t\t\t\t<div class=\"elementor-element elementor-element-7cb72220 elementor-widget elementor-widget-surecart_form\" data-id=\"7cb72220\" data-element_type=\"widget\" data-e-type=\"widget\" data-widget_type=\"surecart_form.default\">\n\t\t\t\t<div class=\"elementor-widget-container\">\n\t\t\t\t\t<sc-checkout\n\tclass=\"checkout\"\n\tid=\"sc-checkout-35839\"\n\tstyle=\"text-align: left;--sc-form-row-spacing: 25px;\"\n\tmodified=\"2026-02-06 08:27:01\"\n\talignment=\"\"\n\tsuccess-url=\"https:\/\/xenesyproject.com\/page-de-remerciement\/\"\n>\n\t<sc-form>\n\t\t\t\t\t<sc-checkbox name=\"get_feedback\" value=\"Feedback\" style=\"display: none !important;\"><\/sc-checkbox>\n\t\t\t\t\n<sc-price-choices\n\t\t\t\t\tclass=\"wp-block-surecart-price-choice\"\n\t\t\t\t\tlabel=\"Choose A Product\"\n\t\t\t\t\ttype=\"radio\"\n\t\t\t\t\tcolumns=\"1\"\n\t\t\t\t>\n\t\t<sc-price-choice\n\t\t\tid=\"sc-price-choice-1\"\n\t\t\tprice-id=\"9a389f3d-8d2e-47cb-abf5-37e86487cc81\"\n\t\t\ttype=\"radio\"\n\t\t\tlabel=\"\"\n\t\t\tdescription=\"\"\n\t\t\tchecked=\"true\"\n\t\t\tshow-label=\"true\"\n\t\t\tshow-price=\"true\"\n\t\t\tshow-control=\"false\"\n\t\t\tquantity=\"1\"\n\t\t><\/sc-price-choice>\n\t\t\n<\/sc-price-choices>\n\n<sc-price-choices\n\t\t\t\t\tclass=\"wp-block-surecart-price-choice\"\n\t\t\t\t\tlabel=\"Offert - Acc\u00e8de \u00e0 +100 ressources p\u00e9dagogiques\"\n\t\t\t\t\ttype=\"radio\"\n\t\t\t\t\tcolumns=\"1\"\n\t\t\t\t>\n\t\t<sc-price-choice\n\t\t\tid=\"sc-price-choice-2\"\n\t\t\tprice-id=\"7aa9cfe1-6222-4c31-a1ed-a1fde3e8cf22\"\n\t\t\ttype=\"radio\"\n\t\t\tlabel=\"\"\n\t\t\tdescription=\"\"\n\t\t\tchecked=\"false\"\n\t\t\tshow-label=\"true\"\n\t\t\tshow-price=\"true\"\n\t\t\tshow-control=\"false\"\n\t\t\tquantity=\"1\"\n\t\t><\/sc-price-choice>\n\t\t\n<\/sc-price-choices>\n\n\n<div class=\"wp-block-surecart-columns is-layout-flex wp-block-surecart-columns-is-layout-flex\">\n<div class=\"wp-block-surecart-column\">\n<sc-customer-name label=\"Name\" class=\"wp-block-surecart-name\"><\/sc-customer-name>\n<\/div>\n\n\n\n<div class=\"wp-block-surecart-column\">\n\t\t<sc-customer-email\n\t\t\tclass=\"\"\n\t\t\tlabel=\"Email\"\n\t\t\t\t\t\t\t\t\t\t\t\t\t\t\trequired\n\t\t\tautocomplete='email'\n\t\t\tinputmode='email'\n\t\t>\n\t\t<\/sc-customer-email>\n\n\t\t<\/div>\n<\/div>\n\n\n\n\t\t<sc-order-password\n\t\t\ttype=\"password\"\n\t\t\tname=\"password\"\n\t\t\tclass=\"\"\n\t\t\tlabel=\"Set A Password\"\n\t\t\thelp=\"\"\n\t\t\tautofocus=\"\"\n\t\t\tmaxlength=\"\"\n\t\t\tminlength=\"\"\n\t\t\tplaceholder=\"\"\n\t\t\tshowlabel=\"1\"\n\t\t\tsize=\"\"\n\t\t\tvalue=\"\"\n\t\t\trequired=\"true\"\n\t\t\tconfirmation=\"true\"\n\t\t\tconfirmation-label=\"Password Confirmation\"\n\t\t\tconfirmation-placeholder=\"\"\n\t\t\tconfirmation-help=\"\"\n\t\t\tenable-validation=\"true\"\n\t\t>\n\t\t<\/sc-order-password>\n\n\t\t\n\n\n\t\t<sc-payment\n\t\t\tid=\"sc-payment-0\"\n\t\t\tclass=\"\"\n\t\t>\n\t\t\t\t\t\t\t<sc-stripe-payment-element slot=\"stripe\"><\/sc-stripe-payment-element>\n\t\t\t\n\t\t\t\t\t<\/sc-payment>\n\t\t\n\n\n<sc-checkbox name=\"checkbox\" checked value=\"on\" required>\u6211\u63a5\u53d7\u00a0<a href=\"https:\/\/xenesyproject.com\/zh\/%e4%b8%80%e8%88%ac%e9%94%80%e5%94%ae%e6%9d%a1%e6%ac%be%e5%92%8c%e6%9d%a1%e4%bb%b6-2\/\">\u9500\u552e\u6761\u6b3e\u548c\u6761\u4ef6<\/a><br><\/sc-checkbox>\n\n\n\n<sc-checkbox name=\"checkbox\" checked value=\"on\" required>\u672c\u4eba\u786e\u8ba4\uff0c\u6839\u636e\u300a\u6cd5\u56fd\u6d88\u8d39\u8005\u6cd5\u300b\u7b2c L221-28 \u6761\uff0c\u672c\u4eba\u5df2\u88ab\u544a\u77e5\u5e76\u660e\u786e\u540c\u610f\u653e\u5f03\u56e0\u7acb\u5373\u63d0\u4f9b\u6570\u5b57\u5185\u5bb9\u800c\u64a4\u9500\u6743\u3002<\/sc-checkbox>\n\n\n\n<sc-order-summary collapsible=\"1\" order-summary-text=\"Summary\" invoice-summary-text=\"Invoice Summary\" class=\"wp-block-surecart-totals\">\n<sc-divider><\/sc-divider>\n\n\n\n<sc-line-items removable=\"1\" editable=\"1\" class=\"wp-block-surecart-line-items\"><\/sc-line-items>\n\n\n\n<sc-divider><\/sc-divider>\n\n\n\n<sc-line-item-total total=\"subtotal\" class=\"wp-block-surecart-subtotal\"><span slot=\"description\">\u5c0f\u8ba1<\/span><span slot=\"total-payments-description\">\u5206\u671f\u4ed8\u6b3e\u603b\u989d<\/span><span slot=\"first-payment-subtotal-description\">\u9996\u6b21\u4ed8\u6b3e<\/span><\/sc-line-item-total>\n\n\n<sc-line-item-trial class=\"wp-block-surecart-trial-line-item\" label=\"Trial\"><\/sc-line-item-trial>\n\n\t\t<sc-order-coupon-form\n\t\t\tlabel=\"Add Coupon Code\"\n\t\t\tplaceholder=\"Enter coupon code\"\n\t\t\tbutton-text=\"Apply Coupon\"\n\t\t\tcollapsed>\n\t\t<\/sc-order-coupon-form>\n\t\t\n\n\n<sc-line-item-tax class=\"wp-block-surecart-tax-line-item\"><\/sc-line-item-tax>\n\n\n\n<sc-divider><\/sc-divider>\n\n\n\n<sc-line-item-total total=\"total\" size=\"large\" show-currency=\"1\" class=\"wp-block-surecart-total\"><span slot=\"title\">\u603b\u8ba1<\/span><span slot=\"subscription-title\">\u4eca\u65e5\u5e94\u4ed8\u6b3e\u603b\u989d<\/span><span slot=\"first-payment-total-description\">\u5c0f\u8ba1<\/span><span slot=\"free-trial-description\">\u8bd5\u7528<\/span><span slot=\"due-amount-description\">\u5e94\u4ed8\u91d1\u989d<\/span><\/sc-line-item-total>\n<\/sc-order-summary>\n\n\n\t\t<sc-order-submit\n\t\t\ttype=\"primary\"\n\t\t\tfull=\"true\"\n\t\t\tsize=\"large\"\n\t\t\ticon=\"lock\"\t\t\tshow-total=\"true\"\n\t\t\tsecure-notice=\"true\"\n\t\t\tsecure-notice-text=\"This is a secure, encrypted payment.\"\n\t\t\t\t\t\t\t\t\tclass=\"wp-block-surecart-submit\"\n\t\t>\u8d2d\u4e70<\/sc-order-submit>\n\t\t\n\t<\/sc-form>\n<\/sc-checkout>\n\t\t\t\t<\/div>\n\t\t\t\t<\/div>\n\t\t\t\t\t<\/div>\n\t\t<\/div>\n\t\t\t\t<div class=\"elementor-column elementor-col-50 elementor-inner-column elementor-element elementor-element-536fbc4e\" data-id=\"536fbc4e\" data-element_type=\"column\" data-e-type=\"column\">\n\t\t\t<div class=\"elementor-widget-wrap elementor-element-populated\">\n\t\t\t\t\t\t<div class=\"elementor-element elementor-element-7ce259d5 elementor-widget elementor-widget-heading\" data-id=\"7ce259d5\" data-element_type=\"widget\" data-e-type=\"widget\" data-widget_type=\"heading.default\">\n\t\t\t\t\t<p class=\"elementor-heading-title elementor-size-default\">\u8ba2\u5355\u6458\u8981<\/p>\t\t\t\t<\/div>\n\t\t\t\t<div class=\"elementor-element elementor-element-4e3f40c0 elementor-hidden-desktop elementor-hidden-tablet elementor-hidden-mobile elementor-widget elementor-widget-heading\" data-id=\"4e3f40c0\" data-element_type=\"widget\" data-e-type=\"widget\" data-widget_type=\"heading.default\">\n\t\t\t\t\t<h2 class=\"elementor-heading-title elementor-size-default\">\u8fdb\u5165\u4ea4\u6613\u5165\u95e8\u8bfe\u7a0b<\/h2>\t\t\t\t<\/div>\n\t\t\t\t<div class=\"elementor-element elementor-element-1e17e2b8 elementor-widget elementor-widget-text-editor\" data-id=\"1e17e2b8\" data-element_type=\"widget\" data-e-type=\"widget\" data-widget_type=\"text-editor.default\">\n\t\t\t\t\t\t\t\t\t<p>\u20ac 1 790,00<\/p>\t\t\t\t\t\t\t\t<\/div>\n\t\t\t\t<div class=\"elementor-element elementor-element-63ef4a76 elementor-widget elementor-widget-heading\" data-id=\"63ef4a76\" data-element_type=\"widget\" data-e-type=\"widget\" data-widget_type=\"heading.default\">\n\t\t\t\t\t<h3 class=\"elementor-heading-title elementor-size-default\">\u8bfe\u7a0b\u8bf4\u660e<\/h3>\t\t\t\t<\/div>\n\t\t\t\t<div class=\"elementor-element elementor-element-6a709c0 elementor-widget elementor-widget-text-editor\" data-id=\"6a709c0\" data-element_type=\"widget\" data-e-type=\"widget\" data-widget_type=\"text-editor.default\">\n\t\t\t\t\t\t\t\t\t<div class=\"ue-step-item ue-item elementor-repeater-item-955378e\"><div class=\"ue-item-highlight\"><div class=\"ue-step-item ue-item elementor-repeater-item-955378e\"><div class=\"ue-step-item-content\"><p>\u8fd9\u00a0<strong>\u4ea4\u6613\u57f9\u8bad<\/strong> \u672c\u4e66\u4e13\u4e3a\u5e0c\u671b\u4e86\u89e3\u91d1\u878d\u5e02\u573a\u5e76\u4ee5\u7b80\u5355\u5b9e\u7528\u7684\u65b9\u5f0f\u5b66\u4e60\u4ea4\u6613\u7684\u4eba\u800c\u8bbe\u8ba1\u3002\u60a8\u5c06\u4e86\u89e3\u5230\u57fa\u672c\u6982\u5ff5\u3001\u57fa\u672c\u5de5\u5177\u548c\u7b80\u5355\u7b56\u7565\uff0c\u4ece\u800c\u5145\u6ee1\u4fe1\u5fc3\u5730\u5f00\u59cb\u4ea4\u6613\u3002.<\/p><\/div><\/div><\/div><\/div>\t\t\t\t\t\t\t\t<\/div>\n\t\t\t\t<div class=\"elementor-element elementor-element-36bdb3c2 elementor-widget elementor-widget-heading\" data-id=\"36bdb3c2\" data-element_type=\"widget\" data-e-type=\"widget\" data-widget_type=\"heading.default\">\n\t\t\t\t\t<h2 class=\"elementor-heading-title elementor-size-default\">\u8bfe\u7a0b\u5305\u62ec \uff1a<\/h2>\t\t\t\t<\/div>\n\t\t\t\t<div class=\"elementor-element elementor-element-156c2b8e elementor-widget elementor-widget-text-editor\" data-id=\"156c2b8e\" data-element_type=\"widget\" data-e-type=\"widget\" data-widget_type=\"text-editor.default\">\n\t\t\t\t\t\t\t\t\t<div class=\"ue-step-item ue-item elementor-repeater-item-955378e\"><div class=\"ue-item-highlight\"><div class=\"ue-step-item ue-item elementor-repeater-item-955378e\"><div class=\"ue-step-item-content\"><ul><li><strong>\u65e0\u9650\u5236\u8bbf\u95ee<\/strong>\u00a0\u6240\u6709\u57f9\u8bad\u6a21\u5757\u3002<\/li><li><strong>\u53ef\u4e0b\u8f7d\u7684\u6559\u5177<\/strong>\u00a0(\u5b9e\u7528\u5de5\u4f5c\u8868\u3001\u7ec3\u4e60\u3001\u89c6\u9891\uff09\u3002<\/li><li><strong>\u514d\u8d39\u66f4\u65b0<\/strong>\u00a0\u57f9\u8bad\u5185\u5bb9\u3002<\/li><\/ul><\/div><\/div><\/div><\/div>\t\t\t\t\t\t\t\t<\/div>\n\t\t\t\t<div class=\"elementor-element elementor-element-563ad12 elementor-widget elementor-widget-heading\" data-id=\"563ad12\" data-element_type=\"widget\" data-e-type=\"widget\" data-widget_type=\"heading.default\">\n\t\t\t\t\t<h2 class=\"elementor-heading-title elementor-size-default\">\u8bfe\u7a0b\u76ee\u7684<\/h2>\t\t\t\t<\/div>\n\t\t\t\t<div class=\"elementor-element elementor-element-57007443 elementor-widget elementor-widget-text-editor\" data-id=\"57007443\" data-element_type=\"widget\" data-e-type=\"widget\" data-widget_type=\"text-editor.default\">\n\t\t\t\t\t\t\t\t\t<div class=\"ue-step-item ue-item elementor-repeater-item-955378e\"><div class=\"ue-item-highlight\"><div class=\"ue-step-item ue-item elementor-repeater-item-955378e\"><div class=\"ue-step-item-content\"><ul><li>\u4e86\u89e3\u91d1\u878d\u5e02\u573a\u8fd0\u4f5c\u7684\u57fa\u672c\u539f\u7406\u3002<\/li><li>\u9605\u8bfb\u548c\u5206\u6790\u8d22\u52a1\u56fe\u8868\u3002<\/li><li>\u4f7f\u7528\u4ea4\u6613\u5e73\u53f0\u53ca\u5176\u57fa\u672c\u5de5\u5177\u3002<\/li><li>\u4e13\u4e1a\u98ce\u9669\u7ba1\u7406\u3002<\/li><li>\u4e3a\u7a33\u5065\u7684\u4ea4\u6613\u7b56\u7565\u5960\u5b9a\u57fa\u7840\u3002<\/li><\/ul><\/div><\/div><\/div><\/div>\t\t\t\t\t\t\t\t<\/div>\n\t\t\t\t\t<\/div>\n\t\t<\/div>\n\t\t\t\t\t<\/div>\n\t\t<\/section>\n\t\t\t\t\t<\/div>\n\t\t<\/div>\n\t\t\t\t\t<\/div>\n\t\t<\/section>\n\t\t\t\t<section class=\"elementor-section elementor-top-section elementor-element elementor-element-210b0b9e elementor-hidden-desktop elementor-hidden-tablet elementor-hidden-mobile elementor-section-boxed elementor-section-height-default elementor-section-height-default\" data-id=\"210b0b9e\" data-element_type=\"section\" data-e-type=\"section\">\n\t\t\t\t\t\t<div class=\"elementor-container elementor-column-gap-default\">\n\t\t\t\t\t<div class=\"elementor-column elementor-col-100 elementor-top-column elementor-element elementor-element-361944e6\" data-id=\"361944e6\" data-element_type=\"column\" data-e-type=\"column\">\n\t\t\t<div class=\"elementor-widget-wrap elementor-element-populated\">\n\t\t\t\t\t\t<div class=\"elementor-element elementor-element-5195115d elementor-widget elementor-widget-heading\" data-id=\"5195115d\" data-element_type=\"widget\" data-e-type=\"widget\" data-widget_type=\"heading.default\">\n\t\t\t\t\t<h2 class=\"elementor-heading-title elementor-size-default\">\u57f9\u8bad\u8ba1\u5212\u6982\u8ff0<\/h2>\t\t\t\t<\/div>\n\t\t\t\t<div class=\"elementor-element elementor-element-609f0da3 elementor-widget elementor-widget-text-editor\" data-id=\"609f0da3\" data-element_type=\"widget\" data-e-type=\"widget\" data-widget_type=\"text-editor.default\">\n\t\t\t\t\t\t\t\t\t<p>La\u00a0<strong>\u4ea4\u6613\u5165\u95e8\u8bfe\u7a0b<\/strong>\u00a0\u5206\u4e3a 6 \u4e2a\u5faa\u5e8f\u6e10\u8fdb\u7684\u6a21\u5757\uff0c\u7ed3\u6784\u6e05\u6670\u3002<\/p><h5><strong>1: \u4ea4\u6613\u7b80\u4ecb<\/strong><\/h5><ul><li>\u4ec0\u4e48\u662f\u4ea4\u6613\uff1f\u57fa\u672c\u539f\u5219\u548c\u57fa\u672c\u672f\u8bed\u3002<\/li><li>\u4e0d\u540c\u7c7b\u578b\u7684\u91d1\u878d\u5e02\u573a\uff1a\u5916\u6c47\u3001\u80a1\u7968\u3001\u52a0\u5bc6\u8d27\u5e01\u7b49\u3002<\/li><\/ul><h5><strong>2: \u4ea4\u6613\u57fa\u7840<\/strong><\/h5><ul><li>\u6280\u672f\u5206\u6790\u4e0e\u57fa\u672c\u5206\u6790\u7684\u533a\u522b<\/li><li>\u4ecb\u7ecd\u4ea4\u6613\u56fe\u8868\u548c\u7b80\u5355\u6307\u6807\uff08\u79fb\u52a8\u5e73\u5747\u7ebf\u3001RSI\uff09\u3002<\/li><li>\u652f\u6491\u548c\u963b\u529b\u7684\u6982\u5ff5\u3002<\/li><\/ul><h5><strong>3: \u4f7f\u7528\u4ea4\u6613\u5e73\u53f0<\/strong><\/h5><ul><li>\u4ecb\u7ecd MT4\u3001MT5 \u548c TradingView \u7b49\u5e73\u53f0\u3002<\/li><li>\u914d\u7f6e\u548c\u6d4f\u89c8\u4ea4\u6613\u5e73\u53f0\u3002<\/li><li>\u4e0b\u8ba2\u5355\u548c\u5b9a\u5236\u5de5\u5177\u3002<\/li><\/ul><h5><strong>4: \u9002\u5408\u521d\u5b66\u8005\u7684\u4ea4\u6613\u7b56\u7565<\/strong><\/h5><ul><li>\u7b80\u5355\u7b56\u7565\uff1a\u8d8b\u52bf\u3001\u53cd\u5f39\u3001\u7a81\u7834\u3002<\/li><li>\u4f7f\u7528\u6280\u672f\u6307\u6807\u5236\u5b9a\u7b56\u7565\u3002<\/li><li>\u901a\u8fc7\u6848\u4f8b\u7814\u7a76\u548c\u5b9e\u9645\u7ec3\u4e60\u6765\u5f3a\u5316\u60a8\u7684\u6280\u80fd\u3002<\/li><\/ul><h5><strong>5: \u98ce\u9669\u7ba1\u7406\u4e0e\u4ea4\u6613\u5fc3\u7406\u5b66<\/strong><\/h5><ul><li>\u98ce\u9669\u7ba1\u7406\u6280\u5de7\uff1a\u6b62\u635f\u3001\u4ed3\u4f4d\u5927\u5c0f\u7b49\u3002<\/li><li>\u4ea4\u6613\u5fc3\u7406\u5b66\u548c\u60c5\u7eea\u7ba1\u7406\u5165\u95e8\u3002<\/li><li>\u57f9\u517b\u81ea\u4fe1\u800c\u5e73\u9759\u5730\u8fdb\u884c\u4ea4\u6613\u7684\u7eaa\u5f8b\u3002<\/li><\/ul><h5><strong>6: \u4fee\u8ba2\u548c\u57f9\u8bad\u8bc1\u4e66<\/strong><\/h5><ul><li>\u7efc\u5408\u6240\u5b66\u77e5\u8bc6\u3002<\/li><li>\u671f\u672b\u6d4b\u9a8c\u9a8c\u8bc1\u60a8\u7684\u5b66\u4e60\u6548\u679c\u3002<\/li><li>\u9881\u53d1\u57f9\u8bad\u8bc1\u4e66\u3002<\/li><\/ul>\t\t\t\t\t\t\t\t<\/div>\n\t\t\t\t\t<\/div>\n\t\t<\/div>\n\t\t\t\t\t<\/div>\n\t\t<\/section>\n\t\t\t\t<section class=\"elementor-section elementor-top-section elementor-element elementor-element-7f14378a elementor-section-boxed elementor-section-height-default elementor-section-height-default\" data-id=\"7f14378a\" data-element_type=\"section\" data-e-type=\"section\" data-settings=\"{&quot;background_background&quot;:&quot;classic&quot;}\">\n\t\t\t\t\t\t<div class=\"elementor-container elementor-column-gap-default\">\n\t\t\t\t\t<div class=\"elementor-column elementor-col-100 elementor-top-column elementor-element elementor-element-44ce0c25\" data-id=\"44ce0c25\" data-element_type=\"column\" data-e-type=\"column\">\n\t\t\t<div class=\"elementor-widget-wrap elementor-element-populated\">\n\t\t\t\t\t\t<div class=\"elementor-element elementor-element-247b30cc elementor-widget elementor-widget-text-editor\" data-id=\"247b30cc\" data-element_type=\"widget\" data-e-type=\"widget\" data-widget_type=\"text-editor.default\">\n\t\t\t\t\t\t\t\t\t<p>2020 - 2024 XENESY LTD - \u4fdd\u7559\u6240\u6709\u6743\u5229<\/p>\t\t\t\t\t\t\t\t<\/div>\n\t\t\t\t\t<\/div>\n\t\t<\/div>\n\t\t\t\t\t<\/div>\n\t\t<\/section>\n\t\t\t\t<\/div>","protected":false},"excerpt":{"rendered":"<p>FORMATION INITIATION TRADING J&rsquo;accepte les\u00a0Conditions G\u00e9n\u00e9rales de Vente Je reconnais \u00eatre inform\u00e9(e) et accepte express\u00e9ment de renoncer \u00e0 mon droit de r\u00e9tractation, conform\u00e9ment \u00e0 l&rsquo;article L221-28 du Code de la consommation, en raison de la fourniture imm\u00e9diate du contenu num\u00e9rique SubtotalTotal Installment PaymentsInitial Payment TotalTotal Due TodaySubtotalTrialAmount Due Purchase R\u00e9capitulatif de la commande Acc\u00e8s au [&hellip;]<\/p>\n","protected":false},"author":1,"featured_media":33979,"parent":0,"menu_order":0,"comment_status":"closed","ping_status":"closed","template":"elementor_canvas","meta":{"_surecart_dashboard_logo_width":"180px","_surecart_dashboard_show_logo":true,"_surecart_dashboard_navigation_orders":true,"_surecart_dashboard_navigation_invoices":true,"_surecart_dashboard_navigation_subscriptions":true,"_surecart_dashboard_navigation_downloads":true,"_surecart_dashboard_navigation_billing":true,"_surecart_dashboard_navigation_account":true,"site-sidebar-layout":"no-sidebar","site-content-layout":"page-builder","ast-site-content-layout":"full-width-container","site-content-style":"default","site-sidebar-style":"default","ast-global-header-display":"","ast-banner-title-visibility":"","ast-main-header-display":"","ast-hfb-above-header-display":"","ast-hfb-below-header-display":"","ast-hfb-mobile-header-display":"","site-post-title":"disabled","ast-breadcrumbs-content":"","ast-featured-img":"disabled","footer-sml-layout":"","ast-disable-related-posts":"","theme-transparent-header-meta":"","adv-header-id-meta":"","stick-header-meta":"","header-above-stick-meta":"","header-main-stick-meta":"","header-below-stick-meta":"","astra-migrate-meta-layouts":"set","ast-page-background-enabled":"default","ast-page-background-meta":{"desktop":{"background-color":"var(--ast-global-color-4)","background-image":"","background-repeat":"repeat","background-position":"center center","background-size":"auto","background-attachment":"scroll","background-type":"","background-media":"","overlay-type":"","overlay-color":"","overlay-opacity":"","overlay-gradient":""},"tablet":{"background-color":"","background-image":"","background-repeat":"repeat","background-position":"center center","background-size":"auto","background-attachment":"scroll","background-type":"","background-media":"","overlay-type":"","overlay-color":"","overlay-opacity":"","overlay-gradient":""},"mobile":{"background-color":"","background-image":"","background-repeat":"repeat","background-position":"center center","background-size":"auto","background-attachment":"scroll","background-type":"","background-media":"","overlay-type":"","overlay-color":"","overlay-opacity":"","overlay-gradient":""}},"ast-content-background-meta":{"desktop":{"background-color":"var(--ast-global-color-5)","background-image":"","background-repeat":"repeat","background-position":"center center","background-size":"auto","background-attachment":"scroll","background-type":"","background-media":"","overlay-type":"","overlay-color":"","overlay-opacity":"","overlay-gradient":""},"tablet":{"background-color":"var(--ast-global-color-5)","background-image":"","background-repeat":"repeat","background-position":"center center","background-size":"auto","background-attachment":"scroll","background-type":"","background-media":"","overlay-type":"","overlay-color":"","overlay-opacity":"","overlay-gradient":""},"mobile":{"background-color":"var(--ast-global-color-5)","background-image":"","background-repeat":"repeat","background-position":"center center","background-size":"auto","background-attachment":"scroll","background-type":"","background-media":"","overlay-type":"","overlay-color":"","overlay-opacity":"","overlay-gradient":""}},"footnotes":""},"wf_page_folders":[175],"class_list":["post-37174","page","type-page","status-publish","has-post-thumbnail","hentry"],"_links":{"self":[{"href":"https:\/\/xenesyproject.com\/zh\/wp-json\/wp\/v2\/pages\/37174","targetHints":{"allow":["GET"]}}],"collection":[{"href":"https:\/\/xenesyproject.com\/zh\/wp-json\/wp\/v2\/pages"}],"about":[{"href":"https:\/\/xenesyproject.com\/zh\/wp-json\/wp\/v2\/types\/page"}],"author":[{"embeddable":true,"href":"https:\/\/xenesyproject.com\/zh\/wp-json\/wp\/v2\/users\/1"}],"replies":[{"embeddable":true,"href":"https:\/\/xenesyproject.com\/zh\/wp-json\/wp\/v2\/comments?post=37174"}],"version-history":[{"count":48,"href":"https:\/\/xenesyproject.com\/zh\/wp-json\/wp\/v2\/pages\/37174\/revisions"}],"predecessor-version":[{"id":39910,"href":"https:\/\/xenesyproject.com\/zh\/wp-json\/wp\/v2\/pages\/37174\/revisions\/39910"}],"wp:featuredmedia":[{"embeddable":true,"href":"https:\/\/xenesyproject.com\/zh\/wp-json\/wp\/v2\/media\/33979"}],"wp:attachment":[{"href":"https:\/\/xenesyproject.com\/zh\/wp-json\/wp\/v2\/media?parent=37174"}],"wp:term":[{"taxonomy":"wf_page_folders","embeddable":true,"href":"https:\/\/xenesyproject.com\/zh\/wp-json\/wp\/v2\/wf_page_folders?post=37174"}],"curies":[{"name":"wp","href":"https:\/\/api.w.org\/{rel}","templated":true}]}}