{"id":37361,"date":"2025-04-13T10:46:26","date_gmt":"2025-04-13T08:46:26","guid":{"rendered":"https:\/\/xenesyproject.com\/?page_id=37361"},"modified":"2025-07-18T15:23:33","modified_gmt":"2025-07-18T13:23:33","slug":"%e8%bf%b7%e4%bd%a0%e5%9f%b9%e8%ae%ad%e8%af%be%e7%a8%8b%ef%bc%9a%e6%9e%84%e5%bb%ba%e4%bd%a0%e7%9a%84%e5%a6%87%e5%a5%b3%e5%ad%a6%e7%a7%91","status":"publish","type":"page","link":"https:\/\/xenesyproject.com\/zh\/%e8%bf%b7%e4%bd%a0%e5%9f%b9%e8%ae%ad%e8%af%be%e7%a8%8b%ef%bc%9a%e6%9e%84%e5%bb%ba%e4%bd%a0%e7%9a%84%e5%a6%87%e5%a5%b3%e5%ad%a6%e7%a7%91\/","title":{"rendered":"\u8ff7\u4f60\u57f9\u8bad--\u6784\u5efa\u4f60\u7684\u5973\u6027\u5b66\u79d1"},"content":{"rendered":"<div data-elementor-type=\"wp-page\" data-elementor-id=\"37361\" class=\"elementor elementor-37361\" data-elementor-post-type=\"page\">\n\t\t\t\t\t\t<section class=\"elementor-section elementor-top-section elementor-element elementor-element-44834679 elementor-section-content-top animated-slow elementor-section-boxed elementor-section-height-default elementor-section-height-default elementor-invisible\" data-id=\"44834679\" data-element_type=\"section\" data-e-type=\"section\" data-settings=\"{&quot;background_background&quot;:&quot;classic&quot;,&quot;animation&quot;:&quot;fadeIn&quot;}\">\n\t\t\t\t\t\t<div class=\"elementor-container elementor-column-gap-default\">\n\t\t\t\t\t<div class=\"elementor-column elementor-col-100 elementor-top-column elementor-element elementor-element-2b198144\" data-id=\"2b198144\" data-element_type=\"column\" data-e-type=\"column\" data-settings=\"{&quot;animation&quot;:&quot;none&quot;}\">\n\t\t\t<div class=\"elementor-widget-wrap elementor-element-populated\">\n\t\t\t\t\t\t<section class=\"elementor-section elementor-inner-section elementor-element elementor-element-55cfb81a elementor-reverse-mobile elementor-section-boxed elementor-section-height-default elementor-section-height-default\" data-id=\"55cfb81a\" data-element_type=\"section\" data-e-type=\"section\" data-settings=\"{&quot;animation&quot;:&quot;none&quot;}\">\n\t\t\t\t\t\t<div class=\"elementor-container elementor-column-gap-default\">\n\t\t\t\t\t<div class=\"elementor-column elementor-col-33 elementor-inner-column elementor-element elementor-element-3ac97ce6\" data-id=\"3ac97ce6\" data-element_type=\"column\" data-e-type=\"column\">\n\t\t\t<div class=\"elementor-widget-wrap elementor-element-populated\">\n\t\t\t\t\t\t<div class=\"elementor-element elementor-element-ece7f73 elementor-hidden-desktop elementor-hidden-tablet elementor-hidden-mobile elementor-widget elementor-widget-text-editor\" data-id=\"ece7f73\" data-element_type=\"widget\" data-e-type=\"widget\" data-widget_type=\"text-editor.default\">\n\t\t\t\t\t\t\t\t\t<p>\u8ff7\u4f60\u57f9\u8bad--\u6784\u5efa\u4f60\u7684\u5973\u6027\u5b66\u79d1<\/p><p><a href=\"https:\/\/xenesy.trafft.com\/\" target=\"_blank\" rel=\"noopener\">\u9884\u7ea6<\/a><\/p><p><a href=\"https:\/\/xenesyproject.com\/zh\">\u4e86\u89e3\u6211\u4eec\u7684\u57f9\u8bad\u4e2d\u5fc3<\/a><\/p><h2>\u57f9\u8bad<\/h2>\t\t\t\t\t\t\t\t<\/div>\n\t\t\t\t<div class=\"elementor-element elementor-element-52013c05 elementor-invisible elementor-widget elementor-widget-heading\" data-id=\"52013c05\" data-element_type=\"widget\" data-e-type=\"widget\" data-settings=\"{&quot;_animation&quot;:&quot;fadeInUp&quot;}\" data-widget_type=\"heading.default\">\n\t\t\t\t\t<h3 class=\"elementor-heading-title elementor-size-default\">mini-formation<\/h3>\t\t\t\t<\/div>\n\t\t\t\t<div class=\"elementor-element elementor-element-4fa4dc09 elementor-invisible elementor-widget elementor-widget-heading\" data-id=\"4fa4dc09\" data-element_type=\"widget\" data-e-type=\"widget\" data-settings=\"{&quot;_animation&quot;:&quot;fadeInUp&quot;}\" data-widget_type=\"heading.default\">\n\t\t\t\t\t<h1 class=\"elementor-heading-title elementor-size-default\">\u6784\u5efa\u5987\u5973\u5b66\u79d1<\/h1>\t\t\t\t<\/div>\n\t\t\t\t<div class=\"elementor-element elementor-element-5189234f elementor-invisible elementor-widget elementor-widget-heading\" data-id=\"5189234f\" data-element_type=\"widget\" data-e-type=\"widget\" data-settings=\"{&quot;_animation&quot;:&quot;fadeInUp&quot;}\" data-widget_type=\"heading.default\">\n\t\t\t\t\t<h3 class=\"elementor-heading-title elementor-size-default\">\u8bf4\u660e<\/h3>\t\t\t\t<\/div>\n\t\t\t\t<div class=\"elementor-element elementor-element-54f61e0c elementor-invisible elementor-widget elementor-widget-text-editor\" data-id=\"54f61e0c\" data-element_type=\"widget\" data-e-type=\"widget\" data-settings=\"{&quot;_animation&quot;:&quot;fadeInUp&quot;}\" data-widget_type=\"text-editor.default\">\n\t\t\t\t\t\t\t\t\t<p class=\"\" data-start=\"394\" data-end=\"851\">\u6211\u4eec\u7684\u8ff7\u4f60\u57f9\u8bad\u8bfe\u7a0b<em data-start=\"394\" data-end=\"429\"> \u6784\u5efa\u4f60\u7684\u5987\u5973\u7eaa\u5f8b<\/em> \u8fd9\u4e0d\u662f\u4e00\u672c\u7ecf\u5178\u7684\u4e2a\u4eba\u53d1\u5c55\u4e66\u7c4d\uff0c\u5b83\u662f\u4e00\u5957\u4e25\u8c28\u3001\u82db\u523b\u3001\u52a1\u5b9e\u7684\u65b9\u6cd5\uff0c\u4e13\u4e3a\u60f3\u8981\u8fdb\u5165\u66f4\u9ad8\u5065\u5eb7\u72b6\u6001\u7684\u96c4\u5fc3\u52c3\u52c3\u7684\u5973\u6027\u800c\u8bbe\u8ba1\u3002\u8fd9\u672c\u64cd\u4f5c\u624b\u518c\u5171\u5206\u516d\u7ae0\uff0c\u6307\u5bfc\u4f60\u6e05\u6670\u5730\u6784\u5efa\u81ea\u5df1\u7684\u5185\u90e8\u7cfb\u7edf\uff08\u8eab\u4f53\u3001\u5fc3\u667a\u3001\u667a\u529b\u3001\u8d22\u52a1\u3001\u7ec4\u7ec7\u548c\u5f71\u54cd\u529b\uff09\uff0c\u4ee5\u5b9e\u73b0\u6301\u4e45\u7684\u4e2a\u4eba\u9ad8\u7ee9\u6548\u72b6\u6001\u3002<\/p>\t\t\t\t\t\t\t\t<\/div>\n\t\t\t\t<div class=\"elementor-element elementor-element-6f2cec1a elementor-invisible elementor-widget elementor-widget-heading\" data-id=\"6f2cec1a\" data-element_type=\"widget\" data-e-type=\"widget\" data-settings=\"{&quot;_animation&quot;:&quot;fadeInUp&quot;}\" data-widget_type=\"heading.default\">\n\t\t\t\t\t<h3 class=\"elementor-heading-title elementor-size-default\">\u5c0f\u578b\u57f9\u8bad\u8ba1\u5212<\/h3>\t\t\t\t<\/div>\n\t\t\t\t<div class=\"elementor-element elementor-element-146f46b7 elementor-icon-list--layout-traditional elementor-list-item-link-full_width elementor-invisible elementor-widget elementor-widget-icon-list\" data-id=\"146f46b7\" data-element_type=\"widget\" data-e-type=\"widget\" data-settings=\"{&quot;_animation&quot;:&quot;fadeInUp&quot;}\" data-widget_type=\"icon-list.default\">\n\t\t\t\t\t\t\t<ul class=\"elementor-icon-list-items\">\n\t\t\t\t\t\t\t<li class=\"elementor-icon-list-item\">\n\t\t\t\t\t\t\t\t\t\t\t<span class=\"elementor-icon-list-icon\">\n\t\t\t\t\t\t\t<i aria-hidden=\"true\" class=\"fas fa-dot-circle\"><\/i>\t\t\t\t\t\t<\/span>\n\t\t\t\t\t\t\t\t\t\t<span class=\"elementor-icon-list-text\">\u8eab\u4f53\uff1a \u751f\u7406\u57fa\u7840<\/span>\n\t\t\t\t\t\t\t\t\t<\/li>\n\t\t\t\t\t\t\t\t<li class=\"elementor-icon-list-item\">\n\t\t\t\t\t\t\t\t\t\t\t<span class=\"elementor-icon-list-icon\">\n\t\t\t\t\t\t\t<i aria-hidden=\"true\" class=\"fas fa-dot-circle\"><\/i>\t\t\t\t\t\t<\/span>\n\t\t\t\t\t\t\t\t\t\t<span class=\"elementor-icon-list-text\">\u5fc3\u7406\uff1a\u8fd0\u884c\u7a33\u5b9a\u6027<\/span>\n\t\t\t\t\t\t\t\t\t<\/li>\n\t\t\t\t\t\t\t\t<li class=\"elementor-icon-list-item\">\n\t\t\t\t\t\t\t\t\t\t\t<span class=\"elementor-icon-list-icon\">\n\t\t\t\t\t\t\t<i aria-hidden=\"true\" class=\"fas fa-dot-circle\"><\/i>\t\t\t\t\t\t<\/span>\n\t\t\t\t\t\t\t\t\t\t<span class=\"elementor-icon-list-text\">\u667a\u529b\uff1a \u77e5\u8bc6\u7ed3\u6784\u5316\uff0c\u601d\u7ef4\u6e05\u6670<\/span>\n\t\t\t\t\t\t\t\t\t<\/li>\n\t\t\t\t\t\t\t\t<li class=\"elementor-icon-list-item\">\n\t\t\t\t\t\t\t\t\t\t\t<span class=\"elementor-icon-list-icon\">\n\t\t\t\t\t\t\t<i aria-hidden=\"true\" class=\"fas fa-dot-circle\"><\/i>\t\t\t\t\t\t<\/span>\n\t\t\t\t\t\t\t\t\t\t<span class=\"elementor-icon-list-text\">\u8d22\u52a1\uff1a\u81ea\u4e3b\u6027\u548c\u6760\u6746\u4f5c\u7528<\/span>\n\t\t\t\t\t\t\t\t\t<\/li>\n\t\t\t\t\t\t\t\t<li class=\"elementor-icon-list-item\">\n\t\t\t\t\t\t\t\t\t\t\t<span class=\"elementor-icon-list-icon\">\n\t\t\t\t\t\t\t<i aria-hidden=\"true\" class=\"fas fa-dot-circle\"><\/i>\t\t\t\t\t\t<\/span>\n\t\t\t\t\t\t\t\t\t\t<span class=\"elementor-icon-list-text\">\u751f\u547d\u7cfb\u7edf\uff1a\u65e0\u5f62\u7684\u7eaa\u5f8b<\/span>\n\t\t\t\t\t\t\t\t\t<\/li>\n\t\t\t\t\t\t\t\t<li class=\"elementor-icon-list-item\">\n\t\t\t\t\t\t\t\t\t\t\t<span class=\"elementor-icon-list-icon\">\n\t\t\t\t\t\t\t<i aria-hidden=\"true\" class=\"fas fa-dot-circle\"><\/i>\t\t\t\t\t\t<\/span>\n\t\t\t\t\t\t\t\t\t\t<span class=\"elementor-icon-list-text\">\u8f90\u5c04 \uff1a\u65e0\u58f0\u7684\u5b58\u5728<\/span>\n\t\t\t\t\t\t\t\t\t<\/li>\n\t\t\t\t\t\t<\/ul>\n\t\t\t\t\t\t<\/div>\n\t\t\t\t<div class=\"elementor-element elementor-element-66956fe8 elementor-invisible elementor-widget elementor-widget-heading\" data-id=\"66956fe8\" data-element_type=\"widget\" data-e-type=\"widget\" data-settings=\"{&quot;_animation&quot;:&quot;fadeInUp&quot;}\" data-widget_type=\"heading.default\">\n\t\t\t\t\t<h3 class=\"elementor-heading-title elementor-size-default\">notre conseil<\/h3>\t\t\t\t<\/div>\n\t\t\t\t<div class=\"elementor-element elementor-element-f2e7da6 elementor-invisible elementor-widget elementor-widget-text-editor\" data-id=\"f2e7da6\" data-element_type=\"widget\" data-e-type=\"widget\" data-settings=\"{&quot;_animation&quot;:&quot;fadeInUp&quot;}\" data-widget_type=\"text-editor.default\">\n\t\t\t\t\t\t\t\t\t<p class=\"\" data-start=\"2572\" data-end=\"2708\">\u6309\u7167\u672c\u4e66\u7684\u7f16\u5199\u987a\u5e8f\uff0c\u7136\u540e\u4f18\u5148\u5b66\u4e60\u88ab\u786e\u5b9a\u4e3a\u8584\u5f31\u73af\u8282\u7684\u7ae0\u8282\u3002\u7acb\u5373\u5e94\u7528\u6bcf\u7ae0\u672b\u5c3e\u7684\u64cd\u4f5c\u603b\u7ed3\uff0c\u4ee5\u53d6\u5f97\u957f\u671f\u6548\u679c\u3002<\/p>\t\t\t\t\t\t\t\t<\/div>\n\t\t\t\t<div class=\"elementor-element elementor-element-1233dc98 elementor-align-left elementor-mobile-align-left elementor-invisible elementor-widget elementor-widget-button\" data-id=\"1233dc98\" data-element_type=\"widget\" data-e-type=\"widget\" data-settings=\"{&quot;_animation&quot;:&quot;zoomIn&quot;}\" data-widget_type=\"button.default\">\n\t\t\t\t\t\t\t\t\t\t<a class=\"elementor-button elementor-size-sm\" role=\"button\">\n\t\t\t\t\t\t<span class=\"elementor-button-content-wrapper\">\n\t\t\t\t\t\t\t\t\t<span class=\"elementor-button-text\">\u4e0b\u8f7d\u6458\u8981<\/span>\n\t\t\t\t\t<\/span>\n\t\t\t\t\t<\/a>\n\t\t\t\t\t\t\t\t<\/div>\n\t\t\t\t<div class=\"elementor-element elementor-element-51606078 elementor-hidden-desktop elementor-hidden-tablet elementor-hidden-mobile elementor-widget elementor-widget-text-editor\" data-id=\"51606078\" data-element_type=\"widget\" data-e-type=\"widget\" data-widget_type=\"text-editor.default\">\n\t\t\t\t\t\t\t\t\t<p>\u00a0<\/p><h2>\u57f9\u8bad<\/h2>\t\t\t\t\t\t\t\t<\/div>\n\t\t\t\t\t<\/div>\n\t\t<\/div>\n\t\t\t\t<div class=\"elementor-column elementor-col-33 elementor-inner-column elementor-element elementor-element-6e8b74f4\" data-id=\"6e8b74f4\" data-element_type=\"column\" data-e-type=\"column\">\n\t\t\t<div class=\"elementor-widget-wrap\">\n\t\t\t\t\t\t\t<\/div>\n\t\t<\/div>\n\t\t\t\t<div class=\"elementor-column elementor-col-33 elementor-inner-column elementor-element elementor-element-c35fff\" data-id=\"c35fff\" data-element_type=\"column\" data-e-type=\"column\">\n\t\t\t<div class=\"elementor-widget-wrap elementor-element-populated\">\n\t\t\t\t\t\t<div class=\"elementor-element elementor-element-5a459b4f elementor-invisible elementor-widget elementor-widget-image\" data-id=\"5a459b4f\" data-element_type=\"widget\" data-e-type=\"widget\" data-settings=\"{&quot;_animation&quot;:&quot;fadeInUp&quot;}\" data-widget_type=\"image.default\">\n\t\t\t\t\t\t\t\t\t\t\t\t\t\t\t<img fetchpriority=\"high\" decoding=\"async\" width=\"837\" height=\"1024\" src=\"https:\/\/xenesyproject.com\/wp-content\/uploads\/MINI-FORMATION-837x1024.jpg\" class=\"attachment-large size-large wp-image-37380\" alt=\"\u8ff7\u4f60\u57f9\u8bad\uff1a\u6784\u5efa\u5973\u5b50\u5b66\u79d1\" srcset=\"https:\/\/xenesyproject.com\/wp-content\/uploads\/MINI-FORMATION-837x1024.jpg 837w, https:\/\/xenesyproject.com\/wp-content\/uploads\/MINI-FORMATION-245x300.jpg 245w, https:\/\/xenesyproject.com\/wp-content\/uploads\/MINI-FORMATION-768x940.jpg 768w, https:\/\/xenesyproject.com\/wp-content\/uploads\/MINI-FORMATION-1255x1536.jpg 1255w, https:\/\/xenesyproject.com\/wp-content\/uploads\/MINI-FORMATION-10x12.jpg 10w, https:\/\/xenesyproject.com\/wp-content\/uploads\/MINI-FORMATION.jpg 1527w\" sizes=\"(max-width: 837px) 100vw, 837px\" \/>\t\t\t\t\t\t\t\t\t\t\t\t\t\t\t<\/div>\n\t\t\t\t<div class=\"elementor-element elementor-element-4e33cd5e elementor-invisible elementor-widget elementor-widget-heading\" data-id=\"4e33cd5e\" data-element_type=\"widget\" data-e-type=\"widget\" data-settings=\"{&quot;_animation&quot;:&quot;fadeInUp&quot;}\" data-widget_type=\"heading.default\">\n\t\t\t\t\t<h2 class=\"elementor-heading-title elementor-size-default\">\u7ea7\u522b +<\/h2>\t\t\t\t<\/div>\n\t\t\t\t<div class=\"elementor-element elementor-element-315b8fc elementor-widget elementor-widget-ucaddon_dropdown_button\" data-id=\"315b8fc\" data-element_type=\"widget\" data-e-type=\"widget\" data-widget_type=\"ucaddon_dropdown_button.default\">\n\t\t\t\t<div class=\"elementor-widget-container\">\n\t\t\t\t\t\t\t\t\t<\/div>\n\t\t\t\t<\/div>\n\t\t\t\t<div class=\"elementor-element elementor-element-145d3a2 elementor-mobile-align-center elementor-invisible elementor-widget elementor-widget-button\" data-id=\"145d3a2\" data-element_type=\"widget\" data-e-type=\"widget\" data-settings=\"{&quot;_animation&quot;:&quot;zoomIn&quot;}\" data-widget_type=\"button.default\">\n\t\t\t\t\t\t\t\t\t\t<a class=\"elementor-button elementor-button-link elementor-size-sm\" href=\"https:\/\/xenesyproject.com\/zh\/%e9%97%a8%e6%88%b7%e7%99%bb%e5%bd%95\/\">\n\t\t\t\t\t\t<span class=\"elementor-button-content-wrapper\">\n\t\t\t\t\t\t\t\t\t<span class=\"elementor-button-text\">\u767b\u5f55\u6216\u8ba2\u9605<\/span>\n\t\t\t\t\t<\/span>\n\t\t\t\t\t<\/a>\n\t\t\t\t\t\t\t\t<\/div>\n\t\t\t\t<div class=\"elementor-element elementor-element-158e5bf2 elementor-invisible elementor-widget elementor-widget-text-editor\" data-id=\"158e5bf2\" data-element_type=\"widget\" data-e-type=\"widget\" data-settings=\"{&quot;_animation&quot;:&quot;zoomIn&quot;}\" data-widget_type=\"text-editor.default\">\n\t\t\t\t\t\t\t\t\t<p>\u8981\u8bbf\u95ee\u6b64\u8ff7\u4f60\u57f9\u8bad\u8bfe\u7a0b\uff0c\u60a8\u9700\u8981\u767b\u5f55\u6216\u8ba2\u9605\u3002<\/p>\t\t\t\t\t\t\t\t<\/div>\n\t\t\t\t<div class=\"elementor-element elementor-element-572caeef elementor-invisible elementor-widget elementor-widget-ucaddon_step_process\" data-id=\"572caeef\" data-element_type=\"widget\" data-e-type=\"widget\" data-settings=\"{&quot;_animation&quot;:&quot;fadeInUp&quot;}\" data-widget_type=\"ucaddon_step_process.default\">\n\t\t\t\t<div class=\"elementor-widget-container\">\n\t\t\t\t\t<!-- start Step Process -->\n\n\t\t\t<style type=\"text\/css\">\/* widget: Step Process *\/\n\n#uc_step_process_elementor_572caeef\n{\n  display:flex;\n}\n\n#uc_step_process_elementor_572caeef .ue-link\n{\n  display:block;\n  position:absolute;\n  top:0px;\n  bottom:0px;\n  left:0px;\n  right:0px;\n}\n\n#uc_step_process_elementor_572caeef .ue-step-item\n{\n  flex:1;\n  display:flex;\n  flex-direction:column;\n  position:relative;\n}\n#uc_step_process_elementor_572caeef .ue-item-highlight\n{\n  display: flex;\n  align-items:center;\n  \n}\n\n#uc_step_process_elementor_572caeef .ue-step-item-gap\n{\n  flex-grow:0;\n  flex-shrink:0;\n}\n\n#uc_step_process_elementor_572caeef .ue-step-item-line\n{\n  height:0px;\n  flex-grow:1;\n}\n\n#uc_step_process_elementor_572caeef .ue-step-icon\n{\n  display:flex;\n  justify-content:center;\n  align-items:center;\n  flex-grow:0;\n  flex-shrink:0;\n  position:relative;\n  line-height:1em;\n  transition:0.3s;\n}\n\n#uc_step_process_elementor_572caeef .ue-icon svg\n{\n  height:1em;\n  width:1em;\n}\n\n#uc_step_process_elementor_572caeef .ue-step-label\n{\n  position:absolute;\n  left:0px;\n  bottom:0px;\n  display:flex;\n  justify-content:center;\n  align-items:center;\n}\n.ue-step-label\n{\n  font-size:9px;\n  line-height:1em;\n}\n\n#uc_step_process_elementor_572caeef .ue-step-item-content\n{\n}\n\n#uc_step_process_elementor_572caeef .ue-step-item:last-child .ue-step-item-line:last-child\n{\n  opacity:0;\n}\n\n#uc_step_process_elementor_572caeef .ue-step-item:first-child .ue-step-item-line:first-child\n{\n  opacity:0;\n}\n\n#uc_step_process_elementor_572caeef .ue-step-item-spacer\n{\n  flex-grow:0;\n  flex-shrink:0;\n  \n}\n\n#uc_step_process_elementor_572caeef .ue-graphic-image img\n{\n  \n}\n\n\n#uc_step_process_elementor_572caeef.uc-remote-parent .ue-step-item\n{\n  cursor:pointer;\n}\n\n\n\n\t#uc_step_process_elementor_572caeef\n    {\n      flex-direction:column;\n    }\n  \n  #uc_step_process_elementor_572caeef .ue-step-item\n  {\n    flex-direction:row;\n  }\n  \n  #uc_step_process_elementor_572caeef .ue-item-highlight\n  {\n    flex-direction:column;\n  }\n  \n   #uc_step_process_elementor_572caeef .ue-step-item .ue-step-item-line:first-child\n    {\n      display:none;\n    }\n  \n\n    #uc_step_process_elementor_572caeef  .ue-step-item-gap:nth-child(2)\n     {\n      display:none;    \n      }\n   #uc_step_process_elementor_572caeef  .ue-step-item-line:first-child\n      {\n      display:none;    \n      }\n  \n    #uc_step_process_elementor_572caeef  .ue-step-item-line\n      {\n        height:100%;\n        width:0px;\n      }\n\n\n\n\n\n\n<\/style>\n\n\t\t\t<div id=\"uc_step_process_elementor_572caeef\" class=\"\" >\n <div class=\"ue-step-item ue-item elementor-repeater-item-955378e\">\n    <div class=\"ue-item-highlight\">\n      \n      <div class=\"ue-step-item-line\"><\/div>\n      <div class=\"ue-step-item-gap\"><\/div>\n      <div class=\"ue-step-icon elementor-animation-grow\">\n        <span class=\"ue-icon\"><i class=''><\/i><\/span>                        \n              <\/div>\n      <div class=\"ue-step-item-gap\"><\/div>\n      <div class=\"ue-step-item-line\"><\/div>\n      \n    <\/div>\n    \n    <div class=\"ue-step-item-spacer\"><\/div>\n    \n    <div class=\"ue-step-item-content\">  \n       <div class=\"ue-step-item-content-title\">\u8ba1\u5212<\/div>       <div class=\"ue-step-item-content-text\">6 \u4e2a\u90e8\u5206 - 42 \u9875<\/div>    <\/div>\n  \n    <\/div>\n<div class=\"ue-step-item ue-item elementor-repeater-item-8d5b019\">\n    <div class=\"ue-item-highlight\">\n      \n      <div class=\"ue-step-item-line\"><\/div>\n      <div class=\"ue-step-item-gap\"><\/div>\n      <div class=\"ue-step-icon elementor-animation-grow\">\n        <span class=\"ue-icon\"><i class=''><\/i><\/span>                        \n              <\/div>\n      <div class=\"ue-step-item-gap\"><\/div>\n      <div class=\"ue-step-item-line\"><\/div>\n      \n    <\/div>\n    \n    <div class=\"ue-step-item-spacer\"><\/div>\n    \n    <div class=\"ue-step-item-content\">  \n       <div class=\"ue-step-item-content-title\">difficult\u00e9<\/div>       <div class=\"ue-step-item-content-text\">\u9884\u4ed8\u6b3e<\/div>    <\/div>\n  \n    <\/div>\n<div class=\"ue-step-item ue-item elementor-repeater-item-6a7b4ac\">\n    <div class=\"ue-item-highlight\">\n      \n      <div class=\"ue-step-item-line\"><\/div>\n      <div class=\"ue-step-item-gap\"><\/div>\n      <div class=\"ue-step-icon elementor-animation-grow\">\n        <span class=\"ue-icon\"><i class=''><\/i><\/span>                        \n              <\/div>\n      <div class=\"ue-step-item-gap\"><\/div>\n      <div class=\"ue-step-item-line\"><\/div>\n      \n    <\/div>\n    \n    <div class=\"ue-step-item-spacer\"><\/div>\n    \n    <div class=\"ue-step-item-content\">  \n       <div class=\"ue-step-item-content-title\">\u7ffb\u8bd1<\/div>       <div class=\"ue-step-item-content-text\">\u82f1\u8bed\u548c\u6cd5\u8bed\u7248\u672c<\/div>    <\/div>\n  \n    <\/div>\n<div class=\"ue-step-item ue-item elementor-repeater-item-1843ddb\">\n    <div class=\"ue-item-highlight\">\n      \n      <div class=\"ue-step-item-line\"><\/div>\n      <div class=\"ue-step-item-gap\"><\/div>\n      <div class=\"ue-step-icon elementor-animation-grow\">\n        <span class=\"ue-icon\"><i class=''><\/i><\/span>                        \n              <\/div>\n      <div class=\"ue-step-item-gap\"><\/div>\n      <div class=\"ue-step-item-line\"><\/div>\n      \n    <\/div>\n    \n    <div class=\"ue-step-item-spacer\"><\/div>\n    \n    <div class=\"ue-step-item-content\">  \n       <div class=\"ue-step-item-content-title\">pr\u00e9-requis<\/div>       <div class=\"ue-step-item-content-text\">\u9700\u8981\u4e25\u8c28\u548c\u627f\u8bfa<\/div>    <\/div>\n  \n    <\/div>\n\n<\/div>\n\t\t\t<!-- end Step Process -->\t\t\t\t<\/div>\n\t\t\t\t<\/div>\n\t\t\t\t\t<\/div>\n\t\t<\/div>\n\t\t\t\t\t<\/div>\n\t\t<\/section>\n\t\t\t\t\t<\/div>\n\t\t<\/div>\n\t\t\t\t\t<\/div>\n\t\t<\/section>\n\t\t\t\t<\/div>","protected":false},"excerpt":{"rendered":"<p>MINI FORMATION &#8211; STRUCTURER SA DISCIPLINE FEMININE Prendre rendez-vous D\u00e9couvrir notre centre de formation formation mini-formation STRUCTURER SA DISCIPLINE FEMININE Description Notre mini formation Structurer sa Discipline Feminine n\u2019est pas un livre de d\u00e9veloppement personnel classique, c\u2019est une m\u00e9thode rigoureuse, exigeante et pragmatique, sp\u00e9cialement con\u00e7ue pour les femmes qui ont de l&rsquo;ambition et qui souhaitent [&hellip;]<\/p>\n","protected":false},"author":1,"featured_media":37380,"parent":0,"menu_order":0,"comment_status":"closed","ping_status":"closed","template":"","meta":{"_surecart_dashboard_logo_width":"180px","_surecart_dashboard_show_logo":true,"_surecart_dashboard_navigation_orders":true,"_surecart_dashboard_navigation_invoices":true,"_surecart_dashboard_navigation_subscriptions":true,"_surecart_dashboard_navigation_downloads":true,"_surecart_dashboard_navigation_billing":true,"_surecart_dashboard_navigation_account":true,"site-sidebar-layout":"no-sidebar","site-content-layout":"page-builder","ast-site-content-layout":"full-width-container","site-content-style":"default","site-sidebar-style":"default","ast-global-header-display":"","ast-banner-title-visibility":"","ast-main-header-display":"","ast-hfb-above-header-display":"","ast-hfb-below-header-display":"","ast-hfb-mobile-header-display":"","site-post-title":"disabled","ast-breadcrumbs-content":"","ast-featured-img":"disabled","footer-sml-layout":"","ast-disable-related-posts":"","theme-transparent-header-meta":"","adv-header-id-meta":"","stick-header-meta":"","header-above-stick-meta":"","header-main-stick-meta":"","header-below-stick-meta":"","astra-migrate-meta-layouts":"set","ast-page-background-enabled":"default","ast-page-background-meta":{"desktop":{"background-color":"var(--ast-global-color-4)","background-image":"","background-repeat":"repeat","background-position":"center center","background-size":"auto","background-attachment":"scroll","background-type":"","background-media":"","overlay-type":"","overlay-color":"","overlay-opacity":"","overlay-gradient":""},"tablet":{"background-color":"","background-image":"","background-repeat":"repeat","background-position":"center center","background-size":"auto","background-attachment":"scroll","background-type":"","background-media":"","overlay-type":"","overlay-color":"","overlay-opacity":"","overlay-gradient":""},"mobile":{"background-color":"","background-image":"","background-repeat":"repeat","background-position":"center center","background-size":"auto","background-attachment":"scroll","background-type":"","background-media":"","overlay-type":"","overlay-color":"","overlay-opacity":"","overlay-gradient":""}},"ast-content-background-meta":{"desktop":{"background-color":"var(--ast-global-color-5)","background-image":"","background-repeat":"repeat","background-position":"center center","background-size":"auto","background-attachment":"scroll","background-type":"","background-media":"","overlay-type":"","overlay-color":"","overlay-opacity":"","overlay-gradient":""},"tablet":{"background-color":"var(--ast-global-color-5)","background-image":"","background-repeat":"repeat","background-position":"center center","background-size":"auto","background-attachment":"scroll","background-type":"","background-media":"","overlay-type":"","overlay-color":"","overlay-opacity":"","overlay-gradient":""},"mobile":{"background-color":"var(--ast-global-color-5)","background-image":"","background-repeat":"repeat","background-position":"center center","background-size":"auto","background-attachment":"scroll","background-type":"","background-media":"","overlay-type":"","overlay-color":"","overlay-opacity":"","overlay-gradient":""}},"footnotes":""},"wf_page_folders":[151],"class_list":["post-37361","page","type-page","status-publish","has-post-thumbnail","hentry"],"_links":{"self":[{"href":"https:\/\/xenesyproject.com\/zh\/wp-json\/wp\/v2\/pages\/37361","targetHints":{"allow":["GET"]}}],"collection":[{"href":"https:\/\/xenesyproject.com\/zh\/wp-json\/wp\/v2\/pages"}],"about":[{"href":"https:\/\/xenesyproject.com\/zh\/wp-json\/wp\/v2\/types\/page"}],"author":[{"embeddable":true,"href":"https:\/\/xenesyproject.com\/zh\/wp-json\/wp\/v2\/users\/1"}],"replies":[{"embeddable":true,"href":"https:\/\/xenesyproject.com\/zh\/wp-json\/wp\/v2\/comments?post=37361"}],"version-history":[{"count":3,"href":"https:\/\/xenesyproject.com\/zh\/wp-json\/wp\/v2\/pages\/37361\/revisions"}],"predecessor-version":[{"id":38508,"href":"https:\/\/xenesyproject.com\/zh\/wp-json\/wp\/v2\/pages\/37361\/revisions\/38508"}],"wp:featuredmedia":[{"embeddable":true,"href":"https:\/\/xenesyproject.com\/zh\/wp-json\/wp\/v2\/media\/37380"}],"wp:attachment":[{"href":"https:\/\/xenesyproject.com\/zh\/wp-json\/wp\/v2\/media?parent=37361"}],"wp:term":[{"taxonomy":"wf_page_folders","embeddable":true,"href":"https:\/\/xenesyproject.com\/zh\/wp-json\/wp\/v2\/wf_page_folders?post=37361"}],"curies":[{"name":"wp","href":"https:\/\/api.w.org\/{rel}","templated":true}]}}