{"id":8422,"date":"2024-01-03T14:29:51","date_gmt":"2024-01-03T13:29:51","guid":{"rendered":"https:\/\/www.xenesyproject.com\/?page_id=8422"},"modified":"2025-04-16T10:30:53","modified_gmt":"2025-04-16T08:30:53","slug":"%e8%bf%b7%e4%bd%a0%e8%87%aa%e5%8d%ab%e8%ae%ad%e7%bb%83","status":"publish","type":"page","link":"https:\/\/xenesyproject.com\/zh\/%e8%bf%b7%e4%bd%a0%e8%87%aa%e5%8d%ab%e8%ae%ad%e7%bb%83\/","title":{"rendered":"\u8ff7\u4f60\u57f9\u8bad - \u81ea\u536b"},"content":{"rendered":"<div data-elementor-type=\"wp-page\" data-elementor-id=\"8422\" class=\"elementor elementor-8422\" data-elementor-post-type=\"page\">\n\t\t\t\t\t\t<section class=\"elementor-section elementor-top-section elementor-element elementor-element-40726953 elementor-section-content-top animated-slow elementor-section-boxed elementor-section-height-default elementor-section-height-default elementor-invisible\" data-id=\"40726953\" data-element_type=\"section\" data-e-type=\"section\" data-settings=\"{&quot;background_background&quot;:&quot;classic&quot;,&quot;animation&quot;:&quot;fadeIn&quot;}\">\n\t\t\t\t\t\t<div class=\"elementor-container elementor-column-gap-default\">\n\t\t\t\t\t<div class=\"elementor-column elementor-col-100 elementor-top-column elementor-element elementor-element-5f13207a\" data-id=\"5f13207a\" data-element_type=\"column\" data-e-type=\"column\" data-settings=\"{&quot;animation&quot;:&quot;none&quot;}\">\n\t\t\t<div class=\"elementor-widget-wrap elementor-element-populated\">\n\t\t\t\t\t\t<section class=\"elementor-section elementor-inner-section elementor-element elementor-element-586d0394 elementor-reverse-mobile elementor-section-boxed elementor-section-height-default elementor-section-height-default\" data-id=\"586d0394\" data-element_type=\"section\" data-e-type=\"section\" data-settings=\"{&quot;animation&quot;:&quot;none&quot;}\">\n\t\t\t\t\t\t<div class=\"elementor-container elementor-column-gap-default\">\n\t\t\t\t\t<div class=\"elementor-column elementor-col-33 elementor-inner-column elementor-element elementor-element-1eefbb9b\" data-id=\"1eefbb9b\" data-element_type=\"column\" data-e-type=\"column\">\n\t\t\t<div class=\"elementor-widget-wrap elementor-element-populated\">\n\t\t\t\t\t\t<div class=\"elementor-element elementor-element-66beaf6 elementor-hidden-desktop elementor-hidden-tablet elementor-hidden-mobile elementor-widget elementor-widget-text-editor\" data-id=\"66beaf6\" data-element_type=\"widget\" data-e-type=\"widget\" data-widget_type=\"text-editor.default\">\n\t\t\t\t\t\t\t\t\t<p>\u8ff7\u4f60\u81ea\u536b\u8bad\u7ec3<\/p><p><a href=\"https:\/\/xenesy.trafft.com\/\" target=\"_blank\" rel=\"noopener\">\u9884\u7ea6<\/a><\/p><p><a href=\"https:\/\/xenesyproject.com\/zh\">\u4e86\u89e3\u6211\u4eec\u7684\u57f9\u8bad\u4e2d\u5fc3<\/a><\/p><h2>\u57f9\u8bad<\/h2>\t\t\t\t\t\t\t\t<\/div>\n\t\t\t\t<div class=\"elementor-element elementor-element-a9b91b8 elementor-invisible elementor-widget elementor-widget-heading\" data-id=\"a9b91b8\" data-element_type=\"widget\" data-e-type=\"widget\" data-settings=\"{&quot;_animation&quot;:&quot;fadeInUp&quot;}\" data-widget_type=\"heading.default\">\n\t\t\t\t\t<h3 class=\"elementor-heading-title elementor-size-default\">mini-formation<\/h3>\t\t\t\t<\/div>\n\t\t\t\t<div class=\"elementor-element elementor-element-51ca108 elementor-invisible elementor-widget elementor-widget-heading\" data-id=\"51ca108\" data-element_type=\"widget\" data-e-type=\"widget\" data-settings=\"{&quot;_animation&quot;:&quot;fadeInUp&quot;}\" data-widget_type=\"heading.default\">\n\t\t\t\t\t<h1 class=\"elementor-heading-title elementor-size-default\">self defense<\/h1>\t\t\t\t<\/div>\n\t\t\t\t<div class=\"elementor-element elementor-element-84de129 elementor-invisible elementor-widget elementor-widget-heading\" data-id=\"84de129\" data-element_type=\"widget\" data-e-type=\"widget\" data-settings=\"{&quot;_animation&quot;:&quot;fadeInUp&quot;}\" data-widget_type=\"heading.default\">\n\t\t\t\t\t<h3 class=\"elementor-heading-title elementor-size-default\">\u8bf4\u660e<\/h3>\t\t\t\t<\/div>\n\t\t\t\t<div class=\"elementor-element elementor-element-6d096c8 elementor-invisible elementor-widget elementor-widget-text-editor\" data-id=\"6d096c8\" data-element_type=\"widget\" data-e-type=\"widget\" data-settings=\"{&quot;_animation&quot;:&quot;fadeInUp&quot;}\" data-widget_type=\"text-editor.default\">\n\t\t\t\t\t\t\t\t\t<p align=\"justify\">\u4e86\u89e3\u4e00\u4f4d\u4ece\u4e8b\u4e2d\u56fd\u6b66\u672f\u8d85\u8fc7 25 \u5e74\u7684\u6559\u7ec3\u548c\u7ec3\u4e60\u8005\u7684\u613f\u666f\uff01\u4ece\u8fd9 4 \u4e2a\u57fa\u672c\u6b65\u9aa4\u5f00\u59cb\u60a8\u7684\u81ea\u536b\u8ba1\u5212\uff0c\u5e2e\u52a9\u60a8\u4e0d\u65ad\u8fdb\u6b65\uff0c\u589e\u5f3a\u5b89\u5168\u611f\uff0c\u5e76\u5728\u53d7\u5230\u8eab\u4f53\u548c\/\u6216\u5fc3\u7406\u653b\u51fb\u65f6\u83b7\u5f97\u5fc5\u8981\u7684\u9002\u5e94\u80fd\u529b\u3002 <br><br>\n\u60a8\u662f\u5426\u77e5\u9053\uff0c\u60a8\u6240\u9605\u8bfb\u6216\u4e86\u89e3\u5230\u7684\u6709\u5173\u81ea\u536b\u672f\u7684\u4fe1\u606f\u6709 3\/4 \u662f\u9519\u8bef\u7684\uff1f\u8fd9\u672c\u7535\u5b50\u4e66\u5c06\u63ed\u5f00\u4f60\u5bf9\u8fd9\u95e8\u5728\u897f\u65b9\u5df2\u6210\u4e3a\u683c\u6597\u8fd0\u52a8\u7684\u4e1c\u65b9\u827a\u672f\u7684\u795e\u79d8\u9762\u7eb1\u3002\n<\/p>\t\t\t\t\t\t\t\t<\/div>\n\t\t\t\t<div class=\"elementor-element elementor-element-8181e74 elementor-invisible elementor-widget elementor-widget-heading\" data-id=\"8181e74\" data-element_type=\"widget\" data-e-type=\"widget\" data-settings=\"{&quot;_animation&quot;:&quot;fadeInUp&quot;}\" data-widget_type=\"heading.default\">\n\t\t\t\t\t<h3 class=\"elementor-heading-title elementor-size-default\">\u5c0f\u578b\u57f9\u8bad\u8ba1\u5212<\/h3>\t\t\t\t<\/div>\n\t\t\t\t<div class=\"elementor-element elementor-element-bf50cf9 elementor-icon-list--layout-traditional elementor-list-item-link-full_width elementor-invisible elementor-widget elementor-widget-icon-list\" data-id=\"bf50cf9\" data-element_type=\"widget\" data-e-type=\"widget\" data-settings=\"{&quot;_animation&quot;:&quot;fadeInUp&quot;}\" data-widget_type=\"icon-list.default\">\n\t\t\t\t\t\t\t<ul class=\"elementor-icon-list-items\">\n\t\t\t\t\t\t\t<li class=\"elementor-icon-list-item\">\n\t\t\t\t\t\t\t\t\t\t\t<span class=\"elementor-icon-list-icon\">\n\t\t\t\t\t\t\t<i aria-hidden=\"true\" class=\"fas fa-dot-circle\"><\/i>\t\t\t\t\t\t<\/span>\n\t\t\t\t\t\t\t\t\t\t<span class=\"elementor-icon-list-text\">\u8ba4\u8bc6\u4e00\u4f4d\u6b66\u672f\u4e13\u5bb6<\/span>\n\t\t\t\t\t\t\t\t\t<\/li>\n\t\t\t\t\t\t\t\t<li class=\"elementor-icon-list-item\">\n\t\t\t\t\t\t\t\t\t\t\t<span class=\"elementor-icon-list-icon\">\n\t\t\t\t\t\t\t<i aria-hidden=\"true\" class=\"fas fa-dot-circle\"><\/i>\t\t\t\t\t\t<\/span>\n\t\t\t\t\t\t\t\t\t\t<span class=\"elementor-icon-list-text\">\u5173\u4e8e\u8fd9\u79cd\u827a\u672f\u5b9e\u8df5\u7684\u542f\u793a<\/span>\n\t\t\t\t\t\t\t\t\t<\/li>\n\t\t\t\t\t\t\t\t<li class=\"elementor-icon-list-item\">\n\t\t\t\t\t\t\t\t\t\t\t<span class=\"elementor-icon-list-icon\">\n\t\t\t\t\t\t\t<i aria-hidden=\"true\" class=\"fas fa-dot-circle\"><\/i>\t\t\t\t\t\t<\/span>\n\t\t\t\t\t\t\t\t\t\t<span class=\"elementor-icon-list-text\">\u5165\u95e8<\/span>\n\t\t\t\t\t\t\t\t\t<\/li>\n\t\t\t\t\t\t\t\t<li class=\"elementor-icon-list-item\">\n\t\t\t\t\t\t\t\t\t\t\t<span class=\"elementor-icon-list-icon\">\n\t\t\t\t\t\t\t<i aria-hidden=\"true\" class=\"fas fa-dot-circle\"><\/i>\t\t\t\t\t\t<\/span>\n\t\t\t\t\t\t\t\t\t\t<span class=\"elementor-icon-list-text\">\u5b9e\u7269\u8d44\u4ea7<\/span>\n\t\t\t\t\t\t\t\t\t<\/li>\n\t\t\t\t\t\t\t\t<li class=\"elementor-icon-list-item\">\n\t\t\t\t\t\t\t\t\t\t\t<span class=\"elementor-icon-list-icon\">\n\t\t\t\t\t\t\t<i aria-hidden=\"true\" class=\"fas fa-dot-circle\"><\/i>\t\t\t\t\t\t<\/span>\n\t\t\t\t\t\t\t\t\t\t<span class=\"elementor-icon-list-text\">\u5fc3\u7406\u4f20\u627f<\/span>\n\t\t\t\t\t\t\t\t\t<\/li>\n\t\t\t\t\t\t\t\t<li class=\"elementor-icon-list-item\">\n\t\t\t\t\t\t\t\t\t\t\t<span class=\"elementor-icon-list-icon\">\n\t\t\t\t\t\t\t<i aria-hidden=\"true\" class=\"fas fa-dot-circle\"><\/i>\t\t\t\t\t\t<\/span>\n\t\t\t\t\t\t\t\t\t\t<span class=\"elementor-icon-list-text\">\u7406\u8bba\u7ec3\u4e60<\/span>\n\t\t\t\t\t\t\t\t\t<\/li>\n\t\t\t\t\t\t\t\t<li class=\"elementor-icon-list-item\">\n\t\t\t\t\t\t\t\t\t\t\t<span class=\"elementor-icon-list-icon\">\n\t\t\t\t\t\t\t<i aria-hidden=\"true\" class=\"fas fa-dot-circle\"><\/i>\t\t\t\t\t\t<\/span>\n\t\t\t\t\t\t\t\t\t\t<span class=\"elementor-icon-list-text\">\u505c\u6b62\u5b66\u4e60\u7684\u539f\u56e0<\/span>\n\t\t\t\t\t\t\t\t\t<\/li>\n\t\t\t\t\t\t<\/ul>\n\t\t\t\t\t\t<\/div>\n\t\t\t\t<div class=\"elementor-element elementor-element-6c15c95 elementor-invisible elementor-widget elementor-widget-heading\" data-id=\"6c15c95\" data-element_type=\"widget\" data-e-type=\"widget\" data-settings=\"{&quot;_animation&quot;:&quot;fadeInUp&quot;}\" data-widget_type=\"heading.default\">\n\t\t\t\t\t<h3 class=\"elementor-heading-title elementor-size-default\">notre conseil<\/h3>\t\t\t\t<\/div>\n\t\t\t\t<div class=\"elementor-element elementor-element-728e2ec elementor-invisible elementor-widget elementor-widget-text-editor\" data-id=\"728e2ec\" data-element_type=\"widget\" data-e-type=\"widget\" data-settings=\"{&quot;_animation&quot;:&quot;fadeInUp&quot;}\" data-widget_type=\"text-editor.default\">\n\t\t\t\t\t\t\t\t\t<p align=\"justify\">\u7ed9\u81ea\u5df1\u51c6\u5907\u4e00\u5f20\u767d\u7eb8\u548c\u4e00\u652f\u7b14\uff0c\u7136\u540e\u627e\u4e2a\u5b89\u9759\u7684\u5730\u65b9\u5750\u4e0b\u6765\uff0c\u5438\u6536\u4e66\u4e2d\u63d0\u4f9b\u7684\u6240\u6709\u4fe1\u606f\u3002\u5efa\u8bae\u5148\u901a\u8bfb\u5168\u4e66\uff0c\u7136\u540e\u91cd\u8bfb\uff0c\u8fb9\u8bfb\u8fb9\u505a\u7b14\u8bb0\u3002<\/p><p>\u503c\u5f97\u6ce8\u610f\u7684\u662f\uff1a\u60a8\u53ef\u4ee5\u901a\u8fc7\u4ee5\u4e0b\u65b9\u5f0f\u7ee7\u7eed\u53c2\u52a0\u8fd9\u4e2a\u8ff7\u4f60\u57f9\u8bad\u8bfe\u7a0b <a href=\"https:\/\/xenesyproject.com\/zh\/conference-self-defense\/\">\u6211\u4eec\u7684\u81ea\u536b\u5927\u4f1a<\/a>.<\/p>\t\t\t\t\t\t\t\t<\/div>\n\t\t\t\t\t<\/div>\n\t\t<\/div>\n\t\t\t\t<div class=\"elementor-column elementor-col-33 elementor-inner-column elementor-element elementor-element-7cb9369c\" data-id=\"7cb9369c\" data-element_type=\"column\" data-e-type=\"column\">\n\t\t\t<div class=\"elementor-widget-wrap\">\n\t\t\t\t\t\t\t<\/div>\n\t\t<\/div>\n\t\t\t\t<div class=\"elementor-column elementor-col-33 elementor-inner-column elementor-element elementor-element-2233ef2f\" data-id=\"2233ef2f\" data-element_type=\"column\" data-e-type=\"column\">\n\t\t\t<div class=\"elementor-widget-wrap elementor-element-populated\">\n\t\t\t\t\t\t<div class=\"elementor-element elementor-element-754386f elementor-invisible elementor-widget elementor-widget-image\" data-id=\"754386f\" data-element_type=\"widget\" data-e-type=\"widget\" data-settings=\"{&quot;_animation&quot;:&quot;fadeInUp&quot;}\" data-widget_type=\"image.default\">\n\t\t\t\t\t\t\t\t\t\t\t\t\t\t\t<img fetchpriority=\"high\" decoding=\"async\" width=\"1024\" height=\"1024\" src=\"https:\/\/xenesyproject.com\/wp-content\/uploads\/livre-sd-1024x1024.webp\" class=\"attachment-large size-large wp-image-25103\" alt=\"\u53d1\u73b0\u81ea\u536b\" srcset=\"https:\/\/xenesyproject.com\/wp-content\/uploads\/livre-sd-1024x1024.webp 1024w, https:\/\/xenesyproject.com\/wp-content\/uploads\/livre-sd-300x300.webp 300w, https:\/\/xenesyproject.com\/wp-content\/uploads\/livre-sd-150x150.webp 150w, https:\/\/xenesyproject.com\/wp-content\/uploads\/livre-sd-768x768.webp 768w, https:\/\/xenesyproject.com\/wp-content\/uploads\/livre-sd-1536x1536.webp 1536w, https:\/\/xenesyproject.com\/wp-content\/uploads\/livre-sd-12x12.webp 12w, https:\/\/xenesyproject.com\/wp-content\/uploads\/livre-sd-600x600.webp 600w, https:\/\/xenesyproject.com\/wp-content\/uploads\/livre-sd-100x100.webp 100w, https:\/\/xenesyproject.com\/wp-content\/uploads\/livre-sd.webp 2000w\" sizes=\"(max-width: 1024px) 100vw, 1024px\" \/>\t\t\t\t\t\t\t\t\t\t\t\t\t\t\t<\/div>\n\t\t\t\t<div class=\"elementor-element elementor-element-52724fb elementor-invisible elementor-widget elementor-widget-heading\" data-id=\"52724fb\" data-element_type=\"widget\" data-e-type=\"widget\" data-settings=\"{&quot;_animation&quot;:&quot;fadeInUp&quot;}\" data-widget_type=\"heading.default\">\n\t\t\t\t\t<h2 class=\"elementor-heading-title elementor-size-default\">\u542f\u52a8<\/h2>\t\t\t\t<\/div>\n\t\t\t\t<div class=\"elementor-element elementor-element-2621e78 elementor-widget elementor-widget-ucaddon_dropdown_button\" data-id=\"2621e78\" data-element_type=\"widget\" data-e-type=\"widget\" data-widget_type=\"ucaddon_dropdown_button.default\">\n\t\t\t\t<div class=\"elementor-widget-container\">\n\t\t\t\t\t\t\t\t\t<\/div>\n\t\t\t\t<\/div>\n\t\t\t\t<div class=\"elementor-element elementor-element-c73a0c1 elementor-mobile-align-center elementor-invisible elementor-widget elementor-widget-button\" data-id=\"c73a0c1\" data-element_type=\"widget\" data-e-type=\"widget\" data-settings=\"{&quot;_animation&quot;:&quot;zoomIn&quot;}\" data-widget_type=\"button.default\">\n\t\t\t\t\t\t\t\t\t\t<a class=\"elementor-button elementor-button-link elementor-size-sm\" href=\"https:\/\/xenesyproject.com\/zh\/%e9%97%a8%e6%88%b7%e7%99%bb%e5%bd%95\/\">\n\t\t\t\t\t\t<span class=\"elementor-button-content-wrapper\">\n\t\t\t\t\t\t\t\t\t<span class=\"elementor-button-text\">\u767b\u5f55\u6216\u8ba2\u9605<\/span>\n\t\t\t\t\t<\/span>\n\t\t\t\t\t<\/a>\n\t\t\t\t\t\t\t\t<\/div>\n\t\t\t\t<div class=\"elementor-element elementor-element-5b578f5 elementor-invisible elementor-widget elementor-widget-text-editor\" data-id=\"5b578f5\" data-element_type=\"widget\" data-e-type=\"widget\" data-settings=\"{&quot;_animation&quot;:&quot;zoomIn&quot;}\" data-widget_type=\"text-editor.default\">\n\t\t\t\t\t\t\t\t\t<p>\u8981\u8bbf\u95ee\u6b64\u8ff7\u4f60\u57f9\u8bad\u8bfe\u7a0b\uff0c\u60a8\u9700\u8981\u767b\u5f55\u6216\u8ba2\u9605\u3002<\/p>\t\t\t\t\t\t\t\t<\/div>\n\t\t\t\t<div class=\"elementor-element elementor-element-2d57ac7e elementor-invisible elementor-widget elementor-widget-ucaddon_step_process\" data-id=\"2d57ac7e\" data-element_type=\"widget\" data-e-type=\"widget\" data-settings=\"{&quot;_animation&quot;:&quot;fadeInUp&quot;}\" data-widget_type=\"ucaddon_step_process.default\">\n\t\t\t\t<div class=\"elementor-widget-container\">\n\t\t\t\t\t<!-- start Step Process -->\n\n\t\t\t<style type=\"text\/css\">\/* widget: Step Process *\/\n\n#uc_step_process_elementor_2d57ac7e\n{\n  display:flex;\n}\n\n#uc_step_process_elementor_2d57ac7e .ue-link\n{\n  display:block;\n  position:absolute;\n  top:0px;\n  bottom:0px;\n  left:0px;\n  right:0px;\n}\n\n#uc_step_process_elementor_2d57ac7e .ue-step-item\n{\n  flex:1;\n  display:flex;\n  flex-direction:column;\n  position:relative;\n}\n#uc_step_process_elementor_2d57ac7e .ue-item-highlight\n{\n  display: flex;\n  align-items:center;\n  \n}\n\n#uc_step_process_elementor_2d57ac7e .ue-step-item-gap\n{\n  flex-grow:0;\n  flex-shrink:0;\n}\n\n#uc_step_process_elementor_2d57ac7e .ue-step-item-line\n{\n  height:0px;\n  flex-grow:1;\n}\n\n#uc_step_process_elementor_2d57ac7e .ue-step-icon\n{\n  display:flex;\n  justify-content:center;\n  align-items:center;\n  flex-grow:0;\n  flex-shrink:0;\n  position:relative;\n  line-height:1em;\n  transition:0.3s;\n}\n\n#uc_step_process_elementor_2d57ac7e .ue-icon svg\n{\n  height:1em;\n  width:1em;\n}\n\n#uc_step_process_elementor_2d57ac7e .ue-step-label\n{\n  position:absolute;\n  left:0px;\n  bottom:0px;\n  display:flex;\n  justify-content:center;\n  align-items:center;\n}\n.ue-step-label\n{\n  font-size:9px;\n  line-height:1em;\n}\n\n#uc_step_process_elementor_2d57ac7e .ue-step-item-content\n{\n}\n\n#uc_step_process_elementor_2d57ac7e .ue-step-item:last-child .ue-step-item-line:last-child\n{\n  opacity:0;\n}\n\n#uc_step_process_elementor_2d57ac7e .ue-step-item:first-child .ue-step-item-line:first-child\n{\n  opacity:0;\n}\n\n#uc_step_process_elementor_2d57ac7e .ue-step-item-spacer\n{\n  flex-grow:0;\n  flex-shrink:0;\n  \n}\n\n#uc_step_process_elementor_2d57ac7e .ue-graphic-image img\n{\n  \n}\n\n\n#uc_step_process_elementor_2d57ac7e.uc-remote-parent .ue-step-item\n{\n  cursor:pointer;\n}\n\n\n\n\t#uc_step_process_elementor_2d57ac7e\n    {\n      flex-direction:column;\n    }\n  \n  #uc_step_process_elementor_2d57ac7e .ue-step-item\n  {\n    flex-direction:row;\n  }\n  \n  #uc_step_process_elementor_2d57ac7e .ue-item-highlight\n  {\n    flex-direction:column;\n  }\n  \n   #uc_step_process_elementor_2d57ac7e .ue-step-item .ue-step-item-line:first-child\n    {\n      display:none;\n    }\n  \n\n    #uc_step_process_elementor_2d57ac7e  .ue-step-item-gap:nth-child(2)\n     {\n      display:none;    \n      }\n   #uc_step_process_elementor_2d57ac7e  .ue-step-item-line:first-child\n      {\n      display:none;    \n      }\n  \n    #uc_step_process_elementor_2d57ac7e  .ue-step-item-line\n      {\n        height:100%;\n        width:0px;\n      }\n\n\n\n\n\n\n<\/style>\n\n\t\t\t<div id=\"uc_step_process_elementor_2d57ac7e\" class=\"\" >\n <div class=\"ue-step-item ue-item elementor-repeater-item-955378e\">\n    <div class=\"ue-item-highlight\">\n      \n      <div class=\"ue-step-item-line\"><\/div>\n      <div class=\"ue-step-item-gap\"><\/div>\n      <div class=\"ue-step-icon elementor-animation-grow\">\n        <span class=\"ue-icon\"><i class=''><\/i><\/span>                        \n              <\/div>\n      <div class=\"ue-step-item-gap\"><\/div>\n      <div class=\"ue-step-item-line\"><\/div>\n      \n    <\/div>\n    \n    <div class=\"ue-step-item-spacer\"><\/div>\n    \n    <div class=\"ue-step-item-content\">  \n       <div class=\"ue-step-item-content-title\">\u9605\u8bfb\u65f6\u95f4<\/div>       <div class=\"ue-step-item-content-text\">1h30<\/div>    <\/div>\n  \n    <\/div>\n<div class=\"ue-step-item ue-item elementor-repeater-item-8d5b019\">\n    <div class=\"ue-item-highlight\">\n      \n      <div class=\"ue-step-item-line\"><\/div>\n      <div class=\"ue-step-item-gap\"><\/div>\n      <div class=\"ue-step-icon elementor-animation-grow\">\n        <span class=\"ue-icon\"><i class=''><\/i><\/span>                        \n              <\/div>\n      <div class=\"ue-step-item-gap\"><\/div>\n      <div class=\"ue-step-item-line\"><\/div>\n      \n    <\/div>\n    \n    <div class=\"ue-step-item-spacer\"><\/div>\n    \n    <div class=\"ue-step-item-content\">  \n       <div class=\"ue-step-item-content-title\">difficult\u00e9<\/div>       <div class=\"ue-step-item-content-text\">\u4e2d\u578b<\/div>    <\/div>\n  \n    <\/div>\n<div class=\"ue-step-item ue-item elementor-repeater-item-151dfb7\">\n    <div class=\"ue-item-highlight\">\n      \n      <div class=\"ue-step-item-line\"><\/div>\n      <div class=\"ue-step-item-gap\"><\/div>\n      <div class=\"ue-step-icon elementor-animation-grow\">\n        <span class=\"ue-icon\"><i class=''><\/i><\/span>                        \n              <\/div>\n      <div class=\"ue-step-item-gap\"><\/div>\n      <div class=\"ue-step-item-line\"><\/div>\n      \n    <\/div>\n    \n    <div class=\"ue-step-item-spacer\"><\/div>\n    \n    <div class=\"ue-step-item-content\">  \n       <div class=\"ue-step-item-content-title\">\u7ffb\u8bd1<\/div>       <div class=\"ue-step-item-content-text\">\u6709\u82f1\u8bed\u548c\u6cd5\u8bed\u7248\u672c<\/div>    <\/div>\n  \n    <\/div>\n<div class=\"ue-step-item ue-item elementor-repeater-item-1843ddb\">\n    <div class=\"ue-item-highlight\">\n      \n      <div class=\"ue-step-item-line\"><\/div>\n      <div class=\"ue-step-item-gap\"><\/div>\n      <div class=\"ue-step-icon elementor-animation-grow\">\n        <span class=\"ue-icon\"><i class=''><\/i><\/span>                        \n              <\/div>\n      <div class=\"ue-step-item-gap\"><\/div>\n      <div class=\"ue-step-item-line\"><\/div>\n      \n    <\/div>\n    \n    <div class=\"ue-step-item-spacer\"><\/div>\n    \n    <div class=\"ue-step-item-content\">  \n       <div class=\"ue-step-item-content-title\">pr\u00e9-requis<\/div>       <div class=\"ue-step-item-content-text\">\u6ca1\u6709<\/div>    <\/div>\n  \n    <\/div>\n\n<\/div>\n\t\t\t<!-- end Step Process -->\t\t\t\t<\/div>\n\t\t\t\t<\/div>\n\t\t\t\t\t<\/div>\n\t\t<\/div>\n\t\t\t\t\t<\/div>\n\t\t<\/section>\n\t\t\t\t\t<\/div>\n\t\t<\/div>\n\t\t\t\t\t<\/div>\n\t\t<\/section>\n\t\t\t\t<\/div>","protected":false},"excerpt":{"rendered":"<p>Mini formation self d\u00e9fense Prendre rendez-vous D\u00e9couvrir notre centre de formation formation mini-formation self defense Description D\u00e9couvrez la vision d\u2019un instructeur et pratiquant en Arts Martiaux Chinois depuis plus de 25 ann\u00e9es ! Commencez votre programme de Self D\u00e9fense par ces 4 \u00e9tapes fondamentales pour \u00e9voluer, se sentir davantage en s\u00e9curit\u00e9 et acqu\u00e9rir une adaptabilit\u00e9 [&hellip;]<\/p>\n","protected":false},"author":1,"featured_media":0,"parent":0,"menu_order":2,"comment_status":"closed","ping_status":"closed","template":"elementor_header_footer","meta":{"_surecart_dashboard_logo_width":"180px","_surecart_dashboard_show_logo":true,"_surecart_dashboard_navigation_orders":true,"_surecart_dashboard_navigation_invoices":true,"_surecart_dashboard_navigation_subscriptions":true,"_surecart_dashboard_navigation_downloads":true,"_surecart_dashboard_navigation_billing":true,"_surecart_dashboard_navigation_account":true,"site-sidebar-layout":"no-sidebar","site-content-layout":"page-builder","ast-site-content-layout":"default","site-content-style":"default","site-sidebar-style":"default","ast-global-header-display":"","ast-banner-title-visibility":"","ast-main-header-display":"","ast-hfb-above-header-display":"","ast-hfb-below-header-display":"","ast-hfb-mobile-header-display":"","site-post-title":"disabled","ast-breadcrumbs-content":"","ast-featured-img":"disabled","footer-sml-layout":"","ast-disable-related-posts":"","theme-transparent-header-meta":"","adv-header-id-meta":"","stick-header-meta":"","header-above-stick-meta":"","header-main-stick-meta":"","header-below-stick-meta":"","astra-migrate-meta-layouts":"default","ast-page-background-enabled":"default","ast-page-background-meta":{"desktop":{"background-color":"var(--ast-global-color-4)","background-image":"","background-repeat":"repeat","background-position":"center center","background-size":"auto","background-attachment":"scroll","background-type":"","background-media":"","overlay-type":"","overlay-color":"","overlay-opacity":"","overlay-gradient":""},"tablet":{"background-color":"","background-image":"","background-repeat":"repeat","background-position":"center center","background-size":"auto","background-attachment":"scroll","background-type":"","background-media":"","overlay-type":"","overlay-color":"","overlay-opacity":"","overlay-gradient":""},"mobile":{"background-color":"","background-image":"","background-repeat":"repeat","background-position":"center center","background-size":"auto","background-attachment":"scroll","background-type":"","background-media":"","overlay-type":"","overlay-color":"","overlay-opacity":"","overlay-gradient":""}},"ast-content-background-meta":{"desktop":{"background-color":"var(--ast-global-color-5)","background-image":"","background-repeat":"repeat","background-position":"center center","background-size":"auto","background-attachment":"scroll","background-type":"","background-media":"","overlay-type":"","overlay-color":"","overlay-opacity":"","overlay-gradient":""},"tablet":{"background-color":"var(--ast-global-color-5)","background-image":"","background-repeat":"repeat","background-position":"center center","background-size":"auto","background-attachment":"scroll","background-type":"","background-media":"","overlay-type":"","overlay-color":"","overlay-opacity":"","overlay-gradient":""},"mobile":{"background-color":"var(--ast-global-color-5)","background-image":"","background-repeat":"repeat","background-position":"center center","background-size":"auto","background-attachment":"scroll","background-type":"","background-media":"","overlay-type":"","overlay-color":"","overlay-opacity":"","overlay-gradient":""}},"footnotes":""},"wf_page_folders":[151],"class_list":["post-8422","page","type-page","status-publish","hentry"],"_links":{"self":[{"href":"https:\/\/xenesyproject.com\/zh\/wp-json\/wp\/v2\/pages\/8422","targetHints":{"allow":["GET"]}}],"collection":[{"href":"https:\/\/xenesyproject.com\/zh\/wp-json\/wp\/v2\/pages"}],"about":[{"href":"https:\/\/xenesyproject.com\/zh\/wp-json\/wp\/v2\/types\/page"}],"author":[{"embeddable":true,"href":"https:\/\/xenesyproject.com\/zh\/wp-json\/wp\/v2\/users\/1"}],"replies":[{"embeddable":true,"href":"https:\/\/xenesyproject.com\/zh\/wp-json\/wp\/v2\/comments?post=8422"}],"version-history":[{"count":0,"href":"https:\/\/xenesyproject.com\/zh\/wp-json\/wp\/v2\/pages\/8422\/revisions"}],"wp:attachment":[{"href":"https:\/\/xenesyproject.com\/zh\/wp-json\/wp\/v2\/media?parent=8422"}],"wp:term":[{"taxonomy":"wf_page_folders","embeddable":true,"href":"https:\/\/xenesyproject.com\/zh\/wp-json\/wp\/v2\/wf_page_folders?post=8422"}],"curies":[{"name":"wp","href":"https:\/\/api.w.org\/{rel}","templated":true}]}}